{"id":2424,"date":"2017-03-08T23:02:35","date_gmt":"2017-03-08T22:02:35","guid":{"rendered":"http:\/\/www.forcemedia.nl\/test\/godere\/product\/risotto-ai-funghi-porcini\/"},"modified":"2023-09-15T11:25:34","modified_gmt":"2023-09-15T09:25:34","slug":"risotto-ai-funghi-porcini","status":"publish","type":"product","link":"https:\/\/www.godere.nl\/de\/produkt\/risotto-ai-funghi-porcini\/","title":{"rendered":"Risotto ai Funghi Porcini (Terrazza Mediterranea)"},"content":{"rendered":"<h2>Beschreibung<\/h2>\n<p>Carnaroli risotto<\/p>\n<p>Der italienische langk\u00f6rnige Carnaroli<strong> Risotto <\/strong>aus Norditalien ist der ideale Reis f\u00fcr ein Risotto-Gericht, da er die St\u00e4rke abgibt und die Kochfl\u00fcssigkeit leicht aufnimmt. Dieser Reis garantiert ein wunderbar cremiges Risotto.<\/p>\n<p>Der<strong> Risotto ai Funghi Porcini <\/strong>ist mit frisch gehackter Petersilie, Zwiebeln, Speck und Champignons angereichert und wird so zu einem k\u00f6stlichen Gaumenschmaus.<\/p>\n<p>Bereiten Sie die <strong>Risotto ai Funghi Porcini <\/strong>Auf Mail\u00e4nder Art mit Safran, gehackten Zwiebeln, Grana Padano-K\u00e4se und Wei\u00dfwein.<\/p>\n<p>De mooie smalle, transparante, gestrikte zak met <strong>Risotto ai Funghi Porcini <\/strong>weegt 180 gram en wordt per 6 stuks geleverd.<\/p>\n<ul>\n<li>Italiaanse risottorijst<strong> Risotto ai Funghi Porcini<\/strong><\/li>\n<li>Van 60% carnaroli rijst met 10% eekhoorntjesbrood, spek, ui en peterselie<\/li>\n<li>Per 6 cadeauverpakkingen van 180 gram<\/li>\n<li>Laktose- und glutenfrei<\/li>\n<li>Leverancier: Antiche Passioni<\/li>\n<\/ul>","protected":false},"excerpt":{"rendered":"<p>Carnaroli rijst (91%), eekhoorntjesbrood (Boletus Edulis) 6%, peen, peterselie, bieslook, en knoflook.<\/p>","protected":false},"featured_media":4508,"comment_status":"closed","ping_status":"closed","template":"","meta":{"_monsterinsights_skip_tracking":false,"_monsterinsights_sitenote_active":false,"_monsterinsights_sitenote_note":"","_monsterinsights_sitenote_category":0,"_glsr_average":0,"_glsr_ranking":0,"_glsr_reviews":0},"product_brand":[],"product_cat":[125],"product_tag":[],"class_list":{"0":"post-2424","1":"product","2":"type-product","3":"status-publish","4":"has-post-thumbnail","6":"product_cat-pasta-en-rijst","8":"first","9":"outofstock","10":"sale","11":"taxable","12":"shipping-taxable","13":"purchasable","14":"product-type-simple"},"yoast_head":"<!-- This site is optimized with the Yoast SEO plugin v27.3 - https:\/\/yoast.com\/product\/yoast-seo-wordpress\/ -->\n<title>Risotto ai Funghi Porcini (Terrazza Mediterranea) - Godere | Italiaans genieten!<\/title>\n<meta name=\"robots\" content=\"index, follow, max-snippet:-1, max-image-preview:large, max-video-preview:-1\" \/>\n<link rel=\"canonical\" href=\"https:\/\/www.godere.nl\/de\/produkt\/risotto-ai-funghi-porcini\/\" \/>\n<meta property=\"og:locale\" content=\"de_DE\" \/>\n<meta property=\"og:type\" content=\"article\" \/>\n<meta property=\"og:title\" content=\"Risotto ai Funghi Porcini (Terrazza Mediterranea) - Godere | Italiaans genieten!\" \/>\n<meta property=\"og:description\" content=\"Carnaroli rijst (91%), eekhoorntjesbrood (Boletus Edulis) 6%, peen, peterselie, bieslook, en knoflook.\" \/>\n<meta property=\"og:url\" content=\"https:\/\/www.godere.nl\/de\/produkt\/risotto-ai-funghi-porcini\/\" \/>\n<meta property=\"og:site_name\" content=\"Godere | Italiaans genieten!\" \/>\n<meta property=\"article:publisher\" content=\"https:\/\/www.facebook.com\/godere.nl\" \/>\n<meta property=\"article:modified_time\" content=\"2023-09-15T09:25:34+00:00\" \/>\n<meta property=\"og:image\" content=\"https:\/\/www.godere.nl\/wp-content\/uploads\/2017\/03\/Terrazza-Mediterranea-Risotto-Porcini-go.jpg\" \/>\n\t<meta property=\"og:image:width\" content=\"1228\" \/>\n\t<meta property=\"og:image:height\" content=\"1600\" \/>\n\t<meta property=\"og:image:type\" content=\"image\/jpeg\" \/>\n<meta name=\"twitter:card\" content=\"summary_large_image\" \/>\n<meta name=\"twitter:label1\" content=\"Gesch\u00e4tzte Lesezeit\" \/>\n\t<meta name=\"twitter:data1\" content=\"1\u00a0Minute\" \/>\n<script type=\"application\/ld+json\" class=\"yoast-schema-graph\">{\"@context\":\"https:\\\/\\\/schema.org\",\"@graph\":[{\"@type\":\"WebPage\",\"@id\":\"https:\\\/\\\/www.godere.nl\\\/product\\\/risotto-ai-funghi-porcini\\\/\",\"url\":\"https:\\\/\\\/www.godere.nl\\\/product\\\/risotto-ai-funghi-porcini\\\/\",\"name\":\"Risotto ai Funghi Porcini (Terrazza Mediterranea) - Godere | Italiaans genieten!\",\"isPartOf\":{\"@id\":\"https:\\\/\\\/www.godere.nl\\\/#website\"},\"primaryImageOfPage\":{\"@id\":\"https:\\\/\\\/www.godere.nl\\\/product\\\/risotto-ai-funghi-porcini\\\/#primaryimage\"},\"image\":{\"@id\":\"https:\\\/\\\/www.godere.nl\\\/product\\\/risotto-ai-funghi-porcini\\\/#primaryimage\"},\"thumbnailUrl\":\"https:\\\/\\\/www.godere.nl\\\/wp-content\\\/uploads\\\/2017\\\/03\\\/Terrazza-Mediterranea-Risotto-Porcini-go.jpg\",\"datePublished\":\"2017-03-08T22:02:35+00:00\",\"dateModified\":\"2023-09-15T09:25:34+00:00\",\"breadcrumb\":{\"@id\":\"https:\\\/\\\/www.godere.nl\\\/product\\\/risotto-ai-funghi-porcini\\\/#breadcrumb\"},\"inLanguage\":\"de\",\"potentialAction\":[{\"@type\":\"ReadAction\",\"target\":[\"https:\\\/\\\/www.godere.nl\\\/product\\\/risotto-ai-funghi-porcini\\\/\"]}]},{\"@type\":\"ImageObject\",\"inLanguage\":\"de\",\"@id\":\"https:\\\/\\\/www.godere.nl\\\/product\\\/risotto-ai-funghi-porcini\\\/#primaryimage\",\"url\":\"https:\\\/\\\/www.godere.nl\\\/wp-content\\\/uploads\\\/2017\\\/03\\\/Terrazza-Mediterranea-Risotto-Porcini-go.jpg\",\"contentUrl\":\"https:\\\/\\\/www.godere.nl\\\/wp-content\\\/uploads\\\/2017\\\/03\\\/Terrazza-Mediterranea-Risotto-Porcini-go.jpg\",\"width\":1228,\"height\":1600},{\"@type\":\"BreadcrumbList\",\"@id\":\"https:\\\/\\\/www.godere.nl\\\/product\\\/risotto-ai-funghi-porcini\\\/#breadcrumb\",\"itemListElement\":[{\"@type\":\"ListItem\",\"position\":1,\"name\":\"Home\",\"item\":\"https:\\\/\\\/www.godere.nl\\\/\"},{\"@type\":\"ListItem\",\"position\":2,\"name\":\"Winkel\",\"item\":\"https:\\\/\\\/www.godere.nl\\\/winkel\\\/\"},{\"@type\":\"ListItem\",\"position\":3,\"name\":\"Risotto ai Funghi Porcini (Terrazza Mediterranea)\"}]},{\"@type\":\"WebSite\",\"@id\":\"https:\\\/\\\/www.godere.nl\\\/#website\",\"url\":\"https:\\\/\\\/www.godere.nl\\\/\",\"name\":\"Godere | Italiaans genieten!\",\"description\":\"\",\"publisher\":{\"@id\":\"https:\\\/\\\/www.godere.nl\\\/#organization\"},\"potentialAction\":[{\"@type\":\"SearchAction\",\"target\":{\"@type\":\"EntryPoint\",\"urlTemplate\":\"https:\\\/\\\/www.godere.nl\\\/?s={search_term_string}\"},\"query-input\":{\"@type\":\"PropertyValueSpecification\",\"valueRequired\":true,\"valueName\":\"search_term_string\"}}],\"inLanguage\":\"de\"},{\"@type\":\"Organization\",\"@id\":\"https:\\\/\\\/www.godere.nl\\\/#organization\",\"name\":\"Godere\",\"url\":\"https:\\\/\\\/www.godere.nl\\\/\",\"logo\":{\"@type\":\"ImageObject\",\"inLanguage\":\"de\",\"@id\":\"https:\\\/\\\/www.godere.nl\\\/#\\\/schema\\\/logo\\\/image\\\/\",\"url\":\"https:\\\/\\\/www.godere.nl\\\/wp-content\\\/uploads\\\/2022\\\/05\\\/GODERE-Granny-e1651842185822.png\",\"contentUrl\":\"https:\\\/\\\/www.godere.nl\\\/wp-content\\\/uploads\\\/2022\\\/05\\\/GODERE-Granny-e1651842185822.png\",\"width\":936,\"height\":408,\"caption\":\"Godere\"},\"image\":{\"@id\":\"https:\\\/\\\/www.godere.nl\\\/#\\\/schema\\\/logo\\\/image\\\/\"},\"sameAs\":[\"https:\\\/\\\/www.facebook.com\\\/godere.nl\"]}]}<\/script>\n<!-- \/ Yoast SEO plugin. -->","yoast_head_json":{"title":"Risotto ai Funghi Porcini (Terrazza Mediterranea) - Godere | Italiaans genieten!","robots":{"index":"index","follow":"follow","max-snippet":"max-snippet:-1","max-image-preview":"max-image-preview:large","max-video-preview":"max-video-preview:-1"},"canonical":"https:\/\/www.godere.nl\/de\/produkt\/risotto-ai-funghi-porcini\/","og_locale":"de_DE","og_type":"article","og_title":"Risotto ai Funghi Porcini (Terrazza Mediterranea) - Godere | Italiaans genieten!","og_description":"Carnaroli rijst (91%), eekhoorntjesbrood (Boletus Edulis) 6%, peen, peterselie, bieslook, en knoflook.","og_url":"https:\/\/www.godere.nl\/de\/produkt\/risotto-ai-funghi-porcini\/","og_site_name":"Godere | Italiaans genieten!","article_publisher":"https:\/\/www.facebook.com\/godere.nl","article_modified_time":"2023-09-15T09:25:34+00:00","og_image":[{"width":1228,"height":1600,"url":"https:\/\/www.godere.nl\/wp-content\/uploads\/2017\/03\/Terrazza-Mediterranea-Risotto-Porcini-go.jpg","type":"image\/jpeg"}],"twitter_card":"summary_large_image","twitter_misc":{"Gesch\u00e4tzte Lesezeit":"1\u00a0Minute"},"schema":{"@context":"https:\/\/schema.org","@graph":[{"@type":"WebPage","@id":"https:\/\/www.godere.nl\/product\/risotto-ai-funghi-porcini\/","url":"https:\/\/www.godere.nl\/product\/risotto-ai-funghi-porcini\/","name":"Risotto ai Funghi Porcini (Terrazza Mediterranea) - Godere | Italiaans genieten!","isPartOf":{"@id":"https:\/\/www.godere.nl\/#website"},"primaryImageOfPage":{"@id":"https:\/\/www.godere.nl\/product\/risotto-ai-funghi-porcini\/#primaryimage"},"image":{"@id":"https:\/\/www.godere.nl\/product\/risotto-ai-funghi-porcini\/#primaryimage"},"thumbnailUrl":"https:\/\/www.godere.nl\/wp-content\/uploads\/2017\/03\/Terrazza-Mediterranea-Risotto-Porcini-go.jpg","datePublished":"2017-03-08T22:02:35+00:00","dateModified":"2023-09-15T09:25:34+00:00","breadcrumb":{"@id":"https:\/\/www.godere.nl\/product\/risotto-ai-funghi-porcini\/#breadcrumb"},"inLanguage":"de","potentialAction":[{"@type":"ReadAction","target":["https:\/\/www.godere.nl\/product\/risotto-ai-funghi-porcini\/"]}]},{"@type":"ImageObject","inLanguage":"de","@id":"https:\/\/www.godere.nl\/product\/risotto-ai-funghi-porcini\/#primaryimage","url":"https:\/\/www.godere.nl\/wp-content\/uploads\/2017\/03\/Terrazza-Mediterranea-Risotto-Porcini-go.jpg","contentUrl":"https:\/\/www.godere.nl\/wp-content\/uploads\/2017\/03\/Terrazza-Mediterranea-Risotto-Porcini-go.jpg","width":1228,"height":1600},{"@type":"BreadcrumbList","@id":"https:\/\/www.godere.nl\/product\/risotto-ai-funghi-porcini\/#breadcrumb","itemListElement":[{"@type":"ListItem","position":1,"name":"Home","item":"https:\/\/www.godere.nl\/"},{"@type":"ListItem","position":2,"name":"Winkel","item":"https:\/\/www.godere.nl\/winkel\/"},{"@type":"ListItem","position":3,"name":"Risotto ai Funghi Porcini (Terrazza Mediterranea)"}]},{"@type":"WebSite","@id":"https:\/\/www.godere.nl\/#website","url":"https:\/\/www.godere.nl\/","name":"Godere | Italiaans genieten!","description":"","publisher":{"@id":"https:\/\/www.godere.nl\/#organization"},"potentialAction":[{"@type":"SearchAction","target":{"@type":"EntryPoint","urlTemplate":"https:\/\/www.godere.nl\/?s={search_term_string}"},"query-input":{"@type":"PropertyValueSpecification","valueRequired":true,"valueName":"search_term_string"}}],"inLanguage":"de"},{"@type":"Organization","@id":"https:\/\/www.godere.nl\/#organization","name":"Godere","url":"https:\/\/www.godere.nl\/","logo":{"@type":"ImageObject","inLanguage":"de","@id":"https:\/\/www.godere.nl\/#\/schema\/logo\/image\/","url":"https:\/\/www.godere.nl\/wp-content\/uploads\/2022\/05\/GODERE-Granny-e1651842185822.png","contentUrl":"https:\/\/www.godere.nl\/wp-content\/uploads\/2022\/05\/GODERE-Granny-e1651842185822.png","width":936,"height":408,"caption":"Godere"},"image":{"@id":"https:\/\/www.godere.nl\/#\/schema\/logo\/image\/"},"sameAs":["https:\/\/www.facebook.com\/godere.nl"]}]}},"_links":{"self":[{"href":"https:\/\/www.godere.nl\/de\/wp-json\/wp\/v2\/product\/2424","targetHints":{"allow":["GET"]}}],"collection":[{"href":"https:\/\/www.godere.nl\/de\/wp-json\/wp\/v2\/product"}],"about":[{"href":"https:\/\/www.godere.nl\/de\/wp-json\/wp\/v2\/types\/product"}],"replies":[{"embeddable":true,"href":"https:\/\/www.godere.nl\/de\/wp-json\/wp\/v2\/comments?post=2424"}],"wp:featuredmedia":[{"embeddable":true,"href":"https:\/\/www.godere.nl\/de\/wp-json\/wp\/v2\/media\/4508"}],"wp:attachment":[{"href":"https:\/\/www.godere.nl\/de\/wp-json\/wp\/v2\/media?parent=2424"}],"wp:term":[{"taxonomy":"product_brand","embeddable":true,"href":"https:\/\/www.godere.nl\/de\/wp-json\/wp\/v2\/product_brand?post=2424"},{"taxonomy":"product_cat","embeddable":true,"href":"https:\/\/www.godere.nl\/de\/wp-json\/wp\/v2\/product_cat?post=2424"},{"taxonomy":"product_tag","embeddable":true,"href":"https:\/\/www.godere.nl\/de\/wp-json\/wp\/v2\/product_tag?post=2424"}],"curies":[{"name":"wp","href":"https:\/\/api.w.org\/{rel}","templated":true}]}}