{"id":2763,"date":"2017-05-13T14:05:46","date_gmt":"2017-05-13T12:05:46","guid":{"rendered":"https:\/\/www.godere.nl\/?post_type=product&#038;p=2763"},"modified":"2026-04-29T16:30:48","modified_gmt":"2026-04-29T14:30:48","slug":"sugo-al-basilico-fles-500-gram","status":"publish","type":"product","link":"https:\/\/www.godere.nl\/de\/produkt\/sugo-al-basilico-fles-500-gram\/","title":{"rendered":"Sugo di Pomodoro al Basilico (Don Antonio)"},"content":{"rendered":"<p class=\"translation-block\">Tomate und Basilikum sind eine goldene Kombination. Mehr braucht man eigentlich nicht f\u00fcr eine k\u00f6stliche Tomatensauce. Und nat\u00fcrlich m\u00fcssen die Tomaten und das Basilikum von k\u00f6stlichem Geschmack und Qualit\u00e4t sein. Und genau darin liegt das Geheimnis: Unser Sugo al Basilico enth\u00e4lt nur die allerbesten italienischen Zutaten.<\/p>\n<p><span data-contrast=\"auto\">Diese klassische Tomatensauce wird langsam gekocht, um ein intensives Aroma zu erhalten. Erhitzen Sie es einfach und r\u00fchren Sie es unter Ihre al dente Pasta. Nach Belieben etwas Grana Padano dar\u00fcber reiben.\u00a0<\/span><span data-ccp-props=\"{&quot;201341983&quot;:0,&quot;335551550&quot;:6,&quot;335551620&quot;:6,&quot;335559739&quot;:160,&quot;335559740&quot;:259}\">\u00a0<\/span><\/p>\n<p class=\"translation-block\">Sie k\u00f6nnen die Basilikum-Tomaten-Sauce Sugo al Basilico auch mit ein paar Bl\u00e4ttern frischen Basilikums verfeinern.<\/p>\n<p class=\"translation-block\">Die Glasflasche mit verzehrfertigem Sugo al Basilico wiegt 500 Gramm.<\/p>\n<ul>\n<li data-leveltext=\"\uf0b7\" data-font=\"Symbol\" data-listid=\"3\" aria-setsize=\"-1\" data-aria-posinset=\"1\" data-aria-level=\"1\"><span data-contrast=\"auto\">Italienische fertige Tomatensauce mit Basilikum\u00a0<\/span><b><span data-contrast=\"auto\">Sugo\u00a0al\u00a0Basilico<\/span><\/b><span data-ccp-props=\"{&quot;134233279&quot;:true,&quot;201341983&quot;:0,&quot;335551550&quot;:6,&quot;335551620&quot;:6,&quot;335559739&quot;:160,&quot;335559740&quot;:259}\">\u00a0<\/span><\/li>\n<li data-leveltext=\"\uf0b7\" data-font=\"Symbol\" data-listid=\"2\" aria-setsize=\"-1\" data-aria-posinset=\"2\" data-aria-level=\"1\"><span data-contrast=\"auto\">Aus 90% Tomatenfruchtfleisch und Kirschtomatenp\u00fcree, nativem Oliven\u00f6l extra, 1% Basilikum, Zwiebel, Karotte und Sellerie, Meersalz, schwarzem Pfeffer, Knoblauch und Zitronens\u00e4ure<\/span><span data-ccp-props=\"{&quot;134233279&quot;:true,&quot;201341983&quot;:0,&quot;335551550&quot;:6,&quot;335551620&quot;:6,&quot;335559739&quot;:160,&quot;335559740&quot;:259}\">\u00a0<\/span><\/li>\n<li data-leveltext=\"\uf0b7\" data-font=\"Symbol\" data-listid=\"1\" aria-setsize=\"-1\" data-aria-posinset=\"4\" data-aria-level=\"1\"><span data-contrast=\"auto\">Laktose- und glutenfrei<\/span><span data-ccp-props=\"{&quot;134233279&quot;:true,&quot;201341983&quot;:0,&quot;335559739&quot;:160,&quot;335559740&quot;:259}\">\u00a0<\/span><\/li>\n<li data-leveltext=\"\uf0b7\" data-font=\"Symbol\" data-listid=\"1\" aria-setsize=\"-1\" data-aria-posinset=\"5\" data-aria-level=\"1\"><span data-contrast=\"auto\">Leverancier: Don Antonio<\/span><span data-ccp-props=\"{&quot;134233279&quot;:true,&quot;201341983&quot;:0,&quot;335559739&quot;:160,&quot;335559740&quot;:259}\">\u00a0<\/span><\/li>\n<\/ul>","protected":false},"excerpt":{"rendered":"<p>mit frischem Basilikum und Gem\u00fcse<\/p>","protected":false},"featured_media":4492,"comment_status":"open","ping_status":"closed","template":"","meta":{"_monsterinsights_skip_tracking":false,"_monsterinsights_sitenote_active":false,"_monsterinsights_sitenote_note":"","_monsterinsights_sitenote_category":0,"_glsr_average":0,"_glsr_ranking":0,"_glsr_reviews":0},"product_brand":[],"product_cat":[137],"product_tag":[],"class_list":{"0":"post-2763","1":"product","2":"type-product","3":"status-publish","4":"has-post-thumbnail","6":"product_cat-sauzen-en-soep","8":"first","9":"onbackorder","10":"taxable","11":"shipping-taxable","12":"purchasable","13":"product-type-simple"},"yoast_head":"<!-- This site is optimized with the Yoast SEO plugin v27.3 - https:\/\/yoast.com\/product\/yoast-seo-wordpress\/ -->\n<title>Sugo di Pomodoro al Basilico (Don Antonio) - Godere | Italiaans genieten!<\/title>\n<meta name=\"robots\" content=\"index, follow, max-snippet:-1, max-image-preview:large, max-video-preview:-1\" \/>\n<link rel=\"canonical\" href=\"https:\/\/www.godere.nl\/de\/produkt\/sugo-al-basilico-fles-500-gram\/\" \/>\n<meta property=\"og:locale\" content=\"de_DE\" \/>\n<meta property=\"og:type\" content=\"article\" \/>\n<meta property=\"og:title\" content=\"Sugo di Pomodoro al Basilico (Don Antonio) - Godere | Italiaans genieten!\" \/>\n<meta property=\"og:description\" content=\"met verse basilicum en groente\" \/>\n<meta property=\"og:url\" content=\"https:\/\/www.godere.nl\/de\/produkt\/sugo-al-basilico-fles-500-gram\/\" \/>\n<meta property=\"og:site_name\" content=\"Godere | Italiaans genieten!\" \/>\n<meta property=\"article:publisher\" content=\"https:\/\/www.facebook.com\/godere.nl\" \/>\n<meta property=\"article:modified_time\" content=\"2026-04-29T14:30:48+00:00\" \/>\n<meta property=\"og:image\" content=\"https:\/\/www.godere.nl\/wp-content\/uploads\/2017\/05\/Sugo-di-Pomodoro-Basilico-go.jpg\" \/>\n\t<meta property=\"og:image:width\" content=\"960\" \/>\n\t<meta property=\"og:image:height\" content=\"1440\" \/>\n\t<meta property=\"og:image:type\" content=\"image\/jpeg\" \/>\n<meta name=\"twitter:card\" content=\"summary_large_image\" \/>\n<meta name=\"twitter:label1\" content=\"Gesch\u00e4tzte Lesezeit\" \/>\n\t<meta name=\"twitter:data1\" content=\"1\u00a0Minute\" \/>\n<script type=\"application\/ld+json\" class=\"yoast-schema-graph\">{\"@context\":\"https:\\\/\\\/schema.org\",\"@graph\":[{\"@type\":\"WebPage\",\"@id\":\"https:\\\/\\\/www.godere.nl\\\/product\\\/sugo-al-basilico-fles-500-gram\\\/\",\"url\":\"https:\\\/\\\/www.godere.nl\\\/product\\\/sugo-al-basilico-fles-500-gram\\\/\",\"name\":\"Sugo di Pomodoro al Basilico (Don Antonio) - Godere | Italiaans genieten!\",\"isPartOf\":{\"@id\":\"https:\\\/\\\/www.godere.nl\\\/#website\"},\"primaryImageOfPage\":{\"@id\":\"https:\\\/\\\/www.godere.nl\\\/product\\\/sugo-al-basilico-fles-500-gram\\\/#primaryimage\"},\"image\":{\"@id\":\"https:\\\/\\\/www.godere.nl\\\/product\\\/sugo-al-basilico-fles-500-gram\\\/#primaryimage\"},\"thumbnailUrl\":\"https:\\\/\\\/www.godere.nl\\\/wp-content\\\/uploads\\\/2017\\\/05\\\/Sugo-di-Pomodoro-Basilico-go.jpg\",\"datePublished\":\"2017-05-13T12:05:46+00:00\",\"dateModified\":\"2026-04-29T14:30:48+00:00\",\"breadcrumb\":{\"@id\":\"https:\\\/\\\/www.godere.nl\\\/product\\\/sugo-al-basilico-fles-500-gram\\\/#breadcrumb\"},\"inLanguage\":\"de\",\"potentialAction\":[{\"@type\":\"ReadAction\",\"target\":[\"https:\\\/\\\/www.godere.nl\\\/product\\\/sugo-al-basilico-fles-500-gram\\\/\"]}]},{\"@type\":\"ImageObject\",\"inLanguage\":\"de\",\"@id\":\"https:\\\/\\\/www.godere.nl\\\/product\\\/sugo-al-basilico-fles-500-gram\\\/#primaryimage\",\"url\":\"https:\\\/\\\/www.godere.nl\\\/wp-content\\\/uploads\\\/2017\\\/05\\\/Sugo-di-Pomodoro-Basilico-go.jpg\",\"contentUrl\":\"https:\\\/\\\/www.godere.nl\\\/wp-content\\\/uploads\\\/2017\\\/05\\\/Sugo-di-Pomodoro-Basilico-go.jpg\",\"width\":960,\"height\":1440},{\"@type\":\"BreadcrumbList\",\"@id\":\"https:\\\/\\\/www.godere.nl\\\/product\\\/sugo-al-basilico-fles-500-gram\\\/#breadcrumb\",\"itemListElement\":[{\"@type\":\"ListItem\",\"position\":1,\"name\":\"Home\",\"item\":\"https:\\\/\\\/www.godere.nl\\\/\"},{\"@type\":\"ListItem\",\"position\":2,\"name\":\"Winkel\",\"item\":\"https:\\\/\\\/www.godere.nl\\\/winkel\\\/\"},{\"@type\":\"ListItem\",\"position\":3,\"name\":\"Sugo di Pomodoro al Basilico (Don Antonio)\"}]},{\"@type\":\"WebSite\",\"@id\":\"https:\\\/\\\/www.godere.nl\\\/#website\",\"url\":\"https:\\\/\\\/www.godere.nl\\\/\",\"name\":\"Godere | Italiaans genieten!\",\"description\":\"\",\"publisher\":{\"@id\":\"https:\\\/\\\/www.godere.nl\\\/#organization\"},\"potentialAction\":[{\"@type\":\"SearchAction\",\"target\":{\"@type\":\"EntryPoint\",\"urlTemplate\":\"https:\\\/\\\/www.godere.nl\\\/?s={search_term_string}\"},\"query-input\":{\"@type\":\"PropertyValueSpecification\",\"valueRequired\":true,\"valueName\":\"search_term_string\"}}],\"inLanguage\":\"de\"},{\"@type\":\"Organization\",\"@id\":\"https:\\\/\\\/www.godere.nl\\\/#organization\",\"name\":\"Godere\",\"url\":\"https:\\\/\\\/www.godere.nl\\\/\",\"logo\":{\"@type\":\"ImageObject\",\"inLanguage\":\"de\",\"@id\":\"https:\\\/\\\/www.godere.nl\\\/#\\\/schema\\\/logo\\\/image\\\/\",\"url\":\"https:\\\/\\\/www.godere.nl\\\/wp-content\\\/uploads\\\/2022\\\/05\\\/GODERE-Granny-e1651842185822.png\",\"contentUrl\":\"https:\\\/\\\/www.godere.nl\\\/wp-content\\\/uploads\\\/2022\\\/05\\\/GODERE-Granny-e1651842185822.png\",\"width\":936,\"height\":408,\"caption\":\"Godere\"},\"image\":{\"@id\":\"https:\\\/\\\/www.godere.nl\\\/#\\\/schema\\\/logo\\\/image\\\/\"},\"sameAs\":[\"https:\\\/\\\/www.facebook.com\\\/godere.nl\"]}]}<\/script>\n<!-- \/ Yoast SEO plugin. -->","yoast_head_json":{"title":"Sugo di Pomodoro al Basilico (Don Antonio) - Godere | Italiaans genieten!","robots":{"index":"index","follow":"follow","max-snippet":"max-snippet:-1","max-image-preview":"max-image-preview:large","max-video-preview":"max-video-preview:-1"},"canonical":"https:\/\/www.godere.nl\/de\/produkt\/sugo-al-basilico-fles-500-gram\/","og_locale":"de_DE","og_type":"article","og_title":"Sugo di Pomodoro al Basilico (Don Antonio) - Godere | Italiaans genieten!","og_description":"met verse basilicum en groente","og_url":"https:\/\/www.godere.nl\/de\/produkt\/sugo-al-basilico-fles-500-gram\/","og_site_name":"Godere | Italiaans genieten!","article_publisher":"https:\/\/www.facebook.com\/godere.nl","article_modified_time":"2026-04-29T14:30:48+00:00","og_image":[{"width":960,"height":1440,"url":"https:\/\/www.godere.nl\/wp-content\/uploads\/2017\/05\/Sugo-di-Pomodoro-Basilico-go.jpg","type":"image\/jpeg"}],"twitter_card":"summary_large_image","twitter_misc":{"Gesch\u00e4tzte Lesezeit":"1\u00a0Minute"},"schema":{"@context":"https:\/\/schema.org","@graph":[{"@type":"WebPage","@id":"https:\/\/www.godere.nl\/product\/sugo-al-basilico-fles-500-gram\/","url":"https:\/\/www.godere.nl\/product\/sugo-al-basilico-fles-500-gram\/","name":"Sugo di Pomodoro al Basilico (Don Antonio) - Godere | Italiaans genieten!","isPartOf":{"@id":"https:\/\/www.godere.nl\/#website"},"primaryImageOfPage":{"@id":"https:\/\/www.godere.nl\/product\/sugo-al-basilico-fles-500-gram\/#primaryimage"},"image":{"@id":"https:\/\/www.godere.nl\/product\/sugo-al-basilico-fles-500-gram\/#primaryimage"},"thumbnailUrl":"https:\/\/www.godere.nl\/wp-content\/uploads\/2017\/05\/Sugo-di-Pomodoro-Basilico-go.jpg","datePublished":"2017-05-13T12:05:46+00:00","dateModified":"2026-04-29T14:30:48+00:00","breadcrumb":{"@id":"https:\/\/www.godere.nl\/product\/sugo-al-basilico-fles-500-gram\/#breadcrumb"},"inLanguage":"de","potentialAction":[{"@type":"ReadAction","target":["https:\/\/www.godere.nl\/product\/sugo-al-basilico-fles-500-gram\/"]}]},{"@type":"ImageObject","inLanguage":"de","@id":"https:\/\/www.godere.nl\/product\/sugo-al-basilico-fles-500-gram\/#primaryimage","url":"https:\/\/www.godere.nl\/wp-content\/uploads\/2017\/05\/Sugo-di-Pomodoro-Basilico-go.jpg","contentUrl":"https:\/\/www.godere.nl\/wp-content\/uploads\/2017\/05\/Sugo-di-Pomodoro-Basilico-go.jpg","width":960,"height":1440},{"@type":"BreadcrumbList","@id":"https:\/\/www.godere.nl\/product\/sugo-al-basilico-fles-500-gram\/#breadcrumb","itemListElement":[{"@type":"ListItem","position":1,"name":"Home","item":"https:\/\/www.godere.nl\/"},{"@type":"ListItem","position":2,"name":"Winkel","item":"https:\/\/www.godere.nl\/winkel\/"},{"@type":"ListItem","position":3,"name":"Sugo di Pomodoro al Basilico (Don Antonio)"}]},{"@type":"WebSite","@id":"https:\/\/www.godere.nl\/#website","url":"https:\/\/www.godere.nl\/","name":"Godere | Italiaans genieten!","description":"","publisher":{"@id":"https:\/\/www.godere.nl\/#organization"},"potentialAction":[{"@type":"SearchAction","target":{"@type":"EntryPoint","urlTemplate":"https:\/\/www.godere.nl\/?s={search_term_string}"},"query-input":{"@type":"PropertyValueSpecification","valueRequired":true,"valueName":"search_term_string"}}],"inLanguage":"de"},{"@type":"Organization","@id":"https:\/\/www.godere.nl\/#organization","name":"Godere","url":"https:\/\/www.godere.nl\/","logo":{"@type":"ImageObject","inLanguage":"de","@id":"https:\/\/www.godere.nl\/#\/schema\/logo\/image\/","url":"https:\/\/www.godere.nl\/wp-content\/uploads\/2022\/05\/GODERE-Granny-e1651842185822.png","contentUrl":"https:\/\/www.godere.nl\/wp-content\/uploads\/2022\/05\/GODERE-Granny-e1651842185822.png","width":936,"height":408,"caption":"Godere"},"image":{"@id":"https:\/\/www.godere.nl\/#\/schema\/logo\/image\/"},"sameAs":["https:\/\/www.facebook.com\/godere.nl"]}]}},"_links":{"self":[{"href":"https:\/\/www.godere.nl\/de\/wp-json\/wp\/v2\/product\/2763","targetHints":{"allow":["GET"]}}],"collection":[{"href":"https:\/\/www.godere.nl\/de\/wp-json\/wp\/v2\/product"}],"about":[{"href":"https:\/\/www.godere.nl\/de\/wp-json\/wp\/v2\/types\/product"}],"replies":[{"embeddable":true,"href":"https:\/\/www.godere.nl\/de\/wp-json\/wp\/v2\/comments?post=2763"}],"wp:featuredmedia":[{"embeddable":true,"href":"https:\/\/www.godere.nl\/de\/wp-json\/wp\/v2\/media\/4492"}],"wp:attachment":[{"href":"https:\/\/www.godere.nl\/de\/wp-json\/wp\/v2\/media?parent=2763"}],"wp:term":[{"taxonomy":"product_brand","embeddable":true,"href":"https:\/\/www.godere.nl\/de\/wp-json\/wp\/v2\/product_brand?post=2763"},{"taxonomy":"product_cat","embeddable":true,"href":"https:\/\/www.godere.nl\/de\/wp-json\/wp\/v2\/product_cat?post=2763"},{"taxonomy":"product_tag","embeddable":true,"href":"https:\/\/www.godere.nl\/de\/wp-json\/wp\/v2\/product_tag?post=2763"}],"curies":[{"name":"wp","href":"https:\/\/api.w.org\/{rel}","templated":true}]}}