{"id":2813,"date":"2017-06-12T11:55:12","date_gmt":"2017-06-12T09:55:12","guid":{"rendered":"https:\/\/www.godere.nl\/?post_type=product&#038;p=2813"},"modified":"2026-03-28T17:51:52","modified_gmt":"2026-03-28T16:51:52","slug":"brodo-pollo-bouillonblokjes-van-kip-doosje-met-10-blokjes-copy","status":"publish","type":"product","link":"https:\/\/www.godere.nl\/de\/produkt\/brodo-pollo-bouillonblokjes-van-kip-doosje-met-10-blokjes-copy\/","title":{"rendered":"Brodo Pollo (Fattoria Italia)"},"content":{"rendered":"<h2><\/h2>\n<p><span data-contrast=\"auto\">H\u00fchnerbr\u00fche mit 30% weniger Salz<\/span><span data-ccp-props=\"{&quot;201341983&quot;:0,&quot;335559739&quot;:160,&quot;335559740&quot;:259}\">\u00a0<\/span><\/p>\n<p><span data-contrast=\"auto\">Diese erstklassigen italienischen H\u00fchnerbr\u00fchw\u00fcrfel enthalten 30 % weniger Salz als herk\u00f6mmliche Br\u00fchw\u00fcrfel. Wie ist das m\u00f6glich? Durch das Mischen von nat\u00fcrlichen Pflanzenextrakten und Kr\u00e4utern mit langsam gegartem H\u00fchnerfleisch k\u00f6nnen sich alle Aromen besonders gut entfalten und es wird weniger Salz ben\u00f6tigt.<\/span><span data-ccp-props=\"{&quot;201341983&quot;:0,&quot;335559739&quot;:160,&quot;335559740&quot;:259}\">\u00a0<\/span><\/p>\n<p><b><span data-contrast=\"auto\">Brodo\u00a0Pollo\u00a0<\/span><\/b><span data-contrast=\"auto\">ist einer dieser schmackhaften H\u00fchnerbr\u00fchw\u00fcrfel, die in Ihrer K\u00fcche nicht fehlen d\u00fcrfen. Es ist die ideale und gesunde W\u00fcrze f\u00fcr alle Suppen, Saucen, Risotto und Pasta.<\/span><span data-ccp-props=\"{&quot;201341983&quot;:0,&quot;335559739&quot;:160,&quot;335559740&quot;:259}\">\u00a0<\/span><\/p>\n<p class=\"translation-block\">In einer 110-Gramm-Packung sind 10 H\u00fchnerbr\u00fchw\u00fcrfel Brodo Pollo enthalten.<\/p>\n<ul>\n<li data-leveltext=\"\uf0b7\" data-font=\"Symbol\" data-listid=\"3\" aria-setsize=\"-1\" data-aria-posinset=\"1\" data-aria-level=\"1\"><span data-contrast=\"auto\">Italienische<\/span><b><span data-contrast=\"auto\">\u00a0<\/span><\/b><span data-contrast=\"auto\">H\u00fchnerbr\u00fchw\u00fcrfel\u00a0<\/span><b><span data-contrast=\"auto\">Brodo\u00a0Pollo\u00a0<\/span><\/b><span data-ccp-props=\"{&quot;134233279&quot;:true,&quot;201341983&quot;:0,&quot;335559739&quot;:160,&quot;335559740&quot;:259}\">\u00a0<\/span><\/li>\n<li data-leveltext=\"\uf0b7\" data-font=\"Symbol\" data-listid=\"3\" aria-setsize=\"-1\" data-aria-posinset=\"2\" data-aria-level=\"1\"><span data-contrast=\"auto\">Aus Maismehl, jodiertem Salz, H\u00fchnerfleisch, Hefeextrakt, pflanzlichen Proteinen (Mais und Sonnenblumen), getrocknetem Knoblauch, Zwiebeln, Karotten, Petersilie und Kurkuma<\/span><span data-ccp-props=\"{&quot;134233279&quot;:true,&quot;201341983&quot;:0,&quot;335559739&quot;:160,&quot;335559740&quot;:259}\">\u00a0<\/span><\/li>\n<li data-leveltext=\"\uf0b7\" data-font=\"Symbol\" data-listid=\"3\" aria-setsize=\"-1\" data-aria-posinset=\"3\" data-aria-level=\"1\"><span data-contrast=\"auto\">Mit 30% weniger Salz<\/span><span data-ccp-props=\"{&quot;134233279&quot;:true,&quot;201341983&quot;:0,&quot;335559739&quot;:160,&quot;335559740&quot;:259}\">\u00a0<\/span><\/li>\n<li data-leveltext=\"\uf0b7\" data-font=\"Symbol\" data-listid=\"2\" aria-setsize=\"-1\" data-aria-posinset=\"4\" data-aria-level=\"1\"><span data-contrast=\"auto\">Natur pur ohne Konservierungsstoffe und Farbstoffe<\/span><span data-ccp-props=\"{&quot;134233279&quot;:true,&quot;201341983&quot;:0,&quot;335551550&quot;:6,&quot;335551620&quot;:6,&quot;335559739&quot;:160,&quot;335559740&quot;:259}\">\u00a0<\/span><\/li>\n<li data-leveltext=\"\uf0b7\" data-font=\"Symbol\" data-listid=\"1\" aria-setsize=\"-1\" data-aria-posinset=\"5\" data-aria-level=\"1\"><span data-contrast=\"auto\">Pro Schachtel mit 110 Gramm<\/span><span data-ccp-props=\"{&quot;134233279&quot;:true,&quot;201341983&quot;:0,&quot;335551550&quot;:6,&quot;335551620&quot;:6,&quot;335559739&quot;:160,&quot;335559740&quot;:259}\">\u00a0<\/span><\/li>\n<li data-leveltext=\"\uf0b7\" data-font=\"Symbol\" data-listid=\"1\" aria-setsize=\"-1\" data-aria-posinset=\"5\" data-aria-level=\"1\"><span data-contrast=\"auto\">Lactose-\u00a0en\u00a0glutenvrij<\/span><span data-ccp-props=\"{&quot;134233279&quot;:true,&quot;201341983&quot;:0,&quot;335551550&quot;:6,&quot;335551620&quot;:6,&quot;335559739&quot;:160,&quot;335559740&quot;:259}\">\u00a0<\/span><\/li>\n<li data-leveltext=\"\uf0b7\" data-font=\"Symbol\" data-listid=\"1\" aria-setsize=\"-1\" data-aria-posinset=\"5\" data-aria-level=\"1\"><span data-contrast=\"auto\">Leverancier:\u00a0Fattoria\u00a0Italia<\/span><span data-ccp-props=\"{&quot;134233279&quot;:true,&quot;201341983&quot;:0,&quot;335559739&quot;:160,&quot;335559740&quot;:259}\">\u00a0<\/span><\/li>\n<\/ul>","protected":false},"excerpt":{"rendered":"<p>Bouillonblokjes getrokken van\u00a0kippenvlees<\/p>","protected":false},"featured_media":4488,"comment_status":"open","ping_status":"closed","template":"","meta":{"_monsterinsights_skip_tracking":false,"_monsterinsights_sitenote_active":false,"_monsterinsights_sitenote_note":"","_monsterinsights_sitenote_category":0,"_glsr_average":0,"_glsr_ranking":0,"_glsr_reviews":0},"product_brand":[],"product_cat":[137],"product_tag":[],"class_list":{"0":"post-2813","1":"product","2":"type-product","3":"status-publish","4":"has-post-thumbnail","6":"product_cat-sauzen-en-soep","8":"first","9":"onbackorder","10":"taxable","11":"shipping-taxable","12":"purchasable","13":"product-type-simple"},"yoast_head":"<!-- This site is optimized with the Yoast SEO plugin v27.3 - https:\/\/yoast.com\/product\/yoast-seo-wordpress\/ -->\n<title>Brodo Pollo (Fattoria Italia) - Godere | Italiaans genieten!<\/title>\n<meta name=\"robots\" content=\"index, follow, max-snippet:-1, max-image-preview:large, max-video-preview:-1\" \/>\n<link rel=\"canonical\" href=\"https:\/\/www.godere.nl\/de\/produkt\/brodo-pollo-bouillonblokjes-van-kip-doosje-met-10-blokjes-copy\/\" \/>\n<meta property=\"og:locale\" content=\"de_DE\" \/>\n<meta property=\"og:type\" content=\"article\" \/>\n<meta property=\"og:title\" content=\"Brodo Pollo (Fattoria Italia) - Godere | Italiaans genieten!\" \/>\n<meta property=\"og:description\" content=\"Bouillonblokjes getrokken van\u00a0kippenvlees\" \/>\n<meta property=\"og:url\" content=\"https:\/\/www.godere.nl\/de\/produkt\/brodo-pollo-bouillonblokjes-van-kip-doosje-met-10-blokjes-copy\/\" \/>\n<meta property=\"og:site_name\" content=\"Godere | Italiaans genieten!\" \/>\n<meta property=\"article:publisher\" content=\"https:\/\/www.facebook.com\/godere.nl\" \/>\n<meta property=\"article:modified_time\" content=\"2026-03-28T16:51:52+00:00\" \/>\n<meta property=\"og:image\" content=\"https:\/\/www.godere.nl\/wp-content\/uploads\/2017\/06\/Dado-per-Brodo-Pollo-go.jpg\" \/>\n\t<meta property=\"og:image:width\" content=\"1440\" \/>\n\t<meta property=\"og:image:height\" content=\"960\" \/>\n\t<meta property=\"og:image:type\" content=\"image\/jpeg\" \/>\n<meta name=\"twitter:card\" content=\"summary_large_image\" \/>\n<meta name=\"twitter:label1\" content=\"Gesch\u00e4tzte Lesezeit\" \/>\n\t<meta name=\"twitter:data1\" content=\"1\u00a0Minute\" \/>\n<script type=\"application\/ld+json\" class=\"yoast-schema-graph\">{\"@context\":\"https:\\\/\\\/schema.org\",\"@graph\":[{\"@type\":\"WebPage\",\"@id\":\"https:\\\/\\\/www.godere.nl\\\/product\\\/brodo-pollo-bouillonblokjes-van-kip-doosje-met-10-blokjes-copy\\\/\",\"url\":\"https:\\\/\\\/www.godere.nl\\\/product\\\/brodo-pollo-bouillonblokjes-van-kip-doosje-met-10-blokjes-copy\\\/\",\"name\":\"Brodo Pollo (Fattoria Italia) - Godere | Italiaans genieten!\",\"isPartOf\":{\"@id\":\"https:\\\/\\\/www.godere.nl\\\/#website\"},\"primaryImageOfPage\":{\"@id\":\"https:\\\/\\\/www.godere.nl\\\/product\\\/brodo-pollo-bouillonblokjes-van-kip-doosje-met-10-blokjes-copy\\\/#primaryimage\"},\"image\":{\"@id\":\"https:\\\/\\\/www.godere.nl\\\/product\\\/brodo-pollo-bouillonblokjes-van-kip-doosje-met-10-blokjes-copy\\\/#primaryimage\"},\"thumbnailUrl\":\"https:\\\/\\\/www.godere.nl\\\/wp-content\\\/uploads\\\/2017\\\/06\\\/Dado-per-Brodo-Pollo-go.jpg\",\"datePublished\":\"2017-06-12T09:55:12+00:00\",\"dateModified\":\"2026-03-28T16:51:52+00:00\",\"breadcrumb\":{\"@id\":\"https:\\\/\\\/www.godere.nl\\\/product\\\/brodo-pollo-bouillonblokjes-van-kip-doosje-met-10-blokjes-copy\\\/#breadcrumb\"},\"inLanguage\":\"de\",\"potentialAction\":[{\"@type\":\"ReadAction\",\"target\":[\"https:\\\/\\\/www.godere.nl\\\/product\\\/brodo-pollo-bouillonblokjes-van-kip-doosje-met-10-blokjes-copy\\\/\"]}]},{\"@type\":\"ImageObject\",\"inLanguage\":\"de\",\"@id\":\"https:\\\/\\\/www.godere.nl\\\/product\\\/brodo-pollo-bouillonblokjes-van-kip-doosje-met-10-blokjes-copy\\\/#primaryimage\",\"url\":\"https:\\\/\\\/www.godere.nl\\\/wp-content\\\/uploads\\\/2017\\\/06\\\/Dado-per-Brodo-Pollo-go.jpg\",\"contentUrl\":\"https:\\\/\\\/www.godere.nl\\\/wp-content\\\/uploads\\\/2017\\\/06\\\/Dado-per-Brodo-Pollo-go.jpg\",\"width\":1440,\"height\":960},{\"@type\":\"BreadcrumbList\",\"@id\":\"https:\\\/\\\/www.godere.nl\\\/product\\\/brodo-pollo-bouillonblokjes-van-kip-doosje-met-10-blokjes-copy\\\/#breadcrumb\",\"itemListElement\":[{\"@type\":\"ListItem\",\"position\":1,\"name\":\"Home\",\"item\":\"https:\\\/\\\/www.godere.nl\\\/\"},{\"@type\":\"ListItem\",\"position\":2,\"name\":\"Winkel\",\"item\":\"https:\\\/\\\/www.godere.nl\\\/winkel\\\/\"},{\"@type\":\"ListItem\",\"position\":3,\"name\":\"Brodo Pollo (Fattoria Italia)\"}]},{\"@type\":\"WebSite\",\"@id\":\"https:\\\/\\\/www.godere.nl\\\/#website\",\"url\":\"https:\\\/\\\/www.godere.nl\\\/\",\"name\":\"Godere | Italiaans genieten!\",\"description\":\"\",\"publisher\":{\"@id\":\"https:\\\/\\\/www.godere.nl\\\/#organization\"},\"potentialAction\":[{\"@type\":\"SearchAction\",\"target\":{\"@type\":\"EntryPoint\",\"urlTemplate\":\"https:\\\/\\\/www.godere.nl\\\/?s={search_term_string}\"},\"query-input\":{\"@type\":\"PropertyValueSpecification\",\"valueRequired\":true,\"valueName\":\"search_term_string\"}}],\"inLanguage\":\"de\"},{\"@type\":\"Organization\",\"@id\":\"https:\\\/\\\/www.godere.nl\\\/#organization\",\"name\":\"Godere\",\"url\":\"https:\\\/\\\/www.godere.nl\\\/\",\"logo\":{\"@type\":\"ImageObject\",\"inLanguage\":\"de\",\"@id\":\"https:\\\/\\\/www.godere.nl\\\/#\\\/schema\\\/logo\\\/image\\\/\",\"url\":\"https:\\\/\\\/www.godere.nl\\\/wp-content\\\/uploads\\\/2022\\\/05\\\/GODERE-Granny-e1651842185822.png\",\"contentUrl\":\"https:\\\/\\\/www.godere.nl\\\/wp-content\\\/uploads\\\/2022\\\/05\\\/GODERE-Granny-e1651842185822.png\",\"width\":936,\"height\":408,\"caption\":\"Godere\"},\"image\":{\"@id\":\"https:\\\/\\\/www.godere.nl\\\/#\\\/schema\\\/logo\\\/image\\\/\"},\"sameAs\":[\"https:\\\/\\\/www.facebook.com\\\/godere.nl\"]}]}<\/script>\n<!-- \/ Yoast SEO plugin. -->","yoast_head_json":{"title":"Brodo Pollo (Fattoria Italia) - Godere | Italiaans genieten!","robots":{"index":"index","follow":"follow","max-snippet":"max-snippet:-1","max-image-preview":"max-image-preview:large","max-video-preview":"max-video-preview:-1"},"canonical":"https:\/\/www.godere.nl\/de\/produkt\/brodo-pollo-bouillonblokjes-van-kip-doosje-met-10-blokjes-copy\/","og_locale":"de_DE","og_type":"article","og_title":"Brodo Pollo (Fattoria Italia) - Godere | Italiaans genieten!","og_description":"Bouillonblokjes getrokken van\u00a0kippenvlees","og_url":"https:\/\/www.godere.nl\/de\/produkt\/brodo-pollo-bouillonblokjes-van-kip-doosje-met-10-blokjes-copy\/","og_site_name":"Godere | Italiaans genieten!","article_publisher":"https:\/\/www.facebook.com\/godere.nl","article_modified_time":"2026-03-28T16:51:52+00:00","og_image":[{"width":1440,"height":960,"url":"https:\/\/www.godere.nl\/wp-content\/uploads\/2017\/06\/Dado-per-Brodo-Pollo-go.jpg","type":"image\/jpeg"}],"twitter_card":"summary_large_image","twitter_misc":{"Gesch\u00e4tzte Lesezeit":"1\u00a0Minute"},"schema":{"@context":"https:\/\/schema.org","@graph":[{"@type":"WebPage","@id":"https:\/\/www.godere.nl\/product\/brodo-pollo-bouillonblokjes-van-kip-doosje-met-10-blokjes-copy\/","url":"https:\/\/www.godere.nl\/product\/brodo-pollo-bouillonblokjes-van-kip-doosje-met-10-blokjes-copy\/","name":"Brodo Pollo (Fattoria Italia) - Godere | Italiaans genieten!","isPartOf":{"@id":"https:\/\/www.godere.nl\/#website"},"primaryImageOfPage":{"@id":"https:\/\/www.godere.nl\/product\/brodo-pollo-bouillonblokjes-van-kip-doosje-met-10-blokjes-copy\/#primaryimage"},"image":{"@id":"https:\/\/www.godere.nl\/product\/brodo-pollo-bouillonblokjes-van-kip-doosje-met-10-blokjes-copy\/#primaryimage"},"thumbnailUrl":"https:\/\/www.godere.nl\/wp-content\/uploads\/2017\/06\/Dado-per-Brodo-Pollo-go.jpg","datePublished":"2017-06-12T09:55:12+00:00","dateModified":"2026-03-28T16:51:52+00:00","breadcrumb":{"@id":"https:\/\/www.godere.nl\/product\/brodo-pollo-bouillonblokjes-van-kip-doosje-met-10-blokjes-copy\/#breadcrumb"},"inLanguage":"de","potentialAction":[{"@type":"ReadAction","target":["https:\/\/www.godere.nl\/product\/brodo-pollo-bouillonblokjes-van-kip-doosje-met-10-blokjes-copy\/"]}]},{"@type":"ImageObject","inLanguage":"de","@id":"https:\/\/www.godere.nl\/product\/brodo-pollo-bouillonblokjes-van-kip-doosje-met-10-blokjes-copy\/#primaryimage","url":"https:\/\/www.godere.nl\/wp-content\/uploads\/2017\/06\/Dado-per-Brodo-Pollo-go.jpg","contentUrl":"https:\/\/www.godere.nl\/wp-content\/uploads\/2017\/06\/Dado-per-Brodo-Pollo-go.jpg","width":1440,"height":960},{"@type":"BreadcrumbList","@id":"https:\/\/www.godere.nl\/product\/brodo-pollo-bouillonblokjes-van-kip-doosje-met-10-blokjes-copy\/#breadcrumb","itemListElement":[{"@type":"ListItem","position":1,"name":"Home","item":"https:\/\/www.godere.nl\/"},{"@type":"ListItem","position":2,"name":"Winkel","item":"https:\/\/www.godere.nl\/winkel\/"},{"@type":"ListItem","position":3,"name":"Brodo Pollo (Fattoria Italia)"}]},{"@type":"WebSite","@id":"https:\/\/www.godere.nl\/#website","url":"https:\/\/www.godere.nl\/","name":"Godere | Italiaans genieten!","description":"","publisher":{"@id":"https:\/\/www.godere.nl\/#organization"},"potentialAction":[{"@type":"SearchAction","target":{"@type":"EntryPoint","urlTemplate":"https:\/\/www.godere.nl\/?s={search_term_string}"},"query-input":{"@type":"PropertyValueSpecification","valueRequired":true,"valueName":"search_term_string"}}],"inLanguage":"de"},{"@type":"Organization","@id":"https:\/\/www.godere.nl\/#organization","name":"Godere","url":"https:\/\/www.godere.nl\/","logo":{"@type":"ImageObject","inLanguage":"de","@id":"https:\/\/www.godere.nl\/#\/schema\/logo\/image\/","url":"https:\/\/www.godere.nl\/wp-content\/uploads\/2022\/05\/GODERE-Granny-e1651842185822.png","contentUrl":"https:\/\/www.godere.nl\/wp-content\/uploads\/2022\/05\/GODERE-Granny-e1651842185822.png","width":936,"height":408,"caption":"Godere"},"image":{"@id":"https:\/\/www.godere.nl\/#\/schema\/logo\/image\/"},"sameAs":["https:\/\/www.facebook.com\/godere.nl"]}]}},"_links":{"self":[{"href":"https:\/\/www.godere.nl\/de\/wp-json\/wp\/v2\/product\/2813","targetHints":{"allow":["GET"]}}],"collection":[{"href":"https:\/\/www.godere.nl\/de\/wp-json\/wp\/v2\/product"}],"about":[{"href":"https:\/\/www.godere.nl\/de\/wp-json\/wp\/v2\/types\/product"}],"replies":[{"embeddable":true,"href":"https:\/\/www.godere.nl\/de\/wp-json\/wp\/v2\/comments?post=2813"}],"wp:featuredmedia":[{"embeddable":true,"href":"https:\/\/www.godere.nl\/de\/wp-json\/wp\/v2\/media\/4488"}],"wp:attachment":[{"href":"https:\/\/www.godere.nl\/de\/wp-json\/wp\/v2\/media?parent=2813"}],"wp:term":[{"taxonomy":"product_brand","embeddable":true,"href":"https:\/\/www.godere.nl\/de\/wp-json\/wp\/v2\/product_brand?post=2813"},{"taxonomy":"product_cat","embeddable":true,"href":"https:\/\/www.godere.nl\/de\/wp-json\/wp\/v2\/product_cat?post=2813"},{"taxonomy":"product_tag","embeddable":true,"href":"https:\/\/www.godere.nl\/de\/wp-json\/wp\/v2\/product_tag?post=2813"}],"curies":[{"name":"wp","href":"https:\/\/api.w.org\/{rel}","templated":true}]}}