{"id":3223,"date":"2018-11-06T23:53:19","date_gmt":"2018-11-06T22:53:19","guid":{"rendered":"https:\/\/www.godere.nl\/?post_type=product&#038;p=3223"},"modified":"2018-12-11T18:22:50","modified_gmt":"2018-12-11T17:22:50","slug":"godere-cadeaubon-25-euro","status":"publish","type":"product","link":"https:\/\/www.godere.nl\/de\/produkt\/godere-cadeaubon-25-euro\/","title":{"rendered":"GODERE Cadeaubon &#8211; 25 euro"},"content":{"rendered":"<p>M\u00f6chten Sie jemanden mit einem originellen, ma\u00dfgeschneiderten Geschenk \u00fcberraschen? Dann w\u00e4hlen Sie unseren GODERE Geschenkgutschein!<\/p>\n<p>Wenn Sie diesen Geschenkgutschein bestellen, erhalten Sie einen Online-Geschenkgutschein mit einem einmaligen Code per E-Mail. Sie k\u00f6nnen diesen Geschenkgutschein ausdrucken und verschenken oder per E-Mail versenden.<\/p>\n<p>Wenn der Empf\u00e4nger Produkte in unserem Webshop bestellt, gibt er den einmaligen Code w\u00e4hrend des Bezahlvorgangs ein.\u00a0Der Betrag auf der Geschenkkarte wird dann vom Wert der Bestellung abgezogen. Sollte der Betrag auf der Geschenkkarte nicht f\u00fcr die jeweilige Bestellung ausreichen, kann der Empf\u00e4nger den Restbetrag nachzahlen. Wenn der Empf\u00e4nger bei einer Bestellung nicht den gesamten Betrag auf der Geschenkkarte verbraucht hat, bleibt der Restbetrag auf der Geschenkkarte.<\/p>\n<p>Die bestellten Produkte werden dann gegen eine Geb\u00fchr zu Ihnen nach Hause geliefert oder k\u00f6nnen kostenlos an Standorten in Duiven, Haarlo oder Elst abgeholt werden.<\/p>","protected":false},"excerpt":{"rendered":"<p>Wilt u iemand verrassen met een origineel cadeau op maat? Kies dan voor onze GODERE Cadeaubon! Wanneer u deze cadeaubon bestelt, ontvangt u via de mail een online cadeaubon met een unieke code. Deze cadeaubon kunt u uitprinten en cadeau geven, maar u kunt hem ook per e-mail doorsturen. Als de ontvanger producten in onze &hellip; <br \/><a href=\"https:\/\/www.godere.nl\/de\/produkt\/godere-cadeaubon-25-euro\/\" class=\"more-link\">Continue reading <span class=\"screen-reader-text\">GODERE Cadeaubon &#8211; 25 euro<\/span><\/a><\/p>","protected":false},"featured_media":3193,"comment_status":"closed","ping_status":"closed","template":"","meta":{"_monsterinsights_skip_tracking":false,"_monsterinsights_sitenote_active":false,"_monsterinsights_sitenote_note":"","_monsterinsights_sitenote_category":0,"_glsr_average":0,"_glsr_ranking":0,"_glsr_reviews":0},"product_brand":[],"product_cat":[201],"product_tag":[],"class_list":{"0":"post-3223","1":"product","2":"type-product","3":"status-publish","4":"has-post-thumbnail","6":"product_cat-waardebonnen","8":"first","9":"instock","10":"virtual","11":"purchasable","12":"product-type-simple"},"yoast_head":"<!-- This site is optimized with the Yoast SEO plugin v27.3 - https:\/\/yoast.com\/product\/yoast-seo-wordpress\/ -->\n<title>GODERE Cadeaubon - 25 euro - Godere | Italiaans genieten!<\/title>\n<meta name=\"robots\" content=\"index, follow, max-snippet:-1, max-image-preview:large, max-video-preview:-1\" \/>\n<link rel=\"canonical\" href=\"https:\/\/www.godere.nl\/de\/produkt\/godere-cadeaubon-25-euro\/\" \/>\n<meta property=\"og:locale\" content=\"de_DE\" \/>\n<meta property=\"og:type\" content=\"article\" \/>\n<meta property=\"og:title\" content=\"GODERE Cadeaubon - 25 euro - Godere | Italiaans genieten!\" \/>\n<meta property=\"og:description\" content=\"Wilt u iemand verrassen met een origineel cadeau op maat? Kies dan voor onze GODERE Cadeaubon! Wanneer u deze cadeaubon bestelt, ontvangt u via de mail een online cadeaubon met een unieke code. Deze cadeaubon kunt u uitprinten en cadeau geven, maar u kunt hem ook per e-mail doorsturen. Als de ontvanger producten in onze &hellip; Continue reading GODERE Cadeaubon &#8211; 25 euro\" \/>\n<meta property=\"og:url\" content=\"https:\/\/www.godere.nl\/de\/produkt\/godere-cadeaubon-25-euro\/\" \/>\n<meta property=\"og:site_name\" content=\"Godere | Italiaans genieten!\" \/>\n<meta property=\"article:publisher\" content=\"https:\/\/www.facebook.com\/godere.nl\" \/>\n<meta property=\"article:modified_time\" content=\"2018-12-11T17:22:50+00:00\" \/>\n<meta property=\"og:image\" content=\"https:\/\/www.godere.nl\/wp-content\/uploads\/2018\/11\/Cadeaubon_25_v01.png\" \/>\n\t<meta property=\"og:image:width\" content=\"1600\" \/>\n\t<meta property=\"og:image:height\" content=\"1200\" \/>\n\t<meta property=\"og:image:type\" content=\"image\/png\" \/>\n<meta name=\"twitter:card\" content=\"summary_large_image\" \/>\n<meta name=\"twitter:label1\" content=\"Gesch\u00e4tzte Lesezeit\" \/>\n\t<meta name=\"twitter:data1\" content=\"1\u00a0Minute\" \/>\n<script type=\"application\/ld+json\" class=\"yoast-schema-graph\">{\"@context\":\"https:\\\/\\\/schema.org\",\"@graph\":[{\"@type\":\"WebPage\",\"@id\":\"https:\\\/\\\/www.godere.nl\\\/product\\\/godere-cadeaubon-25-euro\\\/\",\"url\":\"https:\\\/\\\/www.godere.nl\\\/product\\\/godere-cadeaubon-25-euro\\\/\",\"name\":\"GODERE Cadeaubon - 25 euro - Godere | Italiaans genieten!\",\"isPartOf\":{\"@id\":\"https:\\\/\\\/www.godere.nl\\\/#website\"},\"primaryImageOfPage\":{\"@id\":\"https:\\\/\\\/www.godere.nl\\\/product\\\/godere-cadeaubon-25-euro\\\/#primaryimage\"},\"image\":{\"@id\":\"https:\\\/\\\/www.godere.nl\\\/product\\\/godere-cadeaubon-25-euro\\\/#primaryimage\"},\"thumbnailUrl\":\"https:\\\/\\\/www.godere.nl\\\/wp-content\\\/uploads\\\/2018\\\/11\\\/Cadeaubon_25_v01.png\",\"datePublished\":\"2018-11-06T22:53:19+00:00\",\"dateModified\":\"2018-12-11T17:22:50+00:00\",\"breadcrumb\":{\"@id\":\"https:\\\/\\\/www.godere.nl\\\/product\\\/godere-cadeaubon-25-euro\\\/#breadcrumb\"},\"inLanguage\":\"de\",\"potentialAction\":[{\"@type\":\"ReadAction\",\"target\":[\"https:\\\/\\\/www.godere.nl\\\/product\\\/godere-cadeaubon-25-euro\\\/\"]}]},{\"@type\":\"ImageObject\",\"inLanguage\":\"de\",\"@id\":\"https:\\\/\\\/www.godere.nl\\\/product\\\/godere-cadeaubon-25-euro\\\/#primaryimage\",\"url\":\"https:\\\/\\\/www.godere.nl\\\/wp-content\\\/uploads\\\/2018\\\/11\\\/Cadeaubon_25_v01.png\",\"contentUrl\":\"https:\\\/\\\/www.godere.nl\\\/wp-content\\\/uploads\\\/2018\\\/11\\\/Cadeaubon_25_v01.png\",\"width\":1600,\"height\":1200},{\"@type\":\"BreadcrumbList\",\"@id\":\"https:\\\/\\\/www.godere.nl\\\/product\\\/godere-cadeaubon-25-euro\\\/#breadcrumb\",\"itemListElement\":[{\"@type\":\"ListItem\",\"position\":1,\"name\":\"Home\",\"item\":\"https:\\\/\\\/www.godere.nl\\\/\"},{\"@type\":\"ListItem\",\"position\":2,\"name\":\"Winkel\",\"item\":\"https:\\\/\\\/www.godere.nl\\\/winkel\\\/\"},{\"@type\":\"ListItem\",\"position\":3,\"name\":\"GODERE Cadeaubon &#8211; 25 euro\"}]},{\"@type\":\"WebSite\",\"@id\":\"https:\\\/\\\/www.godere.nl\\\/#website\",\"url\":\"https:\\\/\\\/www.godere.nl\\\/\",\"name\":\"Godere | Italiaans genieten!\",\"description\":\"\",\"publisher\":{\"@id\":\"https:\\\/\\\/www.godere.nl\\\/#organization\"},\"potentialAction\":[{\"@type\":\"SearchAction\",\"target\":{\"@type\":\"EntryPoint\",\"urlTemplate\":\"https:\\\/\\\/www.godere.nl\\\/?s={search_term_string}\"},\"query-input\":{\"@type\":\"PropertyValueSpecification\",\"valueRequired\":true,\"valueName\":\"search_term_string\"}}],\"inLanguage\":\"de\"},{\"@type\":\"Organization\",\"@id\":\"https:\\\/\\\/www.godere.nl\\\/#organization\",\"name\":\"Godere\",\"url\":\"https:\\\/\\\/www.godere.nl\\\/\",\"logo\":{\"@type\":\"ImageObject\",\"inLanguage\":\"de\",\"@id\":\"https:\\\/\\\/www.godere.nl\\\/#\\\/schema\\\/logo\\\/image\\\/\",\"url\":\"https:\\\/\\\/www.godere.nl\\\/wp-content\\\/uploads\\\/2022\\\/05\\\/GODERE-Granny-e1651842185822.png\",\"contentUrl\":\"https:\\\/\\\/www.godere.nl\\\/wp-content\\\/uploads\\\/2022\\\/05\\\/GODERE-Granny-e1651842185822.png\",\"width\":936,\"height\":408,\"caption\":\"Godere\"},\"image\":{\"@id\":\"https:\\\/\\\/www.godere.nl\\\/#\\\/schema\\\/logo\\\/image\\\/\"},\"sameAs\":[\"https:\\\/\\\/www.facebook.com\\\/godere.nl\"]}]}<\/script>\n<!-- \/ Yoast SEO plugin. -->","yoast_head_json":{"title":"GODERE Cadeaubon - 25 euro - Godere | Italiaans genieten!","robots":{"index":"index","follow":"follow","max-snippet":"max-snippet:-1","max-image-preview":"max-image-preview:large","max-video-preview":"max-video-preview:-1"},"canonical":"https:\/\/www.godere.nl\/de\/produkt\/godere-cadeaubon-25-euro\/","og_locale":"de_DE","og_type":"article","og_title":"GODERE Cadeaubon - 25 euro - Godere | Italiaans genieten!","og_description":"Wilt u iemand verrassen met een origineel cadeau op maat? Kies dan voor onze GODERE Cadeaubon! Wanneer u deze cadeaubon bestelt, ontvangt u via de mail een online cadeaubon met een unieke code. Deze cadeaubon kunt u uitprinten en cadeau geven, maar u kunt hem ook per e-mail doorsturen. Als de ontvanger producten in onze &hellip; Continue reading GODERE Cadeaubon &#8211; 25 euro","og_url":"https:\/\/www.godere.nl\/de\/produkt\/godere-cadeaubon-25-euro\/","og_site_name":"Godere | Italiaans genieten!","article_publisher":"https:\/\/www.facebook.com\/godere.nl","article_modified_time":"2018-12-11T17:22:50+00:00","og_image":[{"width":1600,"height":1200,"url":"https:\/\/www.godere.nl\/wp-content\/uploads\/2018\/11\/Cadeaubon_25_v01.png","type":"image\/png"}],"twitter_card":"summary_large_image","twitter_misc":{"Gesch\u00e4tzte Lesezeit":"1\u00a0Minute"},"schema":{"@context":"https:\/\/schema.org","@graph":[{"@type":"WebPage","@id":"https:\/\/www.godere.nl\/product\/godere-cadeaubon-25-euro\/","url":"https:\/\/www.godere.nl\/product\/godere-cadeaubon-25-euro\/","name":"GODERE Cadeaubon - 25 euro - Godere | Italiaans genieten!","isPartOf":{"@id":"https:\/\/www.godere.nl\/#website"},"primaryImageOfPage":{"@id":"https:\/\/www.godere.nl\/product\/godere-cadeaubon-25-euro\/#primaryimage"},"image":{"@id":"https:\/\/www.godere.nl\/product\/godere-cadeaubon-25-euro\/#primaryimage"},"thumbnailUrl":"https:\/\/www.godere.nl\/wp-content\/uploads\/2018\/11\/Cadeaubon_25_v01.png","datePublished":"2018-11-06T22:53:19+00:00","dateModified":"2018-12-11T17:22:50+00:00","breadcrumb":{"@id":"https:\/\/www.godere.nl\/product\/godere-cadeaubon-25-euro\/#breadcrumb"},"inLanguage":"de","potentialAction":[{"@type":"ReadAction","target":["https:\/\/www.godere.nl\/product\/godere-cadeaubon-25-euro\/"]}]},{"@type":"ImageObject","inLanguage":"de","@id":"https:\/\/www.godere.nl\/product\/godere-cadeaubon-25-euro\/#primaryimage","url":"https:\/\/www.godere.nl\/wp-content\/uploads\/2018\/11\/Cadeaubon_25_v01.png","contentUrl":"https:\/\/www.godere.nl\/wp-content\/uploads\/2018\/11\/Cadeaubon_25_v01.png","width":1600,"height":1200},{"@type":"BreadcrumbList","@id":"https:\/\/www.godere.nl\/product\/godere-cadeaubon-25-euro\/#breadcrumb","itemListElement":[{"@type":"ListItem","position":1,"name":"Home","item":"https:\/\/www.godere.nl\/"},{"@type":"ListItem","position":2,"name":"Winkel","item":"https:\/\/www.godere.nl\/winkel\/"},{"@type":"ListItem","position":3,"name":"GODERE Cadeaubon &#8211; 25 euro"}]},{"@type":"WebSite","@id":"https:\/\/www.godere.nl\/#website","url":"https:\/\/www.godere.nl\/","name":"Godere | Italiaans genieten!","description":"","publisher":{"@id":"https:\/\/www.godere.nl\/#organization"},"potentialAction":[{"@type":"SearchAction","target":{"@type":"EntryPoint","urlTemplate":"https:\/\/www.godere.nl\/?s={search_term_string}"},"query-input":{"@type":"PropertyValueSpecification","valueRequired":true,"valueName":"search_term_string"}}],"inLanguage":"de"},{"@type":"Organization","@id":"https:\/\/www.godere.nl\/#organization","name":"Godere","url":"https:\/\/www.godere.nl\/","logo":{"@type":"ImageObject","inLanguage":"de","@id":"https:\/\/www.godere.nl\/#\/schema\/logo\/image\/","url":"https:\/\/www.godere.nl\/wp-content\/uploads\/2022\/05\/GODERE-Granny-e1651842185822.png","contentUrl":"https:\/\/www.godere.nl\/wp-content\/uploads\/2022\/05\/GODERE-Granny-e1651842185822.png","width":936,"height":408,"caption":"Godere"},"image":{"@id":"https:\/\/www.godere.nl\/#\/schema\/logo\/image\/"},"sameAs":["https:\/\/www.facebook.com\/godere.nl"]}]}},"_links":{"self":[{"href":"https:\/\/www.godere.nl\/de\/wp-json\/wp\/v2\/product\/3223","targetHints":{"allow":["GET"]}}],"collection":[{"href":"https:\/\/www.godere.nl\/de\/wp-json\/wp\/v2\/product"}],"about":[{"href":"https:\/\/www.godere.nl\/de\/wp-json\/wp\/v2\/types\/product"}],"replies":[{"embeddable":true,"href":"https:\/\/www.godere.nl\/de\/wp-json\/wp\/v2\/comments?post=3223"}],"wp:featuredmedia":[{"embeddable":true,"href":"https:\/\/www.godere.nl\/de\/wp-json\/wp\/v2\/media\/3193"}],"wp:attachment":[{"href":"https:\/\/www.godere.nl\/de\/wp-json\/wp\/v2\/media?parent=3223"}],"wp:term":[{"taxonomy":"product_brand","embeddable":true,"href":"https:\/\/www.godere.nl\/de\/wp-json\/wp\/v2\/product_brand?post=3223"},{"taxonomy":"product_cat","embeddable":true,"href":"https:\/\/www.godere.nl\/de\/wp-json\/wp\/v2\/product_cat?post=3223"},{"taxonomy":"product_tag","embeddable":true,"href":"https:\/\/www.godere.nl\/de\/wp-json\/wp\/v2\/product_tag?post=3223"}],"curies":[{"name":"wp","href":"https:\/\/api.w.org\/{rel}","templated":true}]}}