{"id":3941,"date":"2021-03-04T14:49:38","date_gmt":"2021-03-04T13:49:38","guid":{"rendered":"https:\/\/www.godere.nl\/?post_type=product&#038;p=3941"},"modified":"2023-08-17T11:52:35","modified_gmt":"2023-08-17T09:52:35","slug":"bruschette-gusto-mediterraneo","status":"publish","type":"product","link":"https:\/\/www.godere.nl\/de\/produkt\/bruschette-gusto-mediterraneo\/","title":{"rendered":"Bruschette Gusto Mediterraneo (Bottoli)"},"content":{"rendered":"<h2>Beschreibung<\/h2>\n<p><span data-contrast=\"auto\">Leckeres Naschen<\/span><span data-ccp-props=\"{&quot;201341983&quot;:0,&quot;335559739&quot;:160,&quot;335559740&quot;:259}\">\u00a0<\/span><\/p>\n<p class=\"translation-block\">Das Essen sollte vor allem ansprechend sein, wenig Kalorien haben, leicht mitzunehmen und zu bei\u00dfen sein. Zumindest ist es das, was der heutigen Generation wichtig ist. Unsere Bruschetta Mediterraneo wird all diesen W\u00fcnschen mehr als gerecht.<\/p>\n<p class=\"translation-block\">Unsere Mini Bruschetta Mediterraneo sind die idealen Toasts f\u00fcr jede Getr\u00e4nketafel. Bestreichen Sie sie mit frischem italienischen Pesto, Kompott oder Tapenade und die Party kann beginnen. Neben gr\u00fcnen Oliven und Oliven\u00f6l enthalten die Toasts auch Bierhefe, Meersalz, 1 % Tomatenpulver, nat\u00fcrliche Aromen, Knoblauchpulver und Zwiebeln, was sie besonders schmackhaft macht.<\/p>\n<p class=\"translation-block\">Die kleinen runden Toasts Bruschetta Mediterraneo werden in einer 150-Gramm-T\u00fcte geliefert. Sie werden zu 14 St\u00fcck geliefert.<\/p>\n<ul>\n<li data-leveltext=\"\uf0b7\" data-font=\"Symbol\" data-listid=\"3\" aria-setsize=\"-1\" data-aria-posinset=\"1\" data-aria-level=\"1\"><span data-contrast=\"auto\">Italienische<\/span><b><span data-contrast=\"auto\">\u00a0<\/span><\/b><span data-contrast=\"auto\">ronde toastjes<\/span><b><span data-contrast=\"auto\">\u00a0Bruschetta\u00a0Mediterraneo<\/span><\/b><span data-ccp-props=\"{&quot;134233279&quot;:true,&quot;201341983&quot;:0,&quot;335559739&quot;:160,&quot;335559740&quot;:259}\">\u00a0<\/span><\/li>\n<li data-leveltext=\"\uf0b7\" data-font=\"Symbol\" data-listid=\"2\" aria-setsize=\"-1\" data-aria-posinset=\"2\" data-aria-level=\"1\"><span data-contrast=\"auto\">Aus Weizenmehl, 10% nativem Oliven\u00f6l extra und 5,5% gr\u00fcnen Oliven\u00a0<\/span><span data-ccp-props=\"{&quot;134233279&quot;:true,&quot;201341983&quot;:0,&quot;335551550&quot;:6,&quot;335551620&quot;:6,&quot;335559739&quot;:160,&quot;335559740&quot;:259}\">\u00a0<\/span><\/li>\n<li data-leveltext=\"\uf0b7\" data-font=\"Symbol\" data-listid=\"2\" aria-setsize=\"-1\" data-aria-posinset=\"3\" data-aria-level=\"1\"><span data-contrast=\"auto\">Regionales Erzeugnis aus Norditalien<\/span><span data-ccp-props=\"{&quot;134233279&quot;:true,&quot;201341983&quot;:0,&quot;335551550&quot;:6,&quot;335551620&quot;:6,&quot;335559739&quot;:160,&quot;335559740&quot;:259}\">\u00a0<\/span><\/li>\n<li data-leveltext=\"\uf0b7\" data-font=\"Symbol\" data-listid=\"1\" aria-setsize=\"-1\" data-aria-posinset=\"4\" data-aria-level=\"1\"><span data-contrast=\"auto\">Pro 14 St\u00fcck zu je 150 Gramm<\/span><span data-ccp-props=\"{&quot;134233279&quot;:true,&quot;201341983&quot;:0,&quot;335551550&quot;:6,&quot;335551620&quot;:6,&quot;335559739&quot;:160,&quot;335559740&quot;:259}\">\u00a0<\/span><\/li>\n<li data-leveltext=\"\uf0b7\" data-font=\"Symbol\" data-listid=\"1\" aria-setsize=\"-1\" data-aria-posinset=\"5\" data-aria-level=\"1\"><span data-contrast=\"auto\">Leverancier:\u00a0Bottoli<\/span><span data-ccp-props=\"{&quot;134233279&quot;:true,&quot;201341983&quot;:0,&quot;335559739&quot;:160,&quot;335559740&quot;:259}\">\u00a0<\/span><\/li>\n<\/ul>","protected":false},"excerpt":{"rendered":"<p>Beschrijving Lekker snacken\u00a0 Eten moet vooral aantrekkelijk zijn, laag in calorie\u00ebn, makkelijk om mee te nemen en een\u00a0bite\u00a0hebben. Dat is tenminste wat de huidige generatie belangrijk vindt. Onze\u00a0Bruschetta\u00a0Mediterraneo\u00a0voldoet ruimschoots aan al die wensen.\u00a0 Onze mini\u2019s\u00a0Bruschetta\u00a0Mediterraneo\u00a0zijn de ideale toastjes voor elke borrelplank. Besmeer ze met verse Italiaanse pesto, compote of\u00a0tapenade\u00a0en het feest kan beginnen. Naast groene &hellip; <br \/><a href=\"https:\/\/www.godere.nl\/de\/produkt\/bruschette-gusto-mediterraneo\/\" class=\"more-link\">Continue reading <span class=\"screen-reader-text\">Bruschette Gusto Mediterraneo (Bottoli)<\/span><\/a><\/p>","protected":false},"featured_media":4567,"comment_status":"closed","ping_status":"closed","template":"","meta":{"_monsterinsights_skip_tracking":false,"_monsterinsights_sitenote_active":false,"_monsterinsights_sitenote_note":"","_monsterinsights_sitenote_category":0,"_glsr_average":0,"_glsr_ranking":0,"_glsr_reviews":0},"product_brand":[],"product_cat":[196],"product_tag":[209,208,206,207],"class_list":{"0":"post-3941","1":"product","2":"type-product","3":"status-publish","4":"has-post-thumbnail","6":"product_cat-crackers-en-chips","7":"product_tag-bottoli","8":"product_tag-bruschetta","9":"product_tag-crackers","10":"product_tag-toast","12":"first","13":"outofstock","14":"taxable","15":"shipping-taxable","16":"purchasable","17":"product-type-simple"},"yoast_head":"<!-- This site is optimized with the Yoast SEO plugin v27.3 - https:\/\/yoast.com\/product\/yoast-seo-wordpress\/ -->\n<title>Bruschette Gusto Mediterraneo (Bottoli) - Godere | Italiaans genieten!<\/title>\n<meta name=\"robots\" content=\"index, follow, max-snippet:-1, max-image-preview:large, max-video-preview:-1\" \/>\n<link rel=\"canonical\" href=\"https:\/\/www.godere.nl\/de\/produkt\/bruschette-gusto-mediterraneo\/\" \/>\n<meta property=\"og:locale\" content=\"de_DE\" \/>\n<meta property=\"og:type\" content=\"article\" \/>\n<meta property=\"og:title\" content=\"Bruschette Gusto Mediterraneo (Bottoli) - Godere | Italiaans genieten!\" \/>\n<meta property=\"og:description\" content=\"Beschrijving Lekker snacken\u00a0 Eten moet vooral aantrekkelijk zijn, laag in calorie\u00ebn, makkelijk om mee te nemen en een\u00a0bite\u00a0hebben. Dat is tenminste wat de huidige generatie belangrijk vindt. Onze\u00a0Bruschetta\u00a0Mediterraneo\u00a0voldoet ruimschoots aan al die wensen.\u00a0 Onze mini\u2019s\u00a0Bruschetta\u00a0Mediterraneo\u00a0zijn de ideale toastjes voor elke borrelplank. Besmeer ze met verse Italiaanse pesto, compote of\u00a0tapenade\u00a0en het feest kan beginnen. Naast groene &hellip; Continue reading Bruschette Gusto Mediterraneo (Bottoli)\" \/>\n<meta property=\"og:url\" content=\"https:\/\/www.godere.nl\/de\/produkt\/bruschette-gusto-mediterraneo\/\" \/>\n<meta property=\"og:site_name\" content=\"Godere | Italiaans genieten!\" \/>\n<meta property=\"article:publisher\" content=\"https:\/\/www.facebook.com\/godere.nl\" \/>\n<meta property=\"article:modified_time\" content=\"2023-08-17T09:52:35+00:00\" \/>\n<meta property=\"og:image\" content=\"https:\/\/www.godere.nl\/wp-content\/uploads\/2021\/03\/Bruschette-Gusto-Mediterraneo-final.jpg\" \/>\n\t<meta property=\"og:image:width\" content=\"1067\" \/>\n\t<meta property=\"og:image:height\" content=\"1600\" \/>\n\t<meta property=\"og:image:type\" content=\"image\/jpeg\" \/>\n<meta name=\"twitter:card\" content=\"summary_large_image\" \/>\n<meta name=\"twitter:label1\" content=\"Gesch\u00e4tzte Lesezeit\" \/>\n\t<meta name=\"twitter:data1\" content=\"1\u00a0Minute\" \/>\n<script type=\"application\/ld+json\" class=\"yoast-schema-graph\">{\"@context\":\"https:\\\/\\\/schema.org\",\"@graph\":[{\"@type\":\"WebPage\",\"@id\":\"https:\\\/\\\/www.godere.nl\\\/product\\\/bruschette-gusto-mediterraneo\\\/\",\"url\":\"https:\\\/\\\/www.godere.nl\\\/product\\\/bruschette-gusto-mediterraneo\\\/\",\"name\":\"Bruschette Gusto Mediterraneo (Bottoli) - Godere | Italiaans genieten!\",\"isPartOf\":{\"@id\":\"https:\\\/\\\/www.godere.nl\\\/#website\"},\"primaryImageOfPage\":{\"@id\":\"https:\\\/\\\/www.godere.nl\\\/product\\\/bruschette-gusto-mediterraneo\\\/#primaryimage\"},\"image\":{\"@id\":\"https:\\\/\\\/www.godere.nl\\\/product\\\/bruschette-gusto-mediterraneo\\\/#primaryimage\"},\"thumbnailUrl\":\"https:\\\/\\\/www.godere.nl\\\/wp-content\\\/uploads\\\/2021\\\/03\\\/Bruschette-Gusto-Mediterraneo-final.jpg\",\"datePublished\":\"2021-03-04T13:49:38+00:00\",\"dateModified\":\"2023-08-17T09:52:35+00:00\",\"breadcrumb\":{\"@id\":\"https:\\\/\\\/www.godere.nl\\\/product\\\/bruschette-gusto-mediterraneo\\\/#breadcrumb\"},\"inLanguage\":\"de\",\"potentialAction\":[{\"@type\":\"ReadAction\",\"target\":[\"https:\\\/\\\/www.godere.nl\\\/product\\\/bruschette-gusto-mediterraneo\\\/\"]}]},{\"@type\":\"ImageObject\",\"inLanguage\":\"de\",\"@id\":\"https:\\\/\\\/www.godere.nl\\\/product\\\/bruschette-gusto-mediterraneo\\\/#primaryimage\",\"url\":\"https:\\\/\\\/www.godere.nl\\\/wp-content\\\/uploads\\\/2021\\\/03\\\/Bruschette-Gusto-Mediterraneo-final.jpg\",\"contentUrl\":\"https:\\\/\\\/www.godere.nl\\\/wp-content\\\/uploads\\\/2021\\\/03\\\/Bruschette-Gusto-Mediterraneo-final.jpg\",\"width\":1067,\"height\":1600},{\"@type\":\"BreadcrumbList\",\"@id\":\"https:\\\/\\\/www.godere.nl\\\/product\\\/bruschette-gusto-mediterraneo\\\/#breadcrumb\",\"itemListElement\":[{\"@type\":\"ListItem\",\"position\":1,\"name\":\"Home\",\"item\":\"https:\\\/\\\/www.godere.nl\\\/\"},{\"@type\":\"ListItem\",\"position\":2,\"name\":\"Winkel\",\"item\":\"https:\\\/\\\/www.godere.nl\\\/winkel\\\/\"},{\"@type\":\"ListItem\",\"position\":3,\"name\":\"Bruschette Gusto Mediterraneo (Bottoli)\"}]},{\"@type\":\"WebSite\",\"@id\":\"https:\\\/\\\/www.godere.nl\\\/#website\",\"url\":\"https:\\\/\\\/www.godere.nl\\\/\",\"name\":\"Godere | Italiaans genieten!\",\"description\":\"\",\"publisher\":{\"@id\":\"https:\\\/\\\/www.godere.nl\\\/#organization\"},\"potentialAction\":[{\"@type\":\"SearchAction\",\"target\":{\"@type\":\"EntryPoint\",\"urlTemplate\":\"https:\\\/\\\/www.godere.nl\\\/?s={search_term_string}\"},\"query-input\":{\"@type\":\"PropertyValueSpecification\",\"valueRequired\":true,\"valueName\":\"search_term_string\"}}],\"inLanguage\":\"de\"},{\"@type\":\"Organization\",\"@id\":\"https:\\\/\\\/www.godere.nl\\\/#organization\",\"name\":\"Godere\",\"url\":\"https:\\\/\\\/www.godere.nl\\\/\",\"logo\":{\"@type\":\"ImageObject\",\"inLanguage\":\"de\",\"@id\":\"https:\\\/\\\/www.godere.nl\\\/#\\\/schema\\\/logo\\\/image\\\/\",\"url\":\"https:\\\/\\\/www.godere.nl\\\/wp-content\\\/uploads\\\/2022\\\/05\\\/GODERE-Granny-e1651842185822.png\",\"contentUrl\":\"https:\\\/\\\/www.godere.nl\\\/wp-content\\\/uploads\\\/2022\\\/05\\\/GODERE-Granny-e1651842185822.png\",\"width\":936,\"height\":408,\"caption\":\"Godere\"},\"image\":{\"@id\":\"https:\\\/\\\/www.godere.nl\\\/#\\\/schema\\\/logo\\\/image\\\/\"},\"sameAs\":[\"https:\\\/\\\/www.facebook.com\\\/godere.nl\"]}]}<\/script>\n<!-- \/ Yoast SEO plugin. -->","yoast_head_json":{"title":"Bruschette Gusto Mediterraneo (Bottoli) - Godere | Italiaans genieten!","robots":{"index":"index","follow":"follow","max-snippet":"max-snippet:-1","max-image-preview":"max-image-preview:large","max-video-preview":"max-video-preview:-1"},"canonical":"https:\/\/www.godere.nl\/de\/produkt\/bruschette-gusto-mediterraneo\/","og_locale":"de_DE","og_type":"article","og_title":"Bruschette Gusto Mediterraneo (Bottoli) - Godere | Italiaans genieten!","og_description":"Beschrijving Lekker snacken\u00a0 Eten moet vooral aantrekkelijk zijn, laag in calorie\u00ebn, makkelijk om mee te nemen en een\u00a0bite\u00a0hebben. Dat is tenminste wat de huidige generatie belangrijk vindt. Onze\u00a0Bruschetta\u00a0Mediterraneo\u00a0voldoet ruimschoots aan al die wensen.\u00a0 Onze mini\u2019s\u00a0Bruschetta\u00a0Mediterraneo\u00a0zijn de ideale toastjes voor elke borrelplank. Besmeer ze met verse Italiaanse pesto, compote of\u00a0tapenade\u00a0en het feest kan beginnen. Naast groene &hellip; Continue reading Bruschette Gusto Mediterraneo (Bottoli)","og_url":"https:\/\/www.godere.nl\/de\/produkt\/bruschette-gusto-mediterraneo\/","og_site_name":"Godere | Italiaans genieten!","article_publisher":"https:\/\/www.facebook.com\/godere.nl","article_modified_time":"2023-08-17T09:52:35+00:00","og_image":[{"width":1067,"height":1600,"url":"https:\/\/www.godere.nl\/wp-content\/uploads\/2021\/03\/Bruschette-Gusto-Mediterraneo-final.jpg","type":"image\/jpeg"}],"twitter_card":"summary_large_image","twitter_misc":{"Gesch\u00e4tzte Lesezeit":"1\u00a0Minute"},"schema":{"@context":"https:\/\/schema.org","@graph":[{"@type":"WebPage","@id":"https:\/\/www.godere.nl\/product\/bruschette-gusto-mediterraneo\/","url":"https:\/\/www.godere.nl\/product\/bruschette-gusto-mediterraneo\/","name":"Bruschette Gusto Mediterraneo (Bottoli) - Godere | Italiaans genieten!","isPartOf":{"@id":"https:\/\/www.godere.nl\/#website"},"primaryImageOfPage":{"@id":"https:\/\/www.godere.nl\/product\/bruschette-gusto-mediterraneo\/#primaryimage"},"image":{"@id":"https:\/\/www.godere.nl\/product\/bruschette-gusto-mediterraneo\/#primaryimage"},"thumbnailUrl":"https:\/\/www.godere.nl\/wp-content\/uploads\/2021\/03\/Bruschette-Gusto-Mediterraneo-final.jpg","datePublished":"2021-03-04T13:49:38+00:00","dateModified":"2023-08-17T09:52:35+00:00","breadcrumb":{"@id":"https:\/\/www.godere.nl\/product\/bruschette-gusto-mediterraneo\/#breadcrumb"},"inLanguage":"de","potentialAction":[{"@type":"ReadAction","target":["https:\/\/www.godere.nl\/product\/bruschette-gusto-mediterraneo\/"]}]},{"@type":"ImageObject","inLanguage":"de","@id":"https:\/\/www.godere.nl\/product\/bruschette-gusto-mediterraneo\/#primaryimage","url":"https:\/\/www.godere.nl\/wp-content\/uploads\/2021\/03\/Bruschette-Gusto-Mediterraneo-final.jpg","contentUrl":"https:\/\/www.godere.nl\/wp-content\/uploads\/2021\/03\/Bruschette-Gusto-Mediterraneo-final.jpg","width":1067,"height":1600},{"@type":"BreadcrumbList","@id":"https:\/\/www.godere.nl\/product\/bruschette-gusto-mediterraneo\/#breadcrumb","itemListElement":[{"@type":"ListItem","position":1,"name":"Home","item":"https:\/\/www.godere.nl\/"},{"@type":"ListItem","position":2,"name":"Winkel","item":"https:\/\/www.godere.nl\/winkel\/"},{"@type":"ListItem","position":3,"name":"Bruschette Gusto Mediterraneo (Bottoli)"}]},{"@type":"WebSite","@id":"https:\/\/www.godere.nl\/#website","url":"https:\/\/www.godere.nl\/","name":"Godere | Italiaans genieten!","description":"","publisher":{"@id":"https:\/\/www.godere.nl\/#organization"},"potentialAction":[{"@type":"SearchAction","target":{"@type":"EntryPoint","urlTemplate":"https:\/\/www.godere.nl\/?s={search_term_string}"},"query-input":{"@type":"PropertyValueSpecification","valueRequired":true,"valueName":"search_term_string"}}],"inLanguage":"de"},{"@type":"Organization","@id":"https:\/\/www.godere.nl\/#organization","name":"Godere","url":"https:\/\/www.godere.nl\/","logo":{"@type":"ImageObject","inLanguage":"de","@id":"https:\/\/www.godere.nl\/#\/schema\/logo\/image\/","url":"https:\/\/www.godere.nl\/wp-content\/uploads\/2022\/05\/GODERE-Granny-e1651842185822.png","contentUrl":"https:\/\/www.godere.nl\/wp-content\/uploads\/2022\/05\/GODERE-Granny-e1651842185822.png","width":936,"height":408,"caption":"Godere"},"image":{"@id":"https:\/\/www.godere.nl\/#\/schema\/logo\/image\/"},"sameAs":["https:\/\/www.facebook.com\/godere.nl"]}]}},"_links":{"self":[{"href":"https:\/\/www.godere.nl\/de\/wp-json\/wp\/v2\/product\/3941","targetHints":{"allow":["GET"]}}],"collection":[{"href":"https:\/\/www.godere.nl\/de\/wp-json\/wp\/v2\/product"}],"about":[{"href":"https:\/\/www.godere.nl\/de\/wp-json\/wp\/v2\/types\/product"}],"replies":[{"embeddable":true,"href":"https:\/\/www.godere.nl\/de\/wp-json\/wp\/v2\/comments?post=3941"}],"wp:featuredmedia":[{"embeddable":true,"href":"https:\/\/www.godere.nl\/de\/wp-json\/wp\/v2\/media\/4567"}],"wp:attachment":[{"href":"https:\/\/www.godere.nl\/de\/wp-json\/wp\/v2\/media?parent=3941"}],"wp:term":[{"taxonomy":"product_brand","embeddable":true,"href":"https:\/\/www.godere.nl\/de\/wp-json\/wp\/v2\/product_brand?post=3941"},{"taxonomy":"product_cat","embeddable":true,"href":"https:\/\/www.godere.nl\/de\/wp-json\/wp\/v2\/product_cat?post=3941"},{"taxonomy":"product_tag","embeddable":true,"href":"https:\/\/www.godere.nl\/de\/wp-json\/wp\/v2\/product_tag?post=3941"}],"curies":[{"name":"wp","href":"https:\/\/api.w.org\/{rel}","templated":true}]}}