{"id":3944,"date":"2020-06-09T21:13:52","date_gmt":"2020-06-09T19:13:52","guid":{"rendered":"https:\/\/www.godere.nl\/?post_type=product&#038;p=3944"},"modified":"2023-08-21T15:27:47","modified_gmt":"2023-08-21T13:27:47","slug":"spaghetti-500-gram","status":"publish","type":"product","link":"https:\/\/www.godere.nl\/de\/produkt\/spaghetti-500-gram\/","title":{"rendered":"BIO Spaghetti (Granoro)"},"content":{"rendered":"<p class=\"translation-block\">Spaghetti sind untrennbar mit dem sch\u00f6nen Italien verbunden, und das schon seit vielen Jahrhunderten. Sizilianische Bauern waren die ersten, die im 9. Jahrhundert Nudelschn\u00fcre vermarkteten. Und daf\u00fcr sind wir diesen Landwirten immer noch sehr dankbar. Der Weizen f\u00fcr unsere Spaghetti Biologici stammt von lokalen Biobauern aus Apulien.<\/p>\n<p class=\"translation-block\">Die Spaghetti Biologici werden aus reinem, nat\u00fcrlichem Weizengrie\u00df und Quellwasser hergestellt. Sie bleiben nach dem Kochen elastisch und der Geschmack ist genau so, wie man es von guten Spaghetti erwartet: voll und fest.<\/p>\n<p>Bereiten Sie die <strong>Spaghetti Biologici <\/strong>met huisgemaakte pesto, pancetta en Italiaanse kruiden en je kunt genieten van een heerlijk Italiaans spaghettigerecht.<\/p>\n<p><strong>Spaghetti Biologici <\/strong>Bereiten Sie die Spaghetti Biologici mit hausgemachtem Pesto, Pancetta und italienischen Kr\u00e4utern zu und Sie k\u00f6nnen ein k\u00f6stliches italienisches Spaghettigericht genie\u00dfen.\n\nDie Spaghetti Biologici wiegen 500 Gramm<\/p>\n<ul>\n<li>Bio <strong>Spaghetti Biologici<\/strong><\/li>\n<li>Aus 100% italienischem Weizengrie\u00df<\/li>\n<li>Laktosefrei<\/li>\n<li>Leverancier: Granoro<\/li>\n<\/ul>","protected":false},"excerpt":{"rendered":"<p>Spaghetti is onlosmakelijk met het mooie Itali\u00eb verbonden en dat al vele eeuwenlang. Siciliaanse boeren waren in de 9e eeuw de eersten die de pastaslierten op de markt brachten. En wij zijn die boeren daar nog altijd heel dankbaar voor. De tarwe voor onze Spaghetti Biologici komt van de lokale biologische boeren rondom Puglia. Spaghetti &hellip; <br \/><a href=\"https:\/\/www.godere.nl\/de\/produkt\/spaghetti-500-gram\/\" class=\"more-link\">Continue reading <span class=\"screen-reader-text\">BIO Spaghetti (Granoro)<\/span><\/a><\/p>","protected":false},"featured_media":4577,"comment_status":"closed","ping_status":"closed","template":"","meta":{"_monsterinsights_skip_tracking":false,"_monsterinsights_sitenote_active":false,"_monsterinsights_sitenote_note":"","_monsterinsights_sitenote_category":0,"_glsr_average":0,"_glsr_ranking":0,"_glsr_reviews":0},"product_brand":[],"product_cat":[125],"product_tag":[214,213,212],"class_list":{"0":"post-3944","1":"product","2":"type-product","3":"status-publish","4":"has-post-thumbnail","6":"product_cat-pasta-en-rijst","7":"product_tag-bio","8":"product_tag-pasta","9":"product_tag-spaghetti","11":"first","12":"outofstock","13":"taxable","14":"shipping-taxable","15":"purchasable","16":"product-type-simple"},"yoast_head":"<!-- This site is optimized with the Yoast SEO plugin v27.3 - https:\/\/yoast.com\/product\/yoast-seo-wordpress\/ -->\n<title>BIO Spaghetti (Granoro) - Godere | Italiaans genieten!<\/title>\n<meta name=\"robots\" content=\"index, follow, max-snippet:-1, max-image-preview:large, max-video-preview:-1\" \/>\n<link rel=\"canonical\" href=\"https:\/\/www.godere.nl\/de\/produkt\/spaghetti-500-gram\/\" \/>\n<meta property=\"og:locale\" content=\"de_DE\" \/>\n<meta property=\"og:type\" content=\"article\" \/>\n<meta property=\"og:title\" content=\"BIO Spaghetti (Granoro) - Godere | Italiaans genieten!\" \/>\n<meta property=\"og:description\" content=\"Spaghetti is onlosmakelijk met het mooie Itali\u00eb verbonden en dat al vele eeuwenlang. Siciliaanse boeren waren in de 9e eeuw de eersten die de pastaslierten op de markt brachten. En wij zijn die boeren daar nog altijd heel dankbaar voor. De tarwe voor onze Spaghetti Biologici komt van de lokale biologische boeren rondom Puglia. Spaghetti &hellip; Continue reading BIO Spaghetti (Granoro)\" \/>\n<meta property=\"og:url\" content=\"https:\/\/www.godere.nl\/de\/produkt\/spaghetti-500-gram\/\" \/>\n<meta property=\"og:site_name\" content=\"Godere | Italiaans genieten!\" \/>\n<meta property=\"article:publisher\" content=\"https:\/\/www.facebook.com\/godere.nl\" \/>\n<meta property=\"article:modified_time\" content=\"2023-08-21T13:27:47+00:00\" \/>\n<meta property=\"og:image\" content=\"https:\/\/www.godere.nl\/wp-content\/uploads\/2020\/06\/Granoro-Bio-Spaghetti-final.jpg\" \/>\n\t<meta property=\"og:image:width\" content=\"1286\" \/>\n\t<meta property=\"og:image:height\" content=\"1600\" \/>\n\t<meta property=\"og:image:type\" content=\"image\/jpeg\" \/>\n<meta name=\"twitter:card\" content=\"summary_large_image\" \/>\n<meta name=\"twitter:label1\" content=\"Gesch\u00e4tzte Lesezeit\" \/>\n\t<meta name=\"twitter:data1\" content=\"1\u00a0Minute\" \/>\n<script type=\"application\/ld+json\" class=\"yoast-schema-graph\">{\"@context\":\"https:\\\/\\\/schema.org\",\"@graph\":[{\"@type\":\"WebPage\",\"@id\":\"https:\\\/\\\/www.godere.nl\\\/product\\\/spaghetti-500-gram\\\/\",\"url\":\"https:\\\/\\\/www.godere.nl\\\/product\\\/spaghetti-500-gram\\\/\",\"name\":\"BIO Spaghetti (Granoro) - Godere | Italiaans genieten!\",\"isPartOf\":{\"@id\":\"https:\\\/\\\/www.godere.nl\\\/#website\"},\"primaryImageOfPage\":{\"@id\":\"https:\\\/\\\/www.godere.nl\\\/product\\\/spaghetti-500-gram\\\/#primaryimage\"},\"image\":{\"@id\":\"https:\\\/\\\/www.godere.nl\\\/product\\\/spaghetti-500-gram\\\/#primaryimage\"},\"thumbnailUrl\":\"https:\\\/\\\/www.godere.nl\\\/wp-content\\\/uploads\\\/2020\\\/06\\\/Granoro-Bio-Spaghetti-final.jpg\",\"datePublished\":\"2020-06-09T19:13:52+00:00\",\"dateModified\":\"2023-08-21T13:27:47+00:00\",\"breadcrumb\":{\"@id\":\"https:\\\/\\\/www.godere.nl\\\/product\\\/spaghetti-500-gram\\\/#breadcrumb\"},\"inLanguage\":\"de\",\"potentialAction\":[{\"@type\":\"ReadAction\",\"target\":[\"https:\\\/\\\/www.godere.nl\\\/product\\\/spaghetti-500-gram\\\/\"]}]},{\"@type\":\"ImageObject\",\"inLanguage\":\"de\",\"@id\":\"https:\\\/\\\/www.godere.nl\\\/product\\\/spaghetti-500-gram\\\/#primaryimage\",\"url\":\"https:\\\/\\\/www.godere.nl\\\/wp-content\\\/uploads\\\/2020\\\/06\\\/Granoro-Bio-Spaghetti-final.jpg\",\"contentUrl\":\"https:\\\/\\\/www.godere.nl\\\/wp-content\\\/uploads\\\/2020\\\/06\\\/Granoro-Bio-Spaghetti-final.jpg\",\"width\":1286,\"height\":1600},{\"@type\":\"BreadcrumbList\",\"@id\":\"https:\\\/\\\/www.godere.nl\\\/product\\\/spaghetti-500-gram\\\/#breadcrumb\",\"itemListElement\":[{\"@type\":\"ListItem\",\"position\":1,\"name\":\"Home\",\"item\":\"https:\\\/\\\/www.godere.nl\\\/\"},{\"@type\":\"ListItem\",\"position\":2,\"name\":\"Winkel\",\"item\":\"https:\\\/\\\/www.godere.nl\\\/winkel\\\/\"},{\"@type\":\"ListItem\",\"position\":3,\"name\":\"BIO Spaghetti (Granoro)\"}]},{\"@type\":\"WebSite\",\"@id\":\"https:\\\/\\\/www.godere.nl\\\/#website\",\"url\":\"https:\\\/\\\/www.godere.nl\\\/\",\"name\":\"Godere | Italiaans genieten!\",\"description\":\"\",\"publisher\":{\"@id\":\"https:\\\/\\\/www.godere.nl\\\/#organization\"},\"potentialAction\":[{\"@type\":\"SearchAction\",\"target\":{\"@type\":\"EntryPoint\",\"urlTemplate\":\"https:\\\/\\\/www.godere.nl\\\/?s={search_term_string}\"},\"query-input\":{\"@type\":\"PropertyValueSpecification\",\"valueRequired\":true,\"valueName\":\"search_term_string\"}}],\"inLanguage\":\"de\"},{\"@type\":\"Organization\",\"@id\":\"https:\\\/\\\/www.godere.nl\\\/#organization\",\"name\":\"Godere\",\"url\":\"https:\\\/\\\/www.godere.nl\\\/\",\"logo\":{\"@type\":\"ImageObject\",\"inLanguage\":\"de\",\"@id\":\"https:\\\/\\\/www.godere.nl\\\/#\\\/schema\\\/logo\\\/image\\\/\",\"url\":\"https:\\\/\\\/www.godere.nl\\\/wp-content\\\/uploads\\\/2022\\\/05\\\/GODERE-Granny-e1651842185822.png\",\"contentUrl\":\"https:\\\/\\\/www.godere.nl\\\/wp-content\\\/uploads\\\/2022\\\/05\\\/GODERE-Granny-e1651842185822.png\",\"width\":936,\"height\":408,\"caption\":\"Godere\"},\"image\":{\"@id\":\"https:\\\/\\\/www.godere.nl\\\/#\\\/schema\\\/logo\\\/image\\\/\"},\"sameAs\":[\"https:\\\/\\\/www.facebook.com\\\/godere.nl\"]}]}<\/script>\n<!-- \/ Yoast SEO plugin. -->","yoast_head_json":{"title":"BIO Spaghetti (Granoro) - Godere | Italiaans genieten!","robots":{"index":"index","follow":"follow","max-snippet":"max-snippet:-1","max-image-preview":"max-image-preview:large","max-video-preview":"max-video-preview:-1"},"canonical":"https:\/\/www.godere.nl\/de\/produkt\/spaghetti-500-gram\/","og_locale":"de_DE","og_type":"article","og_title":"BIO Spaghetti (Granoro) - Godere | Italiaans genieten!","og_description":"Spaghetti is onlosmakelijk met het mooie Itali\u00eb verbonden en dat al vele eeuwenlang. Siciliaanse boeren waren in de 9e eeuw de eersten die de pastaslierten op de markt brachten. En wij zijn die boeren daar nog altijd heel dankbaar voor. De tarwe voor onze Spaghetti Biologici komt van de lokale biologische boeren rondom Puglia. Spaghetti &hellip; Continue reading BIO Spaghetti (Granoro)","og_url":"https:\/\/www.godere.nl\/de\/produkt\/spaghetti-500-gram\/","og_site_name":"Godere | Italiaans genieten!","article_publisher":"https:\/\/www.facebook.com\/godere.nl","article_modified_time":"2023-08-21T13:27:47+00:00","og_image":[{"width":1286,"height":1600,"url":"https:\/\/www.godere.nl\/wp-content\/uploads\/2020\/06\/Granoro-Bio-Spaghetti-final.jpg","type":"image\/jpeg"}],"twitter_card":"summary_large_image","twitter_misc":{"Gesch\u00e4tzte Lesezeit":"1\u00a0Minute"},"schema":{"@context":"https:\/\/schema.org","@graph":[{"@type":"WebPage","@id":"https:\/\/www.godere.nl\/product\/spaghetti-500-gram\/","url":"https:\/\/www.godere.nl\/product\/spaghetti-500-gram\/","name":"BIO Spaghetti (Granoro) - Godere | Italiaans genieten!","isPartOf":{"@id":"https:\/\/www.godere.nl\/#website"},"primaryImageOfPage":{"@id":"https:\/\/www.godere.nl\/product\/spaghetti-500-gram\/#primaryimage"},"image":{"@id":"https:\/\/www.godere.nl\/product\/spaghetti-500-gram\/#primaryimage"},"thumbnailUrl":"https:\/\/www.godere.nl\/wp-content\/uploads\/2020\/06\/Granoro-Bio-Spaghetti-final.jpg","datePublished":"2020-06-09T19:13:52+00:00","dateModified":"2023-08-21T13:27:47+00:00","breadcrumb":{"@id":"https:\/\/www.godere.nl\/product\/spaghetti-500-gram\/#breadcrumb"},"inLanguage":"de","potentialAction":[{"@type":"ReadAction","target":["https:\/\/www.godere.nl\/product\/spaghetti-500-gram\/"]}]},{"@type":"ImageObject","inLanguage":"de","@id":"https:\/\/www.godere.nl\/product\/spaghetti-500-gram\/#primaryimage","url":"https:\/\/www.godere.nl\/wp-content\/uploads\/2020\/06\/Granoro-Bio-Spaghetti-final.jpg","contentUrl":"https:\/\/www.godere.nl\/wp-content\/uploads\/2020\/06\/Granoro-Bio-Spaghetti-final.jpg","width":1286,"height":1600},{"@type":"BreadcrumbList","@id":"https:\/\/www.godere.nl\/product\/spaghetti-500-gram\/#breadcrumb","itemListElement":[{"@type":"ListItem","position":1,"name":"Home","item":"https:\/\/www.godere.nl\/"},{"@type":"ListItem","position":2,"name":"Winkel","item":"https:\/\/www.godere.nl\/winkel\/"},{"@type":"ListItem","position":3,"name":"BIO Spaghetti (Granoro)"}]},{"@type":"WebSite","@id":"https:\/\/www.godere.nl\/#website","url":"https:\/\/www.godere.nl\/","name":"Godere | Italiaans genieten!","description":"","publisher":{"@id":"https:\/\/www.godere.nl\/#organization"},"potentialAction":[{"@type":"SearchAction","target":{"@type":"EntryPoint","urlTemplate":"https:\/\/www.godere.nl\/?s={search_term_string}"},"query-input":{"@type":"PropertyValueSpecification","valueRequired":true,"valueName":"search_term_string"}}],"inLanguage":"de"},{"@type":"Organization","@id":"https:\/\/www.godere.nl\/#organization","name":"Godere","url":"https:\/\/www.godere.nl\/","logo":{"@type":"ImageObject","inLanguage":"de","@id":"https:\/\/www.godere.nl\/#\/schema\/logo\/image\/","url":"https:\/\/www.godere.nl\/wp-content\/uploads\/2022\/05\/GODERE-Granny-e1651842185822.png","contentUrl":"https:\/\/www.godere.nl\/wp-content\/uploads\/2022\/05\/GODERE-Granny-e1651842185822.png","width":936,"height":408,"caption":"Godere"},"image":{"@id":"https:\/\/www.godere.nl\/#\/schema\/logo\/image\/"},"sameAs":["https:\/\/www.facebook.com\/godere.nl"]}]}},"_links":{"self":[{"href":"https:\/\/www.godere.nl\/de\/wp-json\/wp\/v2\/product\/3944","targetHints":{"allow":["GET"]}}],"collection":[{"href":"https:\/\/www.godere.nl\/de\/wp-json\/wp\/v2\/product"}],"about":[{"href":"https:\/\/www.godere.nl\/de\/wp-json\/wp\/v2\/types\/product"}],"replies":[{"embeddable":true,"href":"https:\/\/www.godere.nl\/de\/wp-json\/wp\/v2\/comments?post=3944"}],"wp:featuredmedia":[{"embeddable":true,"href":"https:\/\/www.godere.nl\/de\/wp-json\/wp\/v2\/media\/4577"}],"wp:attachment":[{"href":"https:\/\/www.godere.nl\/de\/wp-json\/wp\/v2\/media?parent=3944"}],"wp:term":[{"taxonomy":"product_brand","embeddable":true,"href":"https:\/\/www.godere.nl\/de\/wp-json\/wp\/v2\/product_brand?post=3944"},{"taxonomy":"product_cat","embeddable":true,"href":"https:\/\/www.godere.nl\/de\/wp-json\/wp\/v2\/product_cat?post=3944"},{"taxonomy":"product_tag","embeddable":true,"href":"https:\/\/www.godere.nl\/de\/wp-json\/wp\/v2\/product_tag?post=3944"}],"curies":[{"name":"wp","href":"https:\/\/api.w.org\/{rel}","templated":true}]}}