{"id":3952,"date":"2020-06-09T13:43:56","date_gmt":"2020-06-09T11:43:56","guid":{"rendered":"https:\/\/www.godere.nl\/?post_type=product&#038;p=3952"},"modified":"2026-03-28T17:51:53","modified_gmt":"2026-03-28T16:51:53","slug":"passata-di-pomodoro-250-gram","status":"publish","type":"product","link":"https:\/\/www.godere.nl\/de\/produkt\/passata-di-pomodoro-250-gram\/","title":{"rendered":"Passata di pomodoro (Don Antonio)"},"content":{"rendered":"<p class=\"translation-block\">Eine der wichtigsten Zutaten der traditionellen italienischen K\u00fcche ist die Passata di Pomodoro, die Tomatensauce. So manche sonnengereifte italienische Tomate findet ihren Weg in diese k\u00f6stliche Grundsauce.<\/p>\n<p><span data-contrast=\"auto\">Viele italienische Gro\u00dfm\u00fctter machen noch immer einen Vorrat an Tomatensauce f\u00fcr den Winter. Die ganze Familie hilft bei der Zubereitung. Die reifen Tomaten werden gewaschen und in einer gro\u00dfen Waschmaschine verlesen. Von dort aus gelangen sie in die Kochkessel, wo Oma sie sanft blubbert. Der Sohn sch\u00f6pft die Tomaten in Leinent\u00fccher, und die T\u00f6chter dr\u00fccken dann das \u00fcbersch\u00fcssige Wasser aus. Das ganze Tomatenp\u00fcree wird dann gepresst, und die Schwiegertochter f\u00e4ngt den Saft in kleinen Einweckgl\u00e4sern auf. Nichts wird verschwendet, denn die Haut und die Kronen sind k\u00f6stliches Futter f\u00fcr die freilaufenden H\u00fchner.<\/span><span data-ccp-props=\"{&quot;201341983&quot;:0,&quot;335551550&quot;:6,&quot;335551620&quot;:6,&quot;335559739&quot;:160,&quot;335559740&quot;:259}\">\u00a0<\/span><\/p>\n<p class=\"translation-block\">Die reine fertige Tomatensauce Passata di Pomodoro wird aus reifen italienischen Tomaten zubereitet. Verwenden Sie es als Grundlage f\u00fcr Spaghetti oder Lasagne und alle anderen Nudelgerichte. Oder Sie machen daraus eine frische italienische Tomatensuppe.<\/p>\n<p><b><span data-contrast=\"auto\">Passata\u00a0di\u00a0Pomodoro\u00a0<\/span><\/b><span data-contrast=\"auto\">wird in 250-g-Flaschen abgef\u00fcllt.\u00a0<\/span><\/p>\n<ul>\n<li data-leveltext=\"\uf0b7\" data-font=\"Symbol\" data-listid=\"2\" aria-setsize=\"-1\" data-aria-posinset=\"1\" data-aria-level=\"1\"><span data-contrast=\"auto\">Reine italienische Tomatensauce\u00a0\u00a0<\/span><b><span data-contrast=\"auto\">Passata\u00a0di\u00a0Pomodoro<\/span><\/b><span data-ccp-props=\"{&quot;134233279&quot;:true,&quot;201341983&quot;:0,&quot;335551550&quot;:6,&quot;335551620&quot;:6,&quot;335559738&quot;:240,&quot;335559739&quot;:160,&quot;335559740&quot;:259}\">\u00a0<\/span><\/li>\n<li data-leveltext=\"\uf0b7\" data-font=\"Symbol\" data-listid=\"1\" aria-setsize=\"-1\" data-aria-posinset=\"2\" data-aria-level=\"1\"><span data-contrast=\"auto\">Aus frischen Tomaten und Meersalz<\/span><span data-ccp-props=\"{&quot;134233279&quot;:true,&quot;201341983&quot;:0,&quot;335559739&quot;:160,&quot;335559740&quot;:259}\">\u00a0<\/span><\/li>\n<li data-leveltext=\"\uf0b7\" data-font=\"Symbol\" data-listid=\"1\" aria-setsize=\"-1\" data-aria-posinset=\"3\" data-aria-level=\"1\"><span data-contrast=\"auto\">Verpackt in 8 Flaschen zu je 250 g<\/span><span data-ccp-props=\"{&quot;134233279&quot;:true,&quot;201341983&quot;:0,&quot;335559739&quot;:160,&quot;335559740&quot;:259}\">\u00a0<\/span><\/li>\n<li data-leveltext=\"\uf0b7\" data-font=\"Symbol\" data-listid=\"1\" aria-setsize=\"-1\" data-aria-posinset=\"4\" data-aria-level=\"1\"><span data-contrast=\"auto\">Laktose- und glutenfrei<\/span><span data-ccp-props=\"{&quot;134233279&quot;:true,&quot;201341983&quot;:0,&quot;335559739&quot;:160,&quot;335559740&quot;:259}\">\u00a0<\/span><\/li>\n<li data-leveltext=\"\uf0b7\" data-font=\"Symbol\" data-listid=\"1\" aria-setsize=\"-1\" data-aria-posinset=\"4\" data-aria-level=\"1\"><span data-contrast=\"auto\">Leverancier: Don Antonio<\/span><span data-ccp-props=\"{&quot;134233279&quot;:true,&quot;201341983&quot;:0,&quot;335559739&quot;:160,&quot;335559740&quot;:259}\">\u00a0<\/span><\/li>\n<\/ul>","protected":false},"excerpt":{"rendered":"<p>E\u00e9n van de belangrijkste ingredi\u00ebnten van de traditionele Italiaanse keuken is de\u00a0Passata\u00a0di\u00a0Pomodoro; de tomatensaus. Menig zongerijpte Italiaanse tomaat vindt haar weg in die heerlijke basissaus.\u00a0\u00a0 Vele Italiaanse grootmoeders maken nog steeds een voorraad tomatensaus voor de winter. De hele familie helpt mee bij de bereiding. De rijpe tomaten worden in een grote wasteil gewassen en &hellip; <br \/><a href=\"https:\/\/www.godere.nl\/de\/produkt\/passata-di-pomodoro-250-gram\/\" class=\"more-link\">Continue reading <span class=\"screen-reader-text\">Passata di pomodoro (Don Antonio)<\/span><\/a><\/p>","protected":false},"featured_media":4484,"comment_status":"closed","ping_status":"closed","template":"","meta":{"_monsterinsights_skip_tracking":false,"_monsterinsights_sitenote_active":false,"_monsterinsights_sitenote_note":"","_monsterinsights_sitenote_category":0,"_glsr_average":0,"_glsr_ranking":0,"_glsr_reviews":0},"product_brand":[],"product_cat":[137],"product_tag":[227,225,226,224,223,222],"class_list":{"0":"post-3952","1":"product","2":"type-product","3":"status-publish","4":"has-post-thumbnail","6":"product_cat-sauzen-en-soep","7":"product_tag-don-antonio","8":"product_tag-passata","9":"product_tag-pomodori","10":"product_tag-saus","11":"product_tag-tomaten","12":"product_tag-tomatensaus","14":"first","15":"onbackorder","16":"taxable","17":"shipping-taxable","18":"purchasable","19":"product-type-simple"},"yoast_head":"<!-- This site is optimized with the Yoast SEO plugin v27.3 - https:\/\/yoast.com\/product\/yoast-seo-wordpress\/ -->\n<title>Passata di pomodoro (Don Antonio) - Godere | Italiaans genieten!<\/title>\n<meta name=\"robots\" content=\"index, follow, max-snippet:-1, max-image-preview:large, max-video-preview:-1\" \/>\n<link rel=\"canonical\" href=\"https:\/\/www.godere.nl\/de\/produkt\/passata-di-pomodoro-250-gram\/\" \/>\n<meta property=\"og:locale\" content=\"de_DE\" \/>\n<meta property=\"og:type\" content=\"article\" \/>\n<meta property=\"og:title\" content=\"Passata di pomodoro (Don Antonio) - Godere | Italiaans genieten!\" \/>\n<meta property=\"og:description\" content=\"E\u00e9n van de belangrijkste ingredi\u00ebnten van de traditionele Italiaanse keuken is de\u00a0Passata\u00a0di\u00a0Pomodoro; de tomatensaus. Menig zongerijpte Italiaanse tomaat vindt haar weg in die heerlijke basissaus.\u00a0\u00a0 Vele Italiaanse grootmoeders maken nog steeds een voorraad tomatensaus voor de winter. De hele familie helpt mee bij de bereiding. De rijpe tomaten worden in een grote wasteil gewassen en &hellip; Continue reading Passata di pomodoro (Don Antonio)\" \/>\n<meta property=\"og:url\" content=\"https:\/\/www.godere.nl\/de\/produkt\/passata-di-pomodoro-250-gram\/\" \/>\n<meta property=\"og:site_name\" content=\"Godere | Italiaans genieten!\" \/>\n<meta property=\"article:publisher\" content=\"https:\/\/www.facebook.com\/godere.nl\" \/>\n<meta property=\"article:modified_time\" content=\"2026-03-28T16:51:53+00:00\" \/>\n<meta property=\"og:image\" content=\"https:\/\/www.godere.nl\/wp-content\/uploads\/2020\/06\/Passata-di-Pomodoro-go.jpg\" \/>\n\t<meta property=\"og:image:width\" content=\"960\" \/>\n\t<meta property=\"og:image:height\" content=\"1440\" \/>\n\t<meta property=\"og:image:type\" content=\"image\/jpeg\" \/>\n<meta name=\"twitter:card\" content=\"summary_large_image\" \/>\n<meta name=\"twitter:label1\" content=\"Gesch\u00e4tzte Lesezeit\" \/>\n\t<meta name=\"twitter:data1\" content=\"1\u00a0Minute\" \/>\n<script type=\"application\/ld+json\" class=\"yoast-schema-graph\">{\"@context\":\"https:\\\/\\\/schema.org\",\"@graph\":[{\"@type\":\"WebPage\",\"@id\":\"https:\\\/\\\/www.godere.nl\\\/product\\\/passata-di-pomodoro-250-gram\\\/\",\"url\":\"https:\\\/\\\/www.godere.nl\\\/product\\\/passata-di-pomodoro-250-gram\\\/\",\"name\":\"Passata di pomodoro (Don Antonio) - Godere | Italiaans genieten!\",\"isPartOf\":{\"@id\":\"https:\\\/\\\/www.godere.nl\\\/#website\"},\"primaryImageOfPage\":{\"@id\":\"https:\\\/\\\/www.godere.nl\\\/product\\\/passata-di-pomodoro-250-gram\\\/#primaryimage\"},\"image\":{\"@id\":\"https:\\\/\\\/www.godere.nl\\\/product\\\/passata-di-pomodoro-250-gram\\\/#primaryimage\"},\"thumbnailUrl\":\"https:\\\/\\\/www.godere.nl\\\/wp-content\\\/uploads\\\/2020\\\/06\\\/Passata-di-Pomodoro-go.jpg\",\"datePublished\":\"2020-06-09T11:43:56+00:00\",\"dateModified\":\"2026-03-28T16:51:53+00:00\",\"breadcrumb\":{\"@id\":\"https:\\\/\\\/www.godere.nl\\\/product\\\/passata-di-pomodoro-250-gram\\\/#breadcrumb\"},\"inLanguage\":\"de\",\"potentialAction\":[{\"@type\":\"ReadAction\",\"target\":[\"https:\\\/\\\/www.godere.nl\\\/product\\\/passata-di-pomodoro-250-gram\\\/\"]}]},{\"@type\":\"ImageObject\",\"inLanguage\":\"de\",\"@id\":\"https:\\\/\\\/www.godere.nl\\\/product\\\/passata-di-pomodoro-250-gram\\\/#primaryimage\",\"url\":\"https:\\\/\\\/www.godere.nl\\\/wp-content\\\/uploads\\\/2020\\\/06\\\/Passata-di-Pomodoro-go.jpg\",\"contentUrl\":\"https:\\\/\\\/www.godere.nl\\\/wp-content\\\/uploads\\\/2020\\\/06\\\/Passata-di-Pomodoro-go.jpg\",\"width\":960,\"height\":1440},{\"@type\":\"BreadcrumbList\",\"@id\":\"https:\\\/\\\/www.godere.nl\\\/product\\\/passata-di-pomodoro-250-gram\\\/#breadcrumb\",\"itemListElement\":[{\"@type\":\"ListItem\",\"position\":1,\"name\":\"Home\",\"item\":\"https:\\\/\\\/www.godere.nl\\\/\"},{\"@type\":\"ListItem\",\"position\":2,\"name\":\"Winkel\",\"item\":\"https:\\\/\\\/www.godere.nl\\\/winkel\\\/\"},{\"@type\":\"ListItem\",\"position\":3,\"name\":\"Passata di pomodoro (Don Antonio)\"}]},{\"@type\":\"WebSite\",\"@id\":\"https:\\\/\\\/www.godere.nl\\\/#website\",\"url\":\"https:\\\/\\\/www.godere.nl\\\/\",\"name\":\"Godere | Italiaans genieten!\",\"description\":\"\",\"publisher\":{\"@id\":\"https:\\\/\\\/www.godere.nl\\\/#organization\"},\"potentialAction\":[{\"@type\":\"SearchAction\",\"target\":{\"@type\":\"EntryPoint\",\"urlTemplate\":\"https:\\\/\\\/www.godere.nl\\\/?s={search_term_string}\"},\"query-input\":{\"@type\":\"PropertyValueSpecification\",\"valueRequired\":true,\"valueName\":\"search_term_string\"}}],\"inLanguage\":\"de\"},{\"@type\":\"Organization\",\"@id\":\"https:\\\/\\\/www.godere.nl\\\/#organization\",\"name\":\"Godere\",\"url\":\"https:\\\/\\\/www.godere.nl\\\/\",\"logo\":{\"@type\":\"ImageObject\",\"inLanguage\":\"de\",\"@id\":\"https:\\\/\\\/www.godere.nl\\\/#\\\/schema\\\/logo\\\/image\\\/\",\"url\":\"https:\\\/\\\/www.godere.nl\\\/wp-content\\\/uploads\\\/2022\\\/05\\\/GODERE-Granny-e1651842185822.png\",\"contentUrl\":\"https:\\\/\\\/www.godere.nl\\\/wp-content\\\/uploads\\\/2022\\\/05\\\/GODERE-Granny-e1651842185822.png\",\"width\":936,\"height\":408,\"caption\":\"Godere\"},\"image\":{\"@id\":\"https:\\\/\\\/www.godere.nl\\\/#\\\/schema\\\/logo\\\/image\\\/\"},\"sameAs\":[\"https:\\\/\\\/www.facebook.com\\\/godere.nl\"]}]}<\/script>\n<!-- \/ Yoast SEO plugin. -->","yoast_head_json":{"title":"Passata di pomodoro (Don Antonio) - Godere | Italiaans genieten!","robots":{"index":"index","follow":"follow","max-snippet":"max-snippet:-1","max-image-preview":"max-image-preview:large","max-video-preview":"max-video-preview:-1"},"canonical":"https:\/\/www.godere.nl\/de\/produkt\/passata-di-pomodoro-250-gram\/","og_locale":"de_DE","og_type":"article","og_title":"Passata di pomodoro (Don Antonio) - Godere | Italiaans genieten!","og_description":"E\u00e9n van de belangrijkste ingredi\u00ebnten van de traditionele Italiaanse keuken is de\u00a0Passata\u00a0di\u00a0Pomodoro; de tomatensaus. Menig zongerijpte Italiaanse tomaat vindt haar weg in die heerlijke basissaus.\u00a0\u00a0 Vele Italiaanse grootmoeders maken nog steeds een voorraad tomatensaus voor de winter. De hele familie helpt mee bij de bereiding. De rijpe tomaten worden in een grote wasteil gewassen en &hellip; Continue reading Passata di pomodoro (Don Antonio)","og_url":"https:\/\/www.godere.nl\/de\/produkt\/passata-di-pomodoro-250-gram\/","og_site_name":"Godere | Italiaans genieten!","article_publisher":"https:\/\/www.facebook.com\/godere.nl","article_modified_time":"2026-03-28T16:51:53+00:00","og_image":[{"width":960,"height":1440,"url":"https:\/\/www.godere.nl\/wp-content\/uploads\/2020\/06\/Passata-di-Pomodoro-go.jpg","type":"image\/jpeg"}],"twitter_card":"summary_large_image","twitter_misc":{"Gesch\u00e4tzte Lesezeit":"1\u00a0Minute"},"schema":{"@context":"https:\/\/schema.org","@graph":[{"@type":"WebPage","@id":"https:\/\/www.godere.nl\/product\/passata-di-pomodoro-250-gram\/","url":"https:\/\/www.godere.nl\/product\/passata-di-pomodoro-250-gram\/","name":"Passata di pomodoro (Don Antonio) - Godere | Italiaans genieten!","isPartOf":{"@id":"https:\/\/www.godere.nl\/#website"},"primaryImageOfPage":{"@id":"https:\/\/www.godere.nl\/product\/passata-di-pomodoro-250-gram\/#primaryimage"},"image":{"@id":"https:\/\/www.godere.nl\/product\/passata-di-pomodoro-250-gram\/#primaryimage"},"thumbnailUrl":"https:\/\/www.godere.nl\/wp-content\/uploads\/2020\/06\/Passata-di-Pomodoro-go.jpg","datePublished":"2020-06-09T11:43:56+00:00","dateModified":"2026-03-28T16:51:53+00:00","breadcrumb":{"@id":"https:\/\/www.godere.nl\/product\/passata-di-pomodoro-250-gram\/#breadcrumb"},"inLanguage":"de","potentialAction":[{"@type":"ReadAction","target":["https:\/\/www.godere.nl\/product\/passata-di-pomodoro-250-gram\/"]}]},{"@type":"ImageObject","inLanguage":"de","@id":"https:\/\/www.godere.nl\/product\/passata-di-pomodoro-250-gram\/#primaryimage","url":"https:\/\/www.godere.nl\/wp-content\/uploads\/2020\/06\/Passata-di-Pomodoro-go.jpg","contentUrl":"https:\/\/www.godere.nl\/wp-content\/uploads\/2020\/06\/Passata-di-Pomodoro-go.jpg","width":960,"height":1440},{"@type":"BreadcrumbList","@id":"https:\/\/www.godere.nl\/product\/passata-di-pomodoro-250-gram\/#breadcrumb","itemListElement":[{"@type":"ListItem","position":1,"name":"Home","item":"https:\/\/www.godere.nl\/"},{"@type":"ListItem","position":2,"name":"Winkel","item":"https:\/\/www.godere.nl\/winkel\/"},{"@type":"ListItem","position":3,"name":"Passata di pomodoro (Don Antonio)"}]},{"@type":"WebSite","@id":"https:\/\/www.godere.nl\/#website","url":"https:\/\/www.godere.nl\/","name":"Godere | Italiaans genieten!","description":"","publisher":{"@id":"https:\/\/www.godere.nl\/#organization"},"potentialAction":[{"@type":"SearchAction","target":{"@type":"EntryPoint","urlTemplate":"https:\/\/www.godere.nl\/?s={search_term_string}"},"query-input":{"@type":"PropertyValueSpecification","valueRequired":true,"valueName":"search_term_string"}}],"inLanguage":"de"},{"@type":"Organization","@id":"https:\/\/www.godere.nl\/#organization","name":"Godere","url":"https:\/\/www.godere.nl\/","logo":{"@type":"ImageObject","inLanguage":"de","@id":"https:\/\/www.godere.nl\/#\/schema\/logo\/image\/","url":"https:\/\/www.godere.nl\/wp-content\/uploads\/2022\/05\/GODERE-Granny-e1651842185822.png","contentUrl":"https:\/\/www.godere.nl\/wp-content\/uploads\/2022\/05\/GODERE-Granny-e1651842185822.png","width":936,"height":408,"caption":"Godere"},"image":{"@id":"https:\/\/www.godere.nl\/#\/schema\/logo\/image\/"},"sameAs":["https:\/\/www.facebook.com\/godere.nl"]}]}},"_links":{"self":[{"href":"https:\/\/www.godere.nl\/de\/wp-json\/wp\/v2\/product\/3952","targetHints":{"allow":["GET"]}}],"collection":[{"href":"https:\/\/www.godere.nl\/de\/wp-json\/wp\/v2\/product"}],"about":[{"href":"https:\/\/www.godere.nl\/de\/wp-json\/wp\/v2\/types\/product"}],"replies":[{"embeddable":true,"href":"https:\/\/www.godere.nl\/de\/wp-json\/wp\/v2\/comments?post=3952"}],"wp:featuredmedia":[{"embeddable":true,"href":"https:\/\/www.godere.nl\/de\/wp-json\/wp\/v2\/media\/4484"}],"wp:attachment":[{"href":"https:\/\/www.godere.nl\/de\/wp-json\/wp\/v2\/media?parent=3952"}],"wp:term":[{"taxonomy":"product_brand","embeddable":true,"href":"https:\/\/www.godere.nl\/de\/wp-json\/wp\/v2\/product_brand?post=3952"},{"taxonomy":"product_cat","embeddable":true,"href":"https:\/\/www.godere.nl\/de\/wp-json\/wp\/v2\/product_cat?post=3952"},{"taxonomy":"product_tag","embeddable":true,"href":"https:\/\/www.godere.nl\/de\/wp-json\/wp\/v2\/product_tag?post=3952"}],"curies":[{"name":"wp","href":"https:\/\/api.w.org\/{rel}","templated":true}]}}