{"id":3955,"date":"2020-06-09T13:57:53","date_gmt":"2020-06-09T11:57:53","guid":{"rendered":"https:\/\/www.godere.nl\/?post_type=product&#038;p=3955"},"modified":"2023-08-21T14:47:59","modified_gmt":"2023-08-21T12:47:59","slug":"sugo-di-pomodorini-330-gram","status":"publish","type":"product","link":"https:\/\/www.godere.nl\/de\/produkt\/sugo-di-pomodorini-330-gram\/","title":{"rendered":"Sugo di Pomodorini (Antiche Passioni)"},"content":{"rendered":"<div class=\"_-of\">\n<p><span data-contrast=\"auto\">K\u00f6stlich und rein<\/span><span data-ccp-props=\"{&quot;201341983&quot;:0,&quot;335551550&quot;:6,&quot;335551620&quot;:6,&quot;335559739&quot;:160,&quot;335559740&quot;:259}\">\u00a0<\/span><\/p>\n<p><span data-contrast=\"auto\">Die Tomatensalsa\u00a0<\/span><b><span data-contrast=\"auto\">Salsa\u00a0Pronta\u00a0di\u00a0Pomodorini<\/span><\/b><span data-contrast=\"auto\">\u00a0wird aus reinen sizilianischen S\u00fc\u00dfkirschtomaten zubereitet.<\/span><span data-ccp-props=\"{&quot;201341983&quot;:0,&quot;335551550&quot;:6,&quot;335551620&quot;:6,&quot;335559739&quot;:160,&quot;335559740&quot;:259}\">\u00a0<\/span><\/p>\n<p class=\"translation-block\">Salsa Pronta di Pomodorini ist eine fertige Tomatensalsa, angereichert mit einer Mischung aus pikanten Zwiebeln und Sellerie sowie s\u00fc\u00dfen Karotten und Paprika. Verwenden Sie sie als Grundlage f\u00fcr Ihre Nudelgerichte oder servieren Sie die Salsa als milden Dip auf der Getr\u00e4nkekarte.<\/p>\n<p><b><span data-contrast=\"auto\">Salsa\u00a0Pronta\u00a0di\u00a0Pomodorini\u00a0<\/span><\/b><span data-contrast=\"auto\">wird in Flaschen mit Kronkorken zu 330 g abgef\u00fcllt. \u00a0 \u00a0 \u00a0 \u00a0 \u00a0\u00a0<\/span><span data-ccp-props=\"{&quot;201341983&quot;:0,&quot;335551550&quot;:6,&quot;335551620&quot;:6,&quot;335559739&quot;:160,&quot;335559740&quot;:259}\">\u00a0<\/span><\/p>\n<ul>\n<li data-leveltext=\"\uf0b7\" data-font=\"Symbol\" data-listid=\"3\" aria-setsize=\"-1\" data-aria-posinset=\"1\" data-aria-level=\"1\"><span data-contrast=\"auto\">Reine fertige italienische Tomatensalsa\u00a0<\/span><b><span data-contrast=\"auto\">Salsa\u00a0Pronta\u00a0di\u00a0Pomodorini<\/span><\/b><span data-ccp-props=\"{&quot;134233279&quot;:true,&quot;201341983&quot;:0,&quot;335551550&quot;:6,&quot;335551620&quot;:6,&quot;335559739&quot;:160,&quot;335559740&quot;:259}\">\u00a0<\/span><\/li>\n<li data-leveltext=\"\uf0b7\" data-font=\"Symbol\" data-listid=\"2\" aria-setsize=\"-1\" data-aria-posinset=\"2\" data-aria-level=\"1\"><span data-contrast=\"auto\">Aus 87% sizilianischen S\u00fc\u00dfkirschtomaten, nativem Oliven\u00f6l extra, Zwiebeln, Karotten, Sellerie, Paprika, Zitronens\u00e4ure und Meersalz<\/span><span data-ccp-props=\"{&quot;134233279&quot;:true,&quot;201341983&quot;:0,&quot;335551550&quot;:6,&quot;335551620&quot;:6,&quot;335559738&quot;:240,&quot;335559739&quot;:160,&quot;335559740&quot;:259}\">\u00a0<\/span><\/li>\n<li data-leveltext=\"\uf0b7\" data-font=\"Symbol\" data-listid=\"1\" aria-setsize=\"-1\" data-aria-posinset=\"3\" data-aria-level=\"1\"><span data-contrast=\"auto\">Verpackt in 12 Flaschen zu je 330 g<\/span><span data-ccp-props=\"{&quot;134233279&quot;:true,&quot;201341983&quot;:0,&quot;335559739&quot;:160,&quot;335559740&quot;:259}\">\u00a0<\/span><\/li>\n<li data-leveltext=\"\uf0b7\" data-font=\"Symbol\" data-listid=\"1\" aria-setsize=\"-1\" data-aria-posinset=\"4\" data-aria-level=\"1\"><span data-contrast=\"auto\">Laktose- und glutenfrei<\/span><span data-ccp-props=\"{&quot;134233279&quot;:true,&quot;201341983&quot;:0,&quot;335559739&quot;:160,&quot;335559740&quot;:259}\">\u00a0<\/span><\/li>\n<li data-leveltext=\"\uf0b7\" data-font=\"Symbol\" data-listid=\"1\" aria-setsize=\"-1\" data-aria-posinset=\"5\" data-aria-level=\"1\"><span data-contrast=\"auto\">Leverancier:\u00a0Antiche\u00a0Passioni<\/span><span data-ccp-props=\"{&quot;134233279&quot;:true,&quot;201341983&quot;:0,&quot;335559739&quot;:160,&quot;335559740&quot;:259}\">\u00a0<\/span><\/li>\n<\/ul>\n<\/div>\n<div class=\"pspo-fade\"><\/div>","protected":false},"excerpt":{"rendered":"<p>Heerlijk en puur\u00a0 De tomatensalsa\u00a0Salsa\u00a0Pronta\u00a0di\u00a0Pomodorini\u00a0is bereid van pure Siciliaanse zoete cherrytomaten.\u00a0 Salsa\u00a0Pronta\u00a0di\u00a0Pomodorini\u00a0is een\u00a0kant-en-klare\u00a0tomatensalsa\u00a0die verrijkt is met\u00a0een mix van\u00a0hartige ui\u00a0en\u00a0selderij en zoete wortel en paprika.\u00a0Gebruik hem als basis voor je pastagerechten of serveer de salsa als milde dipsaus op de borrelplank.\u00a0\u00a0 Salsa\u00a0Pronta\u00a0di\u00a0Pomodorini\u00a0is\u00a0gebotteld in flesjes met kroondop\u00a0van 330 gram. \u00a0 \u00a0 \u00a0 \u00a0 \u00a0\u00a0\u00a0 Pure kant-en-klare Italiaanse &hellip; <br \/><a href=\"https:\/\/www.godere.nl\/de\/produkt\/sugo-di-pomodorini-330-gram\/\" class=\"more-link\">Continue reading <span class=\"screen-reader-text\">Sugo di Pomodorini (Antiche Passioni)<\/span><\/a><\/p>","protected":false},"featured_media":4485,"comment_status":"closed","ping_status":"closed","template":"","meta":{"_monsterinsights_skip_tracking":false,"_monsterinsights_sitenote_active":false,"_monsterinsights_sitenote_note":"","_monsterinsights_sitenote_category":0,"_glsr_average":0,"_glsr_ranking":0,"_glsr_reviews":0},"product_brand":[],"product_cat":[137],"product_tag":[231,229,224,228,230],"class_list":{"0":"post-3955","1":"product","2":"type-product","3":"status-publish","4":"has-post-thumbnail","6":"product_cat-sauzen-en-soep","7":"product_tag-antiche-passioni","8":"product_tag-pomodorini","9":"product_tag-saus","10":"product_tag-sugo","11":"product_tag-tomaat","13":"first","14":"outofstock","15":"taxable","16":"shipping-taxable","17":"purchasable","18":"product-type-simple"},"yoast_head":"<!-- This site is optimized with the Yoast SEO plugin v27.3 - https:\/\/yoast.com\/product\/yoast-seo-wordpress\/ -->\n<title>Sugo di Pomodorini (Antiche Passioni) - Godere | Italiaans genieten!<\/title>\n<meta name=\"robots\" content=\"index, follow, max-snippet:-1, max-image-preview:large, max-video-preview:-1\" \/>\n<link rel=\"canonical\" href=\"https:\/\/www.godere.nl\/de\/produkt\/sugo-di-pomodorini-330-gram\/\" \/>\n<meta property=\"og:locale\" content=\"de_DE\" \/>\n<meta property=\"og:type\" content=\"article\" \/>\n<meta property=\"og:title\" content=\"Sugo di Pomodorini (Antiche Passioni) - Godere | Italiaans genieten!\" \/>\n<meta property=\"og:description\" content=\"Heerlijk en puur\u00a0 De tomatensalsa\u00a0Salsa\u00a0Pronta\u00a0di\u00a0Pomodorini\u00a0is bereid van pure Siciliaanse zoete cherrytomaten.\u00a0 Salsa\u00a0Pronta\u00a0di\u00a0Pomodorini\u00a0is een\u00a0kant-en-klare\u00a0tomatensalsa\u00a0die verrijkt is met\u00a0een mix van\u00a0hartige ui\u00a0en\u00a0selderij en zoete wortel en paprika.\u00a0Gebruik hem als basis voor je pastagerechten of serveer de salsa als milde dipsaus op de borrelplank.\u00a0\u00a0 Salsa\u00a0Pronta\u00a0di\u00a0Pomodorini\u00a0is\u00a0gebotteld in flesjes met kroondop\u00a0van 330 gram. \u00a0 \u00a0 \u00a0 \u00a0 \u00a0\u00a0\u00a0 Pure kant-en-klare Italiaanse &hellip; Continue reading Sugo di Pomodorini (Antiche Passioni)\" \/>\n<meta property=\"og:url\" content=\"https:\/\/www.godere.nl\/de\/produkt\/sugo-di-pomodorini-330-gram\/\" \/>\n<meta property=\"og:site_name\" content=\"Godere | Italiaans genieten!\" \/>\n<meta property=\"article:publisher\" content=\"https:\/\/www.facebook.com\/godere.nl\" \/>\n<meta property=\"article:modified_time\" content=\"2023-08-21T12:47:59+00:00\" \/>\n<meta property=\"og:image\" content=\"https:\/\/www.godere.nl\/wp-content\/uploads\/2020\/06\/Sugo-di-Pomodorini-go.jpg\" \/>\n\t<meta property=\"og:image:width\" content=\"960\" \/>\n\t<meta property=\"og:image:height\" content=\"1440\" \/>\n\t<meta property=\"og:image:type\" content=\"image\/jpeg\" \/>\n<meta name=\"twitter:card\" content=\"summary_large_image\" \/>\n<meta name=\"twitter:label1\" content=\"Gesch\u00e4tzte Lesezeit\" \/>\n\t<meta name=\"twitter:data1\" content=\"1\u00a0Minute\" \/>\n<script type=\"application\/ld+json\" class=\"yoast-schema-graph\">{\"@context\":\"https:\\\/\\\/schema.org\",\"@graph\":[{\"@type\":\"WebPage\",\"@id\":\"https:\\\/\\\/www.godere.nl\\\/product\\\/sugo-di-pomodorini-330-gram\\\/\",\"url\":\"https:\\\/\\\/www.godere.nl\\\/product\\\/sugo-di-pomodorini-330-gram\\\/\",\"name\":\"Sugo di Pomodorini (Antiche Passioni) - Godere | Italiaans genieten!\",\"isPartOf\":{\"@id\":\"https:\\\/\\\/www.godere.nl\\\/#website\"},\"primaryImageOfPage\":{\"@id\":\"https:\\\/\\\/www.godere.nl\\\/product\\\/sugo-di-pomodorini-330-gram\\\/#primaryimage\"},\"image\":{\"@id\":\"https:\\\/\\\/www.godere.nl\\\/product\\\/sugo-di-pomodorini-330-gram\\\/#primaryimage\"},\"thumbnailUrl\":\"https:\\\/\\\/www.godere.nl\\\/wp-content\\\/uploads\\\/2020\\\/06\\\/Sugo-di-Pomodorini-go.jpg\",\"datePublished\":\"2020-06-09T11:57:53+00:00\",\"dateModified\":\"2023-08-21T12:47:59+00:00\",\"breadcrumb\":{\"@id\":\"https:\\\/\\\/www.godere.nl\\\/product\\\/sugo-di-pomodorini-330-gram\\\/#breadcrumb\"},\"inLanguage\":\"de\",\"potentialAction\":[{\"@type\":\"ReadAction\",\"target\":[\"https:\\\/\\\/www.godere.nl\\\/product\\\/sugo-di-pomodorini-330-gram\\\/\"]}]},{\"@type\":\"ImageObject\",\"inLanguage\":\"de\",\"@id\":\"https:\\\/\\\/www.godere.nl\\\/product\\\/sugo-di-pomodorini-330-gram\\\/#primaryimage\",\"url\":\"https:\\\/\\\/www.godere.nl\\\/wp-content\\\/uploads\\\/2020\\\/06\\\/Sugo-di-Pomodorini-go.jpg\",\"contentUrl\":\"https:\\\/\\\/www.godere.nl\\\/wp-content\\\/uploads\\\/2020\\\/06\\\/Sugo-di-Pomodorini-go.jpg\",\"width\":960,\"height\":1440},{\"@type\":\"BreadcrumbList\",\"@id\":\"https:\\\/\\\/www.godere.nl\\\/product\\\/sugo-di-pomodorini-330-gram\\\/#breadcrumb\",\"itemListElement\":[{\"@type\":\"ListItem\",\"position\":1,\"name\":\"Home\",\"item\":\"https:\\\/\\\/www.godere.nl\\\/\"},{\"@type\":\"ListItem\",\"position\":2,\"name\":\"Winkel\",\"item\":\"https:\\\/\\\/www.godere.nl\\\/winkel\\\/\"},{\"@type\":\"ListItem\",\"position\":3,\"name\":\"Sugo di Pomodorini (Antiche Passioni)\"}]},{\"@type\":\"WebSite\",\"@id\":\"https:\\\/\\\/www.godere.nl\\\/#website\",\"url\":\"https:\\\/\\\/www.godere.nl\\\/\",\"name\":\"Godere | Italiaans genieten!\",\"description\":\"\",\"publisher\":{\"@id\":\"https:\\\/\\\/www.godere.nl\\\/#organization\"},\"potentialAction\":[{\"@type\":\"SearchAction\",\"target\":{\"@type\":\"EntryPoint\",\"urlTemplate\":\"https:\\\/\\\/www.godere.nl\\\/?s={search_term_string}\"},\"query-input\":{\"@type\":\"PropertyValueSpecification\",\"valueRequired\":true,\"valueName\":\"search_term_string\"}}],\"inLanguage\":\"de\"},{\"@type\":\"Organization\",\"@id\":\"https:\\\/\\\/www.godere.nl\\\/#organization\",\"name\":\"Godere\",\"url\":\"https:\\\/\\\/www.godere.nl\\\/\",\"logo\":{\"@type\":\"ImageObject\",\"inLanguage\":\"de\",\"@id\":\"https:\\\/\\\/www.godere.nl\\\/#\\\/schema\\\/logo\\\/image\\\/\",\"url\":\"https:\\\/\\\/www.godere.nl\\\/wp-content\\\/uploads\\\/2022\\\/05\\\/GODERE-Granny-e1651842185822.png\",\"contentUrl\":\"https:\\\/\\\/www.godere.nl\\\/wp-content\\\/uploads\\\/2022\\\/05\\\/GODERE-Granny-e1651842185822.png\",\"width\":936,\"height\":408,\"caption\":\"Godere\"},\"image\":{\"@id\":\"https:\\\/\\\/www.godere.nl\\\/#\\\/schema\\\/logo\\\/image\\\/\"},\"sameAs\":[\"https:\\\/\\\/www.facebook.com\\\/godere.nl\"]}]}<\/script>\n<!-- \/ Yoast SEO plugin. -->","yoast_head_json":{"title":"Sugo di Pomodorini (Antiche Passioni) - Godere | Italiaans genieten!","robots":{"index":"index","follow":"follow","max-snippet":"max-snippet:-1","max-image-preview":"max-image-preview:large","max-video-preview":"max-video-preview:-1"},"canonical":"https:\/\/www.godere.nl\/de\/produkt\/sugo-di-pomodorini-330-gram\/","og_locale":"de_DE","og_type":"article","og_title":"Sugo di Pomodorini (Antiche Passioni) - Godere | Italiaans genieten!","og_description":"Heerlijk en puur\u00a0 De tomatensalsa\u00a0Salsa\u00a0Pronta\u00a0di\u00a0Pomodorini\u00a0is bereid van pure Siciliaanse zoete cherrytomaten.\u00a0 Salsa\u00a0Pronta\u00a0di\u00a0Pomodorini\u00a0is een\u00a0kant-en-klare\u00a0tomatensalsa\u00a0die verrijkt is met\u00a0een mix van\u00a0hartige ui\u00a0en\u00a0selderij en zoete wortel en paprika.\u00a0Gebruik hem als basis voor je pastagerechten of serveer de salsa als milde dipsaus op de borrelplank.\u00a0\u00a0 Salsa\u00a0Pronta\u00a0di\u00a0Pomodorini\u00a0is\u00a0gebotteld in flesjes met kroondop\u00a0van 330 gram. \u00a0 \u00a0 \u00a0 \u00a0 \u00a0\u00a0\u00a0 Pure kant-en-klare Italiaanse &hellip; Continue reading Sugo di Pomodorini (Antiche Passioni)","og_url":"https:\/\/www.godere.nl\/de\/produkt\/sugo-di-pomodorini-330-gram\/","og_site_name":"Godere | Italiaans genieten!","article_publisher":"https:\/\/www.facebook.com\/godere.nl","article_modified_time":"2023-08-21T12:47:59+00:00","og_image":[{"width":960,"height":1440,"url":"https:\/\/www.godere.nl\/wp-content\/uploads\/2020\/06\/Sugo-di-Pomodorini-go.jpg","type":"image\/jpeg"}],"twitter_card":"summary_large_image","twitter_misc":{"Gesch\u00e4tzte Lesezeit":"1\u00a0Minute"},"schema":{"@context":"https:\/\/schema.org","@graph":[{"@type":"WebPage","@id":"https:\/\/www.godere.nl\/product\/sugo-di-pomodorini-330-gram\/","url":"https:\/\/www.godere.nl\/product\/sugo-di-pomodorini-330-gram\/","name":"Sugo di Pomodorini (Antiche Passioni) - Godere | Italiaans genieten!","isPartOf":{"@id":"https:\/\/www.godere.nl\/#website"},"primaryImageOfPage":{"@id":"https:\/\/www.godere.nl\/product\/sugo-di-pomodorini-330-gram\/#primaryimage"},"image":{"@id":"https:\/\/www.godere.nl\/product\/sugo-di-pomodorini-330-gram\/#primaryimage"},"thumbnailUrl":"https:\/\/www.godere.nl\/wp-content\/uploads\/2020\/06\/Sugo-di-Pomodorini-go.jpg","datePublished":"2020-06-09T11:57:53+00:00","dateModified":"2023-08-21T12:47:59+00:00","breadcrumb":{"@id":"https:\/\/www.godere.nl\/product\/sugo-di-pomodorini-330-gram\/#breadcrumb"},"inLanguage":"de","potentialAction":[{"@type":"ReadAction","target":["https:\/\/www.godere.nl\/product\/sugo-di-pomodorini-330-gram\/"]}]},{"@type":"ImageObject","inLanguage":"de","@id":"https:\/\/www.godere.nl\/product\/sugo-di-pomodorini-330-gram\/#primaryimage","url":"https:\/\/www.godere.nl\/wp-content\/uploads\/2020\/06\/Sugo-di-Pomodorini-go.jpg","contentUrl":"https:\/\/www.godere.nl\/wp-content\/uploads\/2020\/06\/Sugo-di-Pomodorini-go.jpg","width":960,"height":1440},{"@type":"BreadcrumbList","@id":"https:\/\/www.godere.nl\/product\/sugo-di-pomodorini-330-gram\/#breadcrumb","itemListElement":[{"@type":"ListItem","position":1,"name":"Home","item":"https:\/\/www.godere.nl\/"},{"@type":"ListItem","position":2,"name":"Winkel","item":"https:\/\/www.godere.nl\/winkel\/"},{"@type":"ListItem","position":3,"name":"Sugo di Pomodorini (Antiche Passioni)"}]},{"@type":"WebSite","@id":"https:\/\/www.godere.nl\/#website","url":"https:\/\/www.godere.nl\/","name":"Godere | Italiaans genieten!","description":"","publisher":{"@id":"https:\/\/www.godere.nl\/#organization"},"potentialAction":[{"@type":"SearchAction","target":{"@type":"EntryPoint","urlTemplate":"https:\/\/www.godere.nl\/?s={search_term_string}"},"query-input":{"@type":"PropertyValueSpecification","valueRequired":true,"valueName":"search_term_string"}}],"inLanguage":"de"},{"@type":"Organization","@id":"https:\/\/www.godere.nl\/#organization","name":"Godere","url":"https:\/\/www.godere.nl\/","logo":{"@type":"ImageObject","inLanguage":"de","@id":"https:\/\/www.godere.nl\/#\/schema\/logo\/image\/","url":"https:\/\/www.godere.nl\/wp-content\/uploads\/2022\/05\/GODERE-Granny-e1651842185822.png","contentUrl":"https:\/\/www.godere.nl\/wp-content\/uploads\/2022\/05\/GODERE-Granny-e1651842185822.png","width":936,"height":408,"caption":"Godere"},"image":{"@id":"https:\/\/www.godere.nl\/#\/schema\/logo\/image\/"},"sameAs":["https:\/\/www.facebook.com\/godere.nl"]}]}},"_links":{"self":[{"href":"https:\/\/www.godere.nl\/de\/wp-json\/wp\/v2\/product\/3955","targetHints":{"allow":["GET"]}}],"collection":[{"href":"https:\/\/www.godere.nl\/de\/wp-json\/wp\/v2\/product"}],"about":[{"href":"https:\/\/www.godere.nl\/de\/wp-json\/wp\/v2\/types\/product"}],"replies":[{"embeddable":true,"href":"https:\/\/www.godere.nl\/de\/wp-json\/wp\/v2\/comments?post=3955"}],"wp:featuredmedia":[{"embeddable":true,"href":"https:\/\/www.godere.nl\/de\/wp-json\/wp\/v2\/media\/4485"}],"wp:attachment":[{"href":"https:\/\/www.godere.nl\/de\/wp-json\/wp\/v2\/media?parent=3955"}],"wp:term":[{"taxonomy":"product_brand","embeddable":true,"href":"https:\/\/www.godere.nl\/de\/wp-json\/wp\/v2\/product_brand?post=3955"},{"taxonomy":"product_cat","embeddable":true,"href":"https:\/\/www.godere.nl\/de\/wp-json\/wp\/v2\/product_cat?post=3955"},{"taxonomy":"product_tag","embeddable":true,"href":"https:\/\/www.godere.nl\/de\/wp-json\/wp\/v2\/product_tag?post=3955"}],"curies":[{"name":"wp","href":"https:\/\/api.w.org\/{rel}","templated":true}]}}