{"id":3959,"date":"2020-06-09T15:30:06","date_gmt":"2020-06-09T13:30:06","guid":{"rendered":"https:\/\/www.godere.nl\/?post_type=product&#038;p=3959"},"modified":"2024-01-19T18:37:30","modified_gmt":"2024-01-19T17:37:30","slug":"nosiola-trentino-1339-fles","status":"publish","type":"product","link":"https:\/\/www.godere.nl\/de\/produkt\/nosiola-trentino-1339-fles\/","title":{"rendered":"1339 Chardonnay Trentino"},"content":{"rendered":"<p><span class=\"Y2IQFc\" lang=\"nl\">Der Name stammt von einem K\u00fcstenort in Burgund, wo diese Traube geboren wurde. Diese Rebsorte wurde lange Zeit mit dem Pinot Bianco verwechselt. Die Trauben werden entrappt und in eine pneumatische Presse gegeben, wo sie leicht gepresst werden. Der Saft wird dann gekl\u00e4rt und unter kontrollierten Bedingungen bei 17 - 19\u00baC in Edelstahltanks vergoren. Der Wein reift mehrere Monate auf der Feinhefe, gewinnt an Komplexit\u00e4t und wird f\u00fcr die Abf\u00fcllung vorbereitet. Strohgelbe Farbe, fruchtig mit Apfelnoten in der Nase. Am Gaumen ist er fein, elegant, anhaltend und gut strukturiert. Fisch, herzhafte Vorspeisen und wei\u00dfes Fleisch.<\/span><\/p>\n<p>Alc. 13% vol.<\/p>","protected":false},"excerpt":{"rendered":"<p>De naam komt van een badplaats in de Bourgogne waar deze druif is geboren. Deze druivensoort wordt al lang verward met Pinot Bianco. De druiven worden ontsteeld en in een pneumatische pers geplaatst waar ze licht worden geperst. Het sap wordt vervolgens geklaard en gefermenteerd onder gecontroleerde omstandigheden bij 17 &#8211; 19\u00baC in roestvrijstalen tanks. &hellip; <br \/><a href=\"https:\/\/www.godere.nl\/de\/produkt\/nosiola-trentino-1339-fles\/\" class=\"more-link\">Continue reading <span class=\"screen-reader-text\">1339 Chardonnay Trentino<\/span><\/a><\/p>","protected":false},"featured_media":4587,"comment_status":"closed","ping_status":"closed","template":"","meta":{"_monsterinsights_skip_tracking":false,"_monsterinsights_sitenote_active":false,"_monsterinsights_sitenote_note":"","_monsterinsights_sitenote_category":0,"_glsr_average":0,"_glsr_ranking":0,"_glsr_reviews":0},"product_brand":[],"product_cat":[193],"product_tag":[241,90,238,240,239],"class_list":{"0":"post-3959","1":"product","2":"type-product","3":"status-publish","4":"has-post-thumbnail","6":"product_cat-wijnen-en-bieren","7":"product_tag-241","8":"product_tag-italiaans","9":"product_tag-trentino","10":"product_tag-wijn","11":"product_tag-witte-wijn","13":"first","14":"outofstock","15":"taxable","16":"shipping-taxable","17":"purchasable","18":"product-type-simple"},"yoast_head":"<!-- This site is optimized with the Yoast SEO plugin v27.3 - https:\/\/yoast.com\/product\/yoast-seo-wordpress\/ -->\n<title>1339 Chardonnay Trentino - Godere | Italiaans genieten!<\/title>\n<meta name=\"robots\" content=\"index, follow, max-snippet:-1, max-image-preview:large, max-video-preview:-1\" \/>\n<link rel=\"canonical\" href=\"https:\/\/www.godere.nl\/de\/produkt\/nosiola-trentino-1339-fles\/\" \/>\n<meta property=\"og:locale\" content=\"de_DE\" \/>\n<meta property=\"og:type\" content=\"article\" \/>\n<meta property=\"og:title\" content=\"1339 Chardonnay Trentino - Godere | Italiaans genieten!\" \/>\n<meta property=\"og:description\" content=\"De naam komt van een badplaats in de Bourgogne waar deze druif is geboren. Deze druivensoort wordt al lang verward met Pinot Bianco. De druiven worden ontsteeld en in een pneumatische pers geplaatst waar ze licht worden geperst. Het sap wordt vervolgens geklaard en gefermenteerd onder gecontroleerde omstandigheden bij 17 &#8211; 19\u00baC in roestvrijstalen tanks. &hellip; Continue reading 1339 Chardonnay Trentino\" \/>\n<meta property=\"og:url\" content=\"https:\/\/www.godere.nl\/de\/produkt\/nosiola-trentino-1339-fles\/\" \/>\n<meta property=\"og:site_name\" content=\"Godere | Italiaans genieten!\" \/>\n<meta property=\"article:publisher\" content=\"https:\/\/www.facebook.com\/godere.nl\" \/>\n<meta property=\"article:modified_time\" content=\"2024-01-19T17:37:30+00:00\" \/>\n<meta property=\"og:image\" content=\"https:\/\/www.godere.nl\/wp-content\/uploads\/2020\/06\/Chardonnay-Trentino-339-final.jpg\" \/>\n\t<meta property=\"og:image:width\" content=\"898\" \/>\n\t<meta property=\"og:image:height\" content=\"1600\" \/>\n\t<meta property=\"og:image:type\" content=\"image\/jpeg\" \/>\n<meta name=\"twitter:card\" content=\"summary_large_image\" \/>\n<meta name=\"twitter:label1\" content=\"Gesch\u00e4tzte Lesezeit\" \/>\n\t<meta name=\"twitter:data1\" content=\"1\u00a0Minute\" \/>\n<script type=\"application\/ld+json\" class=\"yoast-schema-graph\">{\"@context\":\"https:\\\/\\\/schema.org\",\"@graph\":[{\"@type\":\"WebPage\",\"@id\":\"https:\\\/\\\/www.godere.nl\\\/product\\\/nosiola-trentino-1339-fles\\\/\",\"url\":\"https:\\\/\\\/www.godere.nl\\\/product\\\/nosiola-trentino-1339-fles\\\/\",\"name\":\"1339 Chardonnay Trentino - Godere | Italiaans genieten!\",\"isPartOf\":{\"@id\":\"https:\\\/\\\/www.godere.nl\\\/#website\"},\"primaryImageOfPage\":{\"@id\":\"https:\\\/\\\/www.godere.nl\\\/product\\\/nosiola-trentino-1339-fles\\\/#primaryimage\"},\"image\":{\"@id\":\"https:\\\/\\\/www.godere.nl\\\/product\\\/nosiola-trentino-1339-fles\\\/#primaryimage\"},\"thumbnailUrl\":\"https:\\\/\\\/www.godere.nl\\\/wp-content\\\/uploads\\\/2020\\\/06\\\/Chardonnay-Trentino-339-final.jpg\",\"datePublished\":\"2020-06-09T13:30:06+00:00\",\"dateModified\":\"2024-01-19T17:37:30+00:00\",\"breadcrumb\":{\"@id\":\"https:\\\/\\\/www.godere.nl\\\/product\\\/nosiola-trentino-1339-fles\\\/#breadcrumb\"},\"inLanguage\":\"de\",\"potentialAction\":[{\"@type\":\"ReadAction\",\"target\":[\"https:\\\/\\\/www.godere.nl\\\/product\\\/nosiola-trentino-1339-fles\\\/\"]}]},{\"@type\":\"ImageObject\",\"inLanguage\":\"de\",\"@id\":\"https:\\\/\\\/www.godere.nl\\\/product\\\/nosiola-trentino-1339-fles\\\/#primaryimage\",\"url\":\"https:\\\/\\\/www.godere.nl\\\/wp-content\\\/uploads\\\/2020\\\/06\\\/Chardonnay-Trentino-339-final.jpg\",\"contentUrl\":\"https:\\\/\\\/www.godere.nl\\\/wp-content\\\/uploads\\\/2020\\\/06\\\/Chardonnay-Trentino-339-final.jpg\",\"width\":898,\"height\":1600},{\"@type\":\"BreadcrumbList\",\"@id\":\"https:\\\/\\\/www.godere.nl\\\/product\\\/nosiola-trentino-1339-fles\\\/#breadcrumb\",\"itemListElement\":[{\"@type\":\"ListItem\",\"position\":1,\"name\":\"Home\",\"item\":\"https:\\\/\\\/www.godere.nl\\\/\"},{\"@type\":\"ListItem\",\"position\":2,\"name\":\"Winkel\",\"item\":\"https:\\\/\\\/www.godere.nl\\\/winkel\\\/\"},{\"@type\":\"ListItem\",\"position\":3,\"name\":\"1339 Chardonnay Trentino\"}]},{\"@type\":\"WebSite\",\"@id\":\"https:\\\/\\\/www.godere.nl\\\/#website\",\"url\":\"https:\\\/\\\/www.godere.nl\\\/\",\"name\":\"Godere | Italiaans genieten!\",\"description\":\"\",\"publisher\":{\"@id\":\"https:\\\/\\\/www.godere.nl\\\/#organization\"},\"potentialAction\":[{\"@type\":\"SearchAction\",\"target\":{\"@type\":\"EntryPoint\",\"urlTemplate\":\"https:\\\/\\\/www.godere.nl\\\/?s={search_term_string}\"},\"query-input\":{\"@type\":\"PropertyValueSpecification\",\"valueRequired\":true,\"valueName\":\"search_term_string\"}}],\"inLanguage\":\"de\"},{\"@type\":\"Organization\",\"@id\":\"https:\\\/\\\/www.godere.nl\\\/#organization\",\"name\":\"Godere\",\"url\":\"https:\\\/\\\/www.godere.nl\\\/\",\"logo\":{\"@type\":\"ImageObject\",\"inLanguage\":\"de\",\"@id\":\"https:\\\/\\\/www.godere.nl\\\/#\\\/schema\\\/logo\\\/image\\\/\",\"url\":\"https:\\\/\\\/www.godere.nl\\\/wp-content\\\/uploads\\\/2022\\\/05\\\/GODERE-Granny-e1651842185822.png\",\"contentUrl\":\"https:\\\/\\\/www.godere.nl\\\/wp-content\\\/uploads\\\/2022\\\/05\\\/GODERE-Granny-e1651842185822.png\",\"width\":936,\"height\":408,\"caption\":\"Godere\"},\"image\":{\"@id\":\"https:\\\/\\\/www.godere.nl\\\/#\\\/schema\\\/logo\\\/image\\\/\"},\"sameAs\":[\"https:\\\/\\\/www.facebook.com\\\/godere.nl\"]}]}<\/script>\n<!-- \/ Yoast SEO plugin. -->","yoast_head_json":{"title":"1339 Chardonnay Trentino - Godere | Italiaans genieten!","robots":{"index":"index","follow":"follow","max-snippet":"max-snippet:-1","max-image-preview":"max-image-preview:large","max-video-preview":"max-video-preview:-1"},"canonical":"https:\/\/www.godere.nl\/de\/produkt\/nosiola-trentino-1339-fles\/","og_locale":"de_DE","og_type":"article","og_title":"1339 Chardonnay Trentino - Godere | Italiaans genieten!","og_description":"De naam komt van een badplaats in de Bourgogne waar deze druif is geboren. Deze druivensoort wordt al lang verward met Pinot Bianco. De druiven worden ontsteeld en in een pneumatische pers geplaatst waar ze licht worden geperst. Het sap wordt vervolgens geklaard en gefermenteerd onder gecontroleerde omstandigheden bij 17 &#8211; 19\u00baC in roestvrijstalen tanks. &hellip; Continue reading 1339 Chardonnay Trentino","og_url":"https:\/\/www.godere.nl\/de\/produkt\/nosiola-trentino-1339-fles\/","og_site_name":"Godere | Italiaans genieten!","article_publisher":"https:\/\/www.facebook.com\/godere.nl","article_modified_time":"2024-01-19T17:37:30+00:00","og_image":[{"width":898,"height":1600,"url":"https:\/\/www.godere.nl\/wp-content\/uploads\/2020\/06\/Chardonnay-Trentino-339-final.jpg","type":"image\/jpeg"}],"twitter_card":"summary_large_image","twitter_misc":{"Gesch\u00e4tzte Lesezeit":"1\u00a0Minute"},"schema":{"@context":"https:\/\/schema.org","@graph":[{"@type":"WebPage","@id":"https:\/\/www.godere.nl\/product\/nosiola-trentino-1339-fles\/","url":"https:\/\/www.godere.nl\/product\/nosiola-trentino-1339-fles\/","name":"1339 Chardonnay Trentino - Godere | Italiaans genieten!","isPartOf":{"@id":"https:\/\/www.godere.nl\/#website"},"primaryImageOfPage":{"@id":"https:\/\/www.godere.nl\/product\/nosiola-trentino-1339-fles\/#primaryimage"},"image":{"@id":"https:\/\/www.godere.nl\/product\/nosiola-trentino-1339-fles\/#primaryimage"},"thumbnailUrl":"https:\/\/www.godere.nl\/wp-content\/uploads\/2020\/06\/Chardonnay-Trentino-339-final.jpg","datePublished":"2020-06-09T13:30:06+00:00","dateModified":"2024-01-19T17:37:30+00:00","breadcrumb":{"@id":"https:\/\/www.godere.nl\/product\/nosiola-trentino-1339-fles\/#breadcrumb"},"inLanguage":"de","potentialAction":[{"@type":"ReadAction","target":["https:\/\/www.godere.nl\/product\/nosiola-trentino-1339-fles\/"]}]},{"@type":"ImageObject","inLanguage":"de","@id":"https:\/\/www.godere.nl\/product\/nosiola-trentino-1339-fles\/#primaryimage","url":"https:\/\/www.godere.nl\/wp-content\/uploads\/2020\/06\/Chardonnay-Trentino-339-final.jpg","contentUrl":"https:\/\/www.godere.nl\/wp-content\/uploads\/2020\/06\/Chardonnay-Trentino-339-final.jpg","width":898,"height":1600},{"@type":"BreadcrumbList","@id":"https:\/\/www.godere.nl\/product\/nosiola-trentino-1339-fles\/#breadcrumb","itemListElement":[{"@type":"ListItem","position":1,"name":"Home","item":"https:\/\/www.godere.nl\/"},{"@type":"ListItem","position":2,"name":"Winkel","item":"https:\/\/www.godere.nl\/winkel\/"},{"@type":"ListItem","position":3,"name":"1339 Chardonnay Trentino"}]},{"@type":"WebSite","@id":"https:\/\/www.godere.nl\/#website","url":"https:\/\/www.godere.nl\/","name":"Godere | Italiaans genieten!","description":"","publisher":{"@id":"https:\/\/www.godere.nl\/#organization"},"potentialAction":[{"@type":"SearchAction","target":{"@type":"EntryPoint","urlTemplate":"https:\/\/www.godere.nl\/?s={search_term_string}"},"query-input":{"@type":"PropertyValueSpecification","valueRequired":true,"valueName":"search_term_string"}}],"inLanguage":"de"},{"@type":"Organization","@id":"https:\/\/www.godere.nl\/#organization","name":"Godere","url":"https:\/\/www.godere.nl\/","logo":{"@type":"ImageObject","inLanguage":"de","@id":"https:\/\/www.godere.nl\/#\/schema\/logo\/image\/","url":"https:\/\/www.godere.nl\/wp-content\/uploads\/2022\/05\/GODERE-Granny-e1651842185822.png","contentUrl":"https:\/\/www.godere.nl\/wp-content\/uploads\/2022\/05\/GODERE-Granny-e1651842185822.png","width":936,"height":408,"caption":"Godere"},"image":{"@id":"https:\/\/www.godere.nl\/#\/schema\/logo\/image\/"},"sameAs":["https:\/\/www.facebook.com\/godere.nl"]}]}},"_links":{"self":[{"href":"https:\/\/www.godere.nl\/de\/wp-json\/wp\/v2\/product\/3959","targetHints":{"allow":["GET"]}}],"collection":[{"href":"https:\/\/www.godere.nl\/de\/wp-json\/wp\/v2\/product"}],"about":[{"href":"https:\/\/www.godere.nl\/de\/wp-json\/wp\/v2\/types\/product"}],"replies":[{"embeddable":true,"href":"https:\/\/www.godere.nl\/de\/wp-json\/wp\/v2\/comments?post=3959"}],"wp:featuredmedia":[{"embeddable":true,"href":"https:\/\/www.godere.nl\/de\/wp-json\/wp\/v2\/media\/4587"}],"wp:attachment":[{"href":"https:\/\/www.godere.nl\/de\/wp-json\/wp\/v2\/media?parent=3959"}],"wp:term":[{"taxonomy":"product_brand","embeddable":true,"href":"https:\/\/www.godere.nl\/de\/wp-json\/wp\/v2\/product_brand?post=3959"},{"taxonomy":"product_cat","embeddable":true,"href":"https:\/\/www.godere.nl\/de\/wp-json\/wp\/v2\/product_cat?post=3959"},{"taxonomy":"product_tag","embeddable":true,"href":"https:\/\/www.godere.nl\/de\/wp-json\/wp\/v2\/product_tag?post=3959"}],"curies":[{"name":"wp","href":"https:\/\/api.w.org\/{rel}","templated":true}]}}