{"id":3971,"date":"2020-06-09T17:25:00","date_gmt":"2020-06-09T15:25:00","guid":{"rendered":"https:\/\/www.godere.nl\/?post_type=product&#038;p=3971"},"modified":"2026-03-27T09:52:02","modified_gmt":"2026-03-27T08:52:02","slug":"muller-thurgau-trentino","status":"publish","type":"product","link":"https:\/\/www.godere.nl\/de\/produkt\/muller-thurgau-trentino\/","title":{"rendered":"1339 M\u00fcller Thurgau Trentino"},"content":{"rendered":"<p><span class=\"Y2IQFc\" lang=\"nl\">Die Sorte ist das Werk von Dr. Hermann M\u00fcller, der sie nach sich selbst und seiner Heimatregion Thurgau benannt hat. Urspr\u00fcnglich als Kreuzung zwischen Riesling und Silvaner gedacht, ist M\u00fcller Thurgau in Wirklichkeit eine Kreuzung zwischen Riesling und Gutedel. Diese Rebsorte wurde 1939 im Trentino eingef\u00fchrt. <\/span><\/p>\n<p><span class=\"Y2IQFc\" lang=\"nl\">ERZEUGUNGSGEBIET Eine sehr wichtige Rolle spielt die H\u00f6henlage, die unter 400-500 m.\u00fc.d.M. liegen muss, um ein sch\u00f6nes Bouquet zu ergeben. Diese Rebsorte erzielt die besten Ergebnisse, wenn sie in Hanglagen mit nicht zu trockenem Boden, guter Beleuchtung und guter Bel\u00fcftung angebaut wird. <\/span><\/p>\n<p><span class=\"Y2IQFc\" lang=\"nl\">ERZEUGUNGSGEBIET Eine sehr wichtige Rolle spielt die H\u00f6henlage, die unter 400-500 m.\u00fc.d.M. liegen muss, um ein sch\u00f6nes Bouquet zu ergeben. Diese Rebsorte erzielt die besten Ergebnisse, wenn sie in Hanglagen mit nicht zu trockenem Boden, guter Beleuchtung und guter Bel\u00fcftung angebaut wird. <\/span><\/p>\n<p><span class=\"Y2IQFc\" lang=\"nl\">BESCHREIBUNG Strohgelb mit gr\u00fcnen Reflexen, zarte, aromatische Noten in der Nase. Am Gaumen weich, mit einem guten Gleichgewicht zwischen S\u00e4ure und Struktur des Weines. <\/span><\/p>\n<p><span class=\"Y2IQFc\" lang=\"nl\">Passt gut zu Ideal als Aperitif, besonders zu Fisch und Meeresfr\u00fcchten.<\/span><\/p>\n<p>&nbsp;<\/p>\n<p>Alc. 12,5% vol.<\/p>\n<pre id=\"tw-target-text\" class=\"tw-data-text tw-text-large tw-ta\" dir=\"ltr\" data-placeholder=\"\u00dcbersetzung\"><\/pre>","protected":false},"excerpt":{"rendered":"<p>DRUIVENRAS De vari\u00ebteit was het werk van Dr. Hermann Mueller, die hem naar zichzelf en zijn geboortestreek noemde: Thurgau. Oorspronkelijk werd gedacht dat het een kruising was van Riesling en Silvaner, maar M\u00fcller Thurgau is in feite een kruising van Riesling en Chasselas. Deze druif werd in 1939 ge\u00efntroduceerd in Trentino. PRODUCTIE GEBIED Een zeer &hellip; <br \/><a href=\"https:\/\/www.godere.nl\/de\/produkt\/muller-thurgau-trentino\/\" class=\"more-link\">Continue reading <span class=\"screen-reader-text\">1339 M\u00fcller Thurgau Trentino<\/span><\/a><\/p>","protected":false},"featured_media":4586,"comment_status":"closed","ping_status":"closed","template":"","meta":{"_monsterinsights_skip_tracking":false,"_monsterinsights_sitenote_active":false,"_monsterinsights_sitenote_note":"","_monsterinsights_sitenote_category":0,"_glsr_average":0,"_glsr_ranking":0,"_glsr_reviews":0},"product_brand":[],"product_cat":[193],"product_tag":[256,257,238,240],"class_list":{"0":"post-3971","1":"product","2":"type-product","3":"status-publish","4":"has-post-thumbnail","6":"product_cat-wijnen-en-bieren","7":"product_tag-muller","8":"product_tag-thurgau","9":"product_tag-trentino","10":"product_tag-wijn","12":"first","13":"instock","14":"taxable","15":"shipping-taxable","16":"purchasable","17":"product-type-simple"},"yoast_head":"<!-- This site is optimized with the Yoast SEO plugin v27.3 - https:\/\/yoast.com\/product\/yoast-seo-wordpress\/ -->\n<title>1339 M\u00fcller Thurgau Trentino - Godere | Italiaans genieten!<\/title>\n<meta name=\"robots\" content=\"index, follow, max-snippet:-1, max-image-preview:large, max-video-preview:-1\" \/>\n<link rel=\"canonical\" href=\"https:\/\/www.godere.nl\/de\/produkt\/muller-thurgau-trentino\/\" \/>\n<meta property=\"og:locale\" content=\"de_DE\" \/>\n<meta property=\"og:type\" content=\"article\" \/>\n<meta property=\"og:title\" content=\"1339 M\u00fcller Thurgau Trentino - Godere | Italiaans genieten!\" \/>\n<meta property=\"og:description\" content=\"DRUIVENRAS De vari\u00ebteit was het werk van Dr. Hermann Mueller, die hem naar zichzelf en zijn geboortestreek noemde: Thurgau. Oorspronkelijk werd gedacht dat het een kruising was van Riesling en Silvaner, maar M\u00fcller Thurgau is in feite een kruising van Riesling en Chasselas. Deze druif werd in 1939 ge\u00efntroduceerd in Trentino. PRODUCTIE GEBIED Een zeer &hellip; Continue reading 1339 M\u00fcller Thurgau Trentino\" \/>\n<meta property=\"og:url\" content=\"https:\/\/www.godere.nl\/de\/produkt\/muller-thurgau-trentino\/\" \/>\n<meta property=\"og:site_name\" content=\"Godere | Italiaans genieten!\" \/>\n<meta property=\"article:publisher\" content=\"https:\/\/www.facebook.com\/godere.nl\" \/>\n<meta property=\"article:modified_time\" content=\"2026-03-27T08:52:02+00:00\" \/>\n<meta property=\"og:image\" content=\"https:\/\/www.godere.nl\/wp-content\/uploads\/2020\/06\/Muller-Thurgau-Trentino-339-final.jpg\" \/>\n\t<meta property=\"og:image:width\" content=\"898\" \/>\n\t<meta property=\"og:image:height\" content=\"1600\" \/>\n\t<meta property=\"og:image:type\" content=\"image\/jpeg\" \/>\n<meta name=\"twitter:card\" content=\"summary_large_image\" \/>\n<meta name=\"twitter:label1\" content=\"Gesch\u00e4tzte Lesezeit\" \/>\n\t<meta name=\"twitter:data1\" content=\"2\u00a0Minuten\" \/>\n<script type=\"application\/ld+json\" class=\"yoast-schema-graph\">{\"@context\":\"https:\\\/\\\/schema.org\",\"@graph\":[{\"@type\":\"WebPage\",\"@id\":\"https:\\\/\\\/www.godere.nl\\\/product\\\/muller-thurgau-trentino\\\/\",\"url\":\"https:\\\/\\\/www.godere.nl\\\/product\\\/muller-thurgau-trentino\\\/\",\"name\":\"1339 M\u00fcller Thurgau Trentino - Godere | Italiaans genieten!\",\"isPartOf\":{\"@id\":\"https:\\\/\\\/www.godere.nl\\\/#website\"},\"primaryImageOfPage\":{\"@id\":\"https:\\\/\\\/www.godere.nl\\\/product\\\/muller-thurgau-trentino\\\/#primaryimage\"},\"image\":{\"@id\":\"https:\\\/\\\/www.godere.nl\\\/product\\\/muller-thurgau-trentino\\\/#primaryimage\"},\"thumbnailUrl\":\"https:\\\/\\\/www.godere.nl\\\/wp-content\\\/uploads\\\/2020\\\/06\\\/Muller-Thurgau-Trentino-339-final.jpg\",\"datePublished\":\"2020-06-09T15:25:00+00:00\",\"dateModified\":\"2026-03-27T08:52:02+00:00\",\"breadcrumb\":{\"@id\":\"https:\\\/\\\/www.godere.nl\\\/product\\\/muller-thurgau-trentino\\\/#breadcrumb\"},\"inLanguage\":\"de\",\"potentialAction\":[{\"@type\":\"ReadAction\",\"target\":[\"https:\\\/\\\/www.godere.nl\\\/product\\\/muller-thurgau-trentino\\\/\"]}]},{\"@type\":\"ImageObject\",\"inLanguage\":\"de\",\"@id\":\"https:\\\/\\\/www.godere.nl\\\/product\\\/muller-thurgau-trentino\\\/#primaryimage\",\"url\":\"https:\\\/\\\/www.godere.nl\\\/wp-content\\\/uploads\\\/2020\\\/06\\\/Muller-Thurgau-Trentino-339-final.jpg\",\"contentUrl\":\"https:\\\/\\\/www.godere.nl\\\/wp-content\\\/uploads\\\/2020\\\/06\\\/Muller-Thurgau-Trentino-339-final.jpg\",\"width\":898,\"height\":1600},{\"@type\":\"BreadcrumbList\",\"@id\":\"https:\\\/\\\/www.godere.nl\\\/product\\\/muller-thurgau-trentino\\\/#breadcrumb\",\"itemListElement\":[{\"@type\":\"ListItem\",\"position\":1,\"name\":\"Home\",\"item\":\"https:\\\/\\\/www.godere.nl\\\/\"},{\"@type\":\"ListItem\",\"position\":2,\"name\":\"Winkel\",\"item\":\"https:\\\/\\\/www.godere.nl\\\/winkel\\\/\"},{\"@type\":\"ListItem\",\"position\":3,\"name\":\"1339 M\u00fcller Thurgau Trentino\"}]},{\"@type\":\"WebSite\",\"@id\":\"https:\\\/\\\/www.godere.nl\\\/#website\",\"url\":\"https:\\\/\\\/www.godere.nl\\\/\",\"name\":\"Godere | Italiaans genieten!\",\"description\":\"\",\"publisher\":{\"@id\":\"https:\\\/\\\/www.godere.nl\\\/#organization\"},\"potentialAction\":[{\"@type\":\"SearchAction\",\"target\":{\"@type\":\"EntryPoint\",\"urlTemplate\":\"https:\\\/\\\/www.godere.nl\\\/?s={search_term_string}\"},\"query-input\":{\"@type\":\"PropertyValueSpecification\",\"valueRequired\":true,\"valueName\":\"search_term_string\"}}],\"inLanguage\":\"de\"},{\"@type\":\"Organization\",\"@id\":\"https:\\\/\\\/www.godere.nl\\\/#organization\",\"name\":\"Godere\",\"url\":\"https:\\\/\\\/www.godere.nl\\\/\",\"logo\":{\"@type\":\"ImageObject\",\"inLanguage\":\"de\",\"@id\":\"https:\\\/\\\/www.godere.nl\\\/#\\\/schema\\\/logo\\\/image\\\/\",\"url\":\"https:\\\/\\\/www.godere.nl\\\/wp-content\\\/uploads\\\/2022\\\/05\\\/GODERE-Granny-e1651842185822.png\",\"contentUrl\":\"https:\\\/\\\/www.godere.nl\\\/wp-content\\\/uploads\\\/2022\\\/05\\\/GODERE-Granny-e1651842185822.png\",\"width\":936,\"height\":408,\"caption\":\"Godere\"},\"image\":{\"@id\":\"https:\\\/\\\/www.godere.nl\\\/#\\\/schema\\\/logo\\\/image\\\/\"},\"sameAs\":[\"https:\\\/\\\/www.facebook.com\\\/godere.nl\"]}]}<\/script>\n<!-- \/ Yoast SEO plugin. -->","yoast_head_json":{"title":"1339 M\u00fcller Thurgau Trentino - Godere | Italiaans genieten!","robots":{"index":"index","follow":"follow","max-snippet":"max-snippet:-1","max-image-preview":"max-image-preview:large","max-video-preview":"max-video-preview:-1"},"canonical":"https:\/\/www.godere.nl\/de\/produkt\/muller-thurgau-trentino\/","og_locale":"de_DE","og_type":"article","og_title":"1339 M\u00fcller Thurgau Trentino - Godere | Italiaans genieten!","og_description":"DRUIVENRAS De vari\u00ebteit was het werk van Dr. Hermann Mueller, die hem naar zichzelf en zijn geboortestreek noemde: Thurgau. Oorspronkelijk werd gedacht dat het een kruising was van Riesling en Silvaner, maar M\u00fcller Thurgau is in feite een kruising van Riesling en Chasselas. Deze druif werd in 1939 ge\u00efntroduceerd in Trentino. PRODUCTIE GEBIED Een zeer &hellip; Continue reading 1339 M\u00fcller Thurgau Trentino","og_url":"https:\/\/www.godere.nl\/de\/produkt\/muller-thurgau-trentino\/","og_site_name":"Godere | Italiaans genieten!","article_publisher":"https:\/\/www.facebook.com\/godere.nl","article_modified_time":"2026-03-27T08:52:02+00:00","og_image":[{"width":898,"height":1600,"url":"https:\/\/www.godere.nl\/wp-content\/uploads\/2020\/06\/Muller-Thurgau-Trentino-339-final.jpg","type":"image\/jpeg"}],"twitter_card":"summary_large_image","twitter_misc":{"Gesch\u00e4tzte Lesezeit":"2\u00a0Minuten"},"schema":{"@context":"https:\/\/schema.org","@graph":[{"@type":"WebPage","@id":"https:\/\/www.godere.nl\/product\/muller-thurgau-trentino\/","url":"https:\/\/www.godere.nl\/product\/muller-thurgau-trentino\/","name":"1339 M\u00fcller Thurgau Trentino - Godere | Italiaans genieten!","isPartOf":{"@id":"https:\/\/www.godere.nl\/#website"},"primaryImageOfPage":{"@id":"https:\/\/www.godere.nl\/product\/muller-thurgau-trentino\/#primaryimage"},"image":{"@id":"https:\/\/www.godere.nl\/product\/muller-thurgau-trentino\/#primaryimage"},"thumbnailUrl":"https:\/\/www.godere.nl\/wp-content\/uploads\/2020\/06\/Muller-Thurgau-Trentino-339-final.jpg","datePublished":"2020-06-09T15:25:00+00:00","dateModified":"2026-03-27T08:52:02+00:00","breadcrumb":{"@id":"https:\/\/www.godere.nl\/product\/muller-thurgau-trentino\/#breadcrumb"},"inLanguage":"de","potentialAction":[{"@type":"ReadAction","target":["https:\/\/www.godere.nl\/product\/muller-thurgau-trentino\/"]}]},{"@type":"ImageObject","inLanguage":"de","@id":"https:\/\/www.godere.nl\/product\/muller-thurgau-trentino\/#primaryimage","url":"https:\/\/www.godere.nl\/wp-content\/uploads\/2020\/06\/Muller-Thurgau-Trentino-339-final.jpg","contentUrl":"https:\/\/www.godere.nl\/wp-content\/uploads\/2020\/06\/Muller-Thurgau-Trentino-339-final.jpg","width":898,"height":1600},{"@type":"BreadcrumbList","@id":"https:\/\/www.godere.nl\/product\/muller-thurgau-trentino\/#breadcrumb","itemListElement":[{"@type":"ListItem","position":1,"name":"Home","item":"https:\/\/www.godere.nl\/"},{"@type":"ListItem","position":2,"name":"Winkel","item":"https:\/\/www.godere.nl\/winkel\/"},{"@type":"ListItem","position":3,"name":"1339 M\u00fcller Thurgau Trentino"}]},{"@type":"WebSite","@id":"https:\/\/www.godere.nl\/#website","url":"https:\/\/www.godere.nl\/","name":"Godere | Italiaans genieten!","description":"","publisher":{"@id":"https:\/\/www.godere.nl\/#organization"},"potentialAction":[{"@type":"SearchAction","target":{"@type":"EntryPoint","urlTemplate":"https:\/\/www.godere.nl\/?s={search_term_string}"},"query-input":{"@type":"PropertyValueSpecification","valueRequired":true,"valueName":"search_term_string"}}],"inLanguage":"de"},{"@type":"Organization","@id":"https:\/\/www.godere.nl\/#organization","name":"Godere","url":"https:\/\/www.godere.nl\/","logo":{"@type":"ImageObject","inLanguage":"de","@id":"https:\/\/www.godere.nl\/#\/schema\/logo\/image\/","url":"https:\/\/www.godere.nl\/wp-content\/uploads\/2022\/05\/GODERE-Granny-e1651842185822.png","contentUrl":"https:\/\/www.godere.nl\/wp-content\/uploads\/2022\/05\/GODERE-Granny-e1651842185822.png","width":936,"height":408,"caption":"Godere"},"image":{"@id":"https:\/\/www.godere.nl\/#\/schema\/logo\/image\/"},"sameAs":["https:\/\/www.facebook.com\/godere.nl"]}]}},"_links":{"self":[{"href":"https:\/\/www.godere.nl\/de\/wp-json\/wp\/v2\/product\/3971","targetHints":{"allow":["GET"]}}],"collection":[{"href":"https:\/\/www.godere.nl\/de\/wp-json\/wp\/v2\/product"}],"about":[{"href":"https:\/\/www.godere.nl\/de\/wp-json\/wp\/v2\/types\/product"}],"replies":[{"embeddable":true,"href":"https:\/\/www.godere.nl\/de\/wp-json\/wp\/v2\/comments?post=3971"}],"wp:featuredmedia":[{"embeddable":true,"href":"https:\/\/www.godere.nl\/de\/wp-json\/wp\/v2\/media\/4586"}],"wp:attachment":[{"href":"https:\/\/www.godere.nl\/de\/wp-json\/wp\/v2\/media?parent=3971"}],"wp:term":[{"taxonomy":"product_brand","embeddable":true,"href":"https:\/\/www.godere.nl\/de\/wp-json\/wp\/v2\/product_brand?post=3971"},{"taxonomy":"product_cat","embeddable":true,"href":"https:\/\/www.godere.nl\/de\/wp-json\/wp\/v2\/product_cat?post=3971"},{"taxonomy":"product_tag","embeddable":true,"href":"https:\/\/www.godere.nl\/de\/wp-json\/wp\/v2\/product_tag?post=3971"}],"curies":[{"name":"wp","href":"https:\/\/api.w.org\/{rel}","templated":true}]}}