{"id":4363,"date":"2021-12-01T10:20:20","date_gmt":"2021-12-01T09:20:20","guid":{"rendered":"https:\/\/www.godere.nl\/?post_type=product&#038;p=4363"},"modified":"2026-04-02T10:36:43","modified_gmt":"2026-04-02T08:36:43","slug":"crema-di-balsamico-classica-damagreta","status":"publish","type":"product","link":"https:\/\/www.godere.nl\/de\/produkt\/crema-di-balsamico-classica-damagreta\/","title":{"rendered":"Crema di Balsamico classica (DaMagreta)"},"content":{"rendered":"<h2><\/h2>\n<p class=\"translation-block\">In der farbenfrohen Landschaft des norditalienischen Modena wachsen die Trebbiano-Trauben f\u00fcr unseren Balsamico-Sirup Crema Balsamico. Der ungegorene Traubensaft wird dort zu einer sch\u00f6nen sirupartigen Konsistenz eingekocht.<\/p>\n<p><span data-contrast=\"auto\">Der\u00a0<\/span><b><span data-contrast=\"auto\">Crema\u00a0Balsamico<\/span><\/b><span data-contrast=\"auto\">\u00a0hat eine tiefbraune Farbe und einen eigenen s\u00fc\u00df-fruchtigen Geschmack und Geruch.\u00a0\u00a0<\/span><span data-ccp-props=\"{&quot;201341983&quot;:0,&quot;335559739&quot;:160,&quot;335559740&quot;:259}\">\u00a0<\/span><\/p>\n<p><span data-contrast=\"auto\">Unser<\/span><b><span data-contrast=\"auto\">\u00a0Crema\u00a0Balsamico\u00a0<\/span><\/b><span data-contrast=\"auto\">ist ein schmackhafter Belag f\u00fcr alle Antipasti mit K\u00e4se oder Fleisch. Er schmeckt auch k\u00f6stlich zu gegrilltem Fleisch oder Fisch und zu Desserts wie Eiscreme oder Panna Cotta.<\/span><span data-ccp-props=\"{&quot;201341983&quot;:0,&quot;335559739&quot;:160,&quot;335559740&quot;:259}\">\u00a0<\/span><\/p>\n<p class=\"translation-block\">Jede Schachtel Crema Balsamico enth\u00e4lt sechs praktische Squeeze-Flaschen mit je 210 ml.<\/p>\n<ul>\n<li data-leveltext=\"\uf0b7\" data-font=\"Symbol\" data-listid=\"2\" aria-setsize=\"-1\" data-aria-posinset=\"1\" data-aria-level=\"1\"><span data-contrast=\"auto\">Balsamico-Sirup\u00a0<\/span><b><span data-contrast=\"auto\">Crema\u00a0Balsamico<\/span><\/b><span data-ccp-props=\"{&quot;134233279&quot;:true,&quot;201341983&quot;:0,&quot;335551550&quot;:6,&quot;335551620&quot;:6,&quot;335559739&quot;:160,&quot;335559740&quot;:259}\">\u00a0<\/span><\/li>\n<li data-leveltext=\"\uf0b7\" data-font=\"Symbol\" data-listid=\"2\" aria-setsize=\"-1\" data-aria-posinset=\"2\" data-aria-level=\"1\"><span data-contrast=\"auto\">Aus konzentriertem Traubenmost und Weinessig<\/span><span data-ccp-props=\"{&quot;134233279&quot;:true,&quot;201341983&quot;:0,&quot;335551550&quot;:6,&quot;335551620&quot;:6,&quot;335559739&quot;:160,&quot;335559740&quot;:259}\">\u00a0<\/span><\/li>\n<li data-leveltext=\"\uf0b7\" data-font=\"Symbol\" data-listid=\"2\" aria-setsize=\"-1\" data-aria-posinset=\"3\" data-aria-level=\"1\"><span data-contrast=\"auto\">Aus der norditalienischen Stadt Modena<\/span><span data-ccp-props=\"{&quot;134233279&quot;:true,&quot;201341983&quot;:0,&quot;335551550&quot;:6,&quot;335551620&quot;:6,&quot;335559739&quot;:160,&quot;335559740&quot;:259}\">\u00a0<\/span><\/li>\n<li data-leveltext=\"\uf0b7\" data-font=\"Symbol\" data-listid=\"1\" aria-setsize=\"-1\" data-aria-posinset=\"4\" data-aria-level=\"1\" class=\"translation-block\">Verpackt in 6 Squeeze-Flaschen \u00e0 210 ml<\/li>\n<li data-leveltext=\"\uf0b7\" data-font=\"Symbol\" data-listid=\"1\" aria-setsize=\"-1\" data-aria-posinset=\"4\" data-aria-level=\"1\"><span data-contrast=\"auto\">Laktose- und glutenfrei<\/span><span data-ccp-props=\"{&quot;134233279&quot;:true,&quot;201341983&quot;:0,&quot;335559739&quot;:160,&quot;335559740&quot;:259}\">\u00a0<\/span><\/li>\n<li data-leveltext=\"\uf0b7\" data-font=\"Symbol\" data-listid=\"1\" aria-setsize=\"-1\" data-aria-posinset=\"4\" data-aria-level=\"1\"><span data-contrast=\"auto\">Leverancier:\u00a0Acetaia\u00a0Reale<\/span><span data-ccp-props=\"{&quot;134233279&quot;:true,&quot;201341983&quot;:0,&quot;335559739&quot;:160,&quot;335559740&quot;:259}\">\u00a0<\/span><\/li>\n<\/ul>","protected":false},"excerpt":{"rendered":"<p>In het kleurrijke landschap van het Noord-Italiaanse Modena groeien de\u00a0Trebbiano\u00a0druiven\u00a0van onze\u00a0balsamicosiroop\u00a0Crema\u00a0Balsamico.\u00a0Het ongegiste druivensap wordt er ingekookt tot een mooie stroperige consistentie.\u00a0\u00a0 De\u00a0Crema\u00a0Balsamico\u00a0heeft een diepbruine kleur en een eigen zoetfruitige smaak en aroma.\u00a0\u00a0\u00a0 Onze\u00a0Crema\u00a0Balsamico\u00a0is een\u00a0smaakvolle\u00a0topping\u00a0voor al je\u00a0antipasto\u00a0van kaas of vlees. Hij is ook heerlijk op gegrild vlees of vis en op je desserts van ijs of\u00a0panna\u00a0cotta.\u00a0 &hellip; <br \/><a href=\"https:\/\/www.godere.nl\/de\/produkt\/crema-di-balsamico-classica-damagreta\/\" class=\"more-link\">Continue reading <span class=\"screen-reader-text\">Crema di Balsamico classica (DaMagreta)<\/span><\/a><\/p>","protected":false},"featured_media":4572,"comment_status":"closed","ping_status":"closed","template":"","meta":{"_monsterinsights_skip_tracking":false,"_monsterinsights_sitenote_active":false,"_monsterinsights_sitenote_note":"","_monsterinsights_sitenote_category":0,"_glsr_average":0,"_glsr_ranking":0,"_glsr_reviews":0},"product_brand":[],"product_cat":[107],"product_tag":[],"class_list":{"0":"post-4363","1":"product","2":"type-product","3":"status-publish","4":"has-post-thumbnail","6":"product_cat-olie-en-azijn","8":"first","9":"onbackorder","10":"taxable","11":"shipping-taxable","12":"purchasable","13":"product-type-simple"},"yoast_head":"<!-- This site is optimized with the Yoast SEO plugin v27.3 - https:\/\/yoast.com\/product\/yoast-seo-wordpress\/ -->\n<title>Crema di Balsamico classica (DaMagreta) - Godere | Italiaans genieten!<\/title>\n<meta name=\"robots\" content=\"index, follow, max-snippet:-1, max-image-preview:large, max-video-preview:-1\" \/>\n<link rel=\"canonical\" href=\"https:\/\/www.godere.nl\/de\/produkt\/crema-di-balsamico-classica-damagreta\/\" \/>\n<meta property=\"og:locale\" content=\"de_DE\" \/>\n<meta property=\"og:type\" content=\"article\" \/>\n<meta property=\"og:title\" content=\"Crema di Balsamico classica (DaMagreta) - Godere | Italiaans genieten!\" \/>\n<meta property=\"og:description\" content=\"In het kleurrijke landschap van het Noord-Italiaanse Modena groeien de\u00a0Trebbiano\u00a0druiven\u00a0van onze\u00a0balsamicosiroop\u00a0Crema\u00a0Balsamico.\u00a0Het ongegiste druivensap wordt er ingekookt tot een mooie stroperige consistentie.\u00a0\u00a0 De\u00a0Crema\u00a0Balsamico\u00a0heeft een diepbruine kleur en een eigen zoetfruitige smaak en aroma.\u00a0\u00a0\u00a0 Onze\u00a0Crema\u00a0Balsamico\u00a0is een\u00a0smaakvolle\u00a0topping\u00a0voor al je\u00a0antipasto\u00a0van kaas of vlees. Hij is ook heerlijk op gegrild vlees of vis en op je desserts van ijs of\u00a0panna\u00a0cotta.\u00a0 &hellip; Continue reading Crema di Balsamico classica (DaMagreta)\" \/>\n<meta property=\"og:url\" content=\"https:\/\/www.godere.nl\/de\/produkt\/crema-di-balsamico-classica-damagreta\/\" \/>\n<meta property=\"og:site_name\" content=\"Godere | Italiaans genieten!\" \/>\n<meta property=\"article:publisher\" content=\"https:\/\/www.facebook.com\/godere.nl\" \/>\n<meta property=\"article:modified_time\" content=\"2026-04-02T08:36:43+00:00\" \/>\n<meta property=\"og:image\" content=\"https:\/\/www.godere.nl\/wp-content\/uploads\/2021\/12\/Da-Magreta-Crema-di-Balsamico-classica-final.jpg\" \/>\n\t<meta property=\"og:image:width\" content=\"1067\" \/>\n\t<meta property=\"og:image:height\" content=\"1600\" \/>\n\t<meta property=\"og:image:type\" content=\"image\/jpeg\" \/>\n<meta name=\"twitter:card\" content=\"summary_large_image\" \/>\n<meta name=\"twitter:label1\" content=\"Gesch\u00e4tzte Lesezeit\" \/>\n\t<meta name=\"twitter:data1\" content=\"1\u00a0Minute\" \/>\n<script type=\"application\/ld+json\" class=\"yoast-schema-graph\">{\"@context\":\"https:\\\/\\\/schema.org\",\"@graph\":[{\"@type\":\"WebPage\",\"@id\":\"https:\\\/\\\/www.godere.nl\\\/product\\\/crema-di-balsamico-classica-damagreta\\\/\",\"url\":\"https:\\\/\\\/www.godere.nl\\\/product\\\/crema-di-balsamico-classica-damagreta\\\/\",\"name\":\"Crema di Balsamico classica (DaMagreta) - Godere | Italiaans genieten!\",\"isPartOf\":{\"@id\":\"https:\\\/\\\/www.godere.nl\\\/#website\"},\"primaryImageOfPage\":{\"@id\":\"https:\\\/\\\/www.godere.nl\\\/product\\\/crema-di-balsamico-classica-damagreta\\\/#primaryimage\"},\"image\":{\"@id\":\"https:\\\/\\\/www.godere.nl\\\/product\\\/crema-di-balsamico-classica-damagreta\\\/#primaryimage\"},\"thumbnailUrl\":\"https:\\\/\\\/www.godere.nl\\\/wp-content\\\/uploads\\\/2021\\\/12\\\/Da-Magreta-Crema-di-Balsamico-classica-final.jpg\",\"datePublished\":\"2021-12-01T09:20:20+00:00\",\"dateModified\":\"2026-04-02T08:36:43+00:00\",\"breadcrumb\":{\"@id\":\"https:\\\/\\\/www.godere.nl\\\/product\\\/crema-di-balsamico-classica-damagreta\\\/#breadcrumb\"},\"inLanguage\":\"de\",\"potentialAction\":[{\"@type\":\"ReadAction\",\"target\":[\"https:\\\/\\\/www.godere.nl\\\/product\\\/crema-di-balsamico-classica-damagreta\\\/\"]}]},{\"@type\":\"ImageObject\",\"inLanguage\":\"de\",\"@id\":\"https:\\\/\\\/www.godere.nl\\\/product\\\/crema-di-balsamico-classica-damagreta\\\/#primaryimage\",\"url\":\"https:\\\/\\\/www.godere.nl\\\/wp-content\\\/uploads\\\/2021\\\/12\\\/Da-Magreta-Crema-di-Balsamico-classica-final.jpg\",\"contentUrl\":\"https:\\\/\\\/www.godere.nl\\\/wp-content\\\/uploads\\\/2021\\\/12\\\/Da-Magreta-Crema-di-Balsamico-classica-final.jpg\",\"width\":1067,\"height\":1600},{\"@type\":\"BreadcrumbList\",\"@id\":\"https:\\\/\\\/www.godere.nl\\\/product\\\/crema-di-balsamico-classica-damagreta\\\/#breadcrumb\",\"itemListElement\":[{\"@type\":\"ListItem\",\"position\":1,\"name\":\"Home\",\"item\":\"https:\\\/\\\/www.godere.nl\\\/\"},{\"@type\":\"ListItem\",\"position\":2,\"name\":\"Winkel\",\"item\":\"https:\\\/\\\/www.godere.nl\\\/winkel\\\/\"},{\"@type\":\"ListItem\",\"position\":3,\"name\":\"Crema di Balsamico classica (DaMagreta)\"}]},{\"@type\":\"WebSite\",\"@id\":\"https:\\\/\\\/www.godere.nl\\\/#website\",\"url\":\"https:\\\/\\\/www.godere.nl\\\/\",\"name\":\"Godere | Italiaans genieten!\",\"description\":\"\",\"publisher\":{\"@id\":\"https:\\\/\\\/www.godere.nl\\\/#organization\"},\"potentialAction\":[{\"@type\":\"SearchAction\",\"target\":{\"@type\":\"EntryPoint\",\"urlTemplate\":\"https:\\\/\\\/www.godere.nl\\\/?s={search_term_string}\"},\"query-input\":{\"@type\":\"PropertyValueSpecification\",\"valueRequired\":true,\"valueName\":\"search_term_string\"}}],\"inLanguage\":\"de\"},{\"@type\":\"Organization\",\"@id\":\"https:\\\/\\\/www.godere.nl\\\/#organization\",\"name\":\"Godere\",\"url\":\"https:\\\/\\\/www.godere.nl\\\/\",\"logo\":{\"@type\":\"ImageObject\",\"inLanguage\":\"de\",\"@id\":\"https:\\\/\\\/www.godere.nl\\\/#\\\/schema\\\/logo\\\/image\\\/\",\"url\":\"https:\\\/\\\/www.godere.nl\\\/wp-content\\\/uploads\\\/2022\\\/05\\\/GODERE-Granny-e1651842185822.png\",\"contentUrl\":\"https:\\\/\\\/www.godere.nl\\\/wp-content\\\/uploads\\\/2022\\\/05\\\/GODERE-Granny-e1651842185822.png\",\"width\":936,\"height\":408,\"caption\":\"Godere\"},\"image\":{\"@id\":\"https:\\\/\\\/www.godere.nl\\\/#\\\/schema\\\/logo\\\/image\\\/\"},\"sameAs\":[\"https:\\\/\\\/www.facebook.com\\\/godere.nl\"]}]}<\/script>\n<!-- \/ Yoast SEO plugin. -->","yoast_head_json":{"title":"Crema di Balsamico classica (DaMagreta) - Godere | Italiaans genieten!","robots":{"index":"index","follow":"follow","max-snippet":"max-snippet:-1","max-image-preview":"max-image-preview:large","max-video-preview":"max-video-preview:-1"},"canonical":"https:\/\/www.godere.nl\/de\/produkt\/crema-di-balsamico-classica-damagreta\/","og_locale":"de_DE","og_type":"article","og_title":"Crema di Balsamico classica (DaMagreta) - Godere | Italiaans genieten!","og_description":"In het kleurrijke landschap van het Noord-Italiaanse Modena groeien de\u00a0Trebbiano\u00a0druiven\u00a0van onze\u00a0balsamicosiroop\u00a0Crema\u00a0Balsamico.\u00a0Het ongegiste druivensap wordt er ingekookt tot een mooie stroperige consistentie.\u00a0\u00a0 De\u00a0Crema\u00a0Balsamico\u00a0heeft een diepbruine kleur en een eigen zoetfruitige smaak en aroma.\u00a0\u00a0\u00a0 Onze\u00a0Crema\u00a0Balsamico\u00a0is een\u00a0smaakvolle\u00a0topping\u00a0voor al je\u00a0antipasto\u00a0van kaas of vlees. Hij is ook heerlijk op gegrild vlees of vis en op je desserts van ijs of\u00a0panna\u00a0cotta.\u00a0 &hellip; Continue reading Crema di Balsamico classica (DaMagreta)","og_url":"https:\/\/www.godere.nl\/de\/produkt\/crema-di-balsamico-classica-damagreta\/","og_site_name":"Godere | Italiaans genieten!","article_publisher":"https:\/\/www.facebook.com\/godere.nl","article_modified_time":"2026-04-02T08:36:43+00:00","og_image":[{"width":1067,"height":1600,"url":"https:\/\/www.godere.nl\/wp-content\/uploads\/2021\/12\/Da-Magreta-Crema-di-Balsamico-classica-final.jpg","type":"image\/jpeg"}],"twitter_card":"summary_large_image","twitter_misc":{"Gesch\u00e4tzte Lesezeit":"1\u00a0Minute"},"schema":{"@context":"https:\/\/schema.org","@graph":[{"@type":"WebPage","@id":"https:\/\/www.godere.nl\/product\/crema-di-balsamico-classica-damagreta\/","url":"https:\/\/www.godere.nl\/product\/crema-di-balsamico-classica-damagreta\/","name":"Crema di Balsamico classica (DaMagreta) - Godere | Italiaans genieten!","isPartOf":{"@id":"https:\/\/www.godere.nl\/#website"},"primaryImageOfPage":{"@id":"https:\/\/www.godere.nl\/product\/crema-di-balsamico-classica-damagreta\/#primaryimage"},"image":{"@id":"https:\/\/www.godere.nl\/product\/crema-di-balsamico-classica-damagreta\/#primaryimage"},"thumbnailUrl":"https:\/\/www.godere.nl\/wp-content\/uploads\/2021\/12\/Da-Magreta-Crema-di-Balsamico-classica-final.jpg","datePublished":"2021-12-01T09:20:20+00:00","dateModified":"2026-04-02T08:36:43+00:00","breadcrumb":{"@id":"https:\/\/www.godere.nl\/product\/crema-di-balsamico-classica-damagreta\/#breadcrumb"},"inLanguage":"de","potentialAction":[{"@type":"ReadAction","target":["https:\/\/www.godere.nl\/product\/crema-di-balsamico-classica-damagreta\/"]}]},{"@type":"ImageObject","inLanguage":"de","@id":"https:\/\/www.godere.nl\/product\/crema-di-balsamico-classica-damagreta\/#primaryimage","url":"https:\/\/www.godere.nl\/wp-content\/uploads\/2021\/12\/Da-Magreta-Crema-di-Balsamico-classica-final.jpg","contentUrl":"https:\/\/www.godere.nl\/wp-content\/uploads\/2021\/12\/Da-Magreta-Crema-di-Balsamico-classica-final.jpg","width":1067,"height":1600},{"@type":"BreadcrumbList","@id":"https:\/\/www.godere.nl\/product\/crema-di-balsamico-classica-damagreta\/#breadcrumb","itemListElement":[{"@type":"ListItem","position":1,"name":"Home","item":"https:\/\/www.godere.nl\/"},{"@type":"ListItem","position":2,"name":"Winkel","item":"https:\/\/www.godere.nl\/winkel\/"},{"@type":"ListItem","position":3,"name":"Crema di Balsamico classica (DaMagreta)"}]},{"@type":"WebSite","@id":"https:\/\/www.godere.nl\/#website","url":"https:\/\/www.godere.nl\/","name":"Godere | Italiaans genieten!","description":"","publisher":{"@id":"https:\/\/www.godere.nl\/#organization"},"potentialAction":[{"@type":"SearchAction","target":{"@type":"EntryPoint","urlTemplate":"https:\/\/www.godere.nl\/?s={search_term_string}"},"query-input":{"@type":"PropertyValueSpecification","valueRequired":true,"valueName":"search_term_string"}}],"inLanguage":"de"},{"@type":"Organization","@id":"https:\/\/www.godere.nl\/#organization","name":"Godere","url":"https:\/\/www.godere.nl\/","logo":{"@type":"ImageObject","inLanguage":"de","@id":"https:\/\/www.godere.nl\/#\/schema\/logo\/image\/","url":"https:\/\/www.godere.nl\/wp-content\/uploads\/2022\/05\/GODERE-Granny-e1651842185822.png","contentUrl":"https:\/\/www.godere.nl\/wp-content\/uploads\/2022\/05\/GODERE-Granny-e1651842185822.png","width":936,"height":408,"caption":"Godere"},"image":{"@id":"https:\/\/www.godere.nl\/#\/schema\/logo\/image\/"},"sameAs":["https:\/\/www.facebook.com\/godere.nl"]}]}},"_links":{"self":[{"href":"https:\/\/www.godere.nl\/de\/wp-json\/wp\/v2\/product\/4363","targetHints":{"allow":["GET"]}}],"collection":[{"href":"https:\/\/www.godere.nl\/de\/wp-json\/wp\/v2\/product"}],"about":[{"href":"https:\/\/www.godere.nl\/de\/wp-json\/wp\/v2\/types\/product"}],"replies":[{"embeddable":true,"href":"https:\/\/www.godere.nl\/de\/wp-json\/wp\/v2\/comments?post=4363"}],"wp:featuredmedia":[{"embeddable":true,"href":"https:\/\/www.godere.nl\/de\/wp-json\/wp\/v2\/media\/4572"}],"wp:attachment":[{"href":"https:\/\/www.godere.nl\/de\/wp-json\/wp\/v2\/media?parent=4363"}],"wp:term":[{"taxonomy":"product_brand","embeddable":true,"href":"https:\/\/www.godere.nl\/de\/wp-json\/wp\/v2\/product_brand?post=4363"},{"taxonomy":"product_cat","embeddable":true,"href":"https:\/\/www.godere.nl\/de\/wp-json\/wp\/v2\/product_cat?post=4363"},{"taxonomy":"product_tag","embeddable":true,"href":"https:\/\/www.godere.nl\/de\/wp-json\/wp\/v2\/product_tag?post=4363"}],"curies":[{"name":"wp","href":"https:\/\/api.w.org\/{rel}","templated":true}]}}