{"id":4370,"date":"2021-12-01T10:46:31","date_gmt":"2021-12-01T09:46:31","guid":{"rendered":"https:\/\/www.godere.nl\/?post_type=product&#038;p=4370"},"modified":"2026-04-29T15:44:05","modified_gmt":"2026-04-29T13:44:05","slug":"capperi-allaceto-lebonta-del-casale","status":"publish","type":"product","link":"https:\/\/www.godere.nl\/de\/produkt\/capperi-allaceto-lebonta-del-casale\/","title":{"rendered":"Capperi All\u00b4Aceto (LeBonta del Casale)"},"content":{"rendered":"<p><span data-contrast=\"auto\">Italienische Kapern<\/span><span data-ccp-props=\"{&quot;201341983&quot;:0,&quot;335551550&quot;:6,&quot;335551620&quot;:6,&quot;335559739&quot;:160,&quot;335559740&quot;:259}\">\u00a0<\/span><\/p>\n<p><span data-contrast=\"auto\">Der Capparis spinosa oder Kapernstrauch ist eine im Mittelmeerraum weit verbreitete Staude. Die winterharte Pflanze vertr\u00e4gt Sommertemperaturen von \u00fcber 40 Grad, w\u00e4chst aber auch in h\u00f6heren Lagen der Alpen. Die unge\u00f6ffneten jungen Bl\u00fctenknospen werden t\u00e4glich am fr\u00fchen Morgen geerntet. Seien Sie jedoch vorsichtig, wenn Sie sie in freier Wildbahn pfl\u00fccken, denn es gibt auch eine giftige Variante.<\/span><span data-ccp-props=\"{&quot;201341983&quot;:0,&quot;335551550&quot;:6,&quot;335551620&quot;:6,&quot;335559739&quot;:160,&quot;335559740&quot;:259}\">\u00a0<\/span><\/p>\n<p class=\"translation-block\">Die sauren italienischen Kapern Capperi all'aceto verleihen Saucen, Tapenaden, Fleisch, Fisch und Pizzen eine besondere Note. Es ist praktisch und lecker, sie immer zur Hand zu haben.<\/p>\n<p class=\"translation-block\">Kapern Capperi all'aceto sind auf Wasser und Weinessig in einem 180-Gramm-Glasgef\u00e4\u00df und werden einzeln geliefert.<\/p>\n<ul>\n<li data-leveltext=\"\uf0b7\" data-font=\"Symbol\" data-listid=\"2\" aria-setsize=\"-1\" data-aria-posinset=\"1\" data-aria-level=\"1\"><span data-contrast=\"auto\">Italienische Kapern mit Weinessig<\/span><b><span data-contrast=\"auto\">\u00a0Capperi\u00a0all\u2019aceto<\/span><\/b><span data-ccp-props=\"{&quot;134233279&quot;:true,&quot;201341983&quot;:0,&quot;335551550&quot;:6,&quot;335551620&quot;:6,&quot;335559739&quot;:160,&quot;335559740&quot;:259}\">\u00a0<\/span><\/li>\n<li data-leveltext=\"\uf0b7\" data-font=\"Symbol\" data-listid=\"1\" aria-setsize=\"-1\" data-aria-posinset=\"2\" data-aria-level=\"1\"><span data-contrast=\"auto\">Kapern, Weinessig, Wasser, Salz, Zitronens\u00e4ure und Ascorbins\u00e4ure (Vitamin C)<\/span><span data-ccp-props=\"{&quot;134233279&quot;:true,&quot;201341983&quot;:0,&quot;335559739&quot;:160,&quot;335559740&quot;:259}\">\u00a0<\/span><\/li>\n<li data-leveltext=\"\uf0b7\" data-font=\"Symbol\" data-listid=\"1\" aria-setsize=\"-1\" data-aria-posinset=\"3\" data-aria-level=\"1\"><span data-contrast=\"auto\">In einem 180-Gramm-Glasgef\u00e4\u00df<\/span><span data-ccp-props=\"{&quot;134233279&quot;:true,&quot;201341983&quot;:0,&quot;335559739&quot;:160,&quot;335559740&quot;:259}\">\u00a0<\/span><\/li>\n<li data-leveltext=\"\uf0b7\" data-font=\"Symbol\" data-listid=\"1\" aria-setsize=\"-1\" data-aria-posinset=\"4\" data-aria-level=\"1\"><span data-contrast=\"auto\">Laktose- und glutenfrei\u00a0<\/span><span data-ccp-props=\"{&quot;134233279&quot;:true,&quot;201341983&quot;:0,&quot;335559739&quot;:160,&quot;335559740&quot;:259}\">\u00a0<\/span><\/li>\n<li data-leveltext=\"\uf0b7\" data-font=\"Symbol\" data-listid=\"1\" aria-setsize=\"-1\" data-aria-posinset=\"5\" data-aria-level=\"1\"><span data-contrast=\"auto\">Leverancier: Le\u00a0Bont\u00e0\u00a0del\u00a0Casale<\/span><span data-ccp-props=\"{&quot;134233279&quot;:true,&quot;201341983&quot;:0,&quot;335559739&quot;:160,&quot;335559740&quot;:259}\">\u00a0<\/span><\/li>\n<\/ul>","protected":false},"excerpt":{"rendered":"<p>Italiaanse kappertjes\u00a0 De\u00a0Capparis\u00a0spinosa\u00a0of kappertjesstruik is een veelvoorkomende vaste plant in het Middellandse zeegebied. Deze sterke plant weerstaat zomerse temperaturen van meer dan 40 graden maar groeit ook hogerop in de Alpen. De ongeopende jonge bloemknopjes worden dagelijks in de vroege ochtend geoogst. Ben wel op je hoede als je ze in het wild gaat plukken &hellip; <br \/><a href=\"https:\/\/www.godere.nl\/de\/produkt\/capperi-allaceto-lebonta-del-casale\/\" class=\"more-link\">Continue reading <span class=\"screen-reader-text\">Capperi All\u00b4Aceto (LeBonta del Casale)<\/span><\/a><\/p>","protected":false},"featured_media":4475,"comment_status":"closed","ping_status":"closed","template":"","meta":{"_monsterinsights_skip_tracking":false,"_monsterinsights_sitenote_active":false,"_monsterinsights_sitenote_note":"","_monsterinsights_sitenote_category":0,"_glsr_average":0,"_glsr_ranking":0,"_glsr_reviews":0},"product_brand":[],"product_cat":[153],"product_tag":[],"class_list":{"0":"post-4370","1":"product","2":"type-product","3":"status-publish","4":"has-post-thumbnail","6":"product_cat-tapenades-en-antipasti","8":"first","9":"instock","10":"taxable","11":"shipping-taxable","12":"purchasable","13":"product-type-simple"},"yoast_head":"<!-- This site is optimized with the Yoast SEO plugin v27.3 - https:\/\/yoast.com\/product\/yoast-seo-wordpress\/ -->\n<title>Capperi All\u00b4Aceto (LeBonta del Casale) - Godere | Italiaans genieten!<\/title>\n<meta name=\"robots\" content=\"index, follow, max-snippet:-1, max-image-preview:large, max-video-preview:-1\" \/>\n<link rel=\"canonical\" href=\"https:\/\/www.godere.nl\/de\/produkt\/capperi-allaceto-lebonta-del-casale\/\" \/>\n<meta property=\"og:locale\" content=\"de_DE\" \/>\n<meta property=\"og:type\" content=\"article\" \/>\n<meta property=\"og:title\" content=\"Capperi All\u00b4Aceto (LeBonta del Casale) - Godere | Italiaans genieten!\" \/>\n<meta property=\"og:description\" content=\"Italiaanse kappertjes\u00a0 De\u00a0Capparis\u00a0spinosa\u00a0of kappertjesstruik is een veelvoorkomende vaste plant in het Middellandse zeegebied. Deze sterke plant weerstaat zomerse temperaturen van meer dan 40 graden maar groeit ook hogerop in de Alpen. De ongeopende jonge bloemknopjes worden dagelijks in de vroege ochtend geoogst. Ben wel op je hoede als je ze in het wild gaat plukken &hellip; Continue reading Capperi All\u00b4Aceto (LeBonta del Casale)\" \/>\n<meta property=\"og:url\" content=\"https:\/\/www.godere.nl\/de\/produkt\/capperi-allaceto-lebonta-del-casale\/\" \/>\n<meta property=\"og:site_name\" content=\"Godere | Italiaans genieten!\" \/>\n<meta property=\"article:publisher\" content=\"https:\/\/www.facebook.com\/godere.nl\" \/>\n<meta property=\"article:modified_time\" content=\"2026-04-29T13:44:05+00:00\" \/>\n<meta property=\"og:image\" content=\"https:\/\/www.godere.nl\/wp-content\/uploads\/2021\/12\/LeBonta-del-Casale-Capperi-allaceto-go.jpg\" \/>\n\t<meta property=\"og:image:width\" content=\"1124\" \/>\n\t<meta property=\"og:image:height\" content=\"1600\" \/>\n\t<meta property=\"og:image:type\" content=\"image\/jpeg\" \/>\n<meta name=\"twitter:card\" content=\"summary_large_image\" \/>\n<meta name=\"twitter:label1\" content=\"Gesch\u00e4tzte Lesezeit\" \/>\n\t<meta name=\"twitter:data1\" content=\"1\u00a0Minute\" \/>\n<script type=\"application\/ld+json\" class=\"yoast-schema-graph\">{\"@context\":\"https:\\\/\\\/schema.org\",\"@graph\":[{\"@type\":\"WebPage\",\"@id\":\"https:\\\/\\\/www.godere.nl\\\/product\\\/capperi-allaceto-lebonta-del-casale\\\/\",\"url\":\"https:\\\/\\\/www.godere.nl\\\/product\\\/capperi-allaceto-lebonta-del-casale\\\/\",\"name\":\"Capperi All\u00b4Aceto (LeBonta del Casale) - Godere | Italiaans genieten!\",\"isPartOf\":{\"@id\":\"https:\\\/\\\/www.godere.nl\\\/#website\"},\"primaryImageOfPage\":{\"@id\":\"https:\\\/\\\/www.godere.nl\\\/product\\\/capperi-allaceto-lebonta-del-casale\\\/#primaryimage\"},\"image\":{\"@id\":\"https:\\\/\\\/www.godere.nl\\\/product\\\/capperi-allaceto-lebonta-del-casale\\\/#primaryimage\"},\"thumbnailUrl\":\"https:\\\/\\\/www.godere.nl\\\/wp-content\\\/uploads\\\/2021\\\/12\\\/LeBonta-del-Casale-Capperi-allaceto-go.jpg\",\"datePublished\":\"2021-12-01T09:46:31+00:00\",\"dateModified\":\"2026-04-29T13:44:05+00:00\",\"breadcrumb\":{\"@id\":\"https:\\\/\\\/www.godere.nl\\\/product\\\/capperi-allaceto-lebonta-del-casale\\\/#breadcrumb\"},\"inLanguage\":\"de\",\"potentialAction\":[{\"@type\":\"ReadAction\",\"target\":[\"https:\\\/\\\/www.godere.nl\\\/product\\\/capperi-allaceto-lebonta-del-casale\\\/\"]}]},{\"@type\":\"ImageObject\",\"inLanguage\":\"de\",\"@id\":\"https:\\\/\\\/www.godere.nl\\\/product\\\/capperi-allaceto-lebonta-del-casale\\\/#primaryimage\",\"url\":\"https:\\\/\\\/www.godere.nl\\\/wp-content\\\/uploads\\\/2021\\\/12\\\/LeBonta-del-Casale-Capperi-allaceto-go.jpg\",\"contentUrl\":\"https:\\\/\\\/www.godere.nl\\\/wp-content\\\/uploads\\\/2021\\\/12\\\/LeBonta-del-Casale-Capperi-allaceto-go.jpg\",\"width\":1124,\"height\":1600},{\"@type\":\"BreadcrumbList\",\"@id\":\"https:\\\/\\\/www.godere.nl\\\/product\\\/capperi-allaceto-lebonta-del-casale\\\/#breadcrumb\",\"itemListElement\":[{\"@type\":\"ListItem\",\"position\":1,\"name\":\"Home\",\"item\":\"https:\\\/\\\/www.godere.nl\\\/\"},{\"@type\":\"ListItem\",\"position\":2,\"name\":\"Winkel\",\"item\":\"https:\\\/\\\/www.godere.nl\\\/winkel\\\/\"},{\"@type\":\"ListItem\",\"position\":3,\"name\":\"Capperi All\u00b4Aceto (LeBonta del Casale)\"}]},{\"@type\":\"WebSite\",\"@id\":\"https:\\\/\\\/www.godere.nl\\\/#website\",\"url\":\"https:\\\/\\\/www.godere.nl\\\/\",\"name\":\"Godere | Italiaans genieten!\",\"description\":\"\",\"publisher\":{\"@id\":\"https:\\\/\\\/www.godere.nl\\\/#organization\"},\"potentialAction\":[{\"@type\":\"SearchAction\",\"target\":{\"@type\":\"EntryPoint\",\"urlTemplate\":\"https:\\\/\\\/www.godere.nl\\\/?s={search_term_string}\"},\"query-input\":{\"@type\":\"PropertyValueSpecification\",\"valueRequired\":true,\"valueName\":\"search_term_string\"}}],\"inLanguage\":\"de\"},{\"@type\":\"Organization\",\"@id\":\"https:\\\/\\\/www.godere.nl\\\/#organization\",\"name\":\"Godere\",\"url\":\"https:\\\/\\\/www.godere.nl\\\/\",\"logo\":{\"@type\":\"ImageObject\",\"inLanguage\":\"de\",\"@id\":\"https:\\\/\\\/www.godere.nl\\\/#\\\/schema\\\/logo\\\/image\\\/\",\"url\":\"https:\\\/\\\/www.godere.nl\\\/wp-content\\\/uploads\\\/2022\\\/05\\\/GODERE-Granny-e1651842185822.png\",\"contentUrl\":\"https:\\\/\\\/www.godere.nl\\\/wp-content\\\/uploads\\\/2022\\\/05\\\/GODERE-Granny-e1651842185822.png\",\"width\":936,\"height\":408,\"caption\":\"Godere\"},\"image\":{\"@id\":\"https:\\\/\\\/www.godere.nl\\\/#\\\/schema\\\/logo\\\/image\\\/\"},\"sameAs\":[\"https:\\\/\\\/www.facebook.com\\\/godere.nl\"]}]}<\/script>\n<!-- \/ Yoast SEO plugin. -->","yoast_head_json":{"title":"Capperi All\u00b4Aceto (LeBonta del Casale) - Godere | Italiaans genieten!","robots":{"index":"index","follow":"follow","max-snippet":"max-snippet:-1","max-image-preview":"max-image-preview:large","max-video-preview":"max-video-preview:-1"},"canonical":"https:\/\/www.godere.nl\/de\/produkt\/capperi-allaceto-lebonta-del-casale\/","og_locale":"de_DE","og_type":"article","og_title":"Capperi All\u00b4Aceto (LeBonta del Casale) - Godere | Italiaans genieten!","og_description":"Italiaanse kappertjes\u00a0 De\u00a0Capparis\u00a0spinosa\u00a0of kappertjesstruik is een veelvoorkomende vaste plant in het Middellandse zeegebied. Deze sterke plant weerstaat zomerse temperaturen van meer dan 40 graden maar groeit ook hogerop in de Alpen. De ongeopende jonge bloemknopjes worden dagelijks in de vroege ochtend geoogst. Ben wel op je hoede als je ze in het wild gaat plukken &hellip; Continue reading Capperi All\u00b4Aceto (LeBonta del Casale)","og_url":"https:\/\/www.godere.nl\/de\/produkt\/capperi-allaceto-lebonta-del-casale\/","og_site_name":"Godere | Italiaans genieten!","article_publisher":"https:\/\/www.facebook.com\/godere.nl","article_modified_time":"2026-04-29T13:44:05+00:00","og_image":[{"width":1124,"height":1600,"url":"https:\/\/www.godere.nl\/wp-content\/uploads\/2021\/12\/LeBonta-del-Casale-Capperi-allaceto-go.jpg","type":"image\/jpeg"}],"twitter_card":"summary_large_image","twitter_misc":{"Gesch\u00e4tzte Lesezeit":"1\u00a0Minute"},"schema":{"@context":"https:\/\/schema.org","@graph":[{"@type":"WebPage","@id":"https:\/\/www.godere.nl\/product\/capperi-allaceto-lebonta-del-casale\/","url":"https:\/\/www.godere.nl\/product\/capperi-allaceto-lebonta-del-casale\/","name":"Capperi All\u00b4Aceto (LeBonta del Casale) - Godere | Italiaans genieten!","isPartOf":{"@id":"https:\/\/www.godere.nl\/#website"},"primaryImageOfPage":{"@id":"https:\/\/www.godere.nl\/product\/capperi-allaceto-lebonta-del-casale\/#primaryimage"},"image":{"@id":"https:\/\/www.godere.nl\/product\/capperi-allaceto-lebonta-del-casale\/#primaryimage"},"thumbnailUrl":"https:\/\/www.godere.nl\/wp-content\/uploads\/2021\/12\/LeBonta-del-Casale-Capperi-allaceto-go.jpg","datePublished":"2021-12-01T09:46:31+00:00","dateModified":"2026-04-29T13:44:05+00:00","breadcrumb":{"@id":"https:\/\/www.godere.nl\/product\/capperi-allaceto-lebonta-del-casale\/#breadcrumb"},"inLanguage":"de","potentialAction":[{"@type":"ReadAction","target":["https:\/\/www.godere.nl\/product\/capperi-allaceto-lebonta-del-casale\/"]}]},{"@type":"ImageObject","inLanguage":"de","@id":"https:\/\/www.godere.nl\/product\/capperi-allaceto-lebonta-del-casale\/#primaryimage","url":"https:\/\/www.godere.nl\/wp-content\/uploads\/2021\/12\/LeBonta-del-Casale-Capperi-allaceto-go.jpg","contentUrl":"https:\/\/www.godere.nl\/wp-content\/uploads\/2021\/12\/LeBonta-del-Casale-Capperi-allaceto-go.jpg","width":1124,"height":1600},{"@type":"BreadcrumbList","@id":"https:\/\/www.godere.nl\/product\/capperi-allaceto-lebonta-del-casale\/#breadcrumb","itemListElement":[{"@type":"ListItem","position":1,"name":"Home","item":"https:\/\/www.godere.nl\/"},{"@type":"ListItem","position":2,"name":"Winkel","item":"https:\/\/www.godere.nl\/winkel\/"},{"@type":"ListItem","position":3,"name":"Capperi All\u00b4Aceto (LeBonta del Casale)"}]},{"@type":"WebSite","@id":"https:\/\/www.godere.nl\/#website","url":"https:\/\/www.godere.nl\/","name":"Godere | Italiaans genieten!","description":"","publisher":{"@id":"https:\/\/www.godere.nl\/#organization"},"potentialAction":[{"@type":"SearchAction","target":{"@type":"EntryPoint","urlTemplate":"https:\/\/www.godere.nl\/?s={search_term_string}"},"query-input":{"@type":"PropertyValueSpecification","valueRequired":true,"valueName":"search_term_string"}}],"inLanguage":"de"},{"@type":"Organization","@id":"https:\/\/www.godere.nl\/#organization","name":"Godere","url":"https:\/\/www.godere.nl\/","logo":{"@type":"ImageObject","inLanguage":"de","@id":"https:\/\/www.godere.nl\/#\/schema\/logo\/image\/","url":"https:\/\/www.godere.nl\/wp-content\/uploads\/2022\/05\/GODERE-Granny-e1651842185822.png","contentUrl":"https:\/\/www.godere.nl\/wp-content\/uploads\/2022\/05\/GODERE-Granny-e1651842185822.png","width":936,"height":408,"caption":"Godere"},"image":{"@id":"https:\/\/www.godere.nl\/#\/schema\/logo\/image\/"},"sameAs":["https:\/\/www.facebook.com\/godere.nl"]}]}},"_links":{"self":[{"href":"https:\/\/www.godere.nl\/de\/wp-json\/wp\/v2\/product\/4370","targetHints":{"allow":["GET"]}}],"collection":[{"href":"https:\/\/www.godere.nl\/de\/wp-json\/wp\/v2\/product"}],"about":[{"href":"https:\/\/www.godere.nl\/de\/wp-json\/wp\/v2\/types\/product"}],"replies":[{"embeddable":true,"href":"https:\/\/www.godere.nl\/de\/wp-json\/wp\/v2\/comments?post=4370"}],"wp:featuredmedia":[{"embeddable":true,"href":"https:\/\/www.godere.nl\/de\/wp-json\/wp\/v2\/media\/4475"}],"wp:attachment":[{"href":"https:\/\/www.godere.nl\/de\/wp-json\/wp\/v2\/media?parent=4370"}],"wp:term":[{"taxonomy":"product_brand","embeddable":true,"href":"https:\/\/www.godere.nl\/de\/wp-json\/wp\/v2\/product_brand?post=4370"},{"taxonomy":"product_cat","embeddable":true,"href":"https:\/\/www.godere.nl\/de\/wp-json\/wp\/v2\/product_cat?post=4370"},{"taxonomy":"product_tag","embeddable":true,"href":"https:\/\/www.godere.nl\/de\/wp-json\/wp\/v2\/product_tag?post=4370"}],"curies":[{"name":"wp","href":"https:\/\/api.w.org\/{rel}","templated":true}]}}