{"id":4394,"date":"2021-12-20T11:39:23","date_gmt":"2021-12-20T10:39:23","guid":{"rendered":"https:\/\/www.godere.nl\/?post_type=product&#038;p=4394"},"modified":"2025-06-03T16:53:12","modified_gmt":"2025-06-03T14:53:12","slug":"cantucci-con-mandorle-cacao-le-dolcezze-di-nanni","status":"publish","type":"product","link":"https:\/\/www.godere.nl\/de\/produkt\/cantucci-con-mandorle-cacao-le-dolcezze-di-nanni\/","title":{"rendered":"Cantucci con Mandorle Cacao (Le dolcezze di Nanni)"},"content":{"rendered":"<p><span data-contrast=\"auto\">Schokoladen-Mandel-Keks<\/span><span data-ccp-props=\"{&quot;201341983&quot;:0,&quot;335559739&quot;:160,&quot;335559740&quot;:259}\">\u00a0<\/span><\/p>\n<p class=\"translation-block\">Der Cantucci-Biskuit wird von Hand zubereitet und hei\u00df geschnitten. Er ist eine Art Biscotti und wird daher zweimal gebacken. Biscotti bedeutet w\u00f6rtlich \u00fcbersetzt \"zweimal backen\". Der Ursprung von Cantucci liegt in der B\u00e4ckerei Fabbricante di Cantucci in Prato, Toskana.<\/p>\n<p><span data-contrast=\"auto\">Der\u00a0<\/span><b><span data-contrast=\"auto\">Cantucci\u00a0Mandorla\u00a0e Cacao\u00a0<\/span><\/b><span data-contrast=\"auto\">ist ein s\u00fc\u00dfes Mandelgeb\u00e4ck. Wir bieten Ihnen verschiedene Geschmacksrichtungen an: Zartbitter, Schokolade, Zitrone und Schoko-Orange.<\/span><span data-ccp-props=\"{&quot;201341983&quot;:0,&quot;335559739&quot;:160,&quot;335559740&quot;:259}\">\u00a0<\/span><\/p>\n<p class=\"translation-block\">Verschenken Sie Cantucci Mandorla Cocoa als Leckerbissen zu Kaffee oder Tee. In der Toskana wird er oft mit dem s\u00fc\u00dfen Dessertwein Vin Santo gegessen.<\/p>\n<p><span data-contrast=\"auto\">Het Italiaanse amandelkoekje met chocolade<\/span><b><span data-contrast=\"auto\">\u00a0Cantucci\u00a0Mandorla\u00a0e Cacao\u00a0<\/span><\/b><span data-contrast=\"auto\">zit in een vensterverpakking en weegt 200 gram.\u00a0<\/span><\/p>\n<ul>\n<li data-leveltext=\"\uf0b7\" data-font=\"Symbol\" data-listid=\"2\" aria-setsize=\"-1\" data-aria-posinset=\"1\" data-aria-level=\"1\" class=\"translation-block\">Italienisches Mandelgeb\u00e4ck mit Schokolade Cantucci Mandorla e Cacao<\/li>\n<li data-leveltext=\"\uf0b7\" data-font=\"Symbol\" data-listid=\"1\" aria-setsize=\"-1\" data-aria-posinset=\"2\" data-aria-level=\"1\"><span data-contrast=\"auto\">Aus Weizenmehl, 21% Mandeln, Zucker, Eiern, 4% Kakaopulver, Butter, Glukose-Fruktose-Sirup, Backtriebmittel E503, E500 und E450, Maisst\u00e4rke, Meersalz und nat\u00fcrlichem Vanille- und Kakaoaroma<\/span><span data-ccp-props=\"{&quot;134233279&quot;:true,&quot;201341983&quot;:0,&quot;335559739&quot;:160,&quot;335559740&quot;:259}\">\u00a0<\/span><\/li>\n<li data-leveltext=\"\uf0b7\" data-font=\"Symbol\" data-listid=\"1\" aria-setsize=\"-1\" data-aria-posinset=\"3\" data-aria-level=\"1\"><span data-contrast=\"auto\">Per verpakking van 200 gram<\/span><span data-ccp-props=\"{&quot;134233279&quot;:true,&quot;201341983&quot;:0,&quot;335559739&quot;:160,&quot;335559740&quot;:259}\">\u00a0<\/span><\/li>\n<li data-leveltext=\"\uf0b7\" data-font=\"Symbol\" data-listid=\"1\" aria-setsize=\"-1\" data-aria-posinset=\"4\" data-aria-level=\"1\"><span data-contrast=\"auto\">Leverancier:\u00a0Dolcezze\u00a0di\u00a0Nanni\u00a0<\/span><span data-ccp-props=\"{&quot;134233279&quot;:true,&quot;201341983&quot;:0,&quot;335559739&quot;:160,&quot;335559740&quot;:259}\">\u00a0<\/span><\/li>\n<\/ul>","protected":false},"excerpt":{"rendered":"<p>Chocolade amandelkoekje\u00a0 Het\u00a0Cantucci\u00a0koekje\u00a0wordt handmatig bereid en warm gesneden. Het is een type\u00a0biscotti\u00a0en wordt daarom twee keer gebakken.\u00a0Biscotti\u00a0betekent letterlijk vertaald \u201ctwee keer bakken\u201d. In de bakkerswinkel\u00a0Fabbricante\u00a0di\u00a0Cantucci\u00a0in het Toscaanse Prato\u00a0ligt de oorsprong van de\u00a0Cantucci.\u00a0 De\u00a0Cantucci\u00a0Mandorla\u00a0e Cacao\u00a0is een zoet amandelkoekje. Wij bieden jou verschillende smaken; naturel, chocolade, citroen en choco-sinaasappel.\u00a0 Geef\u00a0Cantucci\u00a0Mandorla\u00a0Cacao\u00a0als traktatie\u00a0bij\u00a0de\u00a0koffie of thee. In Toscane wordt het &hellip; <br \/><a href=\"https:\/\/www.godere.nl\/de\/produkt\/cantucci-con-mandorle-cacao-le-dolcezze-di-nanni\/\" class=\"more-link\">Continue reading <span class=\"screen-reader-text\">Cantucci con Mandorle Cacao (Le dolcezze di Nanni)<\/span><\/a><\/p>","protected":false},"featured_media":4569,"comment_status":"closed","ping_status":"closed","template":"","meta":{"_monsterinsights_skip_tracking":false,"_monsterinsights_sitenote_active":false,"_monsterinsights_sitenote_note":"","_monsterinsights_sitenote_category":0,"_glsr_average":0,"_glsr_ranking":0,"_glsr_reviews":0},"product_brand":[],"product_cat":[265],"product_tag":[],"class_list":{"0":"post-4394","1":"product","2":"type-product","3":"status-publish","4":"has-post-thumbnail","6":"product_cat-koekjes-en-gebak","8":"first","9":"onbackorder","10":"taxable","11":"shipping-taxable","12":"purchasable","13":"product-type-simple"},"yoast_head":"<!-- This site is optimized with the Yoast SEO plugin v27.3 - https:\/\/yoast.com\/product\/yoast-seo-wordpress\/ -->\n<title>Cantucci con Mandorle Cacao (Le dolcezze di Nanni) - Godere | Italiaans genieten!<\/title>\n<meta name=\"robots\" content=\"index, follow, max-snippet:-1, max-image-preview:large, max-video-preview:-1\" \/>\n<link rel=\"canonical\" href=\"https:\/\/www.godere.nl\/de\/produkt\/cantucci-con-mandorle-cacao-le-dolcezze-di-nanni\/\" \/>\n<meta property=\"og:locale\" content=\"de_DE\" \/>\n<meta property=\"og:type\" content=\"article\" \/>\n<meta property=\"og:title\" content=\"Cantucci con Mandorle Cacao (Le dolcezze di Nanni) - Godere | Italiaans genieten!\" \/>\n<meta property=\"og:description\" content=\"Chocolade amandelkoekje\u00a0 Het\u00a0Cantucci\u00a0koekje\u00a0wordt handmatig bereid en warm gesneden. Het is een type\u00a0biscotti\u00a0en wordt daarom twee keer gebakken.\u00a0Biscotti\u00a0betekent letterlijk vertaald \u201ctwee keer bakken\u201d. In de bakkerswinkel\u00a0Fabbricante\u00a0di\u00a0Cantucci\u00a0in het Toscaanse Prato\u00a0ligt de oorsprong van de\u00a0Cantucci.\u00a0 De\u00a0Cantucci\u00a0Mandorla\u00a0e Cacao\u00a0is een zoet amandelkoekje. Wij bieden jou verschillende smaken; naturel, chocolade, citroen en choco-sinaasappel.\u00a0 Geef\u00a0Cantucci\u00a0Mandorla\u00a0Cacao\u00a0als traktatie\u00a0bij\u00a0de\u00a0koffie of thee. In Toscane wordt het &hellip; Continue reading Cantucci con Mandorle Cacao (Le dolcezze di Nanni)\" \/>\n<meta property=\"og:url\" content=\"https:\/\/www.godere.nl\/de\/produkt\/cantucci-con-mandorle-cacao-le-dolcezze-di-nanni\/\" \/>\n<meta property=\"og:site_name\" content=\"Godere | Italiaans genieten!\" \/>\n<meta property=\"article:publisher\" content=\"https:\/\/www.facebook.com\/godere.nl\" \/>\n<meta property=\"article:modified_time\" content=\"2025-06-03T14:53:12+00:00\" \/>\n<meta property=\"og:image\" content=\"https:\/\/www.godere.nl\/wp-content\/uploads\/2021\/12\/Cantucci-Cacao-final.jpg\" \/>\n\t<meta property=\"og:image:width\" content=\"1128\" \/>\n\t<meta property=\"og:image:height\" content=\"1600\" \/>\n\t<meta property=\"og:image:type\" content=\"image\/jpeg\" \/>\n<meta name=\"twitter:card\" content=\"summary_large_image\" \/>\n<meta name=\"twitter:label1\" content=\"Gesch\u00e4tzte Lesezeit\" \/>\n\t<meta name=\"twitter:data1\" content=\"1\u00a0Minute\" \/>\n<script type=\"application\/ld+json\" class=\"yoast-schema-graph\">{\"@context\":\"https:\\\/\\\/schema.org\",\"@graph\":[{\"@type\":\"WebPage\",\"@id\":\"https:\\\/\\\/www.godere.nl\\\/product\\\/cantucci-con-mandorle-cacao-le-dolcezze-di-nanni\\\/\",\"url\":\"https:\\\/\\\/www.godere.nl\\\/product\\\/cantucci-con-mandorle-cacao-le-dolcezze-di-nanni\\\/\",\"name\":\"Cantucci con Mandorle Cacao (Le dolcezze di Nanni) - Godere | Italiaans genieten!\",\"isPartOf\":{\"@id\":\"https:\\\/\\\/www.godere.nl\\\/#website\"},\"primaryImageOfPage\":{\"@id\":\"https:\\\/\\\/www.godere.nl\\\/product\\\/cantucci-con-mandorle-cacao-le-dolcezze-di-nanni\\\/#primaryimage\"},\"image\":{\"@id\":\"https:\\\/\\\/www.godere.nl\\\/product\\\/cantucci-con-mandorle-cacao-le-dolcezze-di-nanni\\\/#primaryimage\"},\"thumbnailUrl\":\"https:\\\/\\\/www.godere.nl\\\/wp-content\\\/uploads\\\/2021\\\/12\\\/Cantucci-Cacao-final.jpg\",\"datePublished\":\"2021-12-20T10:39:23+00:00\",\"dateModified\":\"2025-06-03T14:53:12+00:00\",\"breadcrumb\":{\"@id\":\"https:\\\/\\\/www.godere.nl\\\/product\\\/cantucci-con-mandorle-cacao-le-dolcezze-di-nanni\\\/#breadcrumb\"},\"inLanguage\":\"de\",\"potentialAction\":[{\"@type\":\"ReadAction\",\"target\":[\"https:\\\/\\\/www.godere.nl\\\/product\\\/cantucci-con-mandorle-cacao-le-dolcezze-di-nanni\\\/\"]}]},{\"@type\":\"ImageObject\",\"inLanguage\":\"de\",\"@id\":\"https:\\\/\\\/www.godere.nl\\\/product\\\/cantucci-con-mandorle-cacao-le-dolcezze-di-nanni\\\/#primaryimage\",\"url\":\"https:\\\/\\\/www.godere.nl\\\/wp-content\\\/uploads\\\/2021\\\/12\\\/Cantucci-Cacao-final.jpg\",\"contentUrl\":\"https:\\\/\\\/www.godere.nl\\\/wp-content\\\/uploads\\\/2021\\\/12\\\/Cantucci-Cacao-final.jpg\",\"width\":1128,\"height\":1600},{\"@type\":\"BreadcrumbList\",\"@id\":\"https:\\\/\\\/www.godere.nl\\\/product\\\/cantucci-con-mandorle-cacao-le-dolcezze-di-nanni\\\/#breadcrumb\",\"itemListElement\":[{\"@type\":\"ListItem\",\"position\":1,\"name\":\"Home\",\"item\":\"https:\\\/\\\/www.godere.nl\\\/\"},{\"@type\":\"ListItem\",\"position\":2,\"name\":\"Winkel\",\"item\":\"https:\\\/\\\/www.godere.nl\\\/winkel\\\/\"},{\"@type\":\"ListItem\",\"position\":3,\"name\":\"Cantucci con Mandorle Cacao (Le dolcezze di Nanni)\"}]},{\"@type\":\"WebSite\",\"@id\":\"https:\\\/\\\/www.godere.nl\\\/#website\",\"url\":\"https:\\\/\\\/www.godere.nl\\\/\",\"name\":\"Godere | Italiaans genieten!\",\"description\":\"\",\"publisher\":{\"@id\":\"https:\\\/\\\/www.godere.nl\\\/#organization\"},\"potentialAction\":[{\"@type\":\"SearchAction\",\"target\":{\"@type\":\"EntryPoint\",\"urlTemplate\":\"https:\\\/\\\/www.godere.nl\\\/?s={search_term_string}\"},\"query-input\":{\"@type\":\"PropertyValueSpecification\",\"valueRequired\":true,\"valueName\":\"search_term_string\"}}],\"inLanguage\":\"de\"},{\"@type\":\"Organization\",\"@id\":\"https:\\\/\\\/www.godere.nl\\\/#organization\",\"name\":\"Godere\",\"url\":\"https:\\\/\\\/www.godere.nl\\\/\",\"logo\":{\"@type\":\"ImageObject\",\"inLanguage\":\"de\",\"@id\":\"https:\\\/\\\/www.godere.nl\\\/#\\\/schema\\\/logo\\\/image\\\/\",\"url\":\"https:\\\/\\\/www.godere.nl\\\/wp-content\\\/uploads\\\/2022\\\/05\\\/GODERE-Granny-e1651842185822.png\",\"contentUrl\":\"https:\\\/\\\/www.godere.nl\\\/wp-content\\\/uploads\\\/2022\\\/05\\\/GODERE-Granny-e1651842185822.png\",\"width\":936,\"height\":408,\"caption\":\"Godere\"},\"image\":{\"@id\":\"https:\\\/\\\/www.godere.nl\\\/#\\\/schema\\\/logo\\\/image\\\/\"},\"sameAs\":[\"https:\\\/\\\/www.facebook.com\\\/godere.nl\"]}]}<\/script>\n<!-- \/ Yoast SEO plugin. -->","yoast_head_json":{"title":"Cantucci con Mandorle Cacao (Le dolcezze di Nanni) - Godere | Italiaans genieten!","robots":{"index":"index","follow":"follow","max-snippet":"max-snippet:-1","max-image-preview":"max-image-preview:large","max-video-preview":"max-video-preview:-1"},"canonical":"https:\/\/www.godere.nl\/de\/produkt\/cantucci-con-mandorle-cacao-le-dolcezze-di-nanni\/","og_locale":"de_DE","og_type":"article","og_title":"Cantucci con Mandorle Cacao (Le dolcezze di Nanni) - Godere | Italiaans genieten!","og_description":"Chocolade amandelkoekje\u00a0 Het\u00a0Cantucci\u00a0koekje\u00a0wordt handmatig bereid en warm gesneden. Het is een type\u00a0biscotti\u00a0en wordt daarom twee keer gebakken.\u00a0Biscotti\u00a0betekent letterlijk vertaald \u201ctwee keer bakken\u201d. In de bakkerswinkel\u00a0Fabbricante\u00a0di\u00a0Cantucci\u00a0in het Toscaanse Prato\u00a0ligt de oorsprong van de\u00a0Cantucci.\u00a0 De\u00a0Cantucci\u00a0Mandorla\u00a0e Cacao\u00a0is een zoet amandelkoekje. Wij bieden jou verschillende smaken; naturel, chocolade, citroen en choco-sinaasappel.\u00a0 Geef\u00a0Cantucci\u00a0Mandorla\u00a0Cacao\u00a0als traktatie\u00a0bij\u00a0de\u00a0koffie of thee. In Toscane wordt het &hellip; Continue reading Cantucci con Mandorle Cacao (Le dolcezze di Nanni)","og_url":"https:\/\/www.godere.nl\/de\/produkt\/cantucci-con-mandorle-cacao-le-dolcezze-di-nanni\/","og_site_name":"Godere | Italiaans genieten!","article_publisher":"https:\/\/www.facebook.com\/godere.nl","article_modified_time":"2025-06-03T14:53:12+00:00","og_image":[{"width":1128,"height":1600,"url":"https:\/\/www.godere.nl\/wp-content\/uploads\/2021\/12\/Cantucci-Cacao-final.jpg","type":"image\/jpeg"}],"twitter_card":"summary_large_image","twitter_misc":{"Gesch\u00e4tzte Lesezeit":"1\u00a0Minute"},"schema":{"@context":"https:\/\/schema.org","@graph":[{"@type":"WebPage","@id":"https:\/\/www.godere.nl\/product\/cantucci-con-mandorle-cacao-le-dolcezze-di-nanni\/","url":"https:\/\/www.godere.nl\/product\/cantucci-con-mandorle-cacao-le-dolcezze-di-nanni\/","name":"Cantucci con Mandorle Cacao (Le dolcezze di Nanni) - Godere | Italiaans genieten!","isPartOf":{"@id":"https:\/\/www.godere.nl\/#website"},"primaryImageOfPage":{"@id":"https:\/\/www.godere.nl\/product\/cantucci-con-mandorle-cacao-le-dolcezze-di-nanni\/#primaryimage"},"image":{"@id":"https:\/\/www.godere.nl\/product\/cantucci-con-mandorle-cacao-le-dolcezze-di-nanni\/#primaryimage"},"thumbnailUrl":"https:\/\/www.godere.nl\/wp-content\/uploads\/2021\/12\/Cantucci-Cacao-final.jpg","datePublished":"2021-12-20T10:39:23+00:00","dateModified":"2025-06-03T14:53:12+00:00","breadcrumb":{"@id":"https:\/\/www.godere.nl\/product\/cantucci-con-mandorle-cacao-le-dolcezze-di-nanni\/#breadcrumb"},"inLanguage":"de","potentialAction":[{"@type":"ReadAction","target":["https:\/\/www.godere.nl\/product\/cantucci-con-mandorle-cacao-le-dolcezze-di-nanni\/"]}]},{"@type":"ImageObject","inLanguage":"de","@id":"https:\/\/www.godere.nl\/product\/cantucci-con-mandorle-cacao-le-dolcezze-di-nanni\/#primaryimage","url":"https:\/\/www.godere.nl\/wp-content\/uploads\/2021\/12\/Cantucci-Cacao-final.jpg","contentUrl":"https:\/\/www.godere.nl\/wp-content\/uploads\/2021\/12\/Cantucci-Cacao-final.jpg","width":1128,"height":1600},{"@type":"BreadcrumbList","@id":"https:\/\/www.godere.nl\/product\/cantucci-con-mandorle-cacao-le-dolcezze-di-nanni\/#breadcrumb","itemListElement":[{"@type":"ListItem","position":1,"name":"Home","item":"https:\/\/www.godere.nl\/"},{"@type":"ListItem","position":2,"name":"Winkel","item":"https:\/\/www.godere.nl\/winkel\/"},{"@type":"ListItem","position":3,"name":"Cantucci con Mandorle Cacao (Le dolcezze di Nanni)"}]},{"@type":"WebSite","@id":"https:\/\/www.godere.nl\/#website","url":"https:\/\/www.godere.nl\/","name":"Godere | Italiaans genieten!","description":"","publisher":{"@id":"https:\/\/www.godere.nl\/#organization"},"potentialAction":[{"@type":"SearchAction","target":{"@type":"EntryPoint","urlTemplate":"https:\/\/www.godere.nl\/?s={search_term_string}"},"query-input":{"@type":"PropertyValueSpecification","valueRequired":true,"valueName":"search_term_string"}}],"inLanguage":"de"},{"@type":"Organization","@id":"https:\/\/www.godere.nl\/#organization","name":"Godere","url":"https:\/\/www.godere.nl\/","logo":{"@type":"ImageObject","inLanguage":"de","@id":"https:\/\/www.godere.nl\/#\/schema\/logo\/image\/","url":"https:\/\/www.godere.nl\/wp-content\/uploads\/2022\/05\/GODERE-Granny-e1651842185822.png","contentUrl":"https:\/\/www.godere.nl\/wp-content\/uploads\/2022\/05\/GODERE-Granny-e1651842185822.png","width":936,"height":408,"caption":"Godere"},"image":{"@id":"https:\/\/www.godere.nl\/#\/schema\/logo\/image\/"},"sameAs":["https:\/\/www.facebook.com\/godere.nl"]}]}},"_links":{"self":[{"href":"https:\/\/www.godere.nl\/de\/wp-json\/wp\/v2\/product\/4394","targetHints":{"allow":["GET"]}}],"collection":[{"href":"https:\/\/www.godere.nl\/de\/wp-json\/wp\/v2\/product"}],"about":[{"href":"https:\/\/www.godere.nl\/de\/wp-json\/wp\/v2\/types\/product"}],"replies":[{"embeddable":true,"href":"https:\/\/www.godere.nl\/de\/wp-json\/wp\/v2\/comments?post=4394"}],"wp:featuredmedia":[{"embeddable":true,"href":"https:\/\/www.godere.nl\/de\/wp-json\/wp\/v2\/media\/4569"}],"wp:attachment":[{"href":"https:\/\/www.godere.nl\/de\/wp-json\/wp\/v2\/media?parent=4394"}],"wp:term":[{"taxonomy":"product_brand","embeddable":true,"href":"https:\/\/www.godere.nl\/de\/wp-json\/wp\/v2\/product_brand?post=4394"},{"taxonomy":"product_cat","embeddable":true,"href":"https:\/\/www.godere.nl\/de\/wp-json\/wp\/v2\/product_cat?post=4394"},{"taxonomy":"product_tag","embeddable":true,"href":"https:\/\/www.godere.nl\/de\/wp-json\/wp\/v2\/product_tag?post=4394"}],"curies":[{"name":"wp","href":"https:\/\/api.w.org\/{rel}","templated":true}]}}