{"id":4398,"date":"2021-12-21T09:27:48","date_gmt":"2021-12-21T08:27:48","guid":{"rendered":"https:\/\/www.godere.nl\/?post_type=product&#038;p=4398"},"modified":"2025-09-19T09:57:16","modified_gmt":"2025-09-19T07:57:16","slug":"salame-allaglio-gianni-negrini","status":"publish","type":"product","link":"https:\/\/www.godere.nl\/de\/produkt\/salame-allaglio-gianni-negrini\/","title":{"rendered":"Salame all&#8217;AGLIO (Gianni Negrini)"},"content":{"rendered":"<p class=\"translation-block\">Was gut ist, muss man sch\u00e4tzen; die Salame all'Aglio Toscano ist ein echter, dauerhafter Klassiker. Die Salami-Tradition von Negrini geht auf das Jahr 1955 zur\u00fcck, als Angelo Negrini mit der Zubereitung von Feinkost begann. Diese Salami ist also von Tradition und Handwerk gepr\u00e4gt. Mittelgrob gemahlen, bietet die kleine Salame all'Aglio aus der Toskana einen vollen Knoblauchgeschmack.<\/p>\n<p class=\"translation-block\">Der Salame all'Aglio Toscano ist eine herrliche Knoblauchsalami, die mit Meersalz, Pfeffer, mediterranen Kr\u00e4utern und nat\u00fcrlich Knoblauch gew\u00fcrzt ist. Er besteht aus 100% magerem Schweinefleisch, das mit Speckst\u00fccken vermischt ist. Der traditionell zubereitete Salame all'Aglio Toscano schmeckt besonders gut als Antipasto oder als pikante Erg\u00e4nzung zu Ihrer Pizza.<\/p>\n<ul>\n<li>Handwerklich zubereitete toskanische <strong>Salame all\u2019Aglio<\/strong><\/li>\n<li>Voller Geschmack von Knoblauch, Meersalz, Pfeffer und mediterranen Kr\u00e4utern<\/li>\n<li>125 gram<\/li>\n<li>Laktose- und glutenfrei<\/li>\n<li>Leverancier: Negrini<\/li>\n<\/ul>","protected":false},"excerpt":{"rendered":"<p>Wat goed is moet je koesteren; de Salame all\u2019Aglio Toscano is een \u00e8chte, blijvende klassieker. De salamitraditie van Negrini gaat terug tot het jaar 1955 toen Angelo Negrini met de bereiding van fijne vleeswaren begon. Deze salami is dus doorspekt met traditie en ambacht. Medium grofgemalen biedt de kleine Salame all\u2019Aglio uit Toscane een volle &hellip; <br \/><a href=\"https:\/\/www.godere.nl\/de\/produkt\/salame-allaglio-gianni-negrini\/\" class=\"more-link\">Continue reading <span class=\"screen-reader-text\">Salame all&#8217;AGLIO (Gianni Negrini)<\/span><\/a><\/p>","protected":false},"featured_media":4580,"comment_status":"closed","ping_status":"closed","template":"","meta":{"_monsterinsights_skip_tracking":false,"_monsterinsights_sitenote_active":false,"_monsterinsights_sitenote_note":"","_monsterinsights_sitenote_category":0,"_glsr_average":0,"_glsr_ranking":0,"_glsr_reviews":0},"product_brand":[],"product_cat":[93],"product_tag":[],"class_list":{"0":"post-4398","1":"product","2":"type-product","3":"status-publish","4":"has-post-thumbnail","6":"product_cat-kaas-en-vleeswaren","8":"first","9":"onbackorder","10":"taxable","11":"shipping-taxable","12":"purchasable","13":"product-type-simple"},"yoast_head":"<!-- This site is optimized with the Yoast SEO plugin v27.3 - https:\/\/yoast.com\/product\/yoast-seo-wordpress\/ -->\n<title>Salame all&#039;AGLIO (Gianni Negrini) - Godere | Italiaans genieten!<\/title>\n<meta name=\"description\" content=\"Deze salame is heerlijk van smaak. Een mooi gekruid worstje die zelfs te gebruiken is in pasta gerechten.Salame all&#039;AGLIO(Gianni Negrini)\" \/>\n<meta name=\"robots\" content=\"index, follow, max-snippet:-1, max-image-preview:large, max-video-preview:-1\" \/>\n<link rel=\"canonical\" href=\"https:\/\/www.godere.nl\/de\/produkt\/salame-allaglio-gianni-negrini\/\" \/>\n<meta property=\"og:locale\" content=\"de_DE\" \/>\n<meta property=\"og:type\" content=\"article\" \/>\n<meta property=\"og:title\" content=\"Salame all&#039;AGLIO (Gianni Negrini) - Godere | Italiaans genieten!\" \/>\n<meta property=\"og:description\" content=\"Deze salame is heerlijk van smaak. Een mooi gekruid worstje die zelfs te gebruiken is in pasta gerechten.Salame all&#039;AGLIO(Gianni Negrini)\" \/>\n<meta property=\"og:url\" content=\"https:\/\/www.godere.nl\/de\/produkt\/salame-allaglio-gianni-negrini\/\" \/>\n<meta property=\"og:site_name\" content=\"Godere | Italiaans genieten!\" \/>\n<meta property=\"article:publisher\" content=\"https:\/\/www.facebook.com\/godere.nl\" \/>\n<meta property=\"article:modified_time\" content=\"2025-09-19T07:57:16+00:00\" \/>\n<meta property=\"og:image\" content=\"https:\/\/www.godere.nl\/wp-content\/uploads\/2021\/12\/Salame-all-Aglio-final.jpg\" \/>\n\t<meta property=\"og:image:width\" content=\"1074\" \/>\n\t<meta property=\"og:image:height\" content=\"1600\" \/>\n\t<meta property=\"og:image:type\" content=\"image\/jpeg\" \/>\n<meta name=\"twitter:card\" content=\"summary_large_image\" \/>\n<meta name=\"twitter:label1\" content=\"Gesch\u00e4tzte Lesezeit\" \/>\n\t<meta name=\"twitter:data1\" content=\"1\u00a0Minute\" \/>\n<script type=\"application\/ld+json\" class=\"yoast-schema-graph\">{\"@context\":\"https:\\\/\\\/schema.org\",\"@graph\":[{\"@type\":\"WebPage\",\"@id\":\"https:\\\/\\\/www.godere.nl\\\/product\\\/salame-allaglio-gianni-negrini\\\/\",\"url\":\"https:\\\/\\\/www.godere.nl\\\/product\\\/salame-allaglio-gianni-negrini\\\/\",\"name\":\"Salame all'AGLIO (Gianni Negrini) - Godere | Italiaans genieten!\",\"isPartOf\":{\"@id\":\"https:\\\/\\\/www.godere.nl\\\/#website\"},\"primaryImageOfPage\":{\"@id\":\"https:\\\/\\\/www.godere.nl\\\/product\\\/salame-allaglio-gianni-negrini\\\/#primaryimage\"},\"image\":{\"@id\":\"https:\\\/\\\/www.godere.nl\\\/product\\\/salame-allaglio-gianni-negrini\\\/#primaryimage\"},\"thumbnailUrl\":\"https:\\\/\\\/www.godere.nl\\\/wp-content\\\/uploads\\\/2021\\\/12\\\/Salame-all-Aglio-final.jpg\",\"datePublished\":\"2021-12-21T08:27:48+00:00\",\"dateModified\":\"2025-09-19T07:57:16+00:00\",\"description\":\"Deze salame is heerlijk van smaak. Een mooi gekruid worstje die zelfs te gebruiken is in pasta gerechten.Salame all'AGLIO(Gianni Negrini)\",\"breadcrumb\":{\"@id\":\"https:\\\/\\\/www.godere.nl\\\/product\\\/salame-allaglio-gianni-negrini\\\/#breadcrumb\"},\"inLanguage\":\"de\",\"potentialAction\":[{\"@type\":\"ReadAction\",\"target\":[\"https:\\\/\\\/www.godere.nl\\\/product\\\/salame-allaglio-gianni-negrini\\\/\"]}]},{\"@type\":\"ImageObject\",\"inLanguage\":\"de\",\"@id\":\"https:\\\/\\\/www.godere.nl\\\/product\\\/salame-allaglio-gianni-negrini\\\/#primaryimage\",\"url\":\"https:\\\/\\\/www.godere.nl\\\/wp-content\\\/uploads\\\/2021\\\/12\\\/Salame-all-Aglio-final.jpg\",\"contentUrl\":\"https:\\\/\\\/www.godere.nl\\\/wp-content\\\/uploads\\\/2021\\\/12\\\/Salame-all-Aglio-final.jpg\",\"width\":1074,\"height\":1600},{\"@type\":\"BreadcrumbList\",\"@id\":\"https:\\\/\\\/www.godere.nl\\\/product\\\/salame-allaglio-gianni-negrini\\\/#breadcrumb\",\"itemListElement\":[{\"@type\":\"ListItem\",\"position\":1,\"name\":\"Home\",\"item\":\"https:\\\/\\\/www.godere.nl\\\/\"},{\"@type\":\"ListItem\",\"position\":2,\"name\":\"Winkel\",\"item\":\"https:\\\/\\\/www.godere.nl\\\/winkel\\\/\"},{\"@type\":\"ListItem\",\"position\":3,\"name\":\"Salame all&#8217;AGLIO (Gianni Negrini)\"}]},{\"@type\":\"WebSite\",\"@id\":\"https:\\\/\\\/www.godere.nl\\\/#website\",\"url\":\"https:\\\/\\\/www.godere.nl\\\/\",\"name\":\"Godere | Italiaans genieten!\",\"description\":\"\",\"publisher\":{\"@id\":\"https:\\\/\\\/www.godere.nl\\\/#organization\"},\"potentialAction\":[{\"@type\":\"SearchAction\",\"target\":{\"@type\":\"EntryPoint\",\"urlTemplate\":\"https:\\\/\\\/www.godere.nl\\\/?s={search_term_string}\"},\"query-input\":{\"@type\":\"PropertyValueSpecification\",\"valueRequired\":true,\"valueName\":\"search_term_string\"}}],\"inLanguage\":\"de\"},{\"@type\":\"Organization\",\"@id\":\"https:\\\/\\\/www.godere.nl\\\/#organization\",\"name\":\"Godere\",\"url\":\"https:\\\/\\\/www.godere.nl\\\/\",\"logo\":{\"@type\":\"ImageObject\",\"inLanguage\":\"de\",\"@id\":\"https:\\\/\\\/www.godere.nl\\\/#\\\/schema\\\/logo\\\/image\\\/\",\"url\":\"https:\\\/\\\/www.godere.nl\\\/wp-content\\\/uploads\\\/2022\\\/05\\\/GODERE-Granny-e1651842185822.png\",\"contentUrl\":\"https:\\\/\\\/www.godere.nl\\\/wp-content\\\/uploads\\\/2022\\\/05\\\/GODERE-Granny-e1651842185822.png\",\"width\":936,\"height\":408,\"caption\":\"Godere\"},\"image\":{\"@id\":\"https:\\\/\\\/www.godere.nl\\\/#\\\/schema\\\/logo\\\/image\\\/\"},\"sameAs\":[\"https:\\\/\\\/www.facebook.com\\\/godere.nl\"]}]}<\/script>\n<!-- \/ Yoast SEO plugin. -->","yoast_head_json":{"title":"Salame all'AGLIO (Gianni Negrini) - Godere | Italiaans genieten!","description":"Deze salame is heerlijk van smaak. Een mooi gekruid worstje die zelfs te gebruiken is in pasta gerechten.Salame all'AGLIO(Gianni Negrini)","robots":{"index":"index","follow":"follow","max-snippet":"max-snippet:-1","max-image-preview":"max-image-preview:large","max-video-preview":"max-video-preview:-1"},"canonical":"https:\/\/www.godere.nl\/de\/produkt\/salame-allaglio-gianni-negrini\/","og_locale":"de_DE","og_type":"article","og_title":"Salame all'AGLIO (Gianni Negrini) - Godere | Italiaans genieten!","og_description":"Deze salame is heerlijk van smaak. Een mooi gekruid worstje die zelfs te gebruiken is in pasta gerechten.Salame all'AGLIO(Gianni Negrini)","og_url":"https:\/\/www.godere.nl\/de\/produkt\/salame-allaglio-gianni-negrini\/","og_site_name":"Godere | Italiaans genieten!","article_publisher":"https:\/\/www.facebook.com\/godere.nl","article_modified_time":"2025-09-19T07:57:16+00:00","og_image":[{"width":1074,"height":1600,"url":"https:\/\/www.godere.nl\/wp-content\/uploads\/2021\/12\/Salame-all-Aglio-final.jpg","type":"image\/jpeg"}],"twitter_card":"summary_large_image","twitter_misc":{"Gesch\u00e4tzte Lesezeit":"1\u00a0Minute"},"schema":{"@context":"https:\/\/schema.org","@graph":[{"@type":"WebPage","@id":"https:\/\/www.godere.nl\/product\/salame-allaglio-gianni-negrini\/","url":"https:\/\/www.godere.nl\/product\/salame-allaglio-gianni-negrini\/","name":"Salame all'AGLIO (Gianni Negrini) - Godere | Italiaans genieten!","isPartOf":{"@id":"https:\/\/www.godere.nl\/#website"},"primaryImageOfPage":{"@id":"https:\/\/www.godere.nl\/product\/salame-allaglio-gianni-negrini\/#primaryimage"},"image":{"@id":"https:\/\/www.godere.nl\/product\/salame-allaglio-gianni-negrini\/#primaryimage"},"thumbnailUrl":"https:\/\/www.godere.nl\/wp-content\/uploads\/2021\/12\/Salame-all-Aglio-final.jpg","datePublished":"2021-12-21T08:27:48+00:00","dateModified":"2025-09-19T07:57:16+00:00","description":"Deze salame is heerlijk van smaak. Een mooi gekruid worstje die zelfs te gebruiken is in pasta gerechten.Salame all'AGLIO(Gianni Negrini)","breadcrumb":{"@id":"https:\/\/www.godere.nl\/product\/salame-allaglio-gianni-negrini\/#breadcrumb"},"inLanguage":"de","potentialAction":[{"@type":"ReadAction","target":["https:\/\/www.godere.nl\/product\/salame-allaglio-gianni-negrini\/"]}]},{"@type":"ImageObject","inLanguage":"de","@id":"https:\/\/www.godere.nl\/product\/salame-allaglio-gianni-negrini\/#primaryimage","url":"https:\/\/www.godere.nl\/wp-content\/uploads\/2021\/12\/Salame-all-Aglio-final.jpg","contentUrl":"https:\/\/www.godere.nl\/wp-content\/uploads\/2021\/12\/Salame-all-Aglio-final.jpg","width":1074,"height":1600},{"@type":"BreadcrumbList","@id":"https:\/\/www.godere.nl\/product\/salame-allaglio-gianni-negrini\/#breadcrumb","itemListElement":[{"@type":"ListItem","position":1,"name":"Home","item":"https:\/\/www.godere.nl\/"},{"@type":"ListItem","position":2,"name":"Winkel","item":"https:\/\/www.godere.nl\/winkel\/"},{"@type":"ListItem","position":3,"name":"Salame all&#8217;AGLIO (Gianni Negrini)"}]},{"@type":"WebSite","@id":"https:\/\/www.godere.nl\/#website","url":"https:\/\/www.godere.nl\/","name":"Godere | Italiaans genieten!","description":"","publisher":{"@id":"https:\/\/www.godere.nl\/#organization"},"potentialAction":[{"@type":"SearchAction","target":{"@type":"EntryPoint","urlTemplate":"https:\/\/www.godere.nl\/?s={search_term_string}"},"query-input":{"@type":"PropertyValueSpecification","valueRequired":true,"valueName":"search_term_string"}}],"inLanguage":"de"},{"@type":"Organization","@id":"https:\/\/www.godere.nl\/#organization","name":"Godere","url":"https:\/\/www.godere.nl\/","logo":{"@type":"ImageObject","inLanguage":"de","@id":"https:\/\/www.godere.nl\/#\/schema\/logo\/image\/","url":"https:\/\/www.godere.nl\/wp-content\/uploads\/2022\/05\/GODERE-Granny-e1651842185822.png","contentUrl":"https:\/\/www.godere.nl\/wp-content\/uploads\/2022\/05\/GODERE-Granny-e1651842185822.png","width":936,"height":408,"caption":"Godere"},"image":{"@id":"https:\/\/www.godere.nl\/#\/schema\/logo\/image\/"},"sameAs":["https:\/\/www.facebook.com\/godere.nl"]}]}},"_links":{"self":[{"href":"https:\/\/www.godere.nl\/de\/wp-json\/wp\/v2\/product\/4398","targetHints":{"allow":["GET"]}}],"collection":[{"href":"https:\/\/www.godere.nl\/de\/wp-json\/wp\/v2\/product"}],"about":[{"href":"https:\/\/www.godere.nl\/de\/wp-json\/wp\/v2\/types\/product"}],"replies":[{"embeddable":true,"href":"https:\/\/www.godere.nl\/de\/wp-json\/wp\/v2\/comments?post=4398"}],"wp:featuredmedia":[{"embeddable":true,"href":"https:\/\/www.godere.nl\/de\/wp-json\/wp\/v2\/media\/4580"}],"wp:attachment":[{"href":"https:\/\/www.godere.nl\/de\/wp-json\/wp\/v2\/media?parent=4398"}],"wp:term":[{"taxonomy":"product_brand","embeddable":true,"href":"https:\/\/www.godere.nl\/de\/wp-json\/wp\/v2\/product_brand?post=4398"},{"taxonomy":"product_cat","embeddable":true,"href":"https:\/\/www.godere.nl\/de\/wp-json\/wp\/v2\/product_cat?post=4398"},{"taxonomy":"product_tag","embeddable":true,"href":"https:\/\/www.godere.nl\/de\/wp-json\/wp\/v2\/product_tag?post=4398"}],"curies":[{"name":"wp","href":"https:\/\/api.w.org\/{rel}","templated":true}]}}