{"id":4423,"date":"2022-01-12T12:12:33","date_gmt":"2022-01-12T11:12:33","guid":{"rendered":"https:\/\/www.godere.nl\/?post_type=product&#038;p=4423"},"modified":"2023-02-15T09:43:45","modified_gmt":"2023-02-15T08:43:45","slug":"cioccolato-bianco-oliviero","status":"publish","type":"product","link":"https:\/\/www.godere.nl\/de\/produkt\/cioccolato-bianco-oliviero\/","title":{"rendered":"Cioccolato Bianco (Oliviero)"},"content":{"rendered":"<h2>Beschreibung<\/h2>\n<p><span data-contrast=\"auto\">\u00d6stlich von Neapel liegt die kleine Stadt Monteforte Irpino, die Heimat unseres Lieferanten Oliviero. Die wichtigsten S\u00e4ulen bei der Zubereitung all ihrer Leckereien: modernste Produktionstechniken f\u00fcr niedrigere Kosten bei gleichbleibender Qualit\u00e4t, eigener \u00d6kostrom \u00fcber die vielen Solarpaneele, Wiederverwendung von Sp\u00fclwasser und frische, hochwertige Zutaten. Dabei halten sie auch mit den neuesten Entwicklungen bei ges\u00fcnderen, nahrhaften Energieriegeln Schritt.<\/span><span data-ccp-props=\"{&quot;201341983&quot;:0,&quot;335559739&quot;:160,&quot;335559740&quot;:259}\">\u00a0<\/span><\/p>\n<p><b><span data-contrast=\"auto\">Cioccolato\u00a0Bianco<\/span><\/b><span data-contrast=\"auto\">\u00a0ist das Ergebnis all dieser modernen Entwicklungen. Aber das schmeckt man nat\u00fcrlich nicht. Sie schmecken eine k\u00f6stliche S\u00fc\u00dfe und die weiche, cremige Schokolade, die auf der Zunge zergeht.<\/span><span data-ccp-props=\"{&quot;201341983&quot;:0,&quot;335559739&quot;:160,&quot;335559740&quot;:259}\">\u00a0<\/span><\/p>\n<p class=\"translation-block\">Jede Tafel der wei\u00dfen Schokolade Cioccolato Bianco wiegt 100 Gramm und ist in einer luxuri\u00f6sen Oliviero-Schachtel mit goldenen Akzenten verpackt.<\/p>","protected":false},"excerpt":{"rendered":"<ul>\n<li data-leveltext=\"\uf0b7\" data-font=\"Symbol\" data-listid=\"2\" aria-setsize=\"-1\" data-aria-posinset=\"1\" data-aria-level=\"1\"><span data-contrast=\"auto\">Italiaanse witte chocolade Wei\u00dfe Schokolade\u00a0<\/span><b><span data-contrast=\"auto\">Cioccolato\u00a0Bianco<\/span><\/b> <span data-ccp-props=\"{&quot;134233279&quot;:true,&quot;201341983&quot;:0,&quot;335559739&quot;:160,&quot;335559740&quot;:259}\">\u00a0<\/span><\/li>\n<li data-leveltext=\"\uf0b7\" data-font=\"Symbol\" data-listid=\"1\" aria-setsize=\"-1\" data-aria-posinset=\"2\" data-aria-level=\"1\"><span data-contrast=\"auto\">Aus Kakaobutter, Zucker, Voll- und Magermilchpulver, Sojalecithin und nat\u00fcrlichem Vanillearoma<\/span><span data-ccp-props=\"{&quot;134233279&quot;:true,&quot;201341983&quot;:0,&quot;335559739&quot;:160,&quot;335559740&quot;:259}\">\u00a0<\/span><\/li>\n<li data-leveltext=\"\uf0b7\" data-font=\"Symbol\" data-listid=\"1\" aria-setsize=\"-1\" data-aria-posinset=\"4\" data-aria-level=\"1\"><span data-contrast=\"auto\">Glutenfrei<\/span><span data-ccp-props=\"{&quot;134233279&quot;:true,&quot;201341983&quot;:0,&quot;335559739&quot;:160,&quot;335559740&quot;:259}\">\u00a0<\/span><\/li>\n<li data-leveltext=\"\uf0b7\" data-font=\"Symbol\" data-listid=\"1\" aria-setsize=\"-1\" data-aria-posinset=\"5\" data-aria-level=\"1\"><span data-contrast=\"auto\">Leverancier:\u00a0Oliviero<\/span><span data-ccp-props=\"{&quot;134233279&quot;:true,&quot;201341983&quot;:0,&quot;335559739&quot;:160,&quot;335559740&quot;:259}\">\u00a0<\/span><\/li>\n<\/ul>","protected":false},"featured_media":4554,"comment_status":"closed","ping_status":"closed","template":"","meta":{"_monsterinsights_skip_tracking":false,"_monsterinsights_sitenote_active":false,"_monsterinsights_sitenote_note":"","_monsterinsights_sitenote_category":0,"_glsr_average":0,"_glsr_ranking":0,"_glsr_reviews":0},"product_brand":[],"product_cat":[158],"product_tag":[],"class_list":{"0":"post-4423","1":"product","2":"type-product","3":"status-publish","4":"has-post-thumbnail","6":"product_cat-chocolade-en-noga","8":"first","9":"outofstock","10":"taxable","11":"shipping-taxable","12":"purchasable","13":"product-type-simple"},"yoast_head":"<!-- This site is optimized with the Yoast SEO plugin v27.3 - https:\/\/yoast.com\/product\/yoast-seo-wordpress\/ -->\n<title>Cioccolato Bianco (Oliviero) - Godere | Italiaans genieten!<\/title>\n<meta name=\"description\" content=\"Cioccolato\u00a0Bianco\u00a0is het resultaat van al die moderne ontwikkelingen. Chocolade, Italiaans, Godere, genieten\" \/>\n<meta name=\"robots\" content=\"index, follow, max-snippet:-1, max-image-preview:large, max-video-preview:-1\" \/>\n<link rel=\"canonical\" href=\"https:\/\/www.godere.nl\/de\/produkt\/cioccolato-bianco-oliviero\/\" \/>\n<meta property=\"og:locale\" content=\"de_DE\" \/>\n<meta property=\"og:type\" content=\"article\" \/>\n<meta property=\"og:title\" content=\"Cioccolato Bianco (Oliviero) - Godere | Italiaans genieten!\" \/>\n<meta property=\"og:description\" content=\"Cioccolato\u00a0Bianco\u00a0is het resultaat van al die moderne ontwikkelingen. Chocolade, Italiaans, Godere, genieten\" \/>\n<meta property=\"og:url\" content=\"https:\/\/www.godere.nl\/de\/produkt\/cioccolato-bianco-oliviero\/\" \/>\n<meta property=\"og:site_name\" content=\"Godere | Italiaans genieten!\" \/>\n<meta property=\"article:publisher\" content=\"https:\/\/www.facebook.com\/godere.nl\" \/>\n<meta property=\"article:modified_time\" content=\"2023-02-15T08:43:45+00:00\" \/>\n<meta property=\"og:image\" content=\"https:\/\/www.godere.nl\/wp-content\/uploads\/2022\/01\/Oliviero-Bianco-go-1.jpg\" \/>\n\t<meta property=\"og:image:width\" content=\"1280\" \/>\n\t<meta property=\"og:image:height\" content=\"1600\" \/>\n\t<meta property=\"og:image:type\" content=\"image\/jpeg\" \/>\n<meta name=\"twitter:card\" content=\"summary_large_image\" \/>\n<meta name=\"twitter:label1\" content=\"Gesch\u00e4tzte Lesezeit\" \/>\n\t<meta name=\"twitter:data1\" content=\"1\u00a0Minute\" \/>\n<script type=\"application\/ld+json\" class=\"yoast-schema-graph\">{\"@context\":\"https:\\\/\\\/schema.org\",\"@graph\":[{\"@type\":\"WebPage\",\"@id\":\"https:\\\/\\\/www.godere.nl\\\/product\\\/cioccolato-bianco-oliviero\\\/\",\"url\":\"https:\\\/\\\/www.godere.nl\\\/product\\\/cioccolato-bianco-oliviero\\\/\",\"name\":\"Cioccolato Bianco (Oliviero) - Godere | Italiaans genieten!\",\"isPartOf\":{\"@id\":\"https:\\\/\\\/www.godere.nl\\\/#website\"},\"primaryImageOfPage\":{\"@id\":\"https:\\\/\\\/www.godere.nl\\\/product\\\/cioccolato-bianco-oliviero\\\/#primaryimage\"},\"image\":{\"@id\":\"https:\\\/\\\/www.godere.nl\\\/product\\\/cioccolato-bianco-oliviero\\\/#primaryimage\"},\"thumbnailUrl\":\"https:\\\/\\\/www.godere.nl\\\/wp-content\\\/uploads\\\/2022\\\/01\\\/Oliviero-Bianco-go-1.jpg\",\"datePublished\":\"2022-01-12T11:12:33+00:00\",\"dateModified\":\"2023-02-15T08:43:45+00:00\",\"description\":\"Cioccolato\u00a0Bianco\u00a0is het resultaat van al die moderne ontwikkelingen. Chocolade, Italiaans, Godere, genieten\",\"breadcrumb\":{\"@id\":\"https:\\\/\\\/www.godere.nl\\\/product\\\/cioccolato-bianco-oliviero\\\/#breadcrumb\"},\"inLanguage\":\"de\",\"potentialAction\":[{\"@type\":\"ReadAction\",\"target\":[\"https:\\\/\\\/www.godere.nl\\\/product\\\/cioccolato-bianco-oliviero\\\/\"]}]},{\"@type\":\"ImageObject\",\"inLanguage\":\"de\",\"@id\":\"https:\\\/\\\/www.godere.nl\\\/product\\\/cioccolato-bianco-oliviero\\\/#primaryimage\",\"url\":\"https:\\\/\\\/www.godere.nl\\\/wp-content\\\/uploads\\\/2022\\\/01\\\/Oliviero-Bianco-go-1.jpg\",\"contentUrl\":\"https:\\\/\\\/www.godere.nl\\\/wp-content\\\/uploads\\\/2022\\\/01\\\/Oliviero-Bianco-go-1.jpg\",\"width\":1280,\"height\":1600},{\"@type\":\"BreadcrumbList\",\"@id\":\"https:\\\/\\\/www.godere.nl\\\/product\\\/cioccolato-bianco-oliviero\\\/#breadcrumb\",\"itemListElement\":[{\"@type\":\"ListItem\",\"position\":1,\"name\":\"Home\",\"item\":\"https:\\\/\\\/www.godere.nl\\\/\"},{\"@type\":\"ListItem\",\"position\":2,\"name\":\"Winkel\",\"item\":\"https:\\\/\\\/www.godere.nl\\\/winkel\\\/\"},{\"@type\":\"ListItem\",\"position\":3,\"name\":\"Cioccolato Bianco (Oliviero)\"}]},{\"@type\":\"WebSite\",\"@id\":\"https:\\\/\\\/www.godere.nl\\\/#website\",\"url\":\"https:\\\/\\\/www.godere.nl\\\/\",\"name\":\"Godere | Italiaans genieten!\",\"description\":\"\",\"publisher\":{\"@id\":\"https:\\\/\\\/www.godere.nl\\\/#organization\"},\"potentialAction\":[{\"@type\":\"SearchAction\",\"target\":{\"@type\":\"EntryPoint\",\"urlTemplate\":\"https:\\\/\\\/www.godere.nl\\\/?s={search_term_string}\"},\"query-input\":{\"@type\":\"PropertyValueSpecification\",\"valueRequired\":true,\"valueName\":\"search_term_string\"}}],\"inLanguage\":\"de\"},{\"@type\":\"Organization\",\"@id\":\"https:\\\/\\\/www.godere.nl\\\/#organization\",\"name\":\"Godere\",\"url\":\"https:\\\/\\\/www.godere.nl\\\/\",\"logo\":{\"@type\":\"ImageObject\",\"inLanguage\":\"de\",\"@id\":\"https:\\\/\\\/www.godere.nl\\\/#\\\/schema\\\/logo\\\/image\\\/\",\"url\":\"https:\\\/\\\/www.godere.nl\\\/wp-content\\\/uploads\\\/2022\\\/05\\\/GODERE-Granny-e1651842185822.png\",\"contentUrl\":\"https:\\\/\\\/www.godere.nl\\\/wp-content\\\/uploads\\\/2022\\\/05\\\/GODERE-Granny-e1651842185822.png\",\"width\":936,\"height\":408,\"caption\":\"Godere\"},\"image\":{\"@id\":\"https:\\\/\\\/www.godere.nl\\\/#\\\/schema\\\/logo\\\/image\\\/\"},\"sameAs\":[\"https:\\\/\\\/www.facebook.com\\\/godere.nl\"]}]}<\/script>\n<!-- \/ Yoast SEO plugin. -->","yoast_head_json":{"title":"Cioccolato Bianco (Oliviero) - Godere | Italiaans genieten!","description":"Cioccolato\u00a0Bianco\u00a0is het resultaat van al die moderne ontwikkelingen. Chocolade, Italiaans, Godere, genieten","robots":{"index":"index","follow":"follow","max-snippet":"max-snippet:-1","max-image-preview":"max-image-preview:large","max-video-preview":"max-video-preview:-1"},"canonical":"https:\/\/www.godere.nl\/de\/produkt\/cioccolato-bianco-oliviero\/","og_locale":"de_DE","og_type":"article","og_title":"Cioccolato Bianco (Oliviero) - Godere | Italiaans genieten!","og_description":"Cioccolato\u00a0Bianco\u00a0is het resultaat van al die moderne ontwikkelingen. Chocolade, Italiaans, Godere, genieten","og_url":"https:\/\/www.godere.nl\/de\/produkt\/cioccolato-bianco-oliviero\/","og_site_name":"Godere | Italiaans genieten!","article_publisher":"https:\/\/www.facebook.com\/godere.nl","article_modified_time":"2023-02-15T08:43:45+00:00","og_image":[{"width":1280,"height":1600,"url":"https:\/\/www.godere.nl\/wp-content\/uploads\/2022\/01\/Oliviero-Bianco-go-1.jpg","type":"image\/jpeg"}],"twitter_card":"summary_large_image","twitter_misc":{"Gesch\u00e4tzte Lesezeit":"1\u00a0Minute"},"schema":{"@context":"https:\/\/schema.org","@graph":[{"@type":"WebPage","@id":"https:\/\/www.godere.nl\/product\/cioccolato-bianco-oliviero\/","url":"https:\/\/www.godere.nl\/product\/cioccolato-bianco-oliviero\/","name":"Cioccolato Bianco (Oliviero) - Godere | Italiaans genieten!","isPartOf":{"@id":"https:\/\/www.godere.nl\/#website"},"primaryImageOfPage":{"@id":"https:\/\/www.godere.nl\/product\/cioccolato-bianco-oliviero\/#primaryimage"},"image":{"@id":"https:\/\/www.godere.nl\/product\/cioccolato-bianco-oliviero\/#primaryimage"},"thumbnailUrl":"https:\/\/www.godere.nl\/wp-content\/uploads\/2022\/01\/Oliviero-Bianco-go-1.jpg","datePublished":"2022-01-12T11:12:33+00:00","dateModified":"2023-02-15T08:43:45+00:00","description":"Cioccolato\u00a0Bianco\u00a0is het resultaat van al die moderne ontwikkelingen. Chocolade, Italiaans, Godere, genieten","breadcrumb":{"@id":"https:\/\/www.godere.nl\/product\/cioccolato-bianco-oliviero\/#breadcrumb"},"inLanguage":"de","potentialAction":[{"@type":"ReadAction","target":["https:\/\/www.godere.nl\/product\/cioccolato-bianco-oliviero\/"]}]},{"@type":"ImageObject","inLanguage":"de","@id":"https:\/\/www.godere.nl\/product\/cioccolato-bianco-oliviero\/#primaryimage","url":"https:\/\/www.godere.nl\/wp-content\/uploads\/2022\/01\/Oliviero-Bianco-go-1.jpg","contentUrl":"https:\/\/www.godere.nl\/wp-content\/uploads\/2022\/01\/Oliviero-Bianco-go-1.jpg","width":1280,"height":1600},{"@type":"BreadcrumbList","@id":"https:\/\/www.godere.nl\/product\/cioccolato-bianco-oliviero\/#breadcrumb","itemListElement":[{"@type":"ListItem","position":1,"name":"Home","item":"https:\/\/www.godere.nl\/"},{"@type":"ListItem","position":2,"name":"Winkel","item":"https:\/\/www.godere.nl\/winkel\/"},{"@type":"ListItem","position":3,"name":"Cioccolato Bianco (Oliviero)"}]},{"@type":"WebSite","@id":"https:\/\/www.godere.nl\/#website","url":"https:\/\/www.godere.nl\/","name":"Godere | Italiaans genieten!","description":"","publisher":{"@id":"https:\/\/www.godere.nl\/#organization"},"potentialAction":[{"@type":"SearchAction","target":{"@type":"EntryPoint","urlTemplate":"https:\/\/www.godere.nl\/?s={search_term_string}"},"query-input":{"@type":"PropertyValueSpecification","valueRequired":true,"valueName":"search_term_string"}}],"inLanguage":"de"},{"@type":"Organization","@id":"https:\/\/www.godere.nl\/#organization","name":"Godere","url":"https:\/\/www.godere.nl\/","logo":{"@type":"ImageObject","inLanguage":"de","@id":"https:\/\/www.godere.nl\/#\/schema\/logo\/image\/","url":"https:\/\/www.godere.nl\/wp-content\/uploads\/2022\/05\/GODERE-Granny-e1651842185822.png","contentUrl":"https:\/\/www.godere.nl\/wp-content\/uploads\/2022\/05\/GODERE-Granny-e1651842185822.png","width":936,"height":408,"caption":"Godere"},"image":{"@id":"https:\/\/www.godere.nl\/#\/schema\/logo\/image\/"},"sameAs":["https:\/\/www.facebook.com\/godere.nl"]}]}},"_links":{"self":[{"href":"https:\/\/www.godere.nl\/de\/wp-json\/wp\/v2\/product\/4423","targetHints":{"allow":["GET"]}}],"collection":[{"href":"https:\/\/www.godere.nl\/de\/wp-json\/wp\/v2\/product"}],"about":[{"href":"https:\/\/www.godere.nl\/de\/wp-json\/wp\/v2\/types\/product"}],"replies":[{"embeddable":true,"href":"https:\/\/www.godere.nl\/de\/wp-json\/wp\/v2\/comments?post=4423"}],"wp:featuredmedia":[{"embeddable":true,"href":"https:\/\/www.godere.nl\/de\/wp-json\/wp\/v2\/media\/4554"}],"wp:attachment":[{"href":"https:\/\/www.godere.nl\/de\/wp-json\/wp\/v2\/media?parent=4423"}],"wp:term":[{"taxonomy":"product_brand","embeddable":true,"href":"https:\/\/www.godere.nl\/de\/wp-json\/wp\/v2\/product_brand?post=4423"},{"taxonomy":"product_cat","embeddable":true,"href":"https:\/\/www.godere.nl\/de\/wp-json\/wp\/v2\/product_cat?post=4423"},{"taxonomy":"product_tag","embeddable":true,"href":"https:\/\/www.godere.nl\/de\/wp-json\/wp\/v2\/product_tag?post=4423"}],"curies":[{"name":"wp","href":"https:\/\/api.w.org\/{rel}","templated":true}]}}