{"id":4443,"date":"2022-01-18T13:27:13","date_gmt":"2022-01-18T12:27:13","guid":{"rendered":"https:\/\/www.godere.nl\/?post_type=product&#038;p=4443"},"modified":"2024-10-07T10:35:35","modified_gmt":"2024-10-07T08:35:35","slug":"birra-cuore-di-napoli-kbirr-brewery","status":"publish","type":"product","link":"https:\/\/www.godere.nl\/de\/produkt\/birra-cuore-di-napoli-kbirr-brewery\/","title":{"rendered":"Birra Cuore di Napoli (KBIRR Brewery)"},"content":{"rendered":"<p>Das Cuore di Napoli ist eines der handwerklich gebrauten Biere. Es wird von einer neapolitanischen Brauerei KBIRR hergestellt. Dieses leichte italienische Bier zeichnet sich durch exotischen Hopfen aus, der ihm ein frisches Aroma und Noten von Zitrusfr\u00fcchten, Kr\u00e4utern, Harz und Gew\u00fcrzen verleiht. 6% vol.<\/p>\n<p>Die Flasche enth\u00e4lt 330 ml<\/p>","protected":false},"excerpt":{"rendered":"<p>De Cuore di Napoli is \u00e9\u00e9n van de ambachtelijke bieren. Het wordt gemaakt door een Napolitaanse brouwerij KBIRR. Deze lichte Italiaanse bier, gekenmerkt door exotische hop, die hem een frisse geur geeft en tonen van citrusvruchten, kruiden, hars en specerijen. 6% vol. De fles bevat 330 ml.<\/p>","protected":false},"featured_media":4585,"comment_status":"closed","ping_status":"closed","template":"","meta":{"_monsterinsights_skip_tracking":false,"_monsterinsights_sitenote_active":false,"_monsterinsights_sitenote_note":"","_monsterinsights_sitenote_category":0,"_glsr_average":0,"_glsr_ranking":0,"_glsr_reviews":0},"product_brand":[],"product_cat":[193],"product_tag":[],"class_list":{"0":"post-4443","1":"product","2":"type-product","3":"status-publish","4":"has-post-thumbnail","6":"product_cat-wijnen-en-bieren","8":"first","9":"outofstock","10":"featured","11":"taxable","12":"shipping-taxable","13":"purchasable","14":"product-type-simple"},"yoast_head":"<!-- This site is optimized with the Yoast SEO plugin v27.3 - https:\/\/yoast.com\/product\/yoast-seo-wordpress\/ -->\n<title>Birra Cuore di Napoli (KBIRR Brewery) - Godere | Italiaans genieten!<\/title>\n<meta name=\"robots\" content=\"index, follow, max-snippet:-1, max-image-preview:large, max-video-preview:-1\" \/>\n<link rel=\"canonical\" href=\"https:\/\/www.godere.nl\/de\/produkt\/birra-cuore-di-napoli-kbirr-brewery\/\" \/>\n<meta property=\"og:locale\" content=\"de_DE\" \/>\n<meta property=\"og:type\" content=\"article\" \/>\n<meta property=\"og:title\" content=\"Birra Cuore di Napoli (KBIRR Brewery) - Godere | Italiaans genieten!\" \/>\n<meta property=\"og:description\" content=\"De Cuore di Napoli is \u00e9\u00e9n van de ambachtelijke bieren. Het wordt gemaakt door een Napolitaanse brouwerij KBIRR. Deze lichte Italiaanse bier, gekenmerkt door exotische hop, die hem een frisse geur geeft en tonen van citrusvruchten, kruiden, hars en specerijen. 6% vol. De fles bevat 330 ml.\" \/>\n<meta property=\"og:url\" content=\"https:\/\/www.godere.nl\/de\/produkt\/birra-cuore-di-napoli-kbirr-brewery\/\" \/>\n<meta property=\"og:site_name\" content=\"Godere | Italiaans genieten!\" \/>\n<meta property=\"article:publisher\" content=\"https:\/\/www.facebook.com\/godere.nl\" \/>\n<meta property=\"article:modified_time\" content=\"2024-10-07T08:35:35+00:00\" \/>\n<meta property=\"og:image\" content=\"https:\/\/www.godere.nl\/wp-content\/uploads\/2022\/01\/Brewery-KBIRR-Cuore-di-Napoli-final.jpg\" \/>\n\t<meta property=\"og:image:width\" content=\"898\" \/>\n\t<meta property=\"og:image:height\" content=\"1600\" \/>\n\t<meta property=\"og:image:type\" content=\"image\/jpeg\" \/>\n<meta name=\"twitter:card\" content=\"summary_large_image\" \/>\n<meta name=\"twitter:label1\" content=\"Gesch\u00e4tzte Lesezeit\" \/>\n\t<meta name=\"twitter:data1\" content=\"1\u00a0Minute\" \/>\n<script type=\"application\/ld+json\" class=\"yoast-schema-graph\">{\"@context\":\"https:\\\/\\\/schema.org\",\"@graph\":[{\"@type\":\"WebPage\",\"@id\":\"https:\\\/\\\/www.godere.nl\\\/product\\\/birra-cuore-di-napoli-kbirr-brewery\\\/\",\"url\":\"https:\\\/\\\/www.godere.nl\\\/product\\\/birra-cuore-di-napoli-kbirr-brewery\\\/\",\"name\":\"Birra Cuore di Napoli (KBIRR Brewery) - Godere | Italiaans genieten!\",\"isPartOf\":{\"@id\":\"https:\\\/\\\/www.godere.nl\\\/#website\"},\"primaryImageOfPage\":{\"@id\":\"https:\\\/\\\/www.godere.nl\\\/product\\\/birra-cuore-di-napoli-kbirr-brewery\\\/#primaryimage\"},\"image\":{\"@id\":\"https:\\\/\\\/www.godere.nl\\\/product\\\/birra-cuore-di-napoli-kbirr-brewery\\\/#primaryimage\"},\"thumbnailUrl\":\"https:\\\/\\\/www.godere.nl\\\/wp-content\\\/uploads\\\/2022\\\/01\\\/Brewery-KBIRR-Cuore-di-Napoli-final.jpg\",\"datePublished\":\"2022-01-18T12:27:13+00:00\",\"dateModified\":\"2024-10-07T08:35:35+00:00\",\"breadcrumb\":{\"@id\":\"https:\\\/\\\/www.godere.nl\\\/product\\\/birra-cuore-di-napoli-kbirr-brewery\\\/#breadcrumb\"},\"inLanguage\":\"de\",\"potentialAction\":[{\"@type\":\"ReadAction\",\"target\":[\"https:\\\/\\\/www.godere.nl\\\/product\\\/birra-cuore-di-napoli-kbirr-brewery\\\/\"]}]},{\"@type\":\"ImageObject\",\"inLanguage\":\"de\",\"@id\":\"https:\\\/\\\/www.godere.nl\\\/product\\\/birra-cuore-di-napoli-kbirr-brewery\\\/#primaryimage\",\"url\":\"https:\\\/\\\/www.godere.nl\\\/wp-content\\\/uploads\\\/2022\\\/01\\\/Brewery-KBIRR-Cuore-di-Napoli-final.jpg\",\"contentUrl\":\"https:\\\/\\\/www.godere.nl\\\/wp-content\\\/uploads\\\/2022\\\/01\\\/Brewery-KBIRR-Cuore-di-Napoli-final.jpg\",\"width\":898,\"height\":1600},{\"@type\":\"BreadcrumbList\",\"@id\":\"https:\\\/\\\/www.godere.nl\\\/product\\\/birra-cuore-di-napoli-kbirr-brewery\\\/#breadcrumb\",\"itemListElement\":[{\"@type\":\"ListItem\",\"position\":1,\"name\":\"Home\",\"item\":\"https:\\\/\\\/www.godere.nl\\\/\"},{\"@type\":\"ListItem\",\"position\":2,\"name\":\"Winkel\",\"item\":\"https:\\\/\\\/www.godere.nl\\\/winkel\\\/\"},{\"@type\":\"ListItem\",\"position\":3,\"name\":\"Birra Cuore di Napoli (KBIRR Brewery)\"}]},{\"@type\":\"WebSite\",\"@id\":\"https:\\\/\\\/www.godere.nl\\\/#website\",\"url\":\"https:\\\/\\\/www.godere.nl\\\/\",\"name\":\"Godere | Italiaans genieten!\",\"description\":\"\",\"publisher\":{\"@id\":\"https:\\\/\\\/www.godere.nl\\\/#organization\"},\"potentialAction\":[{\"@type\":\"SearchAction\",\"target\":{\"@type\":\"EntryPoint\",\"urlTemplate\":\"https:\\\/\\\/www.godere.nl\\\/?s={search_term_string}\"},\"query-input\":{\"@type\":\"PropertyValueSpecification\",\"valueRequired\":true,\"valueName\":\"search_term_string\"}}],\"inLanguage\":\"de\"},{\"@type\":\"Organization\",\"@id\":\"https:\\\/\\\/www.godere.nl\\\/#organization\",\"name\":\"Godere\",\"url\":\"https:\\\/\\\/www.godere.nl\\\/\",\"logo\":{\"@type\":\"ImageObject\",\"inLanguage\":\"de\",\"@id\":\"https:\\\/\\\/www.godere.nl\\\/#\\\/schema\\\/logo\\\/image\\\/\",\"url\":\"https:\\\/\\\/www.godere.nl\\\/wp-content\\\/uploads\\\/2022\\\/05\\\/GODERE-Granny-e1651842185822.png\",\"contentUrl\":\"https:\\\/\\\/www.godere.nl\\\/wp-content\\\/uploads\\\/2022\\\/05\\\/GODERE-Granny-e1651842185822.png\",\"width\":936,\"height\":408,\"caption\":\"Godere\"},\"image\":{\"@id\":\"https:\\\/\\\/www.godere.nl\\\/#\\\/schema\\\/logo\\\/image\\\/\"},\"sameAs\":[\"https:\\\/\\\/www.facebook.com\\\/godere.nl\"]}]}<\/script>\n<!-- \/ Yoast SEO plugin. -->","yoast_head_json":{"title":"Birra Cuore di Napoli (KBIRR Brewery) - Godere | Italiaans genieten!","robots":{"index":"index","follow":"follow","max-snippet":"max-snippet:-1","max-image-preview":"max-image-preview:large","max-video-preview":"max-video-preview:-1"},"canonical":"https:\/\/www.godere.nl\/de\/produkt\/birra-cuore-di-napoli-kbirr-brewery\/","og_locale":"de_DE","og_type":"article","og_title":"Birra Cuore di Napoli (KBIRR Brewery) - Godere | Italiaans genieten!","og_description":"De Cuore di Napoli is \u00e9\u00e9n van de ambachtelijke bieren. Het wordt gemaakt door een Napolitaanse brouwerij KBIRR. Deze lichte Italiaanse bier, gekenmerkt door exotische hop, die hem een frisse geur geeft en tonen van citrusvruchten, kruiden, hars en specerijen. 6% vol. De fles bevat 330 ml.","og_url":"https:\/\/www.godere.nl\/de\/produkt\/birra-cuore-di-napoli-kbirr-brewery\/","og_site_name":"Godere | Italiaans genieten!","article_publisher":"https:\/\/www.facebook.com\/godere.nl","article_modified_time":"2024-10-07T08:35:35+00:00","og_image":[{"width":898,"height":1600,"url":"https:\/\/www.godere.nl\/wp-content\/uploads\/2022\/01\/Brewery-KBIRR-Cuore-di-Napoli-final.jpg","type":"image\/jpeg"}],"twitter_card":"summary_large_image","twitter_misc":{"Gesch\u00e4tzte Lesezeit":"1\u00a0Minute"},"schema":{"@context":"https:\/\/schema.org","@graph":[{"@type":"WebPage","@id":"https:\/\/www.godere.nl\/product\/birra-cuore-di-napoli-kbirr-brewery\/","url":"https:\/\/www.godere.nl\/product\/birra-cuore-di-napoli-kbirr-brewery\/","name":"Birra Cuore di Napoli (KBIRR Brewery) - Godere | Italiaans genieten!","isPartOf":{"@id":"https:\/\/www.godere.nl\/#website"},"primaryImageOfPage":{"@id":"https:\/\/www.godere.nl\/product\/birra-cuore-di-napoli-kbirr-brewery\/#primaryimage"},"image":{"@id":"https:\/\/www.godere.nl\/product\/birra-cuore-di-napoli-kbirr-brewery\/#primaryimage"},"thumbnailUrl":"https:\/\/www.godere.nl\/wp-content\/uploads\/2022\/01\/Brewery-KBIRR-Cuore-di-Napoli-final.jpg","datePublished":"2022-01-18T12:27:13+00:00","dateModified":"2024-10-07T08:35:35+00:00","breadcrumb":{"@id":"https:\/\/www.godere.nl\/product\/birra-cuore-di-napoli-kbirr-brewery\/#breadcrumb"},"inLanguage":"de","potentialAction":[{"@type":"ReadAction","target":["https:\/\/www.godere.nl\/product\/birra-cuore-di-napoli-kbirr-brewery\/"]}]},{"@type":"ImageObject","inLanguage":"de","@id":"https:\/\/www.godere.nl\/product\/birra-cuore-di-napoli-kbirr-brewery\/#primaryimage","url":"https:\/\/www.godere.nl\/wp-content\/uploads\/2022\/01\/Brewery-KBIRR-Cuore-di-Napoli-final.jpg","contentUrl":"https:\/\/www.godere.nl\/wp-content\/uploads\/2022\/01\/Brewery-KBIRR-Cuore-di-Napoli-final.jpg","width":898,"height":1600},{"@type":"BreadcrumbList","@id":"https:\/\/www.godere.nl\/product\/birra-cuore-di-napoli-kbirr-brewery\/#breadcrumb","itemListElement":[{"@type":"ListItem","position":1,"name":"Home","item":"https:\/\/www.godere.nl\/"},{"@type":"ListItem","position":2,"name":"Winkel","item":"https:\/\/www.godere.nl\/winkel\/"},{"@type":"ListItem","position":3,"name":"Birra Cuore di Napoli (KBIRR Brewery)"}]},{"@type":"WebSite","@id":"https:\/\/www.godere.nl\/#website","url":"https:\/\/www.godere.nl\/","name":"Godere | Italiaans genieten!","description":"","publisher":{"@id":"https:\/\/www.godere.nl\/#organization"},"potentialAction":[{"@type":"SearchAction","target":{"@type":"EntryPoint","urlTemplate":"https:\/\/www.godere.nl\/?s={search_term_string}"},"query-input":{"@type":"PropertyValueSpecification","valueRequired":true,"valueName":"search_term_string"}}],"inLanguage":"de"},{"@type":"Organization","@id":"https:\/\/www.godere.nl\/#organization","name":"Godere","url":"https:\/\/www.godere.nl\/","logo":{"@type":"ImageObject","inLanguage":"de","@id":"https:\/\/www.godere.nl\/#\/schema\/logo\/image\/","url":"https:\/\/www.godere.nl\/wp-content\/uploads\/2022\/05\/GODERE-Granny-e1651842185822.png","contentUrl":"https:\/\/www.godere.nl\/wp-content\/uploads\/2022\/05\/GODERE-Granny-e1651842185822.png","width":936,"height":408,"caption":"Godere"},"image":{"@id":"https:\/\/www.godere.nl\/#\/schema\/logo\/image\/"},"sameAs":["https:\/\/www.facebook.com\/godere.nl"]}]}},"_links":{"self":[{"href":"https:\/\/www.godere.nl\/de\/wp-json\/wp\/v2\/product\/4443","targetHints":{"allow":["GET"]}}],"collection":[{"href":"https:\/\/www.godere.nl\/de\/wp-json\/wp\/v2\/product"}],"about":[{"href":"https:\/\/www.godere.nl\/de\/wp-json\/wp\/v2\/types\/product"}],"replies":[{"embeddable":true,"href":"https:\/\/www.godere.nl\/de\/wp-json\/wp\/v2\/comments?post=4443"}],"wp:featuredmedia":[{"embeddable":true,"href":"https:\/\/www.godere.nl\/de\/wp-json\/wp\/v2\/media\/4585"}],"wp:attachment":[{"href":"https:\/\/www.godere.nl\/de\/wp-json\/wp\/v2\/media?parent=4443"}],"wp:term":[{"taxonomy":"product_brand","embeddable":true,"href":"https:\/\/www.godere.nl\/de\/wp-json\/wp\/v2\/product_brand?post=4443"},{"taxonomy":"product_cat","embeddable":true,"href":"https:\/\/www.godere.nl\/de\/wp-json\/wp\/v2\/product_cat?post=4443"},{"taxonomy":"product_tag","embeddable":true,"href":"https:\/\/www.godere.nl\/de\/wp-json\/wp\/v2\/product_tag?post=4443"}],"curies":[{"name":"wp","href":"https:\/\/api.w.org\/{rel}","templated":true}]}}