{"id":4448,"date":"2022-01-18T13:45:18","date_gmt":"2022-01-18T12:45:18","guid":{"rendered":"https:\/\/www.godere.nl\/?post_type=product&#038;p=4448"},"modified":"2026-01-12T18:48:49","modified_gmt":"2026-01-12T17:48:49","slug":"farfalle-biologiche-granoro","status":"publish","type":"product","link":"https:\/\/www.godere.nl\/de\/produkt\/farfalle-biologiche-granoro\/","title":{"rendered":"Farfalle Biologici (Granoro)"},"content":{"rendered":"<p>Granoro hat es sich zur Aufgabe gemacht, nur Pasta von allerbester Qualit\u00e4t anzubieten. Ob dies der Fall ist, m\u00fcssen Sie selbst entscheiden. In jedem Fall sind wir \u00fcberzeugt und stellen daher ihre <strong>biologische<\/strong> <strong>Farfalle<\/strong>.<\/p>\n<p class=\"translation-block\">Die italienische K\u00fcche ist eine der Einfachheit. F\u00fcr ein k\u00f6stliches mediterranes Men\u00fc werden nur wenige gute Zutaten ben\u00f6tigt. Vergessen Sie nicht, die Farfalle mit einem gro\u00dfen Essl\u00f6ffel Salz f\u00fcr ein herzhaftes Endergebnis zu kochen. Dann etwas Oliven\u00f6l in die Nudeln r\u00fchren und Bottarga oder frische Vongole (Schalentiere) hinzuf\u00fcgen. Buonissimo!<\/p>\n<p>Der<strong> Biologische Farfalle<\/strong> ist eine trockene, harte Paste, die aus Hartweizen hergestellt wird.<\/p>","protected":false},"excerpt":{"rendered":"<p>De missie van Granoro is om enkel pasta van de allerbeste kwaliteit te leveren. Het is aan jou om te bepalen of dat zo is. Wij zijn in elk geval overtuigd en presenteren daarom hun biologische Farfalle. De Italiaanse keuken is er \u00e9\u00e9n van eenvoud. Er zijn maar enkele goede ingredi\u00ebnten nodig voor een overheerlijk &hellip; <br \/><a href=\"https:\/\/www.godere.nl\/de\/produkt\/farfalle-biologiche-granoro\/\" class=\"more-link\">Continue reading <span class=\"screen-reader-text\">Farfalle Biologici (Granoro)<\/span><\/a><\/p>","protected":false},"featured_media":4457,"comment_status":"closed","ping_status":"closed","template":"","meta":{"_monsterinsights_skip_tracking":false,"_monsterinsights_sitenote_active":false,"_monsterinsights_sitenote_note":"","_monsterinsights_sitenote_category":0,"_glsr_average":0,"_glsr_ranking":0,"_glsr_reviews":0},"product_brand":[],"product_cat":[125],"product_tag":[],"class_list":{"0":"post-4448","1":"product","2":"type-product","3":"status-publish","4":"has-post-thumbnail","6":"product_cat-pasta-en-rijst","8":"first","9":"instock","10":"taxable","11":"shipping-taxable","12":"purchasable","13":"product-type-simple"},"yoast_head":"<!-- This site is optimized with the Yoast SEO plugin v27.3 - https:\/\/yoast.com\/product\/yoast-seo-wordpress\/ -->\n<title>Farfalle Biologici (Granoro) - Godere | Italiaans genieten!<\/title>\n<meta name=\"description\" content=\"De missie van Granoro is om enkel pasta van de allerbeste kwaliteit te leveren. Het is aan jou om te bepalen of dat zo is. Godere, Italiaans\" \/>\n<meta name=\"robots\" content=\"index, follow, max-snippet:-1, max-image-preview:large, max-video-preview:-1\" \/>\n<link rel=\"canonical\" href=\"https:\/\/www.godere.nl\/de\/produkt\/farfalle-biologiche-granoro\/\" \/>\n<meta property=\"og:locale\" content=\"de_DE\" \/>\n<meta property=\"og:type\" content=\"article\" \/>\n<meta property=\"og:title\" content=\"Farfalle Biologici (Granoro) - Godere | Italiaans genieten!\" \/>\n<meta property=\"og:description\" content=\"De missie van Granoro is om enkel pasta van de allerbeste kwaliteit te leveren. Het is aan jou om te bepalen of dat zo is. Godere, Italiaans\" \/>\n<meta property=\"og:url\" content=\"https:\/\/www.godere.nl\/de\/produkt\/farfalle-biologiche-granoro\/\" \/>\n<meta property=\"og:site_name\" content=\"Godere | Italiaans genieten!\" \/>\n<meta property=\"article:publisher\" content=\"https:\/\/www.facebook.com\/godere.nl\" \/>\n<meta property=\"article:modified_time\" content=\"2026-01-12T17:48:49+00:00\" \/>\n<meta property=\"og:image\" content=\"https:\/\/www.godere.nl\/wp-content\/uploads\/2022\/01\/Granoro-Farfalle-go.jpg\" \/>\n\t<meta property=\"og:image:width\" content=\"1286\" \/>\n\t<meta property=\"og:image:height\" content=\"1600\" \/>\n\t<meta property=\"og:image:type\" content=\"image\/jpeg\" \/>\n<meta name=\"twitter:card\" content=\"summary_large_image\" \/>\n<meta name=\"twitter:label1\" content=\"Gesch\u00e4tzte Lesezeit\" \/>\n\t<meta name=\"twitter:data1\" content=\"1\u00a0Minute\" \/>\n<script type=\"application\/ld+json\" class=\"yoast-schema-graph\">{\"@context\":\"https:\\\/\\\/schema.org\",\"@graph\":[{\"@type\":\"WebPage\",\"@id\":\"https:\\\/\\\/www.godere.nl\\\/product\\\/farfalle-biologiche-granoro\\\/\",\"url\":\"https:\\\/\\\/www.godere.nl\\\/product\\\/farfalle-biologiche-granoro\\\/\",\"name\":\"Farfalle Biologici (Granoro) - Godere | Italiaans genieten!\",\"isPartOf\":{\"@id\":\"https:\\\/\\\/www.godere.nl\\\/#website\"},\"primaryImageOfPage\":{\"@id\":\"https:\\\/\\\/www.godere.nl\\\/product\\\/farfalle-biologiche-granoro\\\/#primaryimage\"},\"image\":{\"@id\":\"https:\\\/\\\/www.godere.nl\\\/product\\\/farfalle-biologiche-granoro\\\/#primaryimage\"},\"thumbnailUrl\":\"https:\\\/\\\/www.godere.nl\\\/wp-content\\\/uploads\\\/2022\\\/01\\\/Granoro-Farfalle-go.jpg\",\"datePublished\":\"2022-01-18T12:45:18+00:00\",\"dateModified\":\"2026-01-12T17:48:49+00:00\",\"description\":\"De missie van Granoro is om enkel pasta van de allerbeste kwaliteit te leveren. Het is aan jou om te bepalen of dat zo is. Godere, Italiaans\",\"breadcrumb\":{\"@id\":\"https:\\\/\\\/www.godere.nl\\\/product\\\/farfalle-biologiche-granoro\\\/#breadcrumb\"},\"inLanguage\":\"de\",\"potentialAction\":[{\"@type\":\"ReadAction\",\"target\":[\"https:\\\/\\\/www.godere.nl\\\/product\\\/farfalle-biologiche-granoro\\\/\"]}]},{\"@type\":\"ImageObject\",\"inLanguage\":\"de\",\"@id\":\"https:\\\/\\\/www.godere.nl\\\/product\\\/farfalle-biologiche-granoro\\\/#primaryimage\",\"url\":\"https:\\\/\\\/www.godere.nl\\\/wp-content\\\/uploads\\\/2022\\\/01\\\/Granoro-Farfalle-go.jpg\",\"contentUrl\":\"https:\\\/\\\/www.godere.nl\\\/wp-content\\\/uploads\\\/2022\\\/01\\\/Granoro-Farfalle-go.jpg\",\"width\":1286,\"height\":1600},{\"@type\":\"BreadcrumbList\",\"@id\":\"https:\\\/\\\/www.godere.nl\\\/product\\\/farfalle-biologiche-granoro\\\/#breadcrumb\",\"itemListElement\":[{\"@type\":\"ListItem\",\"position\":1,\"name\":\"Home\",\"item\":\"https:\\\/\\\/www.godere.nl\\\/\"},{\"@type\":\"ListItem\",\"position\":2,\"name\":\"Winkel\",\"item\":\"https:\\\/\\\/www.godere.nl\\\/winkel\\\/\"},{\"@type\":\"ListItem\",\"position\":3,\"name\":\"Farfalle Biologici (Granoro)\"}]},{\"@type\":\"WebSite\",\"@id\":\"https:\\\/\\\/www.godere.nl\\\/#website\",\"url\":\"https:\\\/\\\/www.godere.nl\\\/\",\"name\":\"Godere | Italiaans genieten!\",\"description\":\"\",\"publisher\":{\"@id\":\"https:\\\/\\\/www.godere.nl\\\/#organization\"},\"potentialAction\":[{\"@type\":\"SearchAction\",\"target\":{\"@type\":\"EntryPoint\",\"urlTemplate\":\"https:\\\/\\\/www.godere.nl\\\/?s={search_term_string}\"},\"query-input\":{\"@type\":\"PropertyValueSpecification\",\"valueRequired\":true,\"valueName\":\"search_term_string\"}}],\"inLanguage\":\"de\"},{\"@type\":\"Organization\",\"@id\":\"https:\\\/\\\/www.godere.nl\\\/#organization\",\"name\":\"Godere\",\"url\":\"https:\\\/\\\/www.godere.nl\\\/\",\"logo\":{\"@type\":\"ImageObject\",\"inLanguage\":\"de\",\"@id\":\"https:\\\/\\\/www.godere.nl\\\/#\\\/schema\\\/logo\\\/image\\\/\",\"url\":\"https:\\\/\\\/www.godere.nl\\\/wp-content\\\/uploads\\\/2022\\\/05\\\/GODERE-Granny-e1651842185822.png\",\"contentUrl\":\"https:\\\/\\\/www.godere.nl\\\/wp-content\\\/uploads\\\/2022\\\/05\\\/GODERE-Granny-e1651842185822.png\",\"width\":936,\"height\":408,\"caption\":\"Godere\"},\"image\":{\"@id\":\"https:\\\/\\\/www.godere.nl\\\/#\\\/schema\\\/logo\\\/image\\\/\"},\"sameAs\":[\"https:\\\/\\\/www.facebook.com\\\/godere.nl\"]}]}<\/script>\n<!-- \/ Yoast SEO plugin. -->","yoast_head_json":{"title":"Farfalle Biologici (Granoro) - Godere | Italiaans genieten!","description":"De missie van Granoro is om enkel pasta van de allerbeste kwaliteit te leveren. Het is aan jou om te bepalen of dat zo is. Godere, Italiaans","robots":{"index":"index","follow":"follow","max-snippet":"max-snippet:-1","max-image-preview":"max-image-preview:large","max-video-preview":"max-video-preview:-1"},"canonical":"https:\/\/www.godere.nl\/de\/produkt\/farfalle-biologiche-granoro\/","og_locale":"de_DE","og_type":"article","og_title":"Farfalle Biologici (Granoro) - Godere | Italiaans genieten!","og_description":"De missie van Granoro is om enkel pasta van de allerbeste kwaliteit te leveren. Het is aan jou om te bepalen of dat zo is. Godere, Italiaans","og_url":"https:\/\/www.godere.nl\/de\/produkt\/farfalle-biologiche-granoro\/","og_site_name":"Godere | Italiaans genieten!","article_publisher":"https:\/\/www.facebook.com\/godere.nl","article_modified_time":"2026-01-12T17:48:49+00:00","og_image":[{"width":1286,"height":1600,"url":"https:\/\/www.godere.nl\/wp-content\/uploads\/2022\/01\/Granoro-Farfalle-go.jpg","type":"image\/jpeg"}],"twitter_card":"summary_large_image","twitter_misc":{"Gesch\u00e4tzte Lesezeit":"1\u00a0Minute"},"schema":{"@context":"https:\/\/schema.org","@graph":[{"@type":"WebPage","@id":"https:\/\/www.godere.nl\/product\/farfalle-biologiche-granoro\/","url":"https:\/\/www.godere.nl\/product\/farfalle-biologiche-granoro\/","name":"Farfalle Biologici (Granoro) - Godere | Italiaans genieten!","isPartOf":{"@id":"https:\/\/www.godere.nl\/#website"},"primaryImageOfPage":{"@id":"https:\/\/www.godere.nl\/product\/farfalle-biologiche-granoro\/#primaryimage"},"image":{"@id":"https:\/\/www.godere.nl\/product\/farfalle-biologiche-granoro\/#primaryimage"},"thumbnailUrl":"https:\/\/www.godere.nl\/wp-content\/uploads\/2022\/01\/Granoro-Farfalle-go.jpg","datePublished":"2022-01-18T12:45:18+00:00","dateModified":"2026-01-12T17:48:49+00:00","description":"De missie van Granoro is om enkel pasta van de allerbeste kwaliteit te leveren. Het is aan jou om te bepalen of dat zo is. Godere, Italiaans","breadcrumb":{"@id":"https:\/\/www.godere.nl\/product\/farfalle-biologiche-granoro\/#breadcrumb"},"inLanguage":"de","potentialAction":[{"@type":"ReadAction","target":["https:\/\/www.godere.nl\/product\/farfalle-biologiche-granoro\/"]}]},{"@type":"ImageObject","inLanguage":"de","@id":"https:\/\/www.godere.nl\/product\/farfalle-biologiche-granoro\/#primaryimage","url":"https:\/\/www.godere.nl\/wp-content\/uploads\/2022\/01\/Granoro-Farfalle-go.jpg","contentUrl":"https:\/\/www.godere.nl\/wp-content\/uploads\/2022\/01\/Granoro-Farfalle-go.jpg","width":1286,"height":1600},{"@type":"BreadcrumbList","@id":"https:\/\/www.godere.nl\/product\/farfalle-biologiche-granoro\/#breadcrumb","itemListElement":[{"@type":"ListItem","position":1,"name":"Home","item":"https:\/\/www.godere.nl\/"},{"@type":"ListItem","position":2,"name":"Winkel","item":"https:\/\/www.godere.nl\/winkel\/"},{"@type":"ListItem","position":3,"name":"Farfalle Biologici (Granoro)"}]},{"@type":"WebSite","@id":"https:\/\/www.godere.nl\/#website","url":"https:\/\/www.godere.nl\/","name":"Godere | Italiaans genieten!","description":"","publisher":{"@id":"https:\/\/www.godere.nl\/#organization"},"potentialAction":[{"@type":"SearchAction","target":{"@type":"EntryPoint","urlTemplate":"https:\/\/www.godere.nl\/?s={search_term_string}"},"query-input":{"@type":"PropertyValueSpecification","valueRequired":true,"valueName":"search_term_string"}}],"inLanguage":"de"},{"@type":"Organization","@id":"https:\/\/www.godere.nl\/#organization","name":"Godere","url":"https:\/\/www.godere.nl\/","logo":{"@type":"ImageObject","inLanguage":"de","@id":"https:\/\/www.godere.nl\/#\/schema\/logo\/image\/","url":"https:\/\/www.godere.nl\/wp-content\/uploads\/2022\/05\/GODERE-Granny-e1651842185822.png","contentUrl":"https:\/\/www.godere.nl\/wp-content\/uploads\/2022\/05\/GODERE-Granny-e1651842185822.png","width":936,"height":408,"caption":"Godere"},"image":{"@id":"https:\/\/www.godere.nl\/#\/schema\/logo\/image\/"},"sameAs":["https:\/\/www.facebook.com\/godere.nl"]}]}},"_links":{"self":[{"href":"https:\/\/www.godere.nl\/de\/wp-json\/wp\/v2\/product\/4448","targetHints":{"allow":["GET"]}}],"collection":[{"href":"https:\/\/www.godere.nl\/de\/wp-json\/wp\/v2\/product"}],"about":[{"href":"https:\/\/www.godere.nl\/de\/wp-json\/wp\/v2\/types\/product"}],"replies":[{"embeddable":true,"href":"https:\/\/www.godere.nl\/de\/wp-json\/wp\/v2\/comments?post=4448"}],"wp:featuredmedia":[{"embeddable":true,"href":"https:\/\/www.godere.nl\/de\/wp-json\/wp\/v2\/media\/4457"}],"wp:attachment":[{"href":"https:\/\/www.godere.nl\/de\/wp-json\/wp\/v2\/media?parent=4448"}],"wp:term":[{"taxonomy":"product_brand","embeddable":true,"href":"https:\/\/www.godere.nl\/de\/wp-json\/wp\/v2\/product_brand?post=4448"},{"taxonomy":"product_cat","embeddable":true,"href":"https:\/\/www.godere.nl\/de\/wp-json\/wp\/v2\/product_cat?post=4448"},{"taxonomy":"product_tag","embeddable":true,"href":"https:\/\/www.godere.nl\/de\/wp-json\/wp\/v2\/product_tag?post=4448"}],"curies":[{"name":"wp","href":"https:\/\/api.w.org\/{rel}","templated":true}]}}