{"id":4451,"date":"2022-01-18T15:34:18","date_gmt":"2022-01-18T14:34:18","guid":{"rendered":"https:\/\/www.godere.nl\/?post_type=product&#038;p=4451"},"modified":"2023-09-04T11:41:30","modified_gmt":"2023-09-04T09:41:30","slug":"fusilli-biologico-granoro","status":"publish","type":"product","link":"https:\/\/www.godere.nl\/de\/produkt\/fusilli-biologico-granoro\/","title":{"rendered":"Fusilli Biologici (Granoro)"},"content":{"rendered":"<p class=\"translation-block\">So viele Menschen, so viele Geschmacksrichtungen. Und so k\u00f6nnen Sie aus vielen sch\u00f6nen und leckeren Pastaformen w\u00e4hlen. Die gedrehten Fusilli-Spiralfackeln sind sch\u00f6n in der Form und besonders n\u00fctzlich, um den Geschmack und die Substanz einiger dickerer Nudelsaucen zu erhalten. Der Weizen f\u00fcr unsere Fusilli Biologici wird von den lokalen Biobauern rund um Apulien angebaut.<\/p>\n<p class=\"translation-block\">Fusilli Biologici wird aus 100% biologischem Weizengrie\u00df hergestellt. Es bleibt nach dem Kochen elastisch und der Geschmack ist genau so, wie Sie es von einem guten Fusilli erwarten, voll und fest.<\/p>\n<p class=\"translation-block\">Servieren Sie die Fusilli Biologici mit frischen Tomaten und Spinat, Parmesan und gegrillten Pinienkernen und genie\u00dfen Sie ein k\u00f6stliches italienisches Nudelgericht.<\/p>","protected":false},"excerpt":{"rendered":"<p>Zoveel mensen, zoveel smaken. En dus kun je uit vele mooie en lekkere pastavormen kiezen. De gedraaide fusilli-spiraalwokkels zijn mooi van vorm en vooral handig om de smaak en substantie van wat dikkere pastasauzen vast te houden. De tarwe voor onze Fusilli Biologici wordt door de lokale biologische boeren rondom Puglia verbouwd. Fusilli Biologici is &hellip; <br \/><a href=\"https:\/\/www.godere.nl\/de\/produkt\/fusilli-biologico-granoro\/\" class=\"more-link\">Continue reading <span class=\"screen-reader-text\">Fusilli Biologici (Granoro)<\/span><\/a><\/p>","protected":false},"featured_media":4456,"comment_status":"closed","ping_status":"closed","template":"","meta":{"_monsterinsights_skip_tracking":false,"_monsterinsights_sitenote_active":false,"_monsterinsights_sitenote_note":"","_monsterinsights_sitenote_category":0,"_glsr_average":0,"_glsr_ranking":0,"_glsr_reviews":0},"product_brand":[],"product_cat":[125],"product_tag":[],"class_list":{"0":"post-4451","1":"product","2":"type-product","3":"status-publish","4":"has-post-thumbnail","6":"product_cat-pasta-en-rijst","8":"first","9":"outofstock","10":"taxable","11":"shipping-taxable","12":"purchasable","13":"product-type-simple"},"yoast_head":"<!-- This site is optimized with the Yoast SEO plugin v27.3 - https:\/\/yoast.com\/product\/yoast-seo-wordpress\/ -->\n<title>Fusilli Biologici (Granoro) - Godere | Italiaans genieten!<\/title>\n<meta name=\"description\" content=\"Fusilli Biologici is van 100% biologisch tarwegriesmeel gemaakt. Hij blijft elastisch na koken en de smaak is precies. Godere, genieten\" \/>\n<meta name=\"robots\" content=\"index, follow, max-snippet:-1, max-image-preview:large, max-video-preview:-1\" \/>\n<link rel=\"canonical\" href=\"https:\/\/www.godere.nl\/de\/produkt\/fusilli-biologico-granoro\/\" \/>\n<meta property=\"og:locale\" content=\"de_DE\" \/>\n<meta property=\"og:type\" content=\"article\" \/>\n<meta property=\"og:title\" content=\"Fusilli Biologici (Granoro) - Godere | Italiaans genieten!\" \/>\n<meta property=\"og:description\" content=\"Fusilli Biologici is van 100% biologisch tarwegriesmeel gemaakt. Hij blijft elastisch na koken en de smaak is precies. Godere, genieten\" \/>\n<meta property=\"og:url\" content=\"https:\/\/www.godere.nl\/de\/produkt\/fusilli-biologico-granoro\/\" \/>\n<meta property=\"og:site_name\" content=\"Godere | Italiaans genieten!\" \/>\n<meta property=\"article:publisher\" content=\"https:\/\/www.facebook.com\/godere.nl\" \/>\n<meta property=\"article:modified_time\" content=\"2023-09-04T09:41:30+00:00\" \/>\n<meta property=\"og:image\" content=\"https:\/\/www.godere.nl\/wp-content\/uploads\/2022\/01\/Granoro-Fusilli-go.jpg\" \/>\n\t<meta property=\"og:image:width\" content=\"1351\" \/>\n\t<meta property=\"og:image:height\" content=\"1600\" \/>\n\t<meta property=\"og:image:type\" content=\"image\/jpeg\" \/>\n<meta name=\"twitter:card\" content=\"summary_large_image\" \/>\n<meta name=\"twitter:label1\" content=\"Gesch\u00e4tzte Lesezeit\" \/>\n\t<meta name=\"twitter:data1\" content=\"1\u00a0Minute\" \/>\n<script type=\"application\/ld+json\" class=\"yoast-schema-graph\">{\"@context\":\"https:\\\/\\\/schema.org\",\"@graph\":[{\"@type\":\"WebPage\",\"@id\":\"https:\\\/\\\/www.godere.nl\\\/product\\\/fusilli-biologico-granoro\\\/\",\"url\":\"https:\\\/\\\/www.godere.nl\\\/product\\\/fusilli-biologico-granoro\\\/\",\"name\":\"Fusilli Biologici (Granoro) - Godere | Italiaans genieten!\",\"isPartOf\":{\"@id\":\"https:\\\/\\\/www.godere.nl\\\/#website\"},\"primaryImageOfPage\":{\"@id\":\"https:\\\/\\\/www.godere.nl\\\/product\\\/fusilli-biologico-granoro\\\/#primaryimage\"},\"image\":{\"@id\":\"https:\\\/\\\/www.godere.nl\\\/product\\\/fusilli-biologico-granoro\\\/#primaryimage\"},\"thumbnailUrl\":\"https:\\\/\\\/www.godere.nl\\\/wp-content\\\/uploads\\\/2022\\\/01\\\/Granoro-Fusilli-go.jpg\",\"datePublished\":\"2022-01-18T14:34:18+00:00\",\"dateModified\":\"2023-09-04T09:41:30+00:00\",\"description\":\"Fusilli Biologici is van 100% biologisch tarwegriesmeel gemaakt. Hij blijft elastisch na koken en de smaak is precies. Godere, genieten\",\"breadcrumb\":{\"@id\":\"https:\\\/\\\/www.godere.nl\\\/product\\\/fusilli-biologico-granoro\\\/#breadcrumb\"},\"inLanguage\":\"de\",\"potentialAction\":[{\"@type\":\"ReadAction\",\"target\":[\"https:\\\/\\\/www.godere.nl\\\/product\\\/fusilli-biologico-granoro\\\/\"]}]},{\"@type\":\"ImageObject\",\"inLanguage\":\"de\",\"@id\":\"https:\\\/\\\/www.godere.nl\\\/product\\\/fusilli-biologico-granoro\\\/#primaryimage\",\"url\":\"https:\\\/\\\/www.godere.nl\\\/wp-content\\\/uploads\\\/2022\\\/01\\\/Granoro-Fusilli-go.jpg\",\"contentUrl\":\"https:\\\/\\\/www.godere.nl\\\/wp-content\\\/uploads\\\/2022\\\/01\\\/Granoro-Fusilli-go.jpg\",\"width\":1351,\"height\":1600},{\"@type\":\"BreadcrumbList\",\"@id\":\"https:\\\/\\\/www.godere.nl\\\/product\\\/fusilli-biologico-granoro\\\/#breadcrumb\",\"itemListElement\":[{\"@type\":\"ListItem\",\"position\":1,\"name\":\"Home\",\"item\":\"https:\\\/\\\/www.godere.nl\\\/\"},{\"@type\":\"ListItem\",\"position\":2,\"name\":\"Winkel\",\"item\":\"https:\\\/\\\/www.godere.nl\\\/winkel\\\/\"},{\"@type\":\"ListItem\",\"position\":3,\"name\":\"Fusilli Biologici (Granoro)\"}]},{\"@type\":\"WebSite\",\"@id\":\"https:\\\/\\\/www.godere.nl\\\/#website\",\"url\":\"https:\\\/\\\/www.godere.nl\\\/\",\"name\":\"Godere | Italiaans genieten!\",\"description\":\"\",\"publisher\":{\"@id\":\"https:\\\/\\\/www.godere.nl\\\/#organization\"},\"potentialAction\":[{\"@type\":\"SearchAction\",\"target\":{\"@type\":\"EntryPoint\",\"urlTemplate\":\"https:\\\/\\\/www.godere.nl\\\/?s={search_term_string}\"},\"query-input\":{\"@type\":\"PropertyValueSpecification\",\"valueRequired\":true,\"valueName\":\"search_term_string\"}}],\"inLanguage\":\"de\"},{\"@type\":\"Organization\",\"@id\":\"https:\\\/\\\/www.godere.nl\\\/#organization\",\"name\":\"Godere\",\"url\":\"https:\\\/\\\/www.godere.nl\\\/\",\"logo\":{\"@type\":\"ImageObject\",\"inLanguage\":\"de\",\"@id\":\"https:\\\/\\\/www.godere.nl\\\/#\\\/schema\\\/logo\\\/image\\\/\",\"url\":\"https:\\\/\\\/www.godere.nl\\\/wp-content\\\/uploads\\\/2022\\\/05\\\/GODERE-Granny-e1651842185822.png\",\"contentUrl\":\"https:\\\/\\\/www.godere.nl\\\/wp-content\\\/uploads\\\/2022\\\/05\\\/GODERE-Granny-e1651842185822.png\",\"width\":936,\"height\":408,\"caption\":\"Godere\"},\"image\":{\"@id\":\"https:\\\/\\\/www.godere.nl\\\/#\\\/schema\\\/logo\\\/image\\\/\"},\"sameAs\":[\"https:\\\/\\\/www.facebook.com\\\/godere.nl\"]}]}<\/script>\n<!-- \/ Yoast SEO plugin. -->","yoast_head_json":{"title":"Fusilli Biologici (Granoro) - Godere | Italiaans genieten!","description":"Fusilli Biologici is van 100% biologisch tarwegriesmeel gemaakt. Hij blijft elastisch na koken en de smaak is precies. Godere, genieten","robots":{"index":"index","follow":"follow","max-snippet":"max-snippet:-1","max-image-preview":"max-image-preview:large","max-video-preview":"max-video-preview:-1"},"canonical":"https:\/\/www.godere.nl\/de\/produkt\/fusilli-biologico-granoro\/","og_locale":"de_DE","og_type":"article","og_title":"Fusilli Biologici (Granoro) - Godere | Italiaans genieten!","og_description":"Fusilli Biologici is van 100% biologisch tarwegriesmeel gemaakt. Hij blijft elastisch na koken en de smaak is precies. Godere, genieten","og_url":"https:\/\/www.godere.nl\/de\/produkt\/fusilli-biologico-granoro\/","og_site_name":"Godere | Italiaans genieten!","article_publisher":"https:\/\/www.facebook.com\/godere.nl","article_modified_time":"2023-09-04T09:41:30+00:00","og_image":[{"width":1351,"height":1600,"url":"https:\/\/www.godere.nl\/wp-content\/uploads\/2022\/01\/Granoro-Fusilli-go.jpg","type":"image\/jpeg"}],"twitter_card":"summary_large_image","twitter_misc":{"Gesch\u00e4tzte Lesezeit":"1\u00a0Minute"},"schema":{"@context":"https:\/\/schema.org","@graph":[{"@type":"WebPage","@id":"https:\/\/www.godere.nl\/product\/fusilli-biologico-granoro\/","url":"https:\/\/www.godere.nl\/product\/fusilli-biologico-granoro\/","name":"Fusilli Biologici (Granoro) - Godere | Italiaans genieten!","isPartOf":{"@id":"https:\/\/www.godere.nl\/#website"},"primaryImageOfPage":{"@id":"https:\/\/www.godere.nl\/product\/fusilli-biologico-granoro\/#primaryimage"},"image":{"@id":"https:\/\/www.godere.nl\/product\/fusilli-biologico-granoro\/#primaryimage"},"thumbnailUrl":"https:\/\/www.godere.nl\/wp-content\/uploads\/2022\/01\/Granoro-Fusilli-go.jpg","datePublished":"2022-01-18T14:34:18+00:00","dateModified":"2023-09-04T09:41:30+00:00","description":"Fusilli Biologici is van 100% biologisch tarwegriesmeel gemaakt. Hij blijft elastisch na koken en de smaak is precies. Godere, genieten","breadcrumb":{"@id":"https:\/\/www.godere.nl\/product\/fusilli-biologico-granoro\/#breadcrumb"},"inLanguage":"de","potentialAction":[{"@type":"ReadAction","target":["https:\/\/www.godere.nl\/product\/fusilli-biologico-granoro\/"]}]},{"@type":"ImageObject","inLanguage":"de","@id":"https:\/\/www.godere.nl\/product\/fusilli-biologico-granoro\/#primaryimage","url":"https:\/\/www.godere.nl\/wp-content\/uploads\/2022\/01\/Granoro-Fusilli-go.jpg","contentUrl":"https:\/\/www.godere.nl\/wp-content\/uploads\/2022\/01\/Granoro-Fusilli-go.jpg","width":1351,"height":1600},{"@type":"BreadcrumbList","@id":"https:\/\/www.godere.nl\/product\/fusilli-biologico-granoro\/#breadcrumb","itemListElement":[{"@type":"ListItem","position":1,"name":"Home","item":"https:\/\/www.godere.nl\/"},{"@type":"ListItem","position":2,"name":"Winkel","item":"https:\/\/www.godere.nl\/winkel\/"},{"@type":"ListItem","position":3,"name":"Fusilli Biologici (Granoro)"}]},{"@type":"WebSite","@id":"https:\/\/www.godere.nl\/#website","url":"https:\/\/www.godere.nl\/","name":"Godere | Italiaans genieten!","description":"","publisher":{"@id":"https:\/\/www.godere.nl\/#organization"},"potentialAction":[{"@type":"SearchAction","target":{"@type":"EntryPoint","urlTemplate":"https:\/\/www.godere.nl\/?s={search_term_string}"},"query-input":{"@type":"PropertyValueSpecification","valueRequired":true,"valueName":"search_term_string"}}],"inLanguage":"de"},{"@type":"Organization","@id":"https:\/\/www.godere.nl\/#organization","name":"Godere","url":"https:\/\/www.godere.nl\/","logo":{"@type":"ImageObject","inLanguage":"de","@id":"https:\/\/www.godere.nl\/#\/schema\/logo\/image\/","url":"https:\/\/www.godere.nl\/wp-content\/uploads\/2022\/05\/GODERE-Granny-e1651842185822.png","contentUrl":"https:\/\/www.godere.nl\/wp-content\/uploads\/2022\/05\/GODERE-Granny-e1651842185822.png","width":936,"height":408,"caption":"Godere"},"image":{"@id":"https:\/\/www.godere.nl\/#\/schema\/logo\/image\/"},"sameAs":["https:\/\/www.facebook.com\/godere.nl"]}]}},"_links":{"self":[{"href":"https:\/\/www.godere.nl\/de\/wp-json\/wp\/v2\/product\/4451","targetHints":{"allow":["GET"]}}],"collection":[{"href":"https:\/\/www.godere.nl\/de\/wp-json\/wp\/v2\/product"}],"about":[{"href":"https:\/\/www.godere.nl\/de\/wp-json\/wp\/v2\/types\/product"}],"replies":[{"embeddable":true,"href":"https:\/\/www.godere.nl\/de\/wp-json\/wp\/v2\/comments?post=4451"}],"wp:featuredmedia":[{"embeddable":true,"href":"https:\/\/www.godere.nl\/de\/wp-json\/wp\/v2\/media\/4456"}],"wp:attachment":[{"href":"https:\/\/www.godere.nl\/de\/wp-json\/wp\/v2\/media?parent=4451"}],"wp:term":[{"taxonomy":"product_brand","embeddable":true,"href":"https:\/\/www.godere.nl\/de\/wp-json\/wp\/v2\/product_brand?post=4451"},{"taxonomy":"product_cat","embeddable":true,"href":"https:\/\/www.godere.nl\/de\/wp-json\/wp\/v2\/product_cat?post=4451"},{"taxonomy":"product_tag","embeddable":true,"href":"https:\/\/www.godere.nl\/de\/wp-json\/wp\/v2\/product_tag?post=4451"}],"curies":[{"name":"wp","href":"https:\/\/api.w.org\/{rel}","templated":true}]}}