{"id":4522,"date":"2022-01-26T17:21:41","date_gmt":"2022-01-26T16:21:41","guid":{"rendered":"https:\/\/www.godere.nl\/?post_type=product&#038;p=4522"},"modified":"2024-09-02T14:15:22","modified_gmt":"2024-09-02T12:15:22","slug":"brodo-tartufo-fattoria-italia","status":"publish","type":"product","link":"https:\/\/www.godere.nl\/de\/produkt\/brodo-tartufo-fattoria-italia\/","title":{"rendered":"Brodo Tartufo (Fattoria Italia)"},"content":{"rendered":"<p><span data-contrast=\"auto\">Gem\u00fcsebr\u00fche mit Tr\u00fcffel<\/span><span data-ccp-props=\"{&quot;201341983&quot;:0,&quot;335559739&quot;:160,&quot;335559740&quot;:259}\">\u00a0<\/span><\/p>\n<p class=\"translation-block\">1975 Fabio Casadei in der Romagna, Toskana, mit der Vorbereitung von  Bouillon W\u00fcrfel und Gew\u00fcrze f\u00fcr Gro\u00dfhandel und Gastronomie. Seine Fattoria Italia hat sich zu einer internationalen Gruppe entwickelt; In mehr als 30 L\u00e4ndern weltweit werden seine Br\u00fche und Gew\u00fcrze als Gew\u00fcrz verwendet. Dann kann man mit Sicherheit sagen, dass Fabio den richtigen Geschmack hat.<\/p>\n<p class=\"translation-block\"><b>Brodo Tartufo<\/b> ist ein so geschmackvoller W\u00fcrfel, den Sie in Ihrer K\u00fcche nicht wirklich verpassen d\u00fcrfen.<\/p>\n<p class=\"translation-block\">W\u00e4hlen Sie die Brodo Tartufo f\u00fcr alle Ihre Suppen, Saucen und Risottos. Der Tr\u00fcffelgeschmack ist besonders lecker in einer frischen Pilzsuppe. Ein W\u00fcrfel im Kochwasser Ihrer Pasta sorgt zudem f\u00fcr zus\u00e4tzliche W\u00fcrze.<\/p>","protected":false},"excerpt":{"rendered":"<p>Groentebouillon met truffel\u00a0 In 1975\u00a0startte Fabio\u00a0Casadei\u00a0in\u00a0Romagna, Toscane,\u00a0met\u00a0de\u00a0bereiding van\u00a0bouillonblokjes en specerijen\u00a0voor de groothandel en catering.\u00a0Zijn\u00a0Fattoria\u00a0Italia is uitgegroeid tot een internationaal concern; in meer dan 30 landen wereldwijd worden zijn bouillon en specerijen als smaakmaker gebruikt. Dan kun je gerust stellen dat Fabio de juiste smaak te pakken heeft.\u00a0\u00a0\u00a0\u00a0 Brodo\u00a0Tartufo\u00a0is zo\u2019n smaakvol blokje dat je eigenlijk niet &hellip; <br \/><a href=\"https:\/\/www.godere.nl\/de\/produkt\/brodo-tartufo-fattoria-italia\/\" class=\"more-link\">Continue reading <span class=\"screen-reader-text\">Brodo Tartufo (Fattoria Italia)<\/span><\/a><\/p>","protected":false},"featured_media":4523,"comment_status":"closed","ping_status":"closed","template":"","meta":{"_monsterinsights_skip_tracking":false,"_monsterinsights_sitenote_active":false,"_monsterinsights_sitenote_note":"","_monsterinsights_sitenote_category":0,"_glsr_average":0,"_glsr_ranking":0,"_glsr_reviews":0},"product_brand":[],"product_cat":[137],"product_tag":[],"class_list":{"0":"post-4522","1":"product","2":"type-product","3":"status-publish","4":"has-post-thumbnail","6":"product_cat-sauzen-en-soep","8":"first","9":"instock","10":"taxable","11":"shipping-taxable","12":"purchasable","13":"product-type-simple"},"yoast_head":"<!-- This site is optimized with the Yoast SEO plugin v27.3 - https:\/\/yoast.com\/product\/yoast-seo-wordpress\/ -->\n<title>Brodo Tartufo (Fattoria Italia) - Godere | Italiaans genieten!<\/title>\n<meta name=\"description\" content=\"Brodo\u00a0Tartufo\u00a0is zo\u2019n smaakvol blokje dat je eigenlijk niet kunt missen in je keuken.\u00a0Fattoria Italia, godere\" \/>\n<meta name=\"robots\" content=\"index, follow, max-snippet:-1, max-image-preview:large, max-video-preview:-1\" \/>\n<link rel=\"canonical\" href=\"https:\/\/www.godere.nl\/de\/produkt\/brodo-tartufo-fattoria-italia\/\" \/>\n<meta property=\"og:locale\" content=\"de_DE\" \/>\n<meta property=\"og:type\" content=\"article\" \/>\n<meta property=\"og:title\" content=\"Brodo Tartufo (Fattoria Italia) - Godere | Italiaans genieten!\" \/>\n<meta property=\"og:description\" content=\"Brodo\u00a0Tartufo\u00a0is zo\u2019n smaakvol blokje dat je eigenlijk niet kunt missen in je keuken.\u00a0Fattoria Italia, godere\" \/>\n<meta property=\"og:url\" content=\"https:\/\/www.godere.nl\/de\/produkt\/brodo-tartufo-fattoria-italia\/\" \/>\n<meta property=\"og:site_name\" content=\"Godere | Italiaans genieten!\" \/>\n<meta property=\"article:publisher\" content=\"https:\/\/www.facebook.com\/godere.nl\" \/>\n<meta property=\"article:modified_time\" content=\"2024-09-02T12:15:22+00:00\" \/>\n<meta property=\"og:image\" content=\"https:\/\/www.godere.nl\/wp-content\/uploads\/2022\/01\/Brodo-Tartufo-Fattoria-Italia-go.jpg\" \/>\n\t<meta property=\"og:image:width\" content=\"1600\" \/>\n\t<meta property=\"og:image:height\" content=\"1395\" \/>\n\t<meta property=\"og:image:type\" content=\"image\/jpeg\" \/>\n<meta name=\"twitter:card\" content=\"summary_large_image\" \/>\n<meta name=\"twitter:label1\" content=\"Gesch\u00e4tzte Lesezeit\" \/>\n\t<meta name=\"twitter:data1\" content=\"1\u00a0Minute\" \/>\n<script type=\"application\/ld+json\" class=\"yoast-schema-graph\">{\"@context\":\"https:\\\/\\\/schema.org\",\"@graph\":[{\"@type\":\"WebPage\",\"@id\":\"https:\\\/\\\/www.godere.nl\\\/product\\\/brodo-tartufo-fattoria-italia\\\/\",\"url\":\"https:\\\/\\\/www.godere.nl\\\/product\\\/brodo-tartufo-fattoria-italia\\\/\",\"name\":\"Brodo Tartufo (Fattoria Italia) - Godere | Italiaans genieten!\",\"isPartOf\":{\"@id\":\"https:\\\/\\\/www.godere.nl\\\/#website\"},\"primaryImageOfPage\":{\"@id\":\"https:\\\/\\\/www.godere.nl\\\/product\\\/brodo-tartufo-fattoria-italia\\\/#primaryimage\"},\"image\":{\"@id\":\"https:\\\/\\\/www.godere.nl\\\/product\\\/brodo-tartufo-fattoria-italia\\\/#primaryimage\"},\"thumbnailUrl\":\"https:\\\/\\\/www.godere.nl\\\/wp-content\\\/uploads\\\/2022\\\/01\\\/Brodo-Tartufo-Fattoria-Italia-go.jpg\",\"datePublished\":\"2022-01-26T16:21:41+00:00\",\"dateModified\":\"2024-09-02T12:15:22+00:00\",\"description\":\"Brodo\u00a0Tartufo\u00a0is zo\u2019n smaakvol blokje dat je eigenlijk niet kunt missen in je keuken.\u00a0Fattoria Italia, godere\",\"breadcrumb\":{\"@id\":\"https:\\\/\\\/www.godere.nl\\\/product\\\/brodo-tartufo-fattoria-italia\\\/#breadcrumb\"},\"inLanguage\":\"de\",\"potentialAction\":[{\"@type\":\"ReadAction\",\"target\":[\"https:\\\/\\\/www.godere.nl\\\/product\\\/brodo-tartufo-fattoria-italia\\\/\"]}]},{\"@type\":\"ImageObject\",\"inLanguage\":\"de\",\"@id\":\"https:\\\/\\\/www.godere.nl\\\/product\\\/brodo-tartufo-fattoria-italia\\\/#primaryimage\",\"url\":\"https:\\\/\\\/www.godere.nl\\\/wp-content\\\/uploads\\\/2022\\\/01\\\/Brodo-Tartufo-Fattoria-Italia-go.jpg\",\"contentUrl\":\"https:\\\/\\\/www.godere.nl\\\/wp-content\\\/uploads\\\/2022\\\/01\\\/Brodo-Tartufo-Fattoria-Italia-go.jpg\",\"width\":1600,\"height\":1395},{\"@type\":\"BreadcrumbList\",\"@id\":\"https:\\\/\\\/www.godere.nl\\\/product\\\/brodo-tartufo-fattoria-italia\\\/#breadcrumb\",\"itemListElement\":[{\"@type\":\"ListItem\",\"position\":1,\"name\":\"Home\",\"item\":\"https:\\\/\\\/www.godere.nl\\\/\"},{\"@type\":\"ListItem\",\"position\":2,\"name\":\"Winkel\",\"item\":\"https:\\\/\\\/www.godere.nl\\\/winkel\\\/\"},{\"@type\":\"ListItem\",\"position\":3,\"name\":\"Brodo Tartufo (Fattoria Italia)\"}]},{\"@type\":\"WebSite\",\"@id\":\"https:\\\/\\\/www.godere.nl\\\/#website\",\"url\":\"https:\\\/\\\/www.godere.nl\\\/\",\"name\":\"Godere | Italiaans genieten!\",\"description\":\"\",\"publisher\":{\"@id\":\"https:\\\/\\\/www.godere.nl\\\/#organization\"},\"potentialAction\":[{\"@type\":\"SearchAction\",\"target\":{\"@type\":\"EntryPoint\",\"urlTemplate\":\"https:\\\/\\\/www.godere.nl\\\/?s={search_term_string}\"},\"query-input\":{\"@type\":\"PropertyValueSpecification\",\"valueRequired\":true,\"valueName\":\"search_term_string\"}}],\"inLanguage\":\"de\"},{\"@type\":\"Organization\",\"@id\":\"https:\\\/\\\/www.godere.nl\\\/#organization\",\"name\":\"Godere\",\"url\":\"https:\\\/\\\/www.godere.nl\\\/\",\"logo\":{\"@type\":\"ImageObject\",\"inLanguage\":\"de\",\"@id\":\"https:\\\/\\\/www.godere.nl\\\/#\\\/schema\\\/logo\\\/image\\\/\",\"url\":\"https:\\\/\\\/www.godere.nl\\\/wp-content\\\/uploads\\\/2022\\\/05\\\/GODERE-Granny-e1651842185822.png\",\"contentUrl\":\"https:\\\/\\\/www.godere.nl\\\/wp-content\\\/uploads\\\/2022\\\/05\\\/GODERE-Granny-e1651842185822.png\",\"width\":936,\"height\":408,\"caption\":\"Godere\"},\"image\":{\"@id\":\"https:\\\/\\\/www.godere.nl\\\/#\\\/schema\\\/logo\\\/image\\\/\"},\"sameAs\":[\"https:\\\/\\\/www.facebook.com\\\/godere.nl\"]}]}<\/script>\n<!-- \/ Yoast SEO plugin. -->","yoast_head_json":{"title":"Brodo Tartufo (Fattoria Italia) - Godere | Italiaans genieten!","description":"Brodo\u00a0Tartufo\u00a0is zo\u2019n smaakvol blokje dat je eigenlijk niet kunt missen in je keuken.\u00a0Fattoria Italia, godere","robots":{"index":"index","follow":"follow","max-snippet":"max-snippet:-1","max-image-preview":"max-image-preview:large","max-video-preview":"max-video-preview:-1"},"canonical":"https:\/\/www.godere.nl\/de\/produkt\/brodo-tartufo-fattoria-italia\/","og_locale":"de_DE","og_type":"article","og_title":"Brodo Tartufo (Fattoria Italia) - Godere | Italiaans genieten!","og_description":"Brodo\u00a0Tartufo\u00a0is zo\u2019n smaakvol blokje dat je eigenlijk niet kunt missen in je keuken.\u00a0Fattoria Italia, godere","og_url":"https:\/\/www.godere.nl\/de\/produkt\/brodo-tartufo-fattoria-italia\/","og_site_name":"Godere | Italiaans genieten!","article_publisher":"https:\/\/www.facebook.com\/godere.nl","article_modified_time":"2024-09-02T12:15:22+00:00","og_image":[{"width":1600,"height":1395,"url":"https:\/\/www.godere.nl\/wp-content\/uploads\/2022\/01\/Brodo-Tartufo-Fattoria-Italia-go.jpg","type":"image\/jpeg"}],"twitter_card":"summary_large_image","twitter_misc":{"Gesch\u00e4tzte Lesezeit":"1\u00a0Minute"},"schema":{"@context":"https:\/\/schema.org","@graph":[{"@type":"WebPage","@id":"https:\/\/www.godere.nl\/product\/brodo-tartufo-fattoria-italia\/","url":"https:\/\/www.godere.nl\/product\/brodo-tartufo-fattoria-italia\/","name":"Brodo Tartufo (Fattoria Italia) - Godere | Italiaans genieten!","isPartOf":{"@id":"https:\/\/www.godere.nl\/#website"},"primaryImageOfPage":{"@id":"https:\/\/www.godere.nl\/product\/brodo-tartufo-fattoria-italia\/#primaryimage"},"image":{"@id":"https:\/\/www.godere.nl\/product\/brodo-tartufo-fattoria-italia\/#primaryimage"},"thumbnailUrl":"https:\/\/www.godere.nl\/wp-content\/uploads\/2022\/01\/Brodo-Tartufo-Fattoria-Italia-go.jpg","datePublished":"2022-01-26T16:21:41+00:00","dateModified":"2024-09-02T12:15:22+00:00","description":"Brodo\u00a0Tartufo\u00a0is zo\u2019n smaakvol blokje dat je eigenlijk niet kunt missen in je keuken.\u00a0Fattoria Italia, godere","breadcrumb":{"@id":"https:\/\/www.godere.nl\/product\/brodo-tartufo-fattoria-italia\/#breadcrumb"},"inLanguage":"de","potentialAction":[{"@type":"ReadAction","target":["https:\/\/www.godere.nl\/product\/brodo-tartufo-fattoria-italia\/"]}]},{"@type":"ImageObject","inLanguage":"de","@id":"https:\/\/www.godere.nl\/product\/brodo-tartufo-fattoria-italia\/#primaryimage","url":"https:\/\/www.godere.nl\/wp-content\/uploads\/2022\/01\/Brodo-Tartufo-Fattoria-Italia-go.jpg","contentUrl":"https:\/\/www.godere.nl\/wp-content\/uploads\/2022\/01\/Brodo-Tartufo-Fattoria-Italia-go.jpg","width":1600,"height":1395},{"@type":"BreadcrumbList","@id":"https:\/\/www.godere.nl\/product\/brodo-tartufo-fattoria-italia\/#breadcrumb","itemListElement":[{"@type":"ListItem","position":1,"name":"Home","item":"https:\/\/www.godere.nl\/"},{"@type":"ListItem","position":2,"name":"Winkel","item":"https:\/\/www.godere.nl\/winkel\/"},{"@type":"ListItem","position":3,"name":"Brodo Tartufo (Fattoria Italia)"}]},{"@type":"WebSite","@id":"https:\/\/www.godere.nl\/#website","url":"https:\/\/www.godere.nl\/","name":"Godere | Italiaans genieten!","description":"","publisher":{"@id":"https:\/\/www.godere.nl\/#organization"},"potentialAction":[{"@type":"SearchAction","target":{"@type":"EntryPoint","urlTemplate":"https:\/\/www.godere.nl\/?s={search_term_string}"},"query-input":{"@type":"PropertyValueSpecification","valueRequired":true,"valueName":"search_term_string"}}],"inLanguage":"de"},{"@type":"Organization","@id":"https:\/\/www.godere.nl\/#organization","name":"Godere","url":"https:\/\/www.godere.nl\/","logo":{"@type":"ImageObject","inLanguage":"de","@id":"https:\/\/www.godere.nl\/#\/schema\/logo\/image\/","url":"https:\/\/www.godere.nl\/wp-content\/uploads\/2022\/05\/GODERE-Granny-e1651842185822.png","contentUrl":"https:\/\/www.godere.nl\/wp-content\/uploads\/2022\/05\/GODERE-Granny-e1651842185822.png","width":936,"height":408,"caption":"Godere"},"image":{"@id":"https:\/\/www.godere.nl\/#\/schema\/logo\/image\/"},"sameAs":["https:\/\/www.facebook.com\/godere.nl"]}]}},"_links":{"self":[{"href":"https:\/\/www.godere.nl\/de\/wp-json\/wp\/v2\/product\/4522","targetHints":{"allow":["GET"]}}],"collection":[{"href":"https:\/\/www.godere.nl\/de\/wp-json\/wp\/v2\/product"}],"about":[{"href":"https:\/\/www.godere.nl\/de\/wp-json\/wp\/v2\/types\/product"}],"replies":[{"embeddable":true,"href":"https:\/\/www.godere.nl\/de\/wp-json\/wp\/v2\/comments?post=4522"}],"wp:featuredmedia":[{"embeddable":true,"href":"https:\/\/www.godere.nl\/de\/wp-json\/wp\/v2\/media\/4523"}],"wp:attachment":[{"href":"https:\/\/www.godere.nl\/de\/wp-json\/wp\/v2\/media?parent=4522"}],"wp:term":[{"taxonomy":"product_brand","embeddable":true,"href":"https:\/\/www.godere.nl\/de\/wp-json\/wp\/v2\/product_brand?post=4522"},{"taxonomy":"product_cat","embeddable":true,"href":"https:\/\/www.godere.nl\/de\/wp-json\/wp\/v2\/product_cat?post=4522"},{"taxonomy":"product_tag","embeddable":true,"href":"https:\/\/www.godere.nl\/de\/wp-json\/wp\/v2\/product_tag?post=4522"}],"curies":[{"name":"wp","href":"https:\/\/api.w.org\/{rel}","templated":true}]}}