{"id":4524,"date":"2022-01-26T17:25:30","date_gmt":"2022-01-26T16:25:30","guid":{"rendered":"https:\/\/www.godere.nl\/?post_type=product&#038;p=4524"},"modified":"2026-01-07T16:06:14","modified_gmt":"2026-01-07T15:06:14","slug":"gran-soresina-grana-padano-2","status":"publish","type":"product","link":"https:\/\/www.godere.nl\/de\/produkt\/gran-soresina-grana-padano-2\/","title":{"rendered":"Gran Soresina (Grana Padano)"},"content":{"rendered":"<h2>Beschreibung<\/h2>\n<p>Magischer K\u00e4se<\/p>\n<p class=\"translation-block\">Sch\u00f6n so ein Punkt Grana Padano; aber dann die echte von der Kuh aus der gr\u00fcnen Poebene. Eine solche Herrlichkeit schreit danach, geschmeckt zu werden und am besten sofort. Gehen Sie zum Angriff und schneiden Sie ein St\u00fcck ab oder versenken Sie Ihre Z\u00e4hne darin. Denn nat\u00fcrlich m\u00fcssen Sie wissen, was Sie Ihren Kunden und G\u00e4sten pr\u00e4sentieren; ein k\u00f6stlicher Punkt Grana Padano D.O.P.<\/p>\n<p class=\"translation-block\">Dank der intensiven Zusammenarbeit der norditalienischen Milchbauern sind wir stets mit frischer Kuhmilch f\u00fcr die Herstellung unseres Grana Padano D.O.P. Diese k\u00f6stliche Basis in Kombination mit tierischem Lab und Meersalz ruhte 20 Monate und reifte zu einem reifen Grana Padano D.O.P. Diese Sch\u00f6nheit ist luftdicht verpackt, so dass die Spitze Sie in aller Sicherheit und Frische erreicht.<\/p>\n<p class=\"translation-block\">Kratzen, reiben oder schneiden Sie die gew\u00fcnschte Menge Grana Padano und streuen Sie den frischen K\u00e4se \u00fcber Ihre Pizza- und Nudelgerichte. Nichts kann mit diesem K\u00e4sebelag mithalten.<\/p>\n<p class=\"translation-block\">Die K\u00e4sespitze des Grana Padano D.O.P. wiegt 125 Gramm und wird vakuumverpackt geliefert.<\/p>","protected":false},"excerpt":{"rendered":"<p>Beschrijving Magische kaas Heerlijk zo\u2019n punt Grana Padano; maar dan wel de \u00e8chte van de koe uit de groene Povlakte. Zo\u2019n heerlijkheid schreeuwt erom om geproefd te worden en dan het liefst meteen. Ga in de aanval en snijd een stukje af of zet er je tanden in. Want je moet natuurlijk wel weten wat &hellip; <br \/><a href=\"https:\/\/www.godere.nl\/de\/produkt\/gran-soresina-grana-padano-2\/\" class=\"more-link\">Continue reading <span class=\"screen-reader-text\">Gran Soresina (Grana Padano)<\/span><\/a><\/p>","protected":false},"featured_media":4579,"comment_status":"closed","ping_status":"closed","template":"","meta":{"_monsterinsights_skip_tracking":false,"_monsterinsights_sitenote_active":false,"_monsterinsights_sitenote_note":"","_monsterinsights_sitenote_category":0,"_glsr_average":0,"_glsr_ranking":0,"_glsr_reviews":0},"product_brand":[],"product_cat":[93],"product_tag":[],"class_list":{"0":"post-4524","1":"product","2":"type-product","3":"status-publish","4":"has-post-thumbnail","6":"product_cat-kaas-en-vleeswaren","8":"first","9":"outofstock","10":"taxable","11":"shipping-taxable","12":"purchasable","13":"product-type-simple"},"yoast_head":"<!-- This site is optimized with the Yoast SEO plugin v27.3 - https:\/\/yoast.com\/product\/yoast-seo-wordpress\/ -->\n<title>Gran Soresina (Grana Padano) - Godere | Italiaans genieten!<\/title>\n<meta name=\"description\" content=\"Heerlijk zo\u2019n punt Grana Padano; maar dan wel de \u00e8chte van de koe uit de groene Povlakte. Grana Padano GranSoresina\" \/>\n<meta name=\"robots\" content=\"index, follow, max-snippet:-1, max-image-preview:large, max-video-preview:-1\" \/>\n<link rel=\"canonical\" href=\"https:\/\/www.godere.nl\/de\/produkt\/gran-soresina-grana-padano-2\/\" \/>\n<meta property=\"og:locale\" content=\"de_DE\" \/>\n<meta property=\"og:type\" content=\"article\" \/>\n<meta property=\"og:title\" content=\"Gran Soresina (Grana Padano) - Godere | Italiaans genieten!\" \/>\n<meta property=\"og:description\" content=\"Heerlijk zo\u2019n punt Grana Padano; maar dan wel de \u00e8chte van de koe uit de groene Povlakte. Grana Padano GranSoresina\" \/>\n<meta property=\"og:url\" content=\"https:\/\/www.godere.nl\/de\/produkt\/gran-soresina-grana-padano-2\/\" \/>\n<meta property=\"og:site_name\" content=\"Godere | Italiaans genieten!\" \/>\n<meta property=\"article:publisher\" content=\"https:\/\/www.facebook.com\/godere.nl\" \/>\n<meta property=\"article:modified_time\" content=\"2026-01-07T15:06:14+00:00\" \/>\n<meta property=\"og:image\" content=\"https:\/\/www.godere.nl\/wp-content\/uploads\/2022\/01\/Gran-Soresina-Grana-Padano-125-final.jpg\" \/>\n\t<meta property=\"og:image:width\" content=\"1074\" \/>\n\t<meta property=\"og:image:height\" content=\"1600\" \/>\n\t<meta property=\"og:image:type\" content=\"image\/jpeg\" \/>\n<meta name=\"twitter:card\" content=\"summary_large_image\" \/>\n<meta name=\"twitter:label1\" content=\"Gesch\u00e4tzte Lesezeit\" \/>\n\t<meta name=\"twitter:data1\" content=\"1\u00a0Minute\" \/>\n<script type=\"application\/ld+json\" class=\"yoast-schema-graph\">{\"@context\":\"https:\\\/\\\/schema.org\",\"@graph\":[{\"@type\":\"WebPage\",\"@id\":\"https:\\\/\\\/www.godere.nl\\\/product\\\/gran-soresina-grana-padano-2\\\/\",\"url\":\"https:\\\/\\\/www.godere.nl\\\/product\\\/gran-soresina-grana-padano-2\\\/\",\"name\":\"Gran Soresina (Grana Padano) - Godere | Italiaans genieten!\",\"isPartOf\":{\"@id\":\"https:\\\/\\\/www.godere.nl\\\/#website\"},\"primaryImageOfPage\":{\"@id\":\"https:\\\/\\\/www.godere.nl\\\/product\\\/gran-soresina-grana-padano-2\\\/#primaryimage\"},\"image\":{\"@id\":\"https:\\\/\\\/www.godere.nl\\\/product\\\/gran-soresina-grana-padano-2\\\/#primaryimage\"},\"thumbnailUrl\":\"https:\\\/\\\/www.godere.nl\\\/wp-content\\\/uploads\\\/2022\\\/01\\\/Gran-Soresina-Grana-Padano-125-final.jpg\",\"datePublished\":\"2022-01-26T16:25:30+00:00\",\"dateModified\":\"2026-01-07T15:06:14+00:00\",\"description\":\"Heerlijk zo\u2019n punt Grana Padano; maar dan wel de \u00e8chte van de koe uit de groene Povlakte. Grana Padano GranSoresina\",\"breadcrumb\":{\"@id\":\"https:\\\/\\\/www.godere.nl\\\/product\\\/gran-soresina-grana-padano-2\\\/#breadcrumb\"},\"inLanguage\":\"de\",\"potentialAction\":[{\"@type\":\"ReadAction\",\"target\":[\"https:\\\/\\\/www.godere.nl\\\/product\\\/gran-soresina-grana-padano-2\\\/\"]}]},{\"@type\":\"ImageObject\",\"inLanguage\":\"de\",\"@id\":\"https:\\\/\\\/www.godere.nl\\\/product\\\/gran-soresina-grana-padano-2\\\/#primaryimage\",\"url\":\"https:\\\/\\\/www.godere.nl\\\/wp-content\\\/uploads\\\/2022\\\/01\\\/Gran-Soresina-Grana-Padano-125-final.jpg\",\"contentUrl\":\"https:\\\/\\\/www.godere.nl\\\/wp-content\\\/uploads\\\/2022\\\/01\\\/Gran-Soresina-Grana-Padano-125-final.jpg\",\"width\":1074,\"height\":1600},{\"@type\":\"BreadcrumbList\",\"@id\":\"https:\\\/\\\/www.godere.nl\\\/product\\\/gran-soresina-grana-padano-2\\\/#breadcrumb\",\"itemListElement\":[{\"@type\":\"ListItem\",\"position\":1,\"name\":\"Home\",\"item\":\"https:\\\/\\\/www.godere.nl\\\/\"},{\"@type\":\"ListItem\",\"position\":2,\"name\":\"Winkel\",\"item\":\"https:\\\/\\\/www.godere.nl\\\/winkel\\\/\"},{\"@type\":\"ListItem\",\"position\":3,\"name\":\"Gran Soresina (Grana Padano)\"}]},{\"@type\":\"WebSite\",\"@id\":\"https:\\\/\\\/www.godere.nl\\\/#website\",\"url\":\"https:\\\/\\\/www.godere.nl\\\/\",\"name\":\"Godere | Italiaans genieten!\",\"description\":\"\",\"publisher\":{\"@id\":\"https:\\\/\\\/www.godere.nl\\\/#organization\"},\"potentialAction\":[{\"@type\":\"SearchAction\",\"target\":{\"@type\":\"EntryPoint\",\"urlTemplate\":\"https:\\\/\\\/www.godere.nl\\\/?s={search_term_string}\"},\"query-input\":{\"@type\":\"PropertyValueSpecification\",\"valueRequired\":true,\"valueName\":\"search_term_string\"}}],\"inLanguage\":\"de\"},{\"@type\":\"Organization\",\"@id\":\"https:\\\/\\\/www.godere.nl\\\/#organization\",\"name\":\"Godere\",\"url\":\"https:\\\/\\\/www.godere.nl\\\/\",\"logo\":{\"@type\":\"ImageObject\",\"inLanguage\":\"de\",\"@id\":\"https:\\\/\\\/www.godere.nl\\\/#\\\/schema\\\/logo\\\/image\\\/\",\"url\":\"https:\\\/\\\/www.godere.nl\\\/wp-content\\\/uploads\\\/2022\\\/05\\\/GODERE-Granny-e1651842185822.png\",\"contentUrl\":\"https:\\\/\\\/www.godere.nl\\\/wp-content\\\/uploads\\\/2022\\\/05\\\/GODERE-Granny-e1651842185822.png\",\"width\":936,\"height\":408,\"caption\":\"Godere\"},\"image\":{\"@id\":\"https:\\\/\\\/www.godere.nl\\\/#\\\/schema\\\/logo\\\/image\\\/\"},\"sameAs\":[\"https:\\\/\\\/www.facebook.com\\\/godere.nl\"]}]}<\/script>\n<!-- \/ Yoast SEO plugin. -->","yoast_head_json":{"title":"Gran Soresina (Grana Padano) - Godere | Italiaans genieten!","description":"Heerlijk zo\u2019n punt Grana Padano; maar dan wel de \u00e8chte van de koe uit de groene Povlakte. Grana Padano GranSoresina","robots":{"index":"index","follow":"follow","max-snippet":"max-snippet:-1","max-image-preview":"max-image-preview:large","max-video-preview":"max-video-preview:-1"},"canonical":"https:\/\/www.godere.nl\/de\/produkt\/gran-soresina-grana-padano-2\/","og_locale":"de_DE","og_type":"article","og_title":"Gran Soresina (Grana Padano) - Godere | Italiaans genieten!","og_description":"Heerlijk zo\u2019n punt Grana Padano; maar dan wel de \u00e8chte van de koe uit de groene Povlakte. Grana Padano GranSoresina","og_url":"https:\/\/www.godere.nl\/de\/produkt\/gran-soresina-grana-padano-2\/","og_site_name":"Godere | Italiaans genieten!","article_publisher":"https:\/\/www.facebook.com\/godere.nl","article_modified_time":"2026-01-07T15:06:14+00:00","og_image":[{"width":1074,"height":1600,"url":"https:\/\/www.godere.nl\/wp-content\/uploads\/2022\/01\/Gran-Soresina-Grana-Padano-125-final.jpg","type":"image\/jpeg"}],"twitter_card":"summary_large_image","twitter_misc":{"Gesch\u00e4tzte Lesezeit":"1\u00a0Minute"},"schema":{"@context":"https:\/\/schema.org","@graph":[{"@type":"WebPage","@id":"https:\/\/www.godere.nl\/product\/gran-soresina-grana-padano-2\/","url":"https:\/\/www.godere.nl\/product\/gran-soresina-grana-padano-2\/","name":"Gran Soresina (Grana Padano) - Godere | Italiaans genieten!","isPartOf":{"@id":"https:\/\/www.godere.nl\/#website"},"primaryImageOfPage":{"@id":"https:\/\/www.godere.nl\/product\/gran-soresina-grana-padano-2\/#primaryimage"},"image":{"@id":"https:\/\/www.godere.nl\/product\/gran-soresina-grana-padano-2\/#primaryimage"},"thumbnailUrl":"https:\/\/www.godere.nl\/wp-content\/uploads\/2022\/01\/Gran-Soresina-Grana-Padano-125-final.jpg","datePublished":"2022-01-26T16:25:30+00:00","dateModified":"2026-01-07T15:06:14+00:00","description":"Heerlijk zo\u2019n punt Grana Padano; maar dan wel de \u00e8chte van de koe uit de groene Povlakte. Grana Padano GranSoresina","breadcrumb":{"@id":"https:\/\/www.godere.nl\/product\/gran-soresina-grana-padano-2\/#breadcrumb"},"inLanguage":"de","potentialAction":[{"@type":"ReadAction","target":["https:\/\/www.godere.nl\/product\/gran-soresina-grana-padano-2\/"]}]},{"@type":"ImageObject","inLanguage":"de","@id":"https:\/\/www.godere.nl\/product\/gran-soresina-grana-padano-2\/#primaryimage","url":"https:\/\/www.godere.nl\/wp-content\/uploads\/2022\/01\/Gran-Soresina-Grana-Padano-125-final.jpg","contentUrl":"https:\/\/www.godere.nl\/wp-content\/uploads\/2022\/01\/Gran-Soresina-Grana-Padano-125-final.jpg","width":1074,"height":1600},{"@type":"BreadcrumbList","@id":"https:\/\/www.godere.nl\/product\/gran-soresina-grana-padano-2\/#breadcrumb","itemListElement":[{"@type":"ListItem","position":1,"name":"Home","item":"https:\/\/www.godere.nl\/"},{"@type":"ListItem","position":2,"name":"Winkel","item":"https:\/\/www.godere.nl\/winkel\/"},{"@type":"ListItem","position":3,"name":"Gran Soresina (Grana Padano)"}]},{"@type":"WebSite","@id":"https:\/\/www.godere.nl\/#website","url":"https:\/\/www.godere.nl\/","name":"Godere | Italiaans genieten!","description":"","publisher":{"@id":"https:\/\/www.godere.nl\/#organization"},"potentialAction":[{"@type":"SearchAction","target":{"@type":"EntryPoint","urlTemplate":"https:\/\/www.godere.nl\/?s={search_term_string}"},"query-input":{"@type":"PropertyValueSpecification","valueRequired":true,"valueName":"search_term_string"}}],"inLanguage":"de"},{"@type":"Organization","@id":"https:\/\/www.godere.nl\/#organization","name":"Godere","url":"https:\/\/www.godere.nl\/","logo":{"@type":"ImageObject","inLanguage":"de","@id":"https:\/\/www.godere.nl\/#\/schema\/logo\/image\/","url":"https:\/\/www.godere.nl\/wp-content\/uploads\/2022\/05\/GODERE-Granny-e1651842185822.png","contentUrl":"https:\/\/www.godere.nl\/wp-content\/uploads\/2022\/05\/GODERE-Granny-e1651842185822.png","width":936,"height":408,"caption":"Godere"},"image":{"@id":"https:\/\/www.godere.nl\/#\/schema\/logo\/image\/"},"sameAs":["https:\/\/www.facebook.com\/godere.nl"]}]}},"_links":{"self":[{"href":"https:\/\/www.godere.nl\/de\/wp-json\/wp\/v2\/product\/4524","targetHints":{"allow":["GET"]}}],"collection":[{"href":"https:\/\/www.godere.nl\/de\/wp-json\/wp\/v2\/product"}],"about":[{"href":"https:\/\/www.godere.nl\/de\/wp-json\/wp\/v2\/types\/product"}],"replies":[{"embeddable":true,"href":"https:\/\/www.godere.nl\/de\/wp-json\/wp\/v2\/comments?post=4524"}],"wp:featuredmedia":[{"embeddable":true,"href":"https:\/\/www.godere.nl\/de\/wp-json\/wp\/v2\/media\/4579"}],"wp:attachment":[{"href":"https:\/\/www.godere.nl\/de\/wp-json\/wp\/v2\/media?parent=4524"}],"wp:term":[{"taxonomy":"product_brand","embeddable":true,"href":"https:\/\/www.godere.nl\/de\/wp-json\/wp\/v2\/product_brand?post=4524"},{"taxonomy":"product_cat","embeddable":true,"href":"https:\/\/www.godere.nl\/de\/wp-json\/wp\/v2\/product_cat?post=4524"},{"taxonomy":"product_tag","embeddable":true,"href":"https:\/\/www.godere.nl\/de\/wp-json\/wp\/v2\/product_tag?post=4524"}],"curies":[{"name":"wp","href":"https:\/\/api.w.org\/{rel}","templated":true}]}}