{"id":4618,"date":"2022-02-18T14:11:13","date_gmt":"2022-02-18T13:11:13","guid":{"rendered":"https:\/\/www.godere.nl\/?post_type=product&#038;p=4618"},"modified":"2024-10-14T10:24:00","modified_gmt":"2024-10-14T08:24:00","slug":"zuppa-di-pomodoro-ai-fagioli-don-antonio","status":"publish","type":"product","link":"https:\/\/www.godere.nl\/de\/produkt\/zuppa-di-pomodoro-ai-fagioli-don-antonio\/","title":{"rendered":"Zuppa di Pomodoro ai Fagioli (Don Antonio)"},"content":{"rendered":"<h2><\/h2>\n<p>Reichhaltige italienische Tomatensuppe mit Bohnen<\/p>\n<p>Die italienischen Bohnen sowie frische Karotten, Zwiebeln und Sellerie machen unsere <strong>Zuppa di Pomodoro a Fagioli <\/strong>extra smaakvol. De cannellini- en borlottiboon hebben beide een licht nootachtige smaak waardoor ze een hartige twist aan deze goedgevulde tomatensoep geven.<\/p>\n<p class=\"translation-block\">Die fertige Tomatensuppe <strong>Zuppa di Pomodoro a Fagioli<\/strong> ist praktisch und lecker, immer zur Hand zu haben. Es ist auch eine gute Basis f\u00fcr Ihre hausgemachte Pastasauce.<\/p>\n<ul>\n<li class=\"translation-block\">Fertige italienische Tomatensuppe Zuppa di Pomodoro a Fagioli mit Bohnen<\/li>\n<li>Aus 52% Tomatenp\u00fcree, 19% Borlotti- und Cannellini-Bohnen, 11% Kirschtomatenp\u00fcree, nativem Oliven\u00f6l extra, Karotten, Zwiebeln, Sellerie, Zitronens\u00e4ure, Pfeffer und Meersalz<\/li>\n<li>500 gram<\/li>\n<li>Laktose- und glutenfrei<\/li>\n<li>Leverancier: Don Antonio<\/li>\n<\/ul>","protected":false},"excerpt":{"rendered":"<p>Rijkgevulde Italiaanse tomatensoep met bonen De Italiaanse bonen en de verse wortel, ui en selderij maken onze Zuppa di Pomodoro a Fagioli extra smaakvol. De cannellini- en borlottiboon hebben beide een licht nootachtige smaak waardoor ze een hartige twist aan deze goedgevulde tomatensoep geven. De kant-en-klare tomatensoep Zuppa di Pomodoro a Fagioli is handig en &hellip; <br \/><a href=\"https:\/\/www.godere.nl\/de\/produkt\/zuppa-di-pomodoro-ai-fagioli-don-antonio\/\" class=\"more-link\">Continue reading <span class=\"screen-reader-text\">Zuppa di Pomodoro ai Fagioli (Don Antonio)<\/span><\/a><\/p>","protected":false},"featured_media":4620,"comment_status":"closed","ping_status":"closed","template":"","meta":{"_monsterinsights_skip_tracking":false,"_monsterinsights_sitenote_active":false,"_monsterinsights_sitenote_note":"","_monsterinsights_sitenote_category":0,"_glsr_average":0,"_glsr_ranking":0,"_glsr_reviews":0},"product_brand":[],"product_cat":[137],"product_tag":[],"class_list":{"0":"post-4618","1":"product","2":"type-product","3":"status-publish","4":"has-post-thumbnail","6":"product_cat-sauzen-en-soep","8":"first","9":"outofstock","10":"taxable","11":"shipping-taxable","12":"purchasable","13":"product-type-simple"},"yoast_head":"<!-- This site is optimized with the Yoast SEO plugin v27.3 - https:\/\/yoast.com\/product\/yoast-seo-wordpress\/ -->\n<title>Zuppa di Pomodoro ai Fagioli (Don Antonio) - Godere | Italiaans genieten!<\/title>\n<meta name=\"robots\" content=\"index, follow, max-snippet:-1, max-image-preview:large, max-video-preview:-1\" \/>\n<link rel=\"canonical\" href=\"https:\/\/www.godere.nl\/de\/produkt\/zuppa-di-pomodoro-ai-fagioli-don-antonio\/\" \/>\n<meta property=\"og:locale\" content=\"de_DE\" \/>\n<meta property=\"og:type\" content=\"article\" \/>\n<meta property=\"og:title\" content=\"Zuppa di Pomodoro ai Fagioli (Don Antonio) - Godere | Italiaans genieten!\" \/>\n<meta property=\"og:description\" content=\"Rijkgevulde Italiaanse tomatensoep met bonen De Italiaanse bonen en de verse wortel, ui en selderij maken onze Zuppa di Pomodoro a Fagioli extra smaakvol. De cannellini- en borlottiboon hebben beide een licht nootachtige smaak waardoor ze een hartige twist aan deze goedgevulde tomatensoep geven. De kant-en-klare tomatensoep Zuppa di Pomodoro a Fagioli is handig en &hellip; Continue reading Zuppa di Pomodoro ai Fagioli (Don Antonio)\" \/>\n<meta property=\"og:url\" content=\"https:\/\/www.godere.nl\/de\/produkt\/zuppa-di-pomodoro-ai-fagioli-don-antonio\/\" \/>\n<meta property=\"og:site_name\" content=\"Godere | Italiaans genieten!\" \/>\n<meta property=\"article:publisher\" content=\"https:\/\/www.facebook.com\/godere.nl\" \/>\n<meta property=\"article:modified_time\" content=\"2024-10-14T08:24:00+00:00\" \/>\n<meta property=\"og:image\" content=\"https:\/\/www.godere.nl\/wp-content\/uploads\/2022\/02\/Zuppa-di-Pomodoro-ai-Fagioli-final.jpg\" \/>\n\t<meta property=\"og:image:width\" content=\"960\" \/>\n\t<meta property=\"og:image:height\" content=\"1440\" \/>\n\t<meta property=\"og:image:type\" content=\"image\/jpeg\" \/>\n<meta name=\"twitter:card\" content=\"summary_large_image\" \/>\n<meta name=\"twitter:label1\" content=\"Gesch\u00e4tzte Lesezeit\" \/>\n\t<meta name=\"twitter:data1\" content=\"1\u00a0Minute\" \/>\n<script type=\"application\/ld+json\" class=\"yoast-schema-graph\">{\"@context\":\"https:\\\/\\\/schema.org\",\"@graph\":[{\"@type\":\"WebPage\",\"@id\":\"https:\\\/\\\/www.godere.nl\\\/product\\\/zuppa-di-pomodoro-ai-fagioli-don-antonio\\\/\",\"url\":\"https:\\\/\\\/www.godere.nl\\\/product\\\/zuppa-di-pomodoro-ai-fagioli-don-antonio\\\/\",\"name\":\"Zuppa di Pomodoro ai Fagioli (Don Antonio) - Godere | Italiaans genieten!\",\"isPartOf\":{\"@id\":\"https:\\\/\\\/www.godere.nl\\\/#website\"},\"primaryImageOfPage\":{\"@id\":\"https:\\\/\\\/www.godere.nl\\\/product\\\/zuppa-di-pomodoro-ai-fagioli-don-antonio\\\/#primaryimage\"},\"image\":{\"@id\":\"https:\\\/\\\/www.godere.nl\\\/product\\\/zuppa-di-pomodoro-ai-fagioli-don-antonio\\\/#primaryimage\"},\"thumbnailUrl\":\"https:\\\/\\\/www.godere.nl\\\/wp-content\\\/uploads\\\/2022\\\/02\\\/Zuppa-di-Pomodoro-ai-Fagioli-final.jpg\",\"datePublished\":\"2022-02-18T13:11:13+00:00\",\"dateModified\":\"2024-10-14T08:24:00+00:00\",\"breadcrumb\":{\"@id\":\"https:\\\/\\\/www.godere.nl\\\/product\\\/zuppa-di-pomodoro-ai-fagioli-don-antonio\\\/#breadcrumb\"},\"inLanguage\":\"de\",\"potentialAction\":[{\"@type\":\"ReadAction\",\"target\":[\"https:\\\/\\\/www.godere.nl\\\/product\\\/zuppa-di-pomodoro-ai-fagioli-don-antonio\\\/\"]}]},{\"@type\":\"ImageObject\",\"inLanguage\":\"de\",\"@id\":\"https:\\\/\\\/www.godere.nl\\\/product\\\/zuppa-di-pomodoro-ai-fagioli-don-antonio\\\/#primaryimage\",\"url\":\"https:\\\/\\\/www.godere.nl\\\/wp-content\\\/uploads\\\/2022\\\/02\\\/Zuppa-di-Pomodoro-ai-Fagioli-final.jpg\",\"contentUrl\":\"https:\\\/\\\/www.godere.nl\\\/wp-content\\\/uploads\\\/2022\\\/02\\\/Zuppa-di-Pomodoro-ai-Fagioli-final.jpg\",\"width\":960,\"height\":1440},{\"@type\":\"BreadcrumbList\",\"@id\":\"https:\\\/\\\/www.godere.nl\\\/product\\\/zuppa-di-pomodoro-ai-fagioli-don-antonio\\\/#breadcrumb\",\"itemListElement\":[{\"@type\":\"ListItem\",\"position\":1,\"name\":\"Home\",\"item\":\"https:\\\/\\\/www.godere.nl\\\/\"},{\"@type\":\"ListItem\",\"position\":2,\"name\":\"Winkel\",\"item\":\"https:\\\/\\\/www.godere.nl\\\/winkel\\\/\"},{\"@type\":\"ListItem\",\"position\":3,\"name\":\"Zuppa di Pomodoro ai Fagioli (Don Antonio)\"}]},{\"@type\":\"WebSite\",\"@id\":\"https:\\\/\\\/www.godere.nl\\\/#website\",\"url\":\"https:\\\/\\\/www.godere.nl\\\/\",\"name\":\"Godere | Italiaans genieten!\",\"description\":\"\",\"publisher\":{\"@id\":\"https:\\\/\\\/www.godere.nl\\\/#organization\"},\"potentialAction\":[{\"@type\":\"SearchAction\",\"target\":{\"@type\":\"EntryPoint\",\"urlTemplate\":\"https:\\\/\\\/www.godere.nl\\\/?s={search_term_string}\"},\"query-input\":{\"@type\":\"PropertyValueSpecification\",\"valueRequired\":true,\"valueName\":\"search_term_string\"}}],\"inLanguage\":\"de\"},{\"@type\":\"Organization\",\"@id\":\"https:\\\/\\\/www.godere.nl\\\/#organization\",\"name\":\"Godere\",\"url\":\"https:\\\/\\\/www.godere.nl\\\/\",\"logo\":{\"@type\":\"ImageObject\",\"inLanguage\":\"de\",\"@id\":\"https:\\\/\\\/www.godere.nl\\\/#\\\/schema\\\/logo\\\/image\\\/\",\"url\":\"https:\\\/\\\/www.godere.nl\\\/wp-content\\\/uploads\\\/2022\\\/05\\\/GODERE-Granny-e1651842185822.png\",\"contentUrl\":\"https:\\\/\\\/www.godere.nl\\\/wp-content\\\/uploads\\\/2022\\\/05\\\/GODERE-Granny-e1651842185822.png\",\"width\":936,\"height\":408,\"caption\":\"Godere\"},\"image\":{\"@id\":\"https:\\\/\\\/www.godere.nl\\\/#\\\/schema\\\/logo\\\/image\\\/\"},\"sameAs\":[\"https:\\\/\\\/www.facebook.com\\\/godere.nl\"]}]}<\/script>\n<!-- \/ Yoast SEO plugin. -->","yoast_head_json":{"title":"Zuppa di Pomodoro ai Fagioli (Don Antonio) - Godere | Italiaans genieten!","robots":{"index":"index","follow":"follow","max-snippet":"max-snippet:-1","max-image-preview":"max-image-preview:large","max-video-preview":"max-video-preview:-1"},"canonical":"https:\/\/www.godere.nl\/de\/produkt\/zuppa-di-pomodoro-ai-fagioli-don-antonio\/","og_locale":"de_DE","og_type":"article","og_title":"Zuppa di Pomodoro ai Fagioli (Don Antonio) - Godere | Italiaans genieten!","og_description":"Rijkgevulde Italiaanse tomatensoep met bonen De Italiaanse bonen en de verse wortel, ui en selderij maken onze Zuppa di Pomodoro a Fagioli extra smaakvol. De cannellini- en borlottiboon hebben beide een licht nootachtige smaak waardoor ze een hartige twist aan deze goedgevulde tomatensoep geven. De kant-en-klare tomatensoep Zuppa di Pomodoro a Fagioli is handig en &hellip; Continue reading Zuppa di Pomodoro ai Fagioli (Don Antonio)","og_url":"https:\/\/www.godere.nl\/de\/produkt\/zuppa-di-pomodoro-ai-fagioli-don-antonio\/","og_site_name":"Godere | Italiaans genieten!","article_publisher":"https:\/\/www.facebook.com\/godere.nl","article_modified_time":"2024-10-14T08:24:00+00:00","og_image":[{"width":960,"height":1440,"url":"https:\/\/www.godere.nl\/wp-content\/uploads\/2022\/02\/Zuppa-di-Pomodoro-ai-Fagioli-final.jpg","type":"image\/jpeg"}],"twitter_card":"summary_large_image","twitter_misc":{"Gesch\u00e4tzte Lesezeit":"1\u00a0Minute"},"schema":{"@context":"https:\/\/schema.org","@graph":[{"@type":"WebPage","@id":"https:\/\/www.godere.nl\/product\/zuppa-di-pomodoro-ai-fagioli-don-antonio\/","url":"https:\/\/www.godere.nl\/product\/zuppa-di-pomodoro-ai-fagioli-don-antonio\/","name":"Zuppa di Pomodoro ai Fagioli (Don Antonio) - Godere | Italiaans genieten!","isPartOf":{"@id":"https:\/\/www.godere.nl\/#website"},"primaryImageOfPage":{"@id":"https:\/\/www.godere.nl\/product\/zuppa-di-pomodoro-ai-fagioli-don-antonio\/#primaryimage"},"image":{"@id":"https:\/\/www.godere.nl\/product\/zuppa-di-pomodoro-ai-fagioli-don-antonio\/#primaryimage"},"thumbnailUrl":"https:\/\/www.godere.nl\/wp-content\/uploads\/2022\/02\/Zuppa-di-Pomodoro-ai-Fagioli-final.jpg","datePublished":"2022-02-18T13:11:13+00:00","dateModified":"2024-10-14T08:24:00+00:00","breadcrumb":{"@id":"https:\/\/www.godere.nl\/product\/zuppa-di-pomodoro-ai-fagioli-don-antonio\/#breadcrumb"},"inLanguage":"de","potentialAction":[{"@type":"ReadAction","target":["https:\/\/www.godere.nl\/product\/zuppa-di-pomodoro-ai-fagioli-don-antonio\/"]}]},{"@type":"ImageObject","inLanguage":"de","@id":"https:\/\/www.godere.nl\/product\/zuppa-di-pomodoro-ai-fagioli-don-antonio\/#primaryimage","url":"https:\/\/www.godere.nl\/wp-content\/uploads\/2022\/02\/Zuppa-di-Pomodoro-ai-Fagioli-final.jpg","contentUrl":"https:\/\/www.godere.nl\/wp-content\/uploads\/2022\/02\/Zuppa-di-Pomodoro-ai-Fagioli-final.jpg","width":960,"height":1440},{"@type":"BreadcrumbList","@id":"https:\/\/www.godere.nl\/product\/zuppa-di-pomodoro-ai-fagioli-don-antonio\/#breadcrumb","itemListElement":[{"@type":"ListItem","position":1,"name":"Home","item":"https:\/\/www.godere.nl\/"},{"@type":"ListItem","position":2,"name":"Winkel","item":"https:\/\/www.godere.nl\/winkel\/"},{"@type":"ListItem","position":3,"name":"Zuppa di Pomodoro ai Fagioli (Don Antonio)"}]},{"@type":"WebSite","@id":"https:\/\/www.godere.nl\/#website","url":"https:\/\/www.godere.nl\/","name":"Godere | Italiaans genieten!","description":"","publisher":{"@id":"https:\/\/www.godere.nl\/#organization"},"potentialAction":[{"@type":"SearchAction","target":{"@type":"EntryPoint","urlTemplate":"https:\/\/www.godere.nl\/?s={search_term_string}"},"query-input":{"@type":"PropertyValueSpecification","valueRequired":true,"valueName":"search_term_string"}}],"inLanguage":"de"},{"@type":"Organization","@id":"https:\/\/www.godere.nl\/#organization","name":"Godere","url":"https:\/\/www.godere.nl\/","logo":{"@type":"ImageObject","inLanguage":"de","@id":"https:\/\/www.godere.nl\/#\/schema\/logo\/image\/","url":"https:\/\/www.godere.nl\/wp-content\/uploads\/2022\/05\/GODERE-Granny-e1651842185822.png","contentUrl":"https:\/\/www.godere.nl\/wp-content\/uploads\/2022\/05\/GODERE-Granny-e1651842185822.png","width":936,"height":408,"caption":"Godere"},"image":{"@id":"https:\/\/www.godere.nl\/#\/schema\/logo\/image\/"},"sameAs":["https:\/\/www.facebook.com\/godere.nl"]}]}},"_links":{"self":[{"href":"https:\/\/www.godere.nl\/de\/wp-json\/wp\/v2\/product\/4618","targetHints":{"allow":["GET"]}}],"collection":[{"href":"https:\/\/www.godere.nl\/de\/wp-json\/wp\/v2\/product"}],"about":[{"href":"https:\/\/www.godere.nl\/de\/wp-json\/wp\/v2\/types\/product"}],"replies":[{"embeddable":true,"href":"https:\/\/www.godere.nl\/de\/wp-json\/wp\/v2\/comments?post=4618"}],"wp:featuredmedia":[{"embeddable":true,"href":"https:\/\/www.godere.nl\/de\/wp-json\/wp\/v2\/media\/4620"}],"wp:attachment":[{"href":"https:\/\/www.godere.nl\/de\/wp-json\/wp\/v2\/media?parent=4618"}],"wp:term":[{"taxonomy":"product_brand","embeddable":true,"href":"https:\/\/www.godere.nl\/de\/wp-json\/wp\/v2\/product_brand?post=4618"},{"taxonomy":"product_cat","embeddable":true,"href":"https:\/\/www.godere.nl\/de\/wp-json\/wp\/v2\/product_cat?post=4618"},{"taxonomy":"product_tag","embeddable":true,"href":"https:\/\/www.godere.nl\/de\/wp-json\/wp\/v2\/product_tag?post=4618"}],"curies":[{"name":"wp","href":"https:\/\/api.w.org\/{rel}","templated":true}]}}