{"id":4835,"date":"2022-05-06T10:42:13","date_gmt":"2022-05-06T08:42:13","guid":{"rendered":"https:\/\/www.godere.nl\/?post_type=product&#038;p=4835"},"modified":"2025-06-11T13:52:11","modified_gmt":"2025-06-11T11:52:11","slug":"risotto-al-pomodoro-antiche-passioni","status":"publish","type":"product","link":"https:\/\/www.godere.nl\/de\/produkt\/risotto-al-pomodoro-antiche-passioni\/","title":{"rendered":"Risotto al Pomodoro (Antiche Passioni)"},"content":{"rendered":"<p>Carnaroli-Risotto mit Tomate<\/p>\n<p>Der italienische langk\u00f6rnige Carnaroli<strong> Risotto al Pomodoro<\/strong> aus Norditalien ist der ideale Reis f\u00fcr ein Risotto-Gericht, da er die St\u00e4rke abgibt und die Kochfl\u00fcssigkeit leicht aufnimmt. Dieser Reis garantiert ein wunderbar cremiges Risotto.<\/p>\n<p>Der<strong> Risotto al Pomodoro<\/strong> ist angereichert mit Petersilie, Schnittlauch, Basilikum, Zwiebeln, schwarzen Oliven, Karotten und 5% Tomaten.<\/p>\n<p>Servieren Sie die <strong>Risotto al Pomodoro <\/strong>Servieren Sie das Risotto al Pomodoro mit leicht blanchierten Kirschtomaten und frischem Basilikum.<\/p>","protected":false},"excerpt":{"rendered":"<p>Carnaroli risotto met tomaat De Italiaanse langkorrelige carnaroli Risotto al Pomodoro uit Noord-Itali\u00eb is de ideale rijst voor een risottogerecht omdat deze het zetmeel loslaat en het kookvocht eenvoudig opneemt. Deze rijst staat garant voor een prachtige romige risotto. De Risotto al Pomodoro is verrijkt met peterselie, bieslook, basilicum, ui, zwarte olijven, wortel en 5% &hellip; <br \/><a href=\"https:\/\/www.godere.nl\/de\/produkt\/risotto-al-pomodoro-antiche-passioni\/\" class=\"more-link\">Continue reading <span class=\"screen-reader-text\">Risotto al Pomodoro (Antiche Passioni)<\/span><\/a><\/p>","protected":false},"featured_media":4837,"comment_status":"closed","ping_status":"closed","template":"","meta":{"_monsterinsights_skip_tracking":false,"_monsterinsights_sitenote_active":false,"_monsterinsights_sitenote_note":"","_monsterinsights_sitenote_category":0,"_glsr_average":0,"_glsr_ranking":0,"_glsr_reviews":0},"product_brand":[],"product_cat":[125],"product_tag":[],"class_list":{"0":"post-4835","1":"product","2":"type-product","3":"status-publish","4":"has-post-thumbnail","6":"product_cat-pasta-en-rijst","8":"first","9":"outofstock","10":"taxable","11":"shipping-taxable","12":"purchasable","13":"product-type-simple"},"yoast_head":"<!-- This site is optimized with the Yoast SEO plugin v27.3 - https:\/\/yoast.com\/product\/yoast-seo-wordpress\/ -->\n<title>Risotto al Pomodoro (Antiche Passioni) - Godere | Italiaans genieten!<\/title>\n<meta name=\"robots\" content=\"index, follow, max-snippet:-1, max-image-preview:large, max-video-preview:-1\" \/>\n<link rel=\"canonical\" href=\"https:\/\/www.godere.nl\/de\/produkt\/risotto-al-pomodoro-antiche-passioni\/\" \/>\n<meta property=\"og:locale\" content=\"de_DE\" \/>\n<meta property=\"og:type\" content=\"article\" \/>\n<meta property=\"og:title\" content=\"Risotto al Pomodoro (Antiche Passioni) - Godere | Italiaans genieten!\" \/>\n<meta property=\"og:description\" content=\"Carnaroli risotto met tomaat De Italiaanse langkorrelige carnaroli Risotto al Pomodoro uit Noord-Itali\u00eb is de ideale rijst voor een risottogerecht omdat deze het zetmeel loslaat en het kookvocht eenvoudig opneemt. Deze rijst staat garant voor een prachtige romige risotto. De Risotto al Pomodoro is verrijkt met peterselie, bieslook, basilicum, ui, zwarte olijven, wortel en 5% &hellip; Continue reading Risotto al Pomodoro (Antiche Passioni)\" \/>\n<meta property=\"og:url\" content=\"https:\/\/www.godere.nl\/de\/produkt\/risotto-al-pomodoro-antiche-passioni\/\" \/>\n<meta property=\"og:site_name\" content=\"Godere | Italiaans genieten!\" \/>\n<meta property=\"article:publisher\" content=\"https:\/\/www.facebook.com\/godere.nl\" \/>\n<meta property=\"article:modified_time\" content=\"2025-06-11T11:52:11+00:00\" \/>\n<meta property=\"og:image\" content=\"https:\/\/www.godere.nl\/wp-content\/uploads\/2022\/05\/Risotto-Pomodoro-go-Kopie-1.jpg\" \/>\n\t<meta property=\"og:image:width\" content=\"1067\" \/>\n\t<meta property=\"og:image:height\" content=\"1600\" \/>\n\t<meta property=\"og:image:type\" content=\"image\/jpeg\" \/>\n<meta name=\"twitter:card\" content=\"summary_large_image\" \/>\n<meta name=\"twitter:label1\" content=\"Gesch\u00e4tzte Lesezeit\" \/>\n\t<meta name=\"twitter:data1\" content=\"1\u00a0Minute\" \/>\n<script type=\"application\/ld+json\" class=\"yoast-schema-graph\">{\"@context\":\"https:\\\/\\\/schema.org\",\"@graph\":[{\"@type\":\"WebPage\",\"@id\":\"https:\\\/\\\/www.godere.nl\\\/product\\\/risotto-al-pomodoro-antiche-passioni\\\/\",\"url\":\"https:\\\/\\\/www.godere.nl\\\/product\\\/risotto-al-pomodoro-antiche-passioni\\\/\",\"name\":\"Risotto al Pomodoro (Antiche Passioni) - Godere | Italiaans genieten!\",\"isPartOf\":{\"@id\":\"https:\\\/\\\/www.godere.nl\\\/#website\"},\"primaryImageOfPage\":{\"@id\":\"https:\\\/\\\/www.godere.nl\\\/product\\\/risotto-al-pomodoro-antiche-passioni\\\/#primaryimage\"},\"image\":{\"@id\":\"https:\\\/\\\/www.godere.nl\\\/product\\\/risotto-al-pomodoro-antiche-passioni\\\/#primaryimage\"},\"thumbnailUrl\":\"https:\\\/\\\/www.godere.nl\\\/wp-content\\\/uploads\\\/2022\\\/05\\\/Risotto-Pomodoro-go-Kopie-1.jpg\",\"datePublished\":\"2022-05-06T08:42:13+00:00\",\"dateModified\":\"2025-06-11T11:52:11+00:00\",\"breadcrumb\":{\"@id\":\"https:\\\/\\\/www.godere.nl\\\/product\\\/risotto-al-pomodoro-antiche-passioni\\\/#breadcrumb\"},\"inLanguage\":\"de\",\"potentialAction\":[{\"@type\":\"ReadAction\",\"target\":[\"https:\\\/\\\/www.godere.nl\\\/product\\\/risotto-al-pomodoro-antiche-passioni\\\/\"]}]},{\"@type\":\"ImageObject\",\"inLanguage\":\"de\",\"@id\":\"https:\\\/\\\/www.godere.nl\\\/product\\\/risotto-al-pomodoro-antiche-passioni\\\/#primaryimage\",\"url\":\"https:\\\/\\\/www.godere.nl\\\/wp-content\\\/uploads\\\/2022\\\/05\\\/Risotto-Pomodoro-go-Kopie-1.jpg\",\"contentUrl\":\"https:\\\/\\\/www.godere.nl\\\/wp-content\\\/uploads\\\/2022\\\/05\\\/Risotto-Pomodoro-go-Kopie-1.jpg\",\"width\":1067,\"height\":1600},{\"@type\":\"BreadcrumbList\",\"@id\":\"https:\\\/\\\/www.godere.nl\\\/product\\\/risotto-al-pomodoro-antiche-passioni\\\/#breadcrumb\",\"itemListElement\":[{\"@type\":\"ListItem\",\"position\":1,\"name\":\"Home\",\"item\":\"https:\\\/\\\/www.godere.nl\\\/\"},{\"@type\":\"ListItem\",\"position\":2,\"name\":\"Winkel\",\"item\":\"https:\\\/\\\/www.godere.nl\\\/winkel\\\/\"},{\"@type\":\"ListItem\",\"position\":3,\"name\":\"Risotto al Pomodoro (Antiche Passioni)\"}]},{\"@type\":\"WebSite\",\"@id\":\"https:\\\/\\\/www.godere.nl\\\/#website\",\"url\":\"https:\\\/\\\/www.godere.nl\\\/\",\"name\":\"Godere | Italiaans genieten!\",\"description\":\"\",\"publisher\":{\"@id\":\"https:\\\/\\\/www.godere.nl\\\/#organization\"},\"potentialAction\":[{\"@type\":\"SearchAction\",\"target\":{\"@type\":\"EntryPoint\",\"urlTemplate\":\"https:\\\/\\\/www.godere.nl\\\/?s={search_term_string}\"},\"query-input\":{\"@type\":\"PropertyValueSpecification\",\"valueRequired\":true,\"valueName\":\"search_term_string\"}}],\"inLanguage\":\"de\"},{\"@type\":\"Organization\",\"@id\":\"https:\\\/\\\/www.godere.nl\\\/#organization\",\"name\":\"Godere\",\"url\":\"https:\\\/\\\/www.godere.nl\\\/\",\"logo\":{\"@type\":\"ImageObject\",\"inLanguage\":\"de\",\"@id\":\"https:\\\/\\\/www.godere.nl\\\/#\\\/schema\\\/logo\\\/image\\\/\",\"url\":\"https:\\\/\\\/www.godere.nl\\\/wp-content\\\/uploads\\\/2022\\\/05\\\/GODERE-Granny-e1651842185822.png\",\"contentUrl\":\"https:\\\/\\\/www.godere.nl\\\/wp-content\\\/uploads\\\/2022\\\/05\\\/GODERE-Granny-e1651842185822.png\",\"width\":936,\"height\":408,\"caption\":\"Godere\"},\"image\":{\"@id\":\"https:\\\/\\\/www.godere.nl\\\/#\\\/schema\\\/logo\\\/image\\\/\"},\"sameAs\":[\"https:\\\/\\\/www.facebook.com\\\/godere.nl\"]}]}<\/script>\n<!-- \/ Yoast SEO plugin. -->","yoast_head_json":{"title":"Risotto al Pomodoro (Antiche Passioni) - Godere | Italiaans genieten!","robots":{"index":"index","follow":"follow","max-snippet":"max-snippet:-1","max-image-preview":"max-image-preview:large","max-video-preview":"max-video-preview:-1"},"canonical":"https:\/\/www.godere.nl\/de\/produkt\/risotto-al-pomodoro-antiche-passioni\/","og_locale":"de_DE","og_type":"article","og_title":"Risotto al Pomodoro (Antiche Passioni) - Godere | Italiaans genieten!","og_description":"Carnaroli risotto met tomaat De Italiaanse langkorrelige carnaroli Risotto al Pomodoro uit Noord-Itali\u00eb is de ideale rijst voor een risottogerecht omdat deze het zetmeel loslaat en het kookvocht eenvoudig opneemt. Deze rijst staat garant voor een prachtige romige risotto. De Risotto al Pomodoro is verrijkt met peterselie, bieslook, basilicum, ui, zwarte olijven, wortel en 5% &hellip; Continue reading Risotto al Pomodoro (Antiche Passioni)","og_url":"https:\/\/www.godere.nl\/de\/produkt\/risotto-al-pomodoro-antiche-passioni\/","og_site_name":"Godere | Italiaans genieten!","article_publisher":"https:\/\/www.facebook.com\/godere.nl","article_modified_time":"2025-06-11T11:52:11+00:00","og_image":[{"width":1067,"height":1600,"url":"https:\/\/www.godere.nl\/wp-content\/uploads\/2022\/05\/Risotto-Pomodoro-go-Kopie-1.jpg","type":"image\/jpeg"}],"twitter_card":"summary_large_image","twitter_misc":{"Gesch\u00e4tzte Lesezeit":"1\u00a0Minute"},"schema":{"@context":"https:\/\/schema.org","@graph":[{"@type":"WebPage","@id":"https:\/\/www.godere.nl\/product\/risotto-al-pomodoro-antiche-passioni\/","url":"https:\/\/www.godere.nl\/product\/risotto-al-pomodoro-antiche-passioni\/","name":"Risotto al Pomodoro (Antiche Passioni) - Godere | Italiaans genieten!","isPartOf":{"@id":"https:\/\/www.godere.nl\/#website"},"primaryImageOfPage":{"@id":"https:\/\/www.godere.nl\/product\/risotto-al-pomodoro-antiche-passioni\/#primaryimage"},"image":{"@id":"https:\/\/www.godere.nl\/product\/risotto-al-pomodoro-antiche-passioni\/#primaryimage"},"thumbnailUrl":"https:\/\/www.godere.nl\/wp-content\/uploads\/2022\/05\/Risotto-Pomodoro-go-Kopie-1.jpg","datePublished":"2022-05-06T08:42:13+00:00","dateModified":"2025-06-11T11:52:11+00:00","breadcrumb":{"@id":"https:\/\/www.godere.nl\/product\/risotto-al-pomodoro-antiche-passioni\/#breadcrumb"},"inLanguage":"de","potentialAction":[{"@type":"ReadAction","target":["https:\/\/www.godere.nl\/product\/risotto-al-pomodoro-antiche-passioni\/"]}]},{"@type":"ImageObject","inLanguage":"de","@id":"https:\/\/www.godere.nl\/product\/risotto-al-pomodoro-antiche-passioni\/#primaryimage","url":"https:\/\/www.godere.nl\/wp-content\/uploads\/2022\/05\/Risotto-Pomodoro-go-Kopie-1.jpg","contentUrl":"https:\/\/www.godere.nl\/wp-content\/uploads\/2022\/05\/Risotto-Pomodoro-go-Kopie-1.jpg","width":1067,"height":1600},{"@type":"BreadcrumbList","@id":"https:\/\/www.godere.nl\/product\/risotto-al-pomodoro-antiche-passioni\/#breadcrumb","itemListElement":[{"@type":"ListItem","position":1,"name":"Home","item":"https:\/\/www.godere.nl\/"},{"@type":"ListItem","position":2,"name":"Winkel","item":"https:\/\/www.godere.nl\/winkel\/"},{"@type":"ListItem","position":3,"name":"Risotto al Pomodoro (Antiche Passioni)"}]},{"@type":"WebSite","@id":"https:\/\/www.godere.nl\/#website","url":"https:\/\/www.godere.nl\/","name":"Godere | Italiaans genieten!","description":"","publisher":{"@id":"https:\/\/www.godere.nl\/#organization"},"potentialAction":[{"@type":"SearchAction","target":{"@type":"EntryPoint","urlTemplate":"https:\/\/www.godere.nl\/?s={search_term_string}"},"query-input":{"@type":"PropertyValueSpecification","valueRequired":true,"valueName":"search_term_string"}}],"inLanguage":"de"},{"@type":"Organization","@id":"https:\/\/www.godere.nl\/#organization","name":"Godere","url":"https:\/\/www.godere.nl\/","logo":{"@type":"ImageObject","inLanguage":"de","@id":"https:\/\/www.godere.nl\/#\/schema\/logo\/image\/","url":"https:\/\/www.godere.nl\/wp-content\/uploads\/2022\/05\/GODERE-Granny-e1651842185822.png","contentUrl":"https:\/\/www.godere.nl\/wp-content\/uploads\/2022\/05\/GODERE-Granny-e1651842185822.png","width":936,"height":408,"caption":"Godere"},"image":{"@id":"https:\/\/www.godere.nl\/#\/schema\/logo\/image\/"},"sameAs":["https:\/\/www.facebook.com\/godere.nl"]}]}},"_links":{"self":[{"href":"https:\/\/www.godere.nl\/de\/wp-json\/wp\/v2\/product\/4835","targetHints":{"allow":["GET"]}}],"collection":[{"href":"https:\/\/www.godere.nl\/de\/wp-json\/wp\/v2\/product"}],"about":[{"href":"https:\/\/www.godere.nl\/de\/wp-json\/wp\/v2\/types\/product"}],"replies":[{"embeddable":true,"href":"https:\/\/www.godere.nl\/de\/wp-json\/wp\/v2\/comments?post=4835"}],"wp:featuredmedia":[{"embeddable":true,"href":"https:\/\/www.godere.nl\/de\/wp-json\/wp\/v2\/media\/4837"}],"wp:attachment":[{"href":"https:\/\/www.godere.nl\/de\/wp-json\/wp\/v2\/media?parent=4835"}],"wp:term":[{"taxonomy":"product_brand","embeddable":true,"href":"https:\/\/www.godere.nl\/de\/wp-json\/wp\/v2\/product_brand?post=4835"},{"taxonomy":"product_cat","embeddable":true,"href":"https:\/\/www.godere.nl\/de\/wp-json\/wp\/v2\/product_cat?post=4835"},{"taxonomy":"product_tag","embeddable":true,"href":"https:\/\/www.godere.nl\/de\/wp-json\/wp\/v2\/product_tag?post=4835"}],"curies":[{"name":"wp","href":"https:\/\/api.w.org\/{rel}","templated":true}]}}