{"id":4973,"date":"2022-08-03T14:48:07","date_gmt":"2022-08-03T12:48:07","guid":{"rendered":"https:\/\/www.godere.nl\/?post_type=product&#038;p=4973"},"modified":"2026-01-21T20:33:26","modified_gmt":"2026-01-21T19:33:26","slug":"risotto-ai-funghi-porcini-antiche-passioni-carnaroli-risotto","status":"publish","type":"product","link":"https:\/\/www.godere.nl\/de\/produkt\/risotto-ai-funghi-porcini-antiche-passioni-carnaroli-risotto\/","title":{"rendered":"Risotto ai Funghi Porcini (Antiche Passioni)"},"content":{"rendered":"<h3>Carnaroli Risotto<\/h3>\n<p>Der italienische Langkornreis Carnaroli Risotto aus Norditalien ist der ideale Reis f\u00fcr ein Risottogericht, da er die St\u00e4rke freisetzt und die Kochfl\u00fcssigkeit gut aufnimmt. Dieser Reis garantiert ein wunderbar cremiges Risotto.<\/p>\n<p>Der<strong> Risotto ai Funghi Porcini <\/strong>is verrijkt met vers gehakte peterselie, ui, spek en paddenstoelen en daardoor een heerlijke hartige traktatie.<\/p>\n<p>Bereiten Sie die <strong>Risotto ai Funghi Porcini <\/strong>Auf Mail\u00e4nder Art mit Safran, gehackten Zwiebeln, Grana Padano-K\u00e4se und Wei\u00dfwein.<\/p>\n<p>&nbsp;<\/p>\n<p><strong>Inhaltsstoffe<\/strong><\/p>\n<p>Carnaroli rice 60%, porcini mushrooms (boletus edulis) 10%, bacon 10%, onion 10%, parsley 10%.<\/p>\n<p><strong>Durchschnittliche N\u00e4hrwerte pro 100 g des Produkts<\/strong><\/p>\n<ul>\n<li>Energie \u2013 1704 kj \/ 401 kcal<\/li>\n<li>Proteine \u2013 8.2 g<\/li>\n<li>Kohlenhydrate - 90 g<\/li>\n<li>davon Zucker - 0.4 g<\/li>\n<li>Fette \u2013 0.6 g<\/li>\n<li>Davon ges\u00e4ttigte Fetts\u00e4uren - 0,4 g<\/li>\n<li>Ballaststoffe - 3 g<\/li>\n<li>Salz - 0.01 g<\/li>\n<\/ul>","protected":false},"excerpt":{"rendered":"<p>Carnaroli Risotto De Italiaanse langkorrelige Carnaroli Risotto uit Noord-Itali\u00eb is de ideale rijst voor een risottogerecht omdat deze het zetmeel loslaat en het kookvocht eenvoudig opneemt. Deze rijst staat garant voor een prachtige romige risotto. De Risotto ai Funghi Porcini is verrijkt met vers gehakte peterselie, ui, spek en paddenstoelen en daardoor een heerlijke hartige &hellip; <br \/><a href=\"https:\/\/www.godere.nl\/de\/produkt\/risotto-ai-funghi-porcini-antiche-passioni-carnaroli-risotto\/\" class=\"more-link\">Continue reading <span class=\"screen-reader-text\">Risotto ai Funghi Porcini (Antiche Passioni)<\/span><\/a><\/p>","protected":false},"featured_media":4974,"comment_status":"closed","ping_status":"closed","template":"","meta":{"_monsterinsights_skip_tracking":false,"_monsterinsights_sitenote_active":false,"_monsterinsights_sitenote_note":"","_monsterinsights_sitenote_category":0,"_glsr_average":0,"_glsr_ranking":0,"_glsr_reviews":0},"product_brand":[],"product_cat":[125],"product_tag":[],"class_list":{"0":"post-4973","1":"product","2":"type-product","3":"status-publish","4":"has-post-thumbnail","6":"product_cat-pasta-en-rijst","8":"first","9":"instock","10":"featured","11":"taxable","12":"shipping-taxable","13":"purchasable","14":"product-type-simple"},"yoast_head":"<!-- This site is optimized with the Yoast SEO plugin v27.3 - https:\/\/yoast.com\/product\/yoast-seo-wordpress\/ -->\n<title>Carnaroli Risotto ai Funghi Porcini (Antiche Passioni) -<\/title>\n<meta name=\"description\" content=\"De Italiaanse langkorrelige carnaroli Risotto uit Noord-Itali\u00eb is de ideale rijst voor een risottogerecht omdat deze het zetmeel loslaat.\" \/>\n<meta name=\"robots\" content=\"index, follow, max-snippet:-1, max-image-preview:large, max-video-preview:-1\" \/>\n<link rel=\"canonical\" href=\"https:\/\/www.godere.nl\/de\/produkt\/risotto-ai-funghi-porcini-antiche-passioni-carnaroli-risotto\/\" \/>\n<meta property=\"og:locale\" content=\"de_DE\" \/>\n<meta property=\"og:type\" content=\"article\" \/>\n<meta property=\"og:title\" content=\"Carnaroli Risotto ai Funghi Porcini (Antiche Passioni) -\" \/>\n<meta property=\"og:description\" content=\"De Italiaanse langkorrelige carnaroli Risotto uit Noord-Itali\u00eb is de ideale rijst voor een risottogerecht omdat deze het zetmeel loslaat.\" \/>\n<meta property=\"og:url\" content=\"https:\/\/www.godere.nl\/de\/produkt\/risotto-ai-funghi-porcini-antiche-passioni-carnaroli-risotto\/\" \/>\n<meta property=\"og:site_name\" content=\"Godere | Italiaans genieten!\" \/>\n<meta property=\"article:publisher\" content=\"https:\/\/www.facebook.com\/godere.nl\" \/>\n<meta property=\"article:modified_time\" content=\"2026-01-21T19:33:26+00:00\" \/>\n<meta property=\"og:image\" content=\"https:\/\/www.godere.nl\/wp-content\/uploads\/2022\/08\/12000063_a_Risotto-Funghi-Porcini-6-x-180-gr-_.jpg\" \/>\n\t<meta property=\"og:image:width\" content=\"1000\" \/>\n\t<meta property=\"og:image:height\" content=\"1000\" \/>\n\t<meta property=\"og:image:type\" content=\"image\/jpeg\" \/>\n<meta name=\"twitter:card\" content=\"summary_large_image\" \/>\n<meta name=\"twitter:label1\" content=\"Gesch\u00e4tzte Lesezeit\" \/>\n\t<meta name=\"twitter:data1\" content=\"1\u00a0Minute\" \/>\n<script type=\"application\/ld+json\" class=\"yoast-schema-graph\">{\"@context\":\"https:\\\/\\\/schema.org\",\"@graph\":[{\"@type\":\"WebPage\",\"@id\":\"https:\\\/\\\/www.godere.nl\\\/product\\\/risotto-ai-funghi-porcini-antiche-passioni-carnaroli-risotto\\\/\",\"url\":\"https:\\\/\\\/www.godere.nl\\\/product\\\/risotto-ai-funghi-porcini-antiche-passioni-carnaroli-risotto\\\/\",\"name\":\"Carnaroli Risotto ai Funghi Porcini (Antiche Passioni) -\",\"isPartOf\":{\"@id\":\"https:\\\/\\\/www.godere.nl\\\/#website\"},\"primaryImageOfPage\":{\"@id\":\"https:\\\/\\\/www.godere.nl\\\/product\\\/risotto-ai-funghi-porcini-antiche-passioni-carnaroli-risotto\\\/#primaryimage\"},\"image\":{\"@id\":\"https:\\\/\\\/www.godere.nl\\\/product\\\/risotto-ai-funghi-porcini-antiche-passioni-carnaroli-risotto\\\/#primaryimage\"},\"thumbnailUrl\":\"https:\\\/\\\/www.godere.nl\\\/wp-content\\\/uploads\\\/2022\\\/08\\\/12000063_a_Risotto-Funghi-Porcini-6-x-180-gr-_.jpg\",\"datePublished\":\"2022-08-03T12:48:07+00:00\",\"dateModified\":\"2026-01-21T19:33:26+00:00\",\"description\":\"De Italiaanse langkorrelige carnaroli Risotto uit Noord-Itali\u00eb is de ideale rijst voor een risottogerecht omdat deze het zetmeel loslaat.\",\"breadcrumb\":{\"@id\":\"https:\\\/\\\/www.godere.nl\\\/product\\\/risotto-ai-funghi-porcini-antiche-passioni-carnaroli-risotto\\\/#breadcrumb\"},\"inLanguage\":\"de\",\"potentialAction\":[{\"@type\":\"ReadAction\",\"target\":[\"https:\\\/\\\/www.godere.nl\\\/product\\\/risotto-ai-funghi-porcini-antiche-passioni-carnaroli-risotto\\\/\"]}]},{\"@type\":\"ImageObject\",\"inLanguage\":\"de\",\"@id\":\"https:\\\/\\\/www.godere.nl\\\/product\\\/risotto-ai-funghi-porcini-antiche-passioni-carnaroli-risotto\\\/#primaryimage\",\"url\":\"https:\\\/\\\/www.godere.nl\\\/wp-content\\\/uploads\\\/2022\\\/08\\\/12000063_a_Risotto-Funghi-Porcini-6-x-180-gr-_.jpg\",\"contentUrl\":\"https:\\\/\\\/www.godere.nl\\\/wp-content\\\/uploads\\\/2022\\\/08\\\/12000063_a_Risotto-Funghi-Porcini-6-x-180-gr-_.jpg\",\"width\":1000,\"height\":1000},{\"@type\":\"BreadcrumbList\",\"@id\":\"https:\\\/\\\/www.godere.nl\\\/product\\\/risotto-ai-funghi-porcini-antiche-passioni-carnaroli-risotto\\\/#breadcrumb\",\"itemListElement\":[{\"@type\":\"ListItem\",\"position\":1,\"name\":\"Home\",\"item\":\"https:\\\/\\\/www.godere.nl\\\/\"},{\"@type\":\"ListItem\",\"position\":2,\"name\":\"Winkel\",\"item\":\"https:\\\/\\\/www.godere.nl\\\/winkel\\\/\"},{\"@type\":\"ListItem\",\"position\":3,\"name\":\"Risotto ai Funghi Porcini (Antiche Passioni)\"}]},{\"@type\":\"WebSite\",\"@id\":\"https:\\\/\\\/www.godere.nl\\\/#website\",\"url\":\"https:\\\/\\\/www.godere.nl\\\/\",\"name\":\"Godere | Italiaans genieten!\",\"description\":\"\",\"publisher\":{\"@id\":\"https:\\\/\\\/www.godere.nl\\\/#organization\"},\"potentialAction\":[{\"@type\":\"SearchAction\",\"target\":{\"@type\":\"EntryPoint\",\"urlTemplate\":\"https:\\\/\\\/www.godere.nl\\\/?s={search_term_string}\"},\"query-input\":{\"@type\":\"PropertyValueSpecification\",\"valueRequired\":true,\"valueName\":\"search_term_string\"}}],\"inLanguage\":\"de\"},{\"@type\":\"Organization\",\"@id\":\"https:\\\/\\\/www.godere.nl\\\/#organization\",\"name\":\"Godere\",\"url\":\"https:\\\/\\\/www.godere.nl\\\/\",\"logo\":{\"@type\":\"ImageObject\",\"inLanguage\":\"de\",\"@id\":\"https:\\\/\\\/www.godere.nl\\\/#\\\/schema\\\/logo\\\/image\\\/\",\"url\":\"https:\\\/\\\/www.godere.nl\\\/wp-content\\\/uploads\\\/2022\\\/05\\\/GODERE-Granny-e1651842185822.png\",\"contentUrl\":\"https:\\\/\\\/www.godere.nl\\\/wp-content\\\/uploads\\\/2022\\\/05\\\/GODERE-Granny-e1651842185822.png\",\"width\":936,\"height\":408,\"caption\":\"Godere\"},\"image\":{\"@id\":\"https:\\\/\\\/www.godere.nl\\\/#\\\/schema\\\/logo\\\/image\\\/\"},\"sameAs\":[\"https:\\\/\\\/www.facebook.com\\\/godere.nl\"]}]}<\/script>\n<!-- \/ Yoast SEO plugin. -->","yoast_head_json":{"title":"Carnaroli Risotto ai Funghi Porcini (Antiche Passioni) -","description":"De Italiaanse langkorrelige carnaroli Risotto uit Noord-Itali\u00eb is de ideale rijst voor een risottogerecht omdat deze het zetmeel loslaat.","robots":{"index":"index","follow":"follow","max-snippet":"max-snippet:-1","max-image-preview":"max-image-preview:large","max-video-preview":"max-video-preview:-1"},"canonical":"https:\/\/www.godere.nl\/de\/produkt\/risotto-ai-funghi-porcini-antiche-passioni-carnaroli-risotto\/","og_locale":"de_DE","og_type":"article","og_title":"Carnaroli Risotto ai Funghi Porcini (Antiche Passioni) -","og_description":"De Italiaanse langkorrelige carnaroli Risotto uit Noord-Itali\u00eb is de ideale rijst voor een risottogerecht omdat deze het zetmeel loslaat.","og_url":"https:\/\/www.godere.nl\/de\/produkt\/risotto-ai-funghi-porcini-antiche-passioni-carnaroli-risotto\/","og_site_name":"Godere | Italiaans genieten!","article_publisher":"https:\/\/www.facebook.com\/godere.nl","article_modified_time":"2026-01-21T19:33:26+00:00","og_image":[{"width":1000,"height":1000,"url":"https:\/\/www.godere.nl\/wp-content\/uploads\/2022\/08\/12000063_a_Risotto-Funghi-Porcini-6-x-180-gr-_.jpg","type":"image\/jpeg"}],"twitter_card":"summary_large_image","twitter_misc":{"Gesch\u00e4tzte Lesezeit":"1\u00a0Minute"},"schema":{"@context":"https:\/\/schema.org","@graph":[{"@type":"WebPage","@id":"https:\/\/www.godere.nl\/product\/risotto-ai-funghi-porcini-antiche-passioni-carnaroli-risotto\/","url":"https:\/\/www.godere.nl\/product\/risotto-ai-funghi-porcini-antiche-passioni-carnaroli-risotto\/","name":"Carnaroli Risotto ai Funghi Porcini (Antiche Passioni) -","isPartOf":{"@id":"https:\/\/www.godere.nl\/#website"},"primaryImageOfPage":{"@id":"https:\/\/www.godere.nl\/product\/risotto-ai-funghi-porcini-antiche-passioni-carnaroli-risotto\/#primaryimage"},"image":{"@id":"https:\/\/www.godere.nl\/product\/risotto-ai-funghi-porcini-antiche-passioni-carnaroli-risotto\/#primaryimage"},"thumbnailUrl":"https:\/\/www.godere.nl\/wp-content\/uploads\/2022\/08\/12000063_a_Risotto-Funghi-Porcini-6-x-180-gr-_.jpg","datePublished":"2022-08-03T12:48:07+00:00","dateModified":"2026-01-21T19:33:26+00:00","description":"De Italiaanse langkorrelige carnaroli Risotto uit Noord-Itali\u00eb is de ideale rijst voor een risottogerecht omdat deze het zetmeel loslaat.","breadcrumb":{"@id":"https:\/\/www.godere.nl\/product\/risotto-ai-funghi-porcini-antiche-passioni-carnaroli-risotto\/#breadcrumb"},"inLanguage":"de","potentialAction":[{"@type":"ReadAction","target":["https:\/\/www.godere.nl\/product\/risotto-ai-funghi-porcini-antiche-passioni-carnaroli-risotto\/"]}]},{"@type":"ImageObject","inLanguage":"de","@id":"https:\/\/www.godere.nl\/product\/risotto-ai-funghi-porcini-antiche-passioni-carnaroli-risotto\/#primaryimage","url":"https:\/\/www.godere.nl\/wp-content\/uploads\/2022\/08\/12000063_a_Risotto-Funghi-Porcini-6-x-180-gr-_.jpg","contentUrl":"https:\/\/www.godere.nl\/wp-content\/uploads\/2022\/08\/12000063_a_Risotto-Funghi-Porcini-6-x-180-gr-_.jpg","width":1000,"height":1000},{"@type":"BreadcrumbList","@id":"https:\/\/www.godere.nl\/product\/risotto-ai-funghi-porcini-antiche-passioni-carnaroli-risotto\/#breadcrumb","itemListElement":[{"@type":"ListItem","position":1,"name":"Home","item":"https:\/\/www.godere.nl\/"},{"@type":"ListItem","position":2,"name":"Winkel","item":"https:\/\/www.godere.nl\/winkel\/"},{"@type":"ListItem","position":3,"name":"Risotto ai Funghi Porcini (Antiche Passioni)"}]},{"@type":"WebSite","@id":"https:\/\/www.godere.nl\/#website","url":"https:\/\/www.godere.nl\/","name":"Godere | Italiaans genieten!","description":"","publisher":{"@id":"https:\/\/www.godere.nl\/#organization"},"potentialAction":[{"@type":"SearchAction","target":{"@type":"EntryPoint","urlTemplate":"https:\/\/www.godere.nl\/?s={search_term_string}"},"query-input":{"@type":"PropertyValueSpecification","valueRequired":true,"valueName":"search_term_string"}}],"inLanguage":"de"},{"@type":"Organization","@id":"https:\/\/www.godere.nl\/#organization","name":"Godere","url":"https:\/\/www.godere.nl\/","logo":{"@type":"ImageObject","inLanguage":"de","@id":"https:\/\/www.godere.nl\/#\/schema\/logo\/image\/","url":"https:\/\/www.godere.nl\/wp-content\/uploads\/2022\/05\/GODERE-Granny-e1651842185822.png","contentUrl":"https:\/\/www.godere.nl\/wp-content\/uploads\/2022\/05\/GODERE-Granny-e1651842185822.png","width":936,"height":408,"caption":"Godere"},"image":{"@id":"https:\/\/www.godere.nl\/#\/schema\/logo\/image\/"},"sameAs":["https:\/\/www.facebook.com\/godere.nl"]}]}},"_links":{"self":[{"href":"https:\/\/www.godere.nl\/de\/wp-json\/wp\/v2\/product\/4973","targetHints":{"allow":["GET"]}}],"collection":[{"href":"https:\/\/www.godere.nl\/de\/wp-json\/wp\/v2\/product"}],"about":[{"href":"https:\/\/www.godere.nl\/de\/wp-json\/wp\/v2\/types\/product"}],"replies":[{"embeddable":true,"href":"https:\/\/www.godere.nl\/de\/wp-json\/wp\/v2\/comments?post=4973"}],"wp:featuredmedia":[{"embeddable":true,"href":"https:\/\/www.godere.nl\/de\/wp-json\/wp\/v2\/media\/4974"}],"wp:attachment":[{"href":"https:\/\/www.godere.nl\/de\/wp-json\/wp\/v2\/media?parent=4973"}],"wp:term":[{"taxonomy":"product_brand","embeddable":true,"href":"https:\/\/www.godere.nl\/de\/wp-json\/wp\/v2\/product_brand?post=4973"},{"taxonomy":"product_cat","embeddable":true,"href":"https:\/\/www.godere.nl\/de\/wp-json\/wp\/v2\/product_cat?post=4973"},{"taxonomy":"product_tag","embeddable":true,"href":"https:\/\/www.godere.nl\/de\/wp-json\/wp\/v2\/product_tag?post=4973"}],"curies":[{"name":"wp","href":"https:\/\/api.w.org\/{rel}","templated":true}]}}