{"id":5032,"date":"2022-09-06T14:19:26","date_gmt":"2022-09-06T12:19:26","guid":{"rendered":"https:\/\/www.godere.nl\/?post_type=product&#038;p=5032"},"modified":"2024-10-14T10:26:39","modified_gmt":"2024-10-14T08:26:39","slug":"tarallini-al-finocchio-antiche-passioni","status":"publish","type":"product","link":"https:\/\/www.godere.nl\/de\/produkt\/tarallini-al-finocchio-antiche-passioni\/","title":{"rendered":"Tarallini al Finocchio (Antiche Passioni)"},"content":{"rendered":"<p><span data-contrast=\"auto\">Venkelringetjes<\/span><span data-ccp-props=\"{&quot;201341983&quot;:0,&quot;335559739&quot;:160,&quot;335559740&quot;:259}\"> (Tarallini al Finocchio)<\/span><\/p>\n<p><span data-contrast=\"auto\">Der\u00a0<\/span>Tarallini\u00a0al\u00a0Finocchio<span data-contrast=\"auto\">\u00a0ist ein klassischer gesalzener Toast, der urspr\u00fcnglich aus dem s\u00fcditalienischen Apulien stammt. Die Fenchelsamen verleihen dem Toast einen frischen, anisartigen Geschmack.<\/span><span data-ccp-props=\"{&quot;201341983&quot;:0,&quot;335559739&quot;:160,&quot;335559740&quot;:259}\">\u00a0<\/span><\/p>\n<p><span data-contrast=\"auto\">Die knusprigen Fenchelringe unserer Snacks sind k\u00f6stlich als Aperitif oder als Toast auf Ihrer Getr\u00e4nkekarte zusammen mit einem guten Glas italienischen Wein. Aufgrund ihrer Gr\u00f6\u00dfe sind die knusprigen Ringe auch als gesunder herzhafter Snack f\u00fcr zwischendurch praktisch und lecker. Genie\u00dfen Sie k\u00f6stliche italienische Produkte und einen guten Rotwein.<\/span><b><span data-contrast=\"auto\">\u00a0<\/span><\/b><span data-contrast=\"auto\">zijn heerlijk als aperitief of als toast op je borrelplank samen met een goed glas Italiaanse wijn. Door het formaat zijn de krokante ringetjes ook handig en lekker als gezonde hartige snack voor tussendoor.<\/span><span data-ccp-props=\"{&quot;201341983&quot;:0,&quot;335559739&quot;:160,&quot;335559740&quot;:259}\"> Heerlijke italiaanse producten genieten met en fijne rode wijn.<\/span><\/p>\n<p><span data-contrast=\"auto\">Elke transparante verpakking bevat 200 gram<\/span><span data-contrast=\"auto\">.<\/span><\/p>\n<ul>\n<li data-leveltext=\"\uf0b7\" data-font=\"Symbol\" data-listid=\"3\" aria-setsize=\"-1\" data-aria-posinset=\"1\" data-aria-level=\"1\"><span data-contrast=\"auto\">Italienische<\/span><b><span data-contrast=\"auto\">\u00a0<\/span><\/b><span data-contrast=\"auto\">Fenchelringe<\/span><b><span data-contrast=\"auto\">\u00a0Tarallini\u00a0al\u00a0Finocchio<\/span><\/b><span data-ccp-props=\"{&quot;134233279&quot;:true,&quot;201341983&quot;:0,&quot;335559739&quot;:160,&quot;335559740&quot;:259}\">\u00a0<\/span><\/li>\n<li data-leveltext=\"\uf0b7\" data-font=\"Symbol\" data-listid=\"2\" aria-setsize=\"-1\" data-aria-posinset=\"2\" data-aria-level=\"1\"><span data-contrast=\"auto\">Aus Weizenmehl, Wei\u00dfwein, 5% nativem Oliven\u00f6l extra, 1% Fenchel und Meersalz<\/span><span data-ccp-props=\"{&quot;134233279&quot;:true,&quot;201341983&quot;:0,&quot;335551550&quot;:6,&quot;335551620&quot;:6,&quot;335559739&quot;:160,&quot;335559740&quot;:259}\">\u00a0<\/span><\/li>\n<li data-leveltext=\"\uf0b7\" data-font=\"Symbol\" data-listid=\"2\" aria-setsize=\"-1\" data-aria-posinset=\"3\" data-aria-level=\"1\"><span data-contrast=\"auto\">Urspr\u00fcnglich aus Apulien<\/span><span data-ccp-props=\"{&quot;134233279&quot;:true,&quot;201341983&quot;:0,&quot;335551550&quot;:6,&quot;335551620&quot;:6,&quot;335559739&quot;:160,&quot;335559740&quot;:259}\">\u00a0<\/span><\/li>\n<li data-leveltext=\"\uf0b7\" data-font=\"Symbol\" data-listid=\"2\" aria-setsize=\"-1\" data-aria-posinset=\"4\" data-aria-level=\"1\"><span data-contrast=\"auto\">Laktosefrei<\/span><span data-ccp-props=\"{&quot;134233279&quot;:true,&quot;201341983&quot;:0,&quot;335551550&quot;:6,&quot;335551620&quot;:6,&quot;335559739&quot;:160,&quot;335559740&quot;:259}\">\u00a0<\/span><\/li>\n<li data-leveltext=\"\uf0b7\" data-font=\"Symbol\" data-listid=\"1\" aria-setsize=\"-1\" data-aria-posinset=\"5\" data-aria-level=\"1\"><span data-contrast=\"auto\">Leverancier:\u00a0Antiche\u00a0Passioni<\/span><span data-ccp-props=\"{&quot;134233279&quot;:true,&quot;201341983&quot;:0,&quot;335559739&quot;:160,&quot;335559740&quot;:259}\">\u00a0<\/span><\/li>\n<\/ul>\n<p><strong>Durchschnittliche N\u00e4hrwerte pro 100 g des Produkts<\/strong><\/p>\n<ul>\n<li>Energie \u2013 2134.2 kj \/ 509.67 kcal<\/li>\n<li>Proteine - 11.23 g<\/li>\n<li>Kohlenhydrate - 77.27 g<\/li>\n<li>Fette -17.5 g<\/li>\n<\/ul>","protected":false},"excerpt":{"rendered":"<p>Venkelringetjes (Tarallini al Finocchio) De\u00a0Tarallini\u00a0al\u00a0Finocchio\u00a0is een klassiek gezouten toastje dat oorspronkelijk uit het Zuid-Italiaanse\u00a0Puglia\u00a0komt. Het venkelzaad geeft de toast een frisse anijsachtige smaak.\u00a0 De krokante venkelringetjes van onze snacks\u00a0zijn heerlijk als aperitief of als toast op je borrelplank samen met een goed glas Italiaanse wijn. Door het formaat zijn de krokante ringetjes ook handig en &hellip; <br \/><a href=\"https:\/\/www.godere.nl\/de\/produkt\/tarallini-al-finocchio-antiche-passioni\/\" class=\"more-link\">Continue reading <span class=\"screen-reader-text\">Tarallini al Finocchio (Antiche Passioni)<\/span><\/a><\/p>","protected":false},"featured_media":5033,"comment_status":"closed","ping_status":"closed","template":"","meta":{"_monsterinsights_skip_tracking":false,"_monsterinsights_sitenote_active":false,"_monsterinsights_sitenote_note":"","_monsterinsights_sitenote_category":0,"_glsr_average":0,"_glsr_ranking":0,"_glsr_reviews":0},"product_brand":[],"product_cat":[196],"product_tag":[],"class_list":{"0":"post-5032","1":"product","2":"type-product","3":"status-publish","4":"has-post-thumbnail","6":"product_cat-crackers-en-chips","8":"first","9":"outofstock","10":"taxable","11":"shipping-taxable","12":"purchasable","13":"product-type-simple"},"yoast_head":"<!-- This site is optimized with the Yoast SEO plugin v27.3 - https:\/\/yoast.com\/product\/yoast-seo-wordpress\/ -->\n<title>Tarallini al Finocchio (Antiche Passioni) Godere | Italiaans genieten!<\/title>\n<meta name=\"description\" content=\"De\u00a0Tarallini\u00a0al\u00a0Finocchio\u00a0is een klassiek gezouten toastje dat oorspronkelijk uit het Zuid-Italiaanse\u00a0Puglia\u00a0komt. Godere - genieten\" \/>\n<meta name=\"robots\" content=\"index, follow, max-snippet:-1, max-image-preview:large, max-video-preview:-1\" \/>\n<link rel=\"canonical\" href=\"https:\/\/www.godere.nl\/de\/produkt\/tarallini-al-finocchio-antiche-passioni\/\" \/>\n<meta property=\"og:locale\" content=\"de_DE\" \/>\n<meta property=\"og:type\" content=\"article\" \/>\n<meta property=\"og:title\" content=\"Tarallini al Finocchio (Antiche Passioni) Godere | Italiaans genieten!\" \/>\n<meta property=\"og:description\" content=\"De\u00a0Tarallini\u00a0al\u00a0Finocchio\u00a0is een klassiek gezouten toastje dat oorspronkelijk uit het Zuid-Italiaanse\u00a0Puglia\u00a0komt. Godere - genieten\" \/>\n<meta property=\"og:url\" content=\"https:\/\/www.godere.nl\/de\/produkt\/tarallini-al-finocchio-antiche-passioni\/\" \/>\n<meta property=\"og:site_name\" content=\"Godere | Italiaans genieten!\" \/>\n<meta property=\"article:publisher\" content=\"https:\/\/www.facebook.com\/godere.nl\" \/>\n<meta property=\"article:modified_time\" content=\"2024-10-14T08:26:39+00:00\" \/>\n<meta property=\"og:image\" content=\"https:\/\/www.godere.nl\/wp-content\/uploads\/2022\/09\/Tarallini-Antiche-Passioni-final-e1692884176423.jpg\" \/>\n\t<meta property=\"og:image:width\" content=\"1050\" \/>\n\t<meta property=\"og:image:height\" content=\"1050\" \/>\n\t<meta property=\"og:image:type\" content=\"image\/jpeg\" \/>\n<meta name=\"twitter:card\" content=\"summary_large_image\" \/>\n<meta name=\"twitter:label1\" content=\"Gesch\u00e4tzte Lesezeit\" \/>\n\t<meta name=\"twitter:data1\" content=\"1\u00a0Minute\" \/>\n<script type=\"application\/ld+json\" class=\"yoast-schema-graph\">{\"@context\":\"https:\\\/\\\/schema.org\",\"@graph\":[{\"@type\":\"WebPage\",\"@id\":\"https:\\\/\\\/www.godere.nl\\\/product\\\/tarallini-al-finocchio-antiche-passioni\\\/\",\"url\":\"https:\\\/\\\/www.godere.nl\\\/product\\\/tarallini-al-finocchio-antiche-passioni\\\/\",\"name\":\"Tarallini al Finocchio (Antiche Passioni) Godere | Italiaans genieten!\",\"isPartOf\":{\"@id\":\"https:\\\/\\\/www.godere.nl\\\/#website\"},\"primaryImageOfPage\":{\"@id\":\"https:\\\/\\\/www.godere.nl\\\/product\\\/tarallini-al-finocchio-antiche-passioni\\\/#primaryimage\"},\"image\":{\"@id\":\"https:\\\/\\\/www.godere.nl\\\/product\\\/tarallini-al-finocchio-antiche-passioni\\\/#primaryimage\"},\"thumbnailUrl\":\"https:\\\/\\\/www.godere.nl\\\/wp-content\\\/uploads\\\/2022\\\/09\\\/Tarallini-Antiche-Passioni-final-e1692884176423.jpg\",\"datePublished\":\"2022-09-06T12:19:26+00:00\",\"dateModified\":\"2024-10-14T08:26:39+00:00\",\"description\":\"De\u00a0Tarallini\u00a0al\u00a0Finocchio\u00a0is een klassiek gezouten toastje dat oorspronkelijk uit het Zuid-Italiaanse\u00a0Puglia\u00a0komt. Godere - genieten\",\"breadcrumb\":{\"@id\":\"https:\\\/\\\/www.godere.nl\\\/product\\\/tarallini-al-finocchio-antiche-passioni\\\/#breadcrumb\"},\"inLanguage\":\"de\",\"potentialAction\":[{\"@type\":\"ReadAction\",\"target\":[\"https:\\\/\\\/www.godere.nl\\\/product\\\/tarallini-al-finocchio-antiche-passioni\\\/\"]}]},{\"@type\":\"ImageObject\",\"inLanguage\":\"de\",\"@id\":\"https:\\\/\\\/www.godere.nl\\\/product\\\/tarallini-al-finocchio-antiche-passioni\\\/#primaryimage\",\"url\":\"https:\\\/\\\/www.godere.nl\\\/wp-content\\\/uploads\\\/2022\\\/09\\\/Tarallini-Antiche-Passioni-final-e1692884176423.jpg\",\"contentUrl\":\"https:\\\/\\\/www.godere.nl\\\/wp-content\\\/uploads\\\/2022\\\/09\\\/Tarallini-Antiche-Passioni-final-e1692884176423.jpg\",\"width\":1050,\"height\":1050},{\"@type\":\"BreadcrumbList\",\"@id\":\"https:\\\/\\\/www.godere.nl\\\/product\\\/tarallini-al-finocchio-antiche-passioni\\\/#breadcrumb\",\"itemListElement\":[{\"@type\":\"ListItem\",\"position\":1,\"name\":\"Home\",\"item\":\"https:\\\/\\\/www.godere.nl\\\/\"},{\"@type\":\"ListItem\",\"position\":2,\"name\":\"Winkel\",\"item\":\"https:\\\/\\\/www.godere.nl\\\/winkel\\\/\"},{\"@type\":\"ListItem\",\"position\":3,\"name\":\"Tarallini al Finocchio (Antiche Passioni)\"}]},{\"@type\":\"WebSite\",\"@id\":\"https:\\\/\\\/www.godere.nl\\\/#website\",\"url\":\"https:\\\/\\\/www.godere.nl\\\/\",\"name\":\"Godere | Italiaans genieten!\",\"description\":\"\",\"publisher\":{\"@id\":\"https:\\\/\\\/www.godere.nl\\\/#organization\"},\"potentialAction\":[{\"@type\":\"SearchAction\",\"target\":{\"@type\":\"EntryPoint\",\"urlTemplate\":\"https:\\\/\\\/www.godere.nl\\\/?s={search_term_string}\"},\"query-input\":{\"@type\":\"PropertyValueSpecification\",\"valueRequired\":true,\"valueName\":\"search_term_string\"}}],\"inLanguage\":\"de\"},{\"@type\":\"Organization\",\"@id\":\"https:\\\/\\\/www.godere.nl\\\/#organization\",\"name\":\"Godere\",\"url\":\"https:\\\/\\\/www.godere.nl\\\/\",\"logo\":{\"@type\":\"ImageObject\",\"inLanguage\":\"de\",\"@id\":\"https:\\\/\\\/www.godere.nl\\\/#\\\/schema\\\/logo\\\/image\\\/\",\"url\":\"https:\\\/\\\/www.godere.nl\\\/wp-content\\\/uploads\\\/2022\\\/05\\\/GODERE-Granny-e1651842185822.png\",\"contentUrl\":\"https:\\\/\\\/www.godere.nl\\\/wp-content\\\/uploads\\\/2022\\\/05\\\/GODERE-Granny-e1651842185822.png\",\"width\":936,\"height\":408,\"caption\":\"Godere\"},\"image\":{\"@id\":\"https:\\\/\\\/www.godere.nl\\\/#\\\/schema\\\/logo\\\/image\\\/\"},\"sameAs\":[\"https:\\\/\\\/www.facebook.com\\\/godere.nl\"]}]}<\/script>\n<!-- \/ Yoast SEO plugin. -->","yoast_head_json":{"title":"Tarallini al Finocchio (Antiche Passioni) Godere | Italiaans genieten!","description":"De\u00a0Tarallini\u00a0al\u00a0Finocchio\u00a0is een klassiek gezouten toastje dat oorspronkelijk uit het Zuid-Italiaanse\u00a0Puglia\u00a0komt. Godere - genieten","robots":{"index":"index","follow":"follow","max-snippet":"max-snippet:-1","max-image-preview":"max-image-preview:large","max-video-preview":"max-video-preview:-1"},"canonical":"https:\/\/www.godere.nl\/de\/produkt\/tarallini-al-finocchio-antiche-passioni\/","og_locale":"de_DE","og_type":"article","og_title":"Tarallini al Finocchio (Antiche Passioni) Godere | Italiaans genieten!","og_description":"De\u00a0Tarallini\u00a0al\u00a0Finocchio\u00a0is een klassiek gezouten toastje dat oorspronkelijk uit het Zuid-Italiaanse\u00a0Puglia\u00a0komt. Godere - genieten","og_url":"https:\/\/www.godere.nl\/de\/produkt\/tarallini-al-finocchio-antiche-passioni\/","og_site_name":"Godere | Italiaans genieten!","article_publisher":"https:\/\/www.facebook.com\/godere.nl","article_modified_time":"2024-10-14T08:26:39+00:00","og_image":[{"width":1050,"height":1050,"url":"https:\/\/www.godere.nl\/wp-content\/uploads\/2022\/09\/Tarallini-Antiche-Passioni-final-e1692884176423.jpg","type":"image\/jpeg"}],"twitter_card":"summary_large_image","twitter_misc":{"Gesch\u00e4tzte Lesezeit":"1\u00a0Minute"},"schema":{"@context":"https:\/\/schema.org","@graph":[{"@type":"WebPage","@id":"https:\/\/www.godere.nl\/product\/tarallini-al-finocchio-antiche-passioni\/","url":"https:\/\/www.godere.nl\/product\/tarallini-al-finocchio-antiche-passioni\/","name":"Tarallini al Finocchio (Antiche Passioni) Godere | Italiaans genieten!","isPartOf":{"@id":"https:\/\/www.godere.nl\/#website"},"primaryImageOfPage":{"@id":"https:\/\/www.godere.nl\/product\/tarallini-al-finocchio-antiche-passioni\/#primaryimage"},"image":{"@id":"https:\/\/www.godere.nl\/product\/tarallini-al-finocchio-antiche-passioni\/#primaryimage"},"thumbnailUrl":"https:\/\/www.godere.nl\/wp-content\/uploads\/2022\/09\/Tarallini-Antiche-Passioni-final-e1692884176423.jpg","datePublished":"2022-09-06T12:19:26+00:00","dateModified":"2024-10-14T08:26:39+00:00","description":"De\u00a0Tarallini\u00a0al\u00a0Finocchio\u00a0is een klassiek gezouten toastje dat oorspronkelijk uit het Zuid-Italiaanse\u00a0Puglia\u00a0komt. Godere - genieten","breadcrumb":{"@id":"https:\/\/www.godere.nl\/product\/tarallini-al-finocchio-antiche-passioni\/#breadcrumb"},"inLanguage":"de","potentialAction":[{"@type":"ReadAction","target":["https:\/\/www.godere.nl\/product\/tarallini-al-finocchio-antiche-passioni\/"]}]},{"@type":"ImageObject","inLanguage":"de","@id":"https:\/\/www.godere.nl\/product\/tarallini-al-finocchio-antiche-passioni\/#primaryimage","url":"https:\/\/www.godere.nl\/wp-content\/uploads\/2022\/09\/Tarallini-Antiche-Passioni-final-e1692884176423.jpg","contentUrl":"https:\/\/www.godere.nl\/wp-content\/uploads\/2022\/09\/Tarallini-Antiche-Passioni-final-e1692884176423.jpg","width":1050,"height":1050},{"@type":"BreadcrumbList","@id":"https:\/\/www.godere.nl\/product\/tarallini-al-finocchio-antiche-passioni\/#breadcrumb","itemListElement":[{"@type":"ListItem","position":1,"name":"Home","item":"https:\/\/www.godere.nl\/"},{"@type":"ListItem","position":2,"name":"Winkel","item":"https:\/\/www.godere.nl\/winkel\/"},{"@type":"ListItem","position":3,"name":"Tarallini al Finocchio (Antiche Passioni)"}]},{"@type":"WebSite","@id":"https:\/\/www.godere.nl\/#website","url":"https:\/\/www.godere.nl\/","name":"Godere | Italiaans genieten!","description":"","publisher":{"@id":"https:\/\/www.godere.nl\/#organization"},"potentialAction":[{"@type":"SearchAction","target":{"@type":"EntryPoint","urlTemplate":"https:\/\/www.godere.nl\/?s={search_term_string}"},"query-input":{"@type":"PropertyValueSpecification","valueRequired":true,"valueName":"search_term_string"}}],"inLanguage":"de"},{"@type":"Organization","@id":"https:\/\/www.godere.nl\/#organization","name":"Godere","url":"https:\/\/www.godere.nl\/","logo":{"@type":"ImageObject","inLanguage":"de","@id":"https:\/\/www.godere.nl\/#\/schema\/logo\/image\/","url":"https:\/\/www.godere.nl\/wp-content\/uploads\/2022\/05\/GODERE-Granny-e1651842185822.png","contentUrl":"https:\/\/www.godere.nl\/wp-content\/uploads\/2022\/05\/GODERE-Granny-e1651842185822.png","width":936,"height":408,"caption":"Godere"},"image":{"@id":"https:\/\/www.godere.nl\/#\/schema\/logo\/image\/"},"sameAs":["https:\/\/www.facebook.com\/godere.nl"]}]}},"_links":{"self":[{"href":"https:\/\/www.godere.nl\/de\/wp-json\/wp\/v2\/product\/5032","targetHints":{"allow":["GET"]}}],"collection":[{"href":"https:\/\/www.godere.nl\/de\/wp-json\/wp\/v2\/product"}],"about":[{"href":"https:\/\/www.godere.nl\/de\/wp-json\/wp\/v2\/types\/product"}],"replies":[{"embeddable":true,"href":"https:\/\/www.godere.nl\/de\/wp-json\/wp\/v2\/comments?post=5032"}],"wp:featuredmedia":[{"embeddable":true,"href":"https:\/\/www.godere.nl\/de\/wp-json\/wp\/v2\/media\/5033"}],"wp:attachment":[{"href":"https:\/\/www.godere.nl\/de\/wp-json\/wp\/v2\/media?parent=5032"}],"wp:term":[{"taxonomy":"product_brand","embeddable":true,"href":"https:\/\/www.godere.nl\/de\/wp-json\/wp\/v2\/product_brand?post=5032"},{"taxonomy":"product_cat","embeddable":true,"href":"https:\/\/www.godere.nl\/de\/wp-json\/wp\/v2\/product_cat?post=5032"},{"taxonomy":"product_tag","embeddable":true,"href":"https:\/\/www.godere.nl\/de\/wp-json\/wp\/v2\/product_tag?post=5032"}],"curies":[{"name":"wp","href":"https:\/\/api.w.org\/{rel}","templated":true}]}}