{"id":5078,"date":"2022-10-12T14:04:47","date_gmt":"2022-10-12T12:04:47","guid":{"rendered":"https:\/\/www.godere.nl\/?post_type=product&#038;p=5078"},"modified":"2026-04-29T16:30:48","modified_gmt":"2026-04-29T14:30:48","slug":"cantucci-mandorla-lunghi-dolcezze-di-nanni-toscaanse-lekkernij","status":"publish","type":"product","link":"https:\/\/www.godere.nl\/de\/produkt\/cantucci-mandorla-lunghi-dolcezze-di-nanni-toscaanse-lekkernij\/","title":{"rendered":"Cantucci Mandorla Lunghi (Dolcezze di Nanni)"},"content":{"rendered":"<p>Antonio Mattei hat das Cantucci-Geb\u00e4ck erstmals im Zentrum der toskanischen Stadt Prato gebacken.\u00a0Sein urspr\u00fcnglicher Laden\u00a0<i>Fabbricante\u00a0di\u00a0Cantucci<\/i>\u00a0k\u00f6nnen dort noch gefunden werden.<\/p>\n<p>Der Cantucci Mandorla Lunghi ist ein s\u00fc\u00dfes Mandelgeb\u00e4ck. Wir bieten Ihnen verschiedene Geschmacksrichtungen der k\u00f6stlichen Cantucci-Kekse an.<\/p>\n<p>Verschenken Sie unser Mandelgeb\u00e4ck Cantucci zu Ihrem frischen Kaffee oder Tee. In der Toskana werden sie oft mit dem s\u00fc\u00dfen Dessertwein Vin Santo verzehrt.<\/p>\n<ul>\n<li data-leveltext=\"\uf0b7\" data-font=\"Symbol\" data-listid=\"2\" aria-setsize=\"-1\" data-aria-posinset=\"1\" data-aria-level=\"1\">Italienisches Mandelgeb\u00e4ck Cantucci Mandorla Lunghi<\/li>\n<li data-leveltext=\"\uf0b7\" data-font=\"Symbol\" data-listid=\"1\" aria-setsize=\"-1\" data-aria-posinset=\"2\" data-aria-level=\"1\">Aus Weizenmehl, 21% Mandeln, Zucker, Eiern, Butter, Glukose-Fruktose-Sirup, Backtriebmittel E503, E500 und E450, Maisst\u00e4rke, Meersalz und nat\u00fcrlichem Vanillearoma<\/li>\n<li data-leveltext=\"\uf0b7\" data-font=\"Symbol\" data-listid=\"1\" aria-setsize=\"-1\" data-aria-posinset=\"3\" data-aria-level=\"1\">Per verpakking 200 gram<\/li>\n<li data-leveltext=\"\uf0b7\" data-font=\"Symbol\" data-listid=\"1\" aria-setsize=\"-1\" data-aria-posinset=\"4\" data-aria-level=\"1\">Leverancier:\u00a0Dolcezze\u00a0di\u00a0Nanni<\/li>\n<\/ul>\n<h5><strong>Inhaltsstoffe<\/strong><\/h5>\n<p>Tarwemeel, suiker, amandelen 21%, verse eieren, boter (melk)2%, glucose-fructosestroop, rijsmiddel: E503, rijsmiddel: (E450i, E500ii, ma\u00efszetmeel), zeezout, natuurlijk vanillearoma. Geproduceerd in een fabriek waar ook producten worden werkt met: soja, noten (amandelen, pistachenoten, hazelnoten en walnoten).<\/p>\n<p><strong>Durchschnittliche N\u00e4hrwerte pro 100 g des Produkts<\/strong><\/p>\n<ul>\n<li>Energie \u2013 1842 kj \/ 438 kcal<\/li>\n<li>Proteine - 10.8 g<\/li>\n<li>Kohlenhydrate - 62 gr<\/li>\n<li>davon Zucker - 31 gr<\/li>\n<li>Fette - 16 g<\/li>\n<li>Davon ges\u00e4ttigte Fetts\u00e4uren - 5.1 gr<\/li>\n<li>Ballaststoffe - 3,6 g<\/li>\n<li>Salz - 0.42 g<\/li>\n<\/ul>","protected":false},"excerpt":{"rendered":"<p>Antonio\u00a0Mattei\u00a0bakte voor het eerst het\u00a0Cantucci\u00a0koekje\u00a0in\u00a0het centrum van\u00a0de Toscaanse\u00a0stad\u00a0Prato.\u00a0Zijn\u00a0oorspronkelijke winkel\u00a0Fabbricante\u00a0di\u00a0Cantucci\u00a0is daar nog steeds te vinden. De\u00a0Cantucci\u00a0Mandorla\u00a0Lunghi\u00a0is een zoet amandelkoekje. Wij bieden jou verschillende smaken van de heerlijke\u00a0cantucci\u00a0koekjes. Geef\u00a0onze amandelkoekjes\u00a0cantucci\u00a0als traktatie\u00a0bij\u00a0je verse\u00a0koffie of thee. In Toscane worden ze vaak gegeten bij de zoete dessertwijn Vin Santo. Italiaans amandelkoekje\u00a0Cantucci\u00a0Mandorla\u00a0Lunghi Van tarwemeel, 21% amandelen, suiker, eieren, boter, glucose-fructosestroop, rijsmiddelen &hellip; <br \/><a href=\"https:\/\/www.godere.nl\/de\/produkt\/cantucci-mandorla-lunghi-dolcezze-di-nanni-toscaanse-lekkernij\/\" class=\"more-link\">Continue reading <span class=\"screen-reader-text\">Cantucci Mandorla Lunghi (Dolcezze di Nanni)<\/span><\/a><\/p>","protected":false},"featured_media":5079,"comment_status":"closed","ping_status":"closed","template":"","meta":{"_monsterinsights_skip_tracking":false,"_monsterinsights_sitenote_active":false,"_monsterinsights_sitenote_note":"","_monsterinsights_sitenote_category":0,"_glsr_average":0,"_glsr_ranking":0,"_glsr_reviews":0},"product_brand":[],"product_cat":[265],"product_tag":[],"class_list":{"0":"post-5078","1":"product","2":"type-product","3":"status-publish","4":"has-post-thumbnail","6":"product_cat-koekjes-en-gebak","8":"first","9":"onbackorder","10":"taxable","11":"shipping-taxable","12":"purchasable","13":"product-type-simple"},"yoast_head":"<!-- This site is optimized with the Yoast SEO plugin v27.3 - https:\/\/yoast.com\/product\/yoast-seo-wordpress\/ -->\n<title>Cantucci Mandorla Lunghi (Dolcezze di Nanni) Toscaanse lekkernij\u00a0<\/title>\n<meta name=\"description\" content=\"De\u00a0Cantucci\u00a0Mandorla\u00a0Lunghi\u00a0is een zoet amandelkoekje. Wij bieden jou verschillende smaken van de heerlijke\u00a0Cantucci\u00a0koekjes.\u00a0Toscaanse lekkernij\u00a0\" \/>\n<meta name=\"robots\" content=\"index, follow, max-snippet:-1, max-image-preview:large, max-video-preview:-1\" \/>\n<link rel=\"canonical\" href=\"https:\/\/www.godere.nl\/de\/produkt\/cantucci-mandorla-lunghi-dolcezze-di-nanni-toscaanse-lekkernij\/\" \/>\n<meta property=\"og:locale\" content=\"de_DE\" \/>\n<meta property=\"og:type\" content=\"article\" \/>\n<meta property=\"og:title\" content=\"Cantucci Mandorla Lunghi (Dolcezze di Nanni) Toscaanse lekkernij\u00a0\" \/>\n<meta property=\"og:description\" content=\"De\u00a0Cantucci\u00a0Mandorla\u00a0Lunghi\u00a0is een zoet amandelkoekje. Wij bieden jou verschillende smaken van de heerlijke\u00a0Cantucci\u00a0koekjes.\u00a0Toscaanse lekkernij\u00a0\" \/>\n<meta property=\"og:url\" content=\"https:\/\/www.godere.nl\/de\/produkt\/cantucci-mandorla-lunghi-dolcezze-di-nanni-toscaanse-lekkernij\/\" \/>\n<meta property=\"og:site_name\" content=\"Godere | Italiaans genieten!\" \/>\n<meta property=\"article:publisher\" content=\"https:\/\/www.facebook.com\/godere.nl\" \/>\n<meta property=\"article:modified_time\" content=\"2026-04-29T14:30:48+00:00\" \/>\n<meta property=\"og:image\" content=\"https:\/\/www.godere.nl\/wp-content\/uploads\/2022\/10\/18000071_a_Cantucci-Mandorla-Lunghi-8-x-200-gr.jpg\" \/>\n\t<meta property=\"og:image:width\" content=\"1000\" \/>\n\t<meta property=\"og:image:height\" content=\"1000\" \/>\n\t<meta property=\"og:image:type\" content=\"image\/jpeg\" \/>\n<meta name=\"twitter:card\" content=\"summary_large_image\" \/>\n<meta name=\"twitter:label1\" content=\"Gesch\u00e4tzte Lesezeit\" \/>\n\t<meta name=\"twitter:data1\" content=\"1\u00a0Minute\" \/>\n<script type=\"application\/ld+json\" class=\"yoast-schema-graph\">{\"@context\":\"https:\\\/\\\/schema.org\",\"@graph\":[{\"@type\":\"WebPage\",\"@id\":\"https:\\\/\\\/www.godere.nl\\\/product\\\/cantucci-mandorla-lunghi-dolcezze-di-nanni-toscaanse-lekkernij\\\/\",\"url\":\"https:\\\/\\\/www.godere.nl\\\/product\\\/cantucci-mandorla-lunghi-dolcezze-di-nanni-toscaanse-lekkernij\\\/\",\"name\":\"Cantucci Mandorla Lunghi (Dolcezze di Nanni) Toscaanse lekkernij\u00a0\",\"isPartOf\":{\"@id\":\"https:\\\/\\\/www.godere.nl\\\/#website\"},\"primaryImageOfPage\":{\"@id\":\"https:\\\/\\\/www.godere.nl\\\/product\\\/cantucci-mandorla-lunghi-dolcezze-di-nanni-toscaanse-lekkernij\\\/#primaryimage\"},\"image\":{\"@id\":\"https:\\\/\\\/www.godere.nl\\\/product\\\/cantucci-mandorla-lunghi-dolcezze-di-nanni-toscaanse-lekkernij\\\/#primaryimage\"},\"thumbnailUrl\":\"https:\\\/\\\/www.godere.nl\\\/wp-content\\\/uploads\\\/2022\\\/10\\\/18000071_a_Cantucci-Mandorla-Lunghi-8-x-200-gr.jpg\",\"datePublished\":\"2022-10-12T12:04:47+00:00\",\"dateModified\":\"2026-04-29T14:30:48+00:00\",\"description\":\"De\u00a0Cantucci\u00a0Mandorla\u00a0Lunghi\u00a0is een zoet amandelkoekje. Wij bieden jou verschillende smaken van de heerlijke\u00a0Cantucci\u00a0koekjes.\u00a0Toscaanse lekkernij\u00a0\",\"breadcrumb\":{\"@id\":\"https:\\\/\\\/www.godere.nl\\\/product\\\/cantucci-mandorla-lunghi-dolcezze-di-nanni-toscaanse-lekkernij\\\/#breadcrumb\"},\"inLanguage\":\"de\",\"potentialAction\":[{\"@type\":\"ReadAction\",\"target\":[\"https:\\\/\\\/www.godere.nl\\\/product\\\/cantucci-mandorla-lunghi-dolcezze-di-nanni-toscaanse-lekkernij\\\/\"]}]},{\"@type\":\"ImageObject\",\"inLanguage\":\"de\",\"@id\":\"https:\\\/\\\/www.godere.nl\\\/product\\\/cantucci-mandorla-lunghi-dolcezze-di-nanni-toscaanse-lekkernij\\\/#primaryimage\",\"url\":\"https:\\\/\\\/www.godere.nl\\\/wp-content\\\/uploads\\\/2022\\\/10\\\/18000071_a_Cantucci-Mandorla-Lunghi-8-x-200-gr.jpg\",\"contentUrl\":\"https:\\\/\\\/www.godere.nl\\\/wp-content\\\/uploads\\\/2022\\\/10\\\/18000071_a_Cantucci-Mandorla-Lunghi-8-x-200-gr.jpg\",\"width\":1000,\"height\":1000,\"caption\":\"Cantucci Mandorla Lunghi (Dolcezze di Nanni)\"},{\"@type\":\"BreadcrumbList\",\"@id\":\"https:\\\/\\\/www.godere.nl\\\/product\\\/cantucci-mandorla-lunghi-dolcezze-di-nanni-toscaanse-lekkernij\\\/#breadcrumb\",\"itemListElement\":[{\"@type\":\"ListItem\",\"position\":1,\"name\":\"Home\",\"item\":\"https:\\\/\\\/www.godere.nl\\\/\"},{\"@type\":\"ListItem\",\"position\":2,\"name\":\"Winkel\",\"item\":\"https:\\\/\\\/www.godere.nl\\\/winkel\\\/\"},{\"@type\":\"ListItem\",\"position\":3,\"name\":\"Cantucci Mandorla Lunghi (Dolcezze di Nanni)\"}]},{\"@type\":\"WebSite\",\"@id\":\"https:\\\/\\\/www.godere.nl\\\/#website\",\"url\":\"https:\\\/\\\/www.godere.nl\\\/\",\"name\":\"Godere | Italiaans genieten!\",\"description\":\"\",\"publisher\":{\"@id\":\"https:\\\/\\\/www.godere.nl\\\/#organization\"},\"potentialAction\":[{\"@type\":\"SearchAction\",\"target\":{\"@type\":\"EntryPoint\",\"urlTemplate\":\"https:\\\/\\\/www.godere.nl\\\/?s={search_term_string}\"},\"query-input\":{\"@type\":\"PropertyValueSpecification\",\"valueRequired\":true,\"valueName\":\"search_term_string\"}}],\"inLanguage\":\"de\"},{\"@type\":\"Organization\",\"@id\":\"https:\\\/\\\/www.godere.nl\\\/#organization\",\"name\":\"Godere\",\"url\":\"https:\\\/\\\/www.godere.nl\\\/\",\"logo\":{\"@type\":\"ImageObject\",\"inLanguage\":\"de\",\"@id\":\"https:\\\/\\\/www.godere.nl\\\/#\\\/schema\\\/logo\\\/image\\\/\",\"url\":\"https:\\\/\\\/www.godere.nl\\\/wp-content\\\/uploads\\\/2022\\\/05\\\/GODERE-Granny-e1651842185822.png\",\"contentUrl\":\"https:\\\/\\\/www.godere.nl\\\/wp-content\\\/uploads\\\/2022\\\/05\\\/GODERE-Granny-e1651842185822.png\",\"width\":936,\"height\":408,\"caption\":\"Godere\"},\"image\":{\"@id\":\"https:\\\/\\\/www.godere.nl\\\/#\\\/schema\\\/logo\\\/image\\\/\"},\"sameAs\":[\"https:\\\/\\\/www.facebook.com\\\/godere.nl\"]}]}<\/script>\n<!-- \/ Yoast SEO plugin. -->","yoast_head_json":{"title":"Cantucci Mandorla Lunghi (Dolcezze di Nanni) Toscaanse lekkernij\u00a0","description":"De\u00a0Cantucci\u00a0Mandorla\u00a0Lunghi\u00a0is een zoet amandelkoekje. Wij bieden jou verschillende smaken van de heerlijke\u00a0Cantucci\u00a0koekjes.\u00a0Toscaanse lekkernij\u00a0","robots":{"index":"index","follow":"follow","max-snippet":"max-snippet:-1","max-image-preview":"max-image-preview:large","max-video-preview":"max-video-preview:-1"},"canonical":"https:\/\/www.godere.nl\/de\/produkt\/cantucci-mandorla-lunghi-dolcezze-di-nanni-toscaanse-lekkernij\/","og_locale":"de_DE","og_type":"article","og_title":"Cantucci Mandorla Lunghi (Dolcezze di Nanni) Toscaanse lekkernij\u00a0","og_description":"De\u00a0Cantucci\u00a0Mandorla\u00a0Lunghi\u00a0is een zoet amandelkoekje. Wij bieden jou verschillende smaken van de heerlijke\u00a0Cantucci\u00a0koekjes.\u00a0Toscaanse lekkernij\u00a0","og_url":"https:\/\/www.godere.nl\/de\/produkt\/cantucci-mandorla-lunghi-dolcezze-di-nanni-toscaanse-lekkernij\/","og_site_name":"Godere | Italiaans genieten!","article_publisher":"https:\/\/www.facebook.com\/godere.nl","article_modified_time":"2026-04-29T14:30:48+00:00","og_image":[{"width":1000,"height":1000,"url":"https:\/\/www.godere.nl\/wp-content\/uploads\/2022\/10\/18000071_a_Cantucci-Mandorla-Lunghi-8-x-200-gr.jpg","type":"image\/jpeg"}],"twitter_card":"summary_large_image","twitter_misc":{"Gesch\u00e4tzte Lesezeit":"1\u00a0Minute"},"schema":{"@context":"https:\/\/schema.org","@graph":[{"@type":"WebPage","@id":"https:\/\/www.godere.nl\/product\/cantucci-mandorla-lunghi-dolcezze-di-nanni-toscaanse-lekkernij\/","url":"https:\/\/www.godere.nl\/product\/cantucci-mandorla-lunghi-dolcezze-di-nanni-toscaanse-lekkernij\/","name":"Cantucci Mandorla Lunghi (Dolcezze di Nanni) Toscaanse lekkernij\u00a0","isPartOf":{"@id":"https:\/\/www.godere.nl\/#website"},"primaryImageOfPage":{"@id":"https:\/\/www.godere.nl\/product\/cantucci-mandorla-lunghi-dolcezze-di-nanni-toscaanse-lekkernij\/#primaryimage"},"image":{"@id":"https:\/\/www.godere.nl\/product\/cantucci-mandorla-lunghi-dolcezze-di-nanni-toscaanse-lekkernij\/#primaryimage"},"thumbnailUrl":"https:\/\/www.godere.nl\/wp-content\/uploads\/2022\/10\/18000071_a_Cantucci-Mandorla-Lunghi-8-x-200-gr.jpg","datePublished":"2022-10-12T12:04:47+00:00","dateModified":"2026-04-29T14:30:48+00:00","description":"De\u00a0Cantucci\u00a0Mandorla\u00a0Lunghi\u00a0is een zoet amandelkoekje. Wij bieden jou verschillende smaken van de heerlijke\u00a0Cantucci\u00a0koekjes.\u00a0Toscaanse lekkernij\u00a0","breadcrumb":{"@id":"https:\/\/www.godere.nl\/product\/cantucci-mandorla-lunghi-dolcezze-di-nanni-toscaanse-lekkernij\/#breadcrumb"},"inLanguage":"de","potentialAction":[{"@type":"ReadAction","target":["https:\/\/www.godere.nl\/product\/cantucci-mandorla-lunghi-dolcezze-di-nanni-toscaanse-lekkernij\/"]}]},{"@type":"ImageObject","inLanguage":"de","@id":"https:\/\/www.godere.nl\/product\/cantucci-mandorla-lunghi-dolcezze-di-nanni-toscaanse-lekkernij\/#primaryimage","url":"https:\/\/www.godere.nl\/wp-content\/uploads\/2022\/10\/18000071_a_Cantucci-Mandorla-Lunghi-8-x-200-gr.jpg","contentUrl":"https:\/\/www.godere.nl\/wp-content\/uploads\/2022\/10\/18000071_a_Cantucci-Mandorla-Lunghi-8-x-200-gr.jpg","width":1000,"height":1000,"caption":"Cantucci Mandorla Lunghi (Dolcezze di Nanni)"},{"@type":"BreadcrumbList","@id":"https:\/\/www.godere.nl\/product\/cantucci-mandorla-lunghi-dolcezze-di-nanni-toscaanse-lekkernij\/#breadcrumb","itemListElement":[{"@type":"ListItem","position":1,"name":"Home","item":"https:\/\/www.godere.nl\/"},{"@type":"ListItem","position":2,"name":"Winkel","item":"https:\/\/www.godere.nl\/winkel\/"},{"@type":"ListItem","position":3,"name":"Cantucci Mandorla Lunghi (Dolcezze di Nanni)"}]},{"@type":"WebSite","@id":"https:\/\/www.godere.nl\/#website","url":"https:\/\/www.godere.nl\/","name":"Godere | Italiaans genieten!","description":"","publisher":{"@id":"https:\/\/www.godere.nl\/#organization"},"potentialAction":[{"@type":"SearchAction","target":{"@type":"EntryPoint","urlTemplate":"https:\/\/www.godere.nl\/?s={search_term_string}"},"query-input":{"@type":"PropertyValueSpecification","valueRequired":true,"valueName":"search_term_string"}}],"inLanguage":"de"},{"@type":"Organization","@id":"https:\/\/www.godere.nl\/#organization","name":"Godere","url":"https:\/\/www.godere.nl\/","logo":{"@type":"ImageObject","inLanguage":"de","@id":"https:\/\/www.godere.nl\/#\/schema\/logo\/image\/","url":"https:\/\/www.godere.nl\/wp-content\/uploads\/2022\/05\/GODERE-Granny-e1651842185822.png","contentUrl":"https:\/\/www.godere.nl\/wp-content\/uploads\/2022\/05\/GODERE-Granny-e1651842185822.png","width":936,"height":408,"caption":"Godere"},"image":{"@id":"https:\/\/www.godere.nl\/#\/schema\/logo\/image\/"},"sameAs":["https:\/\/www.facebook.com\/godere.nl"]}]}},"_links":{"self":[{"href":"https:\/\/www.godere.nl\/de\/wp-json\/wp\/v2\/product\/5078","targetHints":{"allow":["GET"]}}],"collection":[{"href":"https:\/\/www.godere.nl\/de\/wp-json\/wp\/v2\/product"}],"about":[{"href":"https:\/\/www.godere.nl\/de\/wp-json\/wp\/v2\/types\/product"}],"replies":[{"embeddable":true,"href":"https:\/\/www.godere.nl\/de\/wp-json\/wp\/v2\/comments?post=5078"}],"wp:featuredmedia":[{"embeddable":true,"href":"https:\/\/www.godere.nl\/de\/wp-json\/wp\/v2\/media\/5079"}],"wp:attachment":[{"href":"https:\/\/www.godere.nl\/de\/wp-json\/wp\/v2\/media?parent=5078"}],"wp:term":[{"taxonomy":"product_brand","embeddable":true,"href":"https:\/\/www.godere.nl\/de\/wp-json\/wp\/v2\/product_brand?post=5078"},{"taxonomy":"product_cat","embeddable":true,"href":"https:\/\/www.godere.nl\/de\/wp-json\/wp\/v2\/product_cat?post=5078"},{"taxonomy":"product_tag","embeddable":true,"href":"https:\/\/www.godere.nl\/de\/wp-json\/wp\/v2\/product_tag?post=5078"}],"curies":[{"name":"wp","href":"https:\/\/api.w.org\/{rel}","templated":true}]}}