{"id":5116,"date":"2022-11-04T09:26:40","date_gmt":"2022-11-04T08:26:40","guid":{"rendered":"https:\/\/www.godere.nl\/?post_type=product&#038;p=5116"},"modified":"2025-11-25T20:58:58","modified_gmt":"2025-11-25T19:58:58","slug":"spaghetti-al-nero-di-seppia-gragnano","status":"publish","type":"product","link":"https:\/\/www.godere.nl\/de\/produkt\/spaghetti-al-nero-di-seppia-gragnano\/","title":{"rendered":"Spaghetti al nero di seppia (Gragnano)"},"content":{"rendered":"<p>Die Spaghetti al nero di seppia sind eine Sch\u00f6nheit in der Welt der Pasta. Der Tintenfisch hat uns seine Tinte gespendet, um die Nudeln so sch\u00f6n dunkel zu f\u00e4rben. Der leichte Fischgeschmack macht die Spaghetti al nero di seppia ideal f\u00fcr ein Pasta-Fischgericht.<\/p>\n<p>Spaghetti al nero di seppia werden aus nat\u00fcrlichem italienischen Weizengrie\u00df und klarem Quellwasser aus Monti Lattari hergestellt. Der langsame Trocknungsprozess sorgt daf\u00fcr, dass alle k\u00f6stlichen N\u00e4hrstoffe und Eigenschaften der Pasta optimal erhalten bleiben.<\/p>\n<p>Servieren Sie die Spaghetti al nero di seppia mit lachsfarbenen Riesengarnelen, Tomaten und frischem Basilikum auf einem elfenbeinfarbenen Nudelteller.<\/p>\n<p>Een transparante verpakking Spaghetti al nero di seppia weegt 500 gram.<\/p>\n<p>&nbsp;<\/p>\n<p>Inhaltsstoffe<\/p>\n<p>86,5% Hartweizengrie\u00df, 1,5% Tintenfischtinte, 12% Wasser<\/p>\n<p>Durchschnittliche N\u00e4hrwerte pro 100 g des Produkts<\/p>\n<ul>\n<li>Energie - 1554 kj \/ 366 kcal<\/li>\n<li>Proteine - 12,3 g<\/li>\n<li>Kohlenhydrate - 75 g<\/li>\n<li>Vettes - 2,4 g<\/li>\n<li>Ballaststoffe - 1 g<\/li>\n<\/ul>\n<p>&nbsp;<\/p>\n<p><img loading=\"lazy\" decoding=\"async\" class=\"wp-image-5714 alignleft\" src=\"https:\/\/www.naturalia.nl\/wp-content\/uploads\/2021\/03\/Allergeni-44-300x216.png\" sizes=\"auto, (max-width: 134px) 100vw, 134px\" srcset=\"https:\/\/www.naturalia.nl\/wp-content\/uploads\/2021\/03\/Allergeni-44-300x216.png 300w, https:\/\/www.naturalia.nl\/wp-content\/uploads\/2021\/03\/Allergeni-44-1024x737.png 1024w, https:\/\/www.naturalia.nl\/wp-content\/uploads\/2021\/03\/Allergeni-44-768x553.png 768w, https:\/\/www.naturalia.nl\/wp-content\/uploads\/2021\/03\/Allergeni-44-600x432.png 600w, https:\/\/www.naturalia.nl\/wp-content\/uploads\/2021\/03\/Allergeni-44-64x46.png 64w, https:\/\/www.naturalia.nl\/wp-content\/uploads\/2021\/03\/Allergeni-44.png 1099w\" alt=\"\" width=\"134\" height=\"97\" \/><img loading=\"lazy\" decoding=\"async\" class=\"wp-image-6206 alignleft\" src=\"https:\/\/www.naturalia.nl\/wp-content\/uploads\/2021\/02\/Allergeni-45-300x216.png\" sizes=\"auto, (max-width: 135px) 100vw, 135px\" srcset=\"https:\/\/www.naturalia.nl\/wp-content\/uploads\/2021\/02\/Allergeni-45-300x216.png 300w, https:\/\/www.naturalia.nl\/wp-content\/uploads\/2021\/02\/Allergeni-45-1024x736.png 1024w, https:\/\/www.naturalia.nl\/wp-content\/uploads\/2021\/02\/Allergeni-45-768x552.png 768w, https:\/\/www.naturalia.nl\/wp-content\/uploads\/2021\/02\/Allergeni-45-600x431.png 600w, https:\/\/www.naturalia.nl\/wp-content\/uploads\/2021\/02\/Allergeni-45-64x46.png 64w, https:\/\/www.naturalia.nl\/wp-content\/uploads\/2021\/02\/Allergeni-45.png 1100w\" alt=\"\" width=\"135\" height=\"97\" \/><img loading=\"lazy\" decoding=\"async\" class=\"wp-image-6114 alignleft\" src=\"https:\/\/www.naturalia.nl\/wp-content\/uploads\/2021\/04\/Allergeni-32-300x216.png\" sizes=\"auto, (max-width: 135px) 100vw, 135px\" srcset=\"https:\/\/www.naturalia.nl\/wp-content\/uploads\/2021\/04\/Allergeni-32-300x216.png 300w, https:\/\/www.naturalia.nl\/wp-content\/uploads\/2021\/04\/Allergeni-32-1024x737.png 1024w, https:\/\/www.naturalia.nl\/wp-content\/uploads\/2021\/04\/Allergeni-32-768x553.png 768w, https:\/\/www.naturalia.nl\/wp-content\/uploads\/2021\/04\/Allergeni-32-600x432.png 600w, https:\/\/www.naturalia.nl\/wp-content\/uploads\/2021\/04\/Allergeni-32-64x46.png 64w, https:\/\/www.naturalia.nl\/wp-content\/uploads\/2021\/04\/Allergeni-32.png 1100w\" alt=\"\" width=\"135\" height=\"97\" \/><img loading=\"lazy\" decoding=\"async\" class=\"wp-image-5711 alignleft\" src=\"https:\/\/www.naturalia.nl\/wp-content\/uploads\/2021\/03\/Allergeni-47-300x216.png\" sizes=\"auto, (max-width: 135px) 100vw, 135px\" srcset=\"https:\/\/www.naturalia.nl\/wp-content\/uploads\/2021\/03\/Allergeni-47-300x216.png 300w, https:\/\/www.naturalia.nl\/wp-content\/uploads\/2021\/03\/Allergeni-47-1024x737.png 1024w, https:\/\/www.naturalia.nl\/wp-content\/uploads\/2021\/03\/Allergeni-47-768x553.png 768w, https:\/\/www.naturalia.nl\/wp-content\/uploads\/2021\/03\/Allergeni-47-600x432.png 600w, https:\/\/www.naturalia.nl\/wp-content\/uploads\/2021\/03\/Allergeni-47-64x46.png 64w, https:\/\/www.naturalia.nl\/wp-content\/uploads\/2021\/03\/Allergeni-47.png 1099w\" alt=\"\" width=\"135\" height=\"97\" \/><img loading=\"lazy\" decoding=\"async\" class=\"wp-image-6137 alignleft\" src=\"https:\/\/www.naturalia.nl\/wp-content\/uploads\/2021\/02\/Allergeni-48-300x216.png\" sizes=\"auto, (max-width: 135px) 100vw, 135px\" srcset=\"https:\/\/www.naturalia.nl\/wp-content\/uploads\/2021\/02\/Allergeni-48-300x216.png 300w, https:\/\/www.naturalia.nl\/wp-content\/uploads\/2021\/02\/Allergeni-48-1024x737.png 1024w, https:\/\/www.naturalia.nl\/wp-content\/uploads\/2021\/02\/Allergeni-48-768x553.png 768w, https:\/\/www.naturalia.nl\/wp-content\/uploads\/2021\/02\/Allergeni-48-600x432.png 600w, https:\/\/www.naturalia.nl\/wp-content\/uploads\/2021\/02\/Allergeni-48-64x46.png 64w, https:\/\/www.naturalia.nl\/wp-content\/uploads\/2021\/02\/Allergeni-48.png 1099w\" alt=\"\" width=\"135\" height=\"97\" \/><img loading=\"lazy\" decoding=\"async\" class=\"wp-image-5709 alignleft\" src=\"https:\/\/www.naturalia.nl\/wp-content\/uploads\/2021\/03\/Allergeni-49-300x216.png\" sizes=\"auto, (max-width: 135px) 100vw, 135px\" srcset=\"https:\/\/www.naturalia.nl\/wp-content\/uploads\/2021\/03\/Allergeni-49-300x216.png 300w, https:\/\/www.naturalia.nl\/wp-content\/uploads\/2021\/03\/Allergeni-49-1024x736.png 1024w, https:\/\/www.naturalia.nl\/wp-content\/uploads\/2021\/03\/Allergeni-49-768x552.png 768w, https:\/\/www.naturalia.nl\/wp-content\/uploads\/2021\/03\/Allergeni-49-600x431.png 600w, https:\/\/www.naturalia.nl\/wp-content\/uploads\/2021\/03\/Allergeni-49-64x46.png 64w, https:\/\/www.naturalia.nl\/wp-content\/uploads\/2021\/03\/Allergeni-49.png 1100w\" alt=\"\" width=\"135\" height=\"97\" \/><img loading=\"lazy\" decoding=\"async\" class=\"wp-image-5708 alignleft\" src=\"https:\/\/www.naturalia.nl\/wp-content\/uploads\/2021\/03\/Allergeni-50-300x216.png\" sizes=\"auto, (max-width: 135px) 100vw, 135px\" srcset=\"https:\/\/www.naturalia.nl\/wp-content\/uploads\/2021\/03\/Allergeni-50-300x216.png 300w, https:\/\/www.naturalia.nl\/wp-content\/uploads\/2021\/03\/Allergeni-50-1024x737.png 1024w, https:\/\/www.naturalia.nl\/wp-content\/uploads\/2021\/03\/Allergeni-50-768x553.png 768w, https:\/\/www.naturalia.nl\/wp-content\/uploads\/2021\/03\/Allergeni-50-600x432.png 600w, https:\/\/www.naturalia.nl\/wp-content\/uploads\/2021\/03\/Allergeni-50-64x46.png 64w, https:\/\/www.naturalia.nl\/wp-content\/uploads\/2021\/03\/Allergeni-50.png 1099w\" alt=\"\" width=\"135\" height=\"98\" \/><img loading=\"lazy\" decoding=\"async\" class=\"wp-image-5707 alignleft\" src=\"https:\/\/www.naturalia.nl\/wp-content\/uploads\/2021\/03\/Allergeni-51-300x216.png\" sizes=\"auto, (max-width: 135px) 100vw, 135px\" srcset=\"https:\/\/www.naturalia.nl\/wp-content\/uploads\/2021\/03\/Allergeni-51-300x216.png 300w, https:\/\/www.naturalia.nl\/wp-content\/uploads\/2021\/03\/Allergeni-51-1024x736.png 1024w, https:\/\/www.naturalia.nl\/wp-content\/uploads\/2021\/03\/Allergeni-51-768x552.png 768w, https:\/\/www.naturalia.nl\/wp-content\/uploads\/2021\/03\/Allergeni-51-600x431.png 600w, https:\/\/www.naturalia.nl\/wp-content\/uploads\/2021\/03\/Allergeni-51-64x46.png 64w, https:\/\/www.naturalia.nl\/wp-content\/uploads\/2021\/03\/Allergeni-51.png 1100w\" alt=\"\" width=\"135\" height=\"97\" \/><img loading=\"lazy\" decoding=\"async\" class=\"wp-image-5706 alignleft\" src=\"https:\/\/www.naturalia.nl\/wp-content\/uploads\/2021\/03\/Allergeni-52-300x216.png\" sizes=\"auto, (max-width: 135px) 100vw, 135px\" srcset=\"https:\/\/www.naturalia.nl\/wp-content\/uploads\/2021\/03\/Allergeni-52-300x216.png 300w, https:\/\/www.naturalia.nl\/wp-content\/uploads\/2021\/03\/Allergeni-52-1024x737.png 1024w, https:\/\/www.naturalia.nl\/wp-content\/uploads\/2021\/03\/Allergeni-52-768x553.png 768w, https:\/\/www.naturalia.nl\/wp-content\/uploads\/2021\/03\/Allergeni-52-600x432.png 600w, https:\/\/www.naturalia.nl\/wp-content\/uploads\/2021\/03\/Allergeni-52-64x46.png 64w, https:\/\/www.naturalia.nl\/wp-content\/uploads\/2021\/03\/Allergeni-52.png 1099w\" alt=\"\" width=\"135\" height=\"97\" \/><img loading=\"lazy\" decoding=\"async\" class=\"wp-image-5705 alignleft\" src=\"https:\/\/www.naturalia.nl\/wp-content\/uploads\/2021\/03\/Allergeni-53-300x216.png\" sizes=\"auto, (max-width: 135px) 100vw, 135px\" srcset=\"https:\/\/www.naturalia.nl\/wp-content\/uploads\/2021\/03\/Allergeni-53-300x216.png 300w, https:\/\/www.naturalia.nl\/wp-content\/uploads\/2021\/03\/Allergeni-53-1024x737.png 1024w, https:\/\/www.naturalia.nl\/wp-content\/uploads\/2021\/03\/Allergeni-53-768x553.png 768w, https:\/\/www.naturalia.nl\/wp-content\/uploads\/2021\/03\/Allergeni-53-600x432.png 600w, https:\/\/www.naturalia.nl\/wp-content\/uploads\/2021\/03\/Allergeni-53-64x46.png 64w, https:\/\/www.naturalia.nl\/wp-content\/uploads\/2021\/03\/Allergeni-53.png 1099w\" alt=\"\" width=\"135\" height=\"97\" \/><img loading=\"lazy\" decoding=\"async\" class=\"wp-image-5704 alignleft\" src=\"https:\/\/www.naturalia.nl\/wp-content\/uploads\/2021\/03\/Allergeni-54-300x216.png\" sizes=\"auto, (max-width: 135px) 100vw, 135px\" srcset=\"https:\/\/www.naturalia.nl\/wp-content\/uploads\/2021\/03\/Allergeni-54-300x216.png 300w, https:\/\/www.naturalia.nl\/wp-content\/uploads\/2021\/03\/Allergeni-54-1024x737.png 1024w, https:\/\/www.naturalia.nl\/wp-content\/uploads\/2021\/03\/Allergeni-54-768x553.png 768w, https:\/\/www.naturalia.nl\/wp-content\/uploads\/2021\/03\/Allergeni-54-600x432.png 600w, https:\/\/www.naturalia.nl\/wp-content\/uploads\/2021\/03\/Allergeni-54-64x46.png 64w, https:\/\/www.naturalia.nl\/wp-content\/uploads\/2021\/03\/Allergeni-54.png 1099w\" alt=\"\" width=\"135\" height=\"97\" \/><img loading=\"lazy\" decoding=\"async\" class=\"wp-image-6103 alignleft\" src=\"https:\/\/www.naturalia.nl\/wp-content\/uploads\/2021\/03\/Allergeni-55-1-300x216.png\" sizes=\"auto, (max-width: 134px) 100vw, 134px\" srcset=\"https:\/\/www.naturalia.nl\/wp-content\/uploads\/2021\/03\/Allergeni-55-1-300x216.png 300w, https:\/\/www.naturalia.nl\/wp-content\/uploads\/2021\/03\/Allergeni-55-1-1024x736.png 1024w, https:\/\/www.naturalia.nl\/wp-content\/uploads\/2021\/03\/Allergeni-55-1-768x552.png 768w, https:\/\/www.naturalia.nl\/wp-content\/uploads\/2021\/03\/Allergeni-55-1-600x431.png 600w, https:\/\/www.naturalia.nl\/wp-content\/uploads\/2021\/03\/Allergeni-55-1-64x46.png 64w, https:\/\/www.naturalia.nl\/wp-content\/uploads\/2021\/03\/Allergeni-55-1.png 1100w\" alt=\"\" width=\"134\" height=\"97\" \/><img loading=\"lazy\" decoding=\"async\" class=\"wp-image-5702 aligncenter\" src=\"https:\/\/www.naturalia.nl\/wp-content\/uploads\/2021\/03\/Allergeni-56-300x216.png\" sizes=\"auto, (max-width: 135px) 100vw, 135px\" srcset=\"https:\/\/www.naturalia.nl\/wp-content\/uploads\/2021\/03\/Allergeni-56-300x216.png 300w, https:\/\/www.naturalia.nl\/wp-content\/uploads\/2021\/03\/Allergeni-56-1024x737.png 1024w, https:\/\/www.naturalia.nl\/wp-content\/uploads\/2021\/03\/Allergeni-56-768x553.png 768w, https:\/\/www.naturalia.nl\/wp-content\/uploads\/2021\/03\/Allergeni-56-600x432.png 600w, https:\/\/www.naturalia.nl\/wp-content\/uploads\/2021\/03\/Allergeni-56-64x46.png 64w, https:\/\/www.naturalia.nl\/wp-content\/uploads\/2021\/03\/Allergeni-56.png 1099w\" alt=\"\" width=\"135\" height=\"97\" \/><\/p>\n<p>&nbsp;<\/p>","protected":false},"excerpt":{"rendered":"<p>De\u00a0Spaghetti al nero di seppia\u00a0is een beauty binnen de pastawereld. De inktvis heeft zijn inkt aan ons afgestaan om de pasta zo mooi donker te kunnen kleuren. De lichte vissmaak maakt de\u00a0Spaghetti al nero di seppia\u00a0ideaal voor een pasta-visgerecht. Spaghetti al nero di seppia\u00a0is van natuurlijk Italiaans tarwegriesmeel en helder bronwater uit de Monti Lattari &hellip; <br \/><a href=\"https:\/\/www.godere.nl\/de\/produkt\/spaghetti-al-nero-di-seppia-gragnano\/\" class=\"more-link\">Continue reading <span class=\"screen-reader-text\">Spaghetti al nero di seppia (Gragnano)<\/span><\/a><\/p>","protected":false},"featured_media":5117,"comment_status":"closed","ping_status":"closed","template":"","meta":{"_monsterinsights_skip_tracking":false,"_monsterinsights_sitenote_active":false,"_monsterinsights_sitenote_note":"","_monsterinsights_sitenote_category":0,"_glsr_average":0,"_glsr_ranking":0,"_glsr_reviews":0},"product_brand":[],"product_cat":[125],"product_tag":[],"class_list":{"0":"post-5116","1":"product","2":"type-product","3":"status-publish","4":"has-post-thumbnail","6":"product_cat-pasta-en-rijst","8":"first","9":"onbackorder","10":"taxable","11":"shipping-taxable","12":"purchasable","13":"product-type-simple"},"yoast_head":"<!-- This site is optimized with the Yoast SEO plugin v27.3 - https:\/\/yoast.com\/product\/yoast-seo-wordpress\/ -->\n<title>Spaghetti al nero di seppia (Gragnano) -<\/title>\n<meta name=\"description\" content=\"De\u00a0Spaghetti al nero di seppia\u00a0is een beauty binnen de pastawereld. De inktvis heeft zijn inkt aan ons afgestaan om de pasta zo donker te kunnen kleuren.\" \/>\n<meta name=\"robots\" content=\"index, follow, max-snippet:-1, max-image-preview:large, max-video-preview:-1\" \/>\n<link rel=\"canonical\" href=\"https:\/\/www.godere.nl\/de\/produkt\/spaghetti-al-nero-di-seppia-gragnano\/\" \/>\n<meta property=\"og:locale\" content=\"de_DE\" \/>\n<meta property=\"og:type\" content=\"article\" \/>\n<meta property=\"og:title\" content=\"Spaghetti al nero di seppia (Gragnano) -\" \/>\n<meta property=\"og:description\" content=\"De\u00a0Spaghetti al nero di seppia\u00a0is een beauty binnen de pastawereld. De inktvis heeft zijn inkt aan ons afgestaan om de pasta zo donker te kunnen kleuren.\" \/>\n<meta property=\"og:url\" content=\"https:\/\/www.godere.nl\/de\/produkt\/spaghetti-al-nero-di-seppia-gragnano\/\" \/>\n<meta property=\"og:site_name\" content=\"Godere | Italiaans genieten!\" \/>\n<meta property=\"article:publisher\" content=\"https:\/\/www.facebook.com\/godere.nl\" \/>\n<meta property=\"article:modified_time\" content=\"2025-11-25T19:58:58+00:00\" \/>\n<meta property=\"og:image\" content=\"https:\/\/www.godere.nl\/wp-content\/uploads\/2022\/11\/al-nero-di-seppia_a.jpg\" \/>\n\t<meta property=\"og:image:width\" content=\"1000\" \/>\n\t<meta property=\"og:image:height\" content=\"1000\" \/>\n\t<meta property=\"og:image:type\" content=\"image\/jpeg\" \/>\n<meta name=\"twitter:card\" content=\"summary_large_image\" \/>\n<meta name=\"twitter:label1\" content=\"Gesch\u00e4tzte Lesezeit\" \/>\n\t<meta name=\"twitter:data1\" content=\"4\u00a0Minuten\" \/>\n<script type=\"application\/ld+json\" class=\"yoast-schema-graph\">{\"@context\":\"https:\\\/\\\/schema.org\",\"@graph\":[{\"@type\":\"WebPage\",\"@id\":\"https:\\\/\\\/www.godere.nl\\\/product\\\/spaghetti-al-nero-di-seppia-gragnano\\\/\",\"url\":\"https:\\\/\\\/www.godere.nl\\\/product\\\/spaghetti-al-nero-di-seppia-gragnano\\\/\",\"name\":\"Spaghetti al nero di seppia (Gragnano) -\",\"isPartOf\":{\"@id\":\"https:\\\/\\\/www.godere.nl\\\/#website\"},\"primaryImageOfPage\":{\"@id\":\"https:\\\/\\\/www.godere.nl\\\/product\\\/spaghetti-al-nero-di-seppia-gragnano\\\/#primaryimage\"},\"image\":{\"@id\":\"https:\\\/\\\/www.godere.nl\\\/product\\\/spaghetti-al-nero-di-seppia-gragnano\\\/#primaryimage\"},\"thumbnailUrl\":\"https:\\\/\\\/www.godere.nl\\\/wp-content\\\/uploads\\\/2022\\\/11\\\/al-nero-di-seppia_a.jpg\",\"datePublished\":\"2022-11-04T08:26:40+00:00\",\"dateModified\":\"2025-11-25T19:58:58+00:00\",\"description\":\"De\u00a0Spaghetti al nero di seppia\u00a0is een beauty binnen de pastawereld. De inktvis heeft zijn inkt aan ons afgestaan om de pasta zo donker te kunnen kleuren.\",\"breadcrumb\":{\"@id\":\"https:\\\/\\\/www.godere.nl\\\/product\\\/spaghetti-al-nero-di-seppia-gragnano\\\/#breadcrumb\"},\"inLanguage\":\"de\",\"potentialAction\":[{\"@type\":\"ReadAction\",\"target\":[\"https:\\\/\\\/www.godere.nl\\\/product\\\/spaghetti-al-nero-di-seppia-gragnano\\\/\"]}]},{\"@type\":\"ImageObject\",\"inLanguage\":\"de\",\"@id\":\"https:\\\/\\\/www.godere.nl\\\/product\\\/spaghetti-al-nero-di-seppia-gragnano\\\/#primaryimage\",\"url\":\"https:\\\/\\\/www.godere.nl\\\/wp-content\\\/uploads\\\/2022\\\/11\\\/al-nero-di-seppia_a.jpg\",\"contentUrl\":\"https:\\\/\\\/www.godere.nl\\\/wp-content\\\/uploads\\\/2022\\\/11\\\/al-nero-di-seppia_a.jpg\",\"width\":1000,\"height\":1000},{\"@type\":\"BreadcrumbList\",\"@id\":\"https:\\\/\\\/www.godere.nl\\\/product\\\/spaghetti-al-nero-di-seppia-gragnano\\\/#breadcrumb\",\"itemListElement\":[{\"@type\":\"ListItem\",\"position\":1,\"name\":\"Home\",\"item\":\"https:\\\/\\\/www.godere.nl\\\/\"},{\"@type\":\"ListItem\",\"position\":2,\"name\":\"Winkel\",\"item\":\"https:\\\/\\\/www.godere.nl\\\/winkel\\\/\"},{\"@type\":\"ListItem\",\"position\":3,\"name\":\"Spaghetti al nero di seppia (Gragnano)\"}]},{\"@type\":\"WebSite\",\"@id\":\"https:\\\/\\\/www.godere.nl\\\/#website\",\"url\":\"https:\\\/\\\/www.godere.nl\\\/\",\"name\":\"Godere | Italiaans genieten!\",\"description\":\"\",\"publisher\":{\"@id\":\"https:\\\/\\\/www.godere.nl\\\/#organization\"},\"potentialAction\":[{\"@type\":\"SearchAction\",\"target\":{\"@type\":\"EntryPoint\",\"urlTemplate\":\"https:\\\/\\\/www.godere.nl\\\/?s={search_term_string}\"},\"query-input\":{\"@type\":\"PropertyValueSpecification\",\"valueRequired\":true,\"valueName\":\"search_term_string\"}}],\"inLanguage\":\"de\"},{\"@type\":\"Organization\",\"@id\":\"https:\\\/\\\/www.godere.nl\\\/#organization\",\"name\":\"Godere\",\"url\":\"https:\\\/\\\/www.godere.nl\\\/\",\"logo\":{\"@type\":\"ImageObject\",\"inLanguage\":\"de\",\"@id\":\"https:\\\/\\\/www.godere.nl\\\/#\\\/schema\\\/logo\\\/image\\\/\",\"url\":\"https:\\\/\\\/www.godere.nl\\\/wp-content\\\/uploads\\\/2022\\\/05\\\/GODERE-Granny-e1651842185822.png\",\"contentUrl\":\"https:\\\/\\\/www.godere.nl\\\/wp-content\\\/uploads\\\/2022\\\/05\\\/GODERE-Granny-e1651842185822.png\",\"width\":936,\"height\":408,\"caption\":\"Godere\"},\"image\":{\"@id\":\"https:\\\/\\\/www.godere.nl\\\/#\\\/schema\\\/logo\\\/image\\\/\"},\"sameAs\":[\"https:\\\/\\\/www.facebook.com\\\/godere.nl\"]}]}<\/script>\n<!-- \/ Yoast SEO plugin. -->","yoast_head_json":{"title":"Spaghetti al nero di seppia (Gragnano) -","description":"De\u00a0Spaghetti al nero di seppia\u00a0is een beauty binnen de pastawereld. De inktvis heeft zijn inkt aan ons afgestaan om de pasta zo donker te kunnen kleuren.","robots":{"index":"index","follow":"follow","max-snippet":"max-snippet:-1","max-image-preview":"max-image-preview:large","max-video-preview":"max-video-preview:-1"},"canonical":"https:\/\/www.godere.nl\/de\/produkt\/spaghetti-al-nero-di-seppia-gragnano\/","og_locale":"de_DE","og_type":"article","og_title":"Spaghetti al nero di seppia (Gragnano) -","og_description":"De\u00a0Spaghetti al nero di seppia\u00a0is een beauty binnen de pastawereld. De inktvis heeft zijn inkt aan ons afgestaan om de pasta zo donker te kunnen kleuren.","og_url":"https:\/\/www.godere.nl\/de\/produkt\/spaghetti-al-nero-di-seppia-gragnano\/","og_site_name":"Godere | Italiaans genieten!","article_publisher":"https:\/\/www.facebook.com\/godere.nl","article_modified_time":"2025-11-25T19:58:58+00:00","og_image":[{"width":1000,"height":1000,"url":"https:\/\/www.godere.nl\/wp-content\/uploads\/2022\/11\/al-nero-di-seppia_a.jpg","type":"image\/jpeg"}],"twitter_card":"summary_large_image","twitter_misc":{"Gesch\u00e4tzte Lesezeit":"4\u00a0Minuten"},"schema":{"@context":"https:\/\/schema.org","@graph":[{"@type":"WebPage","@id":"https:\/\/www.godere.nl\/product\/spaghetti-al-nero-di-seppia-gragnano\/","url":"https:\/\/www.godere.nl\/product\/spaghetti-al-nero-di-seppia-gragnano\/","name":"Spaghetti al nero di seppia (Gragnano) -","isPartOf":{"@id":"https:\/\/www.godere.nl\/#website"},"primaryImageOfPage":{"@id":"https:\/\/www.godere.nl\/product\/spaghetti-al-nero-di-seppia-gragnano\/#primaryimage"},"image":{"@id":"https:\/\/www.godere.nl\/product\/spaghetti-al-nero-di-seppia-gragnano\/#primaryimage"},"thumbnailUrl":"https:\/\/www.godere.nl\/wp-content\/uploads\/2022\/11\/al-nero-di-seppia_a.jpg","datePublished":"2022-11-04T08:26:40+00:00","dateModified":"2025-11-25T19:58:58+00:00","description":"De\u00a0Spaghetti al nero di seppia\u00a0is een beauty binnen de pastawereld. De inktvis heeft zijn inkt aan ons afgestaan om de pasta zo donker te kunnen kleuren.","breadcrumb":{"@id":"https:\/\/www.godere.nl\/product\/spaghetti-al-nero-di-seppia-gragnano\/#breadcrumb"},"inLanguage":"de","potentialAction":[{"@type":"ReadAction","target":["https:\/\/www.godere.nl\/product\/spaghetti-al-nero-di-seppia-gragnano\/"]}]},{"@type":"ImageObject","inLanguage":"de","@id":"https:\/\/www.godere.nl\/product\/spaghetti-al-nero-di-seppia-gragnano\/#primaryimage","url":"https:\/\/www.godere.nl\/wp-content\/uploads\/2022\/11\/al-nero-di-seppia_a.jpg","contentUrl":"https:\/\/www.godere.nl\/wp-content\/uploads\/2022\/11\/al-nero-di-seppia_a.jpg","width":1000,"height":1000},{"@type":"BreadcrumbList","@id":"https:\/\/www.godere.nl\/product\/spaghetti-al-nero-di-seppia-gragnano\/#breadcrumb","itemListElement":[{"@type":"ListItem","position":1,"name":"Home","item":"https:\/\/www.godere.nl\/"},{"@type":"ListItem","position":2,"name":"Winkel","item":"https:\/\/www.godere.nl\/winkel\/"},{"@type":"ListItem","position":3,"name":"Spaghetti al nero di seppia (Gragnano)"}]},{"@type":"WebSite","@id":"https:\/\/www.godere.nl\/#website","url":"https:\/\/www.godere.nl\/","name":"Godere | Italiaans genieten!","description":"","publisher":{"@id":"https:\/\/www.godere.nl\/#organization"},"potentialAction":[{"@type":"SearchAction","target":{"@type":"EntryPoint","urlTemplate":"https:\/\/www.godere.nl\/?s={search_term_string}"},"query-input":{"@type":"PropertyValueSpecification","valueRequired":true,"valueName":"search_term_string"}}],"inLanguage":"de"},{"@type":"Organization","@id":"https:\/\/www.godere.nl\/#organization","name":"Godere","url":"https:\/\/www.godere.nl\/","logo":{"@type":"ImageObject","inLanguage":"de","@id":"https:\/\/www.godere.nl\/#\/schema\/logo\/image\/","url":"https:\/\/www.godere.nl\/wp-content\/uploads\/2022\/05\/GODERE-Granny-e1651842185822.png","contentUrl":"https:\/\/www.godere.nl\/wp-content\/uploads\/2022\/05\/GODERE-Granny-e1651842185822.png","width":936,"height":408,"caption":"Godere"},"image":{"@id":"https:\/\/www.godere.nl\/#\/schema\/logo\/image\/"},"sameAs":["https:\/\/www.facebook.com\/godere.nl"]}]}},"_links":{"self":[{"href":"https:\/\/www.godere.nl\/de\/wp-json\/wp\/v2\/product\/5116","targetHints":{"allow":["GET"]}}],"collection":[{"href":"https:\/\/www.godere.nl\/de\/wp-json\/wp\/v2\/product"}],"about":[{"href":"https:\/\/www.godere.nl\/de\/wp-json\/wp\/v2\/types\/product"}],"replies":[{"embeddable":true,"href":"https:\/\/www.godere.nl\/de\/wp-json\/wp\/v2\/comments?post=5116"}],"wp:featuredmedia":[{"embeddable":true,"href":"https:\/\/www.godere.nl\/de\/wp-json\/wp\/v2\/media\/5117"}],"wp:attachment":[{"href":"https:\/\/www.godere.nl\/de\/wp-json\/wp\/v2\/media?parent=5116"}],"wp:term":[{"taxonomy":"product_brand","embeddable":true,"href":"https:\/\/www.godere.nl\/de\/wp-json\/wp\/v2\/product_brand?post=5116"},{"taxonomy":"product_cat","embeddable":true,"href":"https:\/\/www.godere.nl\/de\/wp-json\/wp\/v2\/product_cat?post=5116"},{"taxonomy":"product_tag","embeddable":true,"href":"https:\/\/www.godere.nl\/de\/wp-json\/wp\/v2\/product_tag?post=5116"}],"curies":[{"name":"wp","href":"https:\/\/api.w.org\/{rel}","templated":true}]}}